{"id":759,"date":"2024-08-21T18:37:01","date_gmt":"2024-08-21T18:37:01","guid":{"rendered":"https:\/\/sendaecoway.com\/?page_id=759"},"modified":"2024-12-10T12:57:59","modified_gmt":"2024-12-10T12:57:59","slug":"notre-durabilite","status":"publish","type":"page","link":"https:\/\/sendaecoway.com\/fr\/nuestra-sostenibilidad\/","title":{"rendered":"Notre d\u00e9veloppement durable"},"content":{"rendered":"<div class=\"wpb-content-wrapper\"><div data-vc-full-width=\"true\" data-vc-full-width-init=\"false\" class=\"vc_row wpb_row vc_row-fluid vc_custom_1728048905069 vc_row-has-fill et_custom_uniqid_new_66ffeecb68ccd mpc-row\"><div class=\"wpb_column vc_column_container vc_col-sm-12 et_custom_uniqid_69debbda0e392 mpc-column\" data-column-id=\"mpc_column-969debbdc491f9\"><div class=\"vc_column-inner\"><div class=\"wpb_wrapper\"><h1 style=\"font-size: 20px;color: #ffffff;text-align: left\" class=\"vc_custom_heading vc_do_custom_heading vc_custom_1733835080497\">DURABILIT\u00c9<\/h1><p style=\"font-size: 40px;color: #ffffff;text-align: left\" class=\"vc_custom_heading vc_do_custom_heading vc_custom_1733835070769\">Des exp\u00e9riences locales con\u00e7ues pour rencontrer<br>\navec les objectifs de d\u00e9veloppement durable<\/p><div class=\"vc_btn3-container vc_btn3-left vc_custom_1726072960853 vc_do_btn align-left\"><a style=\"background-color:#ffffff; color:#333333;\" class=\"vc_general vc_btn3 vc_btn3-size-md vc_btn3-shape-round vc_btn3-style-custom vc_btn3-icon-right align-left\" href=\"https:\/\/sendaecoway.com\/fr\/contact\/\" title=\"\">Contactez-nous <i class=\"vc_btn3-icon fas fa-long-arrow-alt-right\"><\/i><\/a><\/div><\/div><\/div><\/div><\/div><div class=\"vc_row-full-width vc_clearfix\"><\/div><div data-vc-full-width=\"true\" data-vc-full-width-init=\"false\" class=\"vc_row wpb_row vc_row-fluid vc_custom_1724267205198 vc_row-has-fill vc_column-gap-35 et_custom_uniqid_new_66c63ac676f16 mpc-row\"><div class=\"wpb_column vc_column_container vc_col-sm-6 et_custom_uniqid_69debbda0e392 mpc-column\" data-column-id=\"mpc_column-4969debbdc498d8\"><div class=\"vc_column-inner\"><div class=\"wpb_wrapper\">\n\t<div class=\"wpb_single_image wpb_content_element vc_align_left wpb_content_element vc_custom_1724265876452\">\n\t\t\n\t\t<figure class=\"wpb_wrapper vc_figure\">\n\t\t\t<div class=\"vc_single_image-wrapper vc_box_rounded  vc_box_border_grey\"><img fetchpriority=\"high\" decoding=\"async\" width=\"600\" height=\"595\" src=\"https:\/\/sendaecoway.com\/wp-content\/uploads\/2024\/08\/image-16.png\" class=\"vc_single_image-img attachment-full\" alt=\"\" title=\"Image 16\" srcset=\"https:\/\/sendaecoway.com\/wp-content\/uploads\/2024\/08\/image-16.png 600w, https:\/\/sendaecoway.com\/wp-content\/uploads\/2024\/08\/image-16-300x298.png 300w, https:\/\/sendaecoway.com\/wp-content\/uploads\/2024\/08\/image-16-150x150.png 150w, https:\/\/sendaecoway.com\/wp-content\/uploads\/2024\/08\/image-16-100x100.png 100w, https:\/\/sendaecoway.com\/wp-content\/uploads\/2024\/08\/image-16-10x10.png 10w\" sizes=\"(max-width: 600px) 100vw, 600px\"><\/div>\n\t\t<\/figure>\n\t<\/div>\n<\/div><\/div><\/div><div class=\"wpb_column vc_column_container vc_col-sm-6 et_custom_uniqid_69debbda0e392 mpc-column\" data-column-id=\"mpc_column-4369debbdc49e93\"><div class=\"vc_column-inner\"><div class=\"wpb_wrapper\"><div class=\"vc_empty_space\" style=\"height: 32px\"><span class=\"vc_empty_space_inner\"><\/span><\/div><p style=\"font-size: 21px;color: #539796;text-align: left\" class=\"vc_custom_heading vc_do_custom_heading vc_custom_1724265800296\">ODD SENDA ECOWAY<\/p><h2 style=\"font-size: 40px;color: #1e1e1e;text-align: left\" class=\"vc_custom_heading vc_do_custom_heading vc_custom_1733835405085\">Objectifs de d\u00e9veloppement durable<\/h2>\n\t<div class=\"wpb_text_column wpb_content_element\">\n\t\t<div class=\"wpb_wrapper\">\n\t\t\t<p><span style=\"font-weight: 400;\">Au <\/span><a href=\"https:\/\/sendaecoway.com\/fr\/\"><span style=\"font-weight: 400;\">Chemin d'Ecoway<\/span><\/a><span style=\"font-weight: 400;\"> Nous sommes fermement engag\u00e9s dans la mise en \u0153uvre de <\/span><a href=\"https:\/\/www.un.org\/sustainabledevelopment\/es\/objetivos-de-desarrollo-sostenible\/\"><span style=\"font-weight: 400;\">Objectifs de d\u00e9veloppement durable<\/span><\/a><span style=\"font-weight: 400;\"> dans nos produits et nos processus. Ces objectifs, adopt\u00e9s en 2015 par les dirigeants du monde entier, visent \u00e0 \u00e9radiquer la pauvret\u00e9, \u00e0 prot\u00e9ger la plan\u00e8te et \u00e0 promouvoir la prosp\u00e9rit\u00e9 pour tous. Pour les atteindre, la collaboration entre les gouvernements, les entreprises, la soci\u00e9t\u00e9 civile et les voyageurs comme vous est essentielle. Chaque action compte pour b\u00e2tir un avenir plus durable.<\/span><\/p>\n\n\t\t<\/div>\n\t<\/div>\n<div class=\"vc_empty_space\" style=\"height: 22px\"><span class=\"vc_empty_space_inner\"><\/span><\/div><\/div><\/div><\/div><\/div><div class=\"vc_row-full-width vc_clearfix\"><\/div><div data-vc-full-width=\"true\" data-vc-full-width-init=\"false\" class=\"vc_row wpb_row vc_row-fluid roundedcorner vc_custom_1724266761086 vc_row-has-fill et_custom_uniqid_new_66c63908b07f4 mpc-row\"><div class=\"wpb_column vc_column_container vc_col-sm-12 et_custom_uniqid_69debbda0e392 mpc-column\" data-column-id=\"mpc_column-1569debbdc4ad12\"><div class=\"vc_column-inner\"><div class=\"wpb_wrapper\"><div class=\"vc_row wpb_row vc_inner vc_row-fluid roundedcorner vc_custom_1724266035582 vc_row-has-fill et_custom_uniqid_new_66c636138c842 mpc-row\" data-row-id=\"mpc_row-6269debbdc4aa79\"><div class=\"mpc-parallax-wrap\"><div class=\"mpc-parallax mpc-parallax-style--classic-fast\" data-bottom-top=\"transform: translateY(-50%)\" data-top-bottom=\"transform: translateY(0%)\"><\/div><\/div><div class=\"wpb_column vc_column_container vc_col-sm-8 vc_col-has-fill et_custom_uniqid_new_66c5ce203cbeb mpc-column\" data-column-id=\"mpc_column-4769debbdc4a87f\"><div class=\"vc_column-inner vc_custom_1724239402952\"><div class=\"wpb_wrapper\"><p style=\"font-size: 45px;color: #ffffff;line-height: 55px;text-align: left\" class=\"vc_custom_heading vc_do_custom_heading vc_custom_1724266214507\">Manuel de bonnes pratiques<\/p><p style=\"font-size: 20px;color: #ffffff;text-align: left\" class=\"vc_custom_heading vc_do_custom_heading vc_custom_1733835183894\">Saviez-vous qu&#039;en tant que voyageur, vous pouvez voyager de mani\u00e8re responsable ?<\/p>\n\t<div class=\"wpb_text_column wpb_content_element\">\n\t\t<div class=\"wpb_wrapper\">\n\t\t\t<p><span style=\"color: #ffffff;\"><span style=\"font-weight: 400;\">Renseignez-vous sur votre destination, choisissez des options responsables et ne consommez que les ressources n\u00e9cessaires. R\u00e9duisez vos d\u00e9chets, privil\u00e9giez la marche ou les transports en commun. <\/span><strong><a style=\"color: #ffffff;\" href=\"https:\/\/sendaecoway.com\/fr\/compensez-votre-empreinte-ecologique\/\">compense l&#039;empreinte carbone<\/a><\/strong><span style=\"font-weight: 400;\"> de vos voyages. Voyager de mani\u00e8re durable est plus facile que vous ne le pensez et a un impact positif sur la plan\u00e8te.<\/span><\/span><\/p>\n\n\t\t<\/div>\n\t<\/div>\n<div class=\"vc_btn3-container vc_btn3-left vc_custom_1727375036384 vc_do_btn align-left\"><a class=\"vc_general vc_btn3 vc_btn3-size-md vc_btn3-shape-round vc_btn3-style-outline vc_btn3-color-white align-left\" href=\"https:\/\/sendaecoway.com\/wp-content\/uploads\/2024\/09\/Manual-buenas-practicas-para-clientes-1.pdf\" title=\"\" target=\"_blank\">Voir le manuel<\/a><\/div><\/div><\/div><\/div><div class=\"wpb_column vc_column_container vc_col-sm-4 et_custom_uniqid_69debbda0e399 mpc-column\" data-column-id=\"mpc_column-3269debbdc4a9d0\"><div class=\"vc_column-inner\"><div class=\"wpb_wrapper\"><\/div><\/div><\/div><\/div><\/div><\/div><\/div><\/div><div class=\"vc_row-full-width vc_clearfix\"><\/div><div data-vc-full-width=\"true\" data-vc-full-width-init=\"false\" class=\"vc_row wpb_row vc_row-fluid vc_custom_1722448410536 vc_row-has-fill et_custom_uniqid_new_66aa7a1596575 mpc-row\"><div class=\"wpb_column vc_column_container vc_col-sm-12 et_custom_uniqid_69debbda0e392 mpc-column\" data-column-id=\"mpc_column-1869debbdc4cae0\"><div class=\"vc_column-inner\"><div class=\"wpb_wrapper\"><div class=\"vc_row wpb_row vc_inner vc_row-fluid vc_column-gap-35 vc_row-o-equal-height vc_row-flex et_custom_uniqid_new_66c63acfcfed4 mpc-row\"><div class=\"roundedcorner wpb_column vc_column_container vc_col-sm-6 vc_col-has-fill et_custom_uniqid_new_66c638b402dde mpc-column\" data-column-id=\"mpc_column-4569debbdc4bf3b\"><div class=\"vc_column-inner vc_custom_1724266685468\"><div class=\"wpb_wrapper\">\n\t<div class=\"wpb_single_image wpb_content_element vc_align_left wpb_content_element\">\n\t\t\n\t\t<figure class=\"wpb_wrapper vc_figure\">\n\t\t\t<div class=\"vc_single_image-wrapper   vc_box_border_grey\"><img decoding=\"async\" width=\"700\" height=\"270\" src=\"https:\/\/sendaecoway.com\/wp-content\/uploads\/2024\/08\/summer-mountain-view-pathway-go-up-4-2.png\" class=\"vc_single_image-img attachment-full\" alt=\"\" title=\"sentier de vue sur la montagne en \u00e9t\u00e9 - mont\u00e9e 4 (2)\" srcset=\"https:\/\/sendaecoway.com\/wp-content\/uploads\/2024\/08\/summer-mountain-view-pathway-go-up-4-2.png 700w, https:\/\/sendaecoway.com\/wp-content\/uploads\/2024\/08\/summer-mountain-view-pathway-go-up-4-2-300x116.png 300w, https:\/\/sendaecoway.com\/wp-content\/uploads\/2024\/08\/summer-mountain-view-pathway-go-up-4-2-600x231.png 600w, https:\/\/sendaecoway.com\/wp-content\/uploads\/2024\/08\/summer-mountain-view-pathway-go-up-4-2-10x4.png 10w\" sizes=\"(max-width: 700px) 100vw, 700px\"><\/div>\n\t\t<\/figure>\n\t<\/div>\n<h3 style=\"font-size: 24px;color: #2b2b2b;text-align: left\" class=\"vc_custom_heading vc_do_custom_heading vc_custom_1733835272062\">Prix des bonnes pratiques en mati\u00e8re de tourisme durable en 2018<\/h3>\n\t<div class=\"wpb_text_column wpb_content_element vc_custom_1733835336021\">\n\t\t<div class=\"wpb_wrapper\">\n\t\t\t<p style=\"font-size: 19px; text-align: left;\"><span style=\"font-weight: 400;\">Le 5 d\u00e9cembre 2018, <\/span><a href=\"https:\/\/www.webtenerife.com\/\"><span style=\"font-weight: 400;\">Tourisme \u00e0 Tenerife<\/span><\/a><span style=\"font-weight: 400;\"> Senda Ecoway a re\u00e7u le prix <\/span><a href=\"https:\/\/sendaecoway.com\/fr\/blog\/senda-recoit-le-prix-du-tourisme-durable\/\">Prix des bonnes pratiques en mati\u00e8re de tourisme durable<\/a><span style=\"font-weight: 400;\">. Cette reconnaissance souligne notre engagement en faveur d&#039;un tourisme responsable, offrant des exp\u00e9riences uniques qui respectent l&#039;environnement et soutiennent les communaut\u00e9s locales.<\/span><\/p>\n\n\t\t<\/div>\n\t<\/div>\n<\/div><\/div><\/div><div class=\"roundedcorner wpb_column vc_column_container vc_col-sm-6 vc_col-has-fill et_custom_uniqid_new_66c638c6d3a1c mpc-column\" data-column-id=\"mpc_column-6769debbdc4c6ae\"><div class=\"vc_column-inner vc_custom_1724266696195\"><div class=\"wpb_wrapper\">\n\t<div class=\"wpb_single_image wpb_content_element vc_align_left wpb_content_element\">\n\t\t\n\t\t<figure class=\"wpb_wrapper vc_figure\">\n\t\t\t<div class=\"vc_single_image-wrapper   vc_box_border_grey\"><img decoding=\"async\" width=\"700\" height=\"270\" src=\"https:\/\/sendaecoway.com\/wp-content\/uploads\/2024\/08\/summer-mountain-view-pathway-go-up-7.png\" class=\"vc_single_image-img attachment-full\" alt=\"\" title=\"sentier de vue sur la montagne en \u00e9t\u00e9 - monter 7\" srcset=\"https:\/\/sendaecoway.com\/wp-content\/uploads\/2024\/08\/summer-mountain-view-pathway-go-up-7.png 700w, https:\/\/sendaecoway.com\/wp-content\/uploads\/2024\/08\/summer-mountain-view-pathway-go-up-7-300x116.png 300w, https:\/\/sendaecoway.com\/wp-content\/uploads\/2024\/08\/summer-mountain-view-pathway-go-up-7-600x231.png 600w, https:\/\/sendaecoway.com\/wp-content\/uploads\/2024\/08\/summer-mountain-view-pathway-go-up-7-10x4.png 10w\" sizes=\"(max-width: 700px) 100vw, 700px\"><\/div>\n\t\t<\/figure>\n\t<\/div>\n<h3 style=\"font-size: 24px;color: #2b2b2b;text-align: left\" class=\"vc_custom_heading vc_do_custom_heading vc_custom_1733835364748\">Prix pour une carri\u00e8re internationale<\/h3>\n\t<div class=\"wpb_text_column wpb_content_element vc_custom_1733835344232\">\n\t\t<div class=\"wpb_wrapper\">\n\t\t\t<p style=\"font-size: 19px; text-align: left;\"><span style=\"font-weight: 400;\">Senda Ecoway a \u00e9t\u00e9 reconnue par <\/span><a href=\"https:\/\/proexca.es\/\"><span style=\"font-weight: 400;\">PROEXCA<\/span><\/a><span style=\"font-weight: 400;\"> \u2013 Gouvernement des \u00eeles Canaries avec le <\/span><a href=\"https:\/\/proexca.es\/senda-ecoway-el-turismo-de-autor-se-internacionaliza\/\">Prix pour l&#039;ensemble d&#039;une carri\u00e8re internationale<\/a><span style=\"font-weight: 400;\">. Ce prix conforte notre engagement en faveur d&#039;un tourisme plus responsable et durable, et nous encourage \u00e0 poursuivre nos efforts pour promouvoir des exp\u00e9riences authentiques et responsables \u00e0 l&#039;international. Nous remercions PROEXCA, son \u00e9quipe technique et de direction, son directeur D\u00e1cil Dom\u00ednguez, ainsi que le Minist\u00e8re r\u00e9gional pour cette pr\u00e9cieuse reconnaissance.<\/span><\/p>\n\n\t\t<\/div>\n\t<\/div>\n<\/div><\/div><\/div><\/div><\/div><\/div><\/div><\/div><div class=\"vc_row-full-width vc_clearfix\"><\/div><div data-vc-full-width=\"true\" data-vc-full-width-init=\"false\" data-vc-stretch-content=\"true\" class=\"vc_row wpb_row vc_row-fluid vc_custom_1724255477909 vc_row-has-fill et_custom_uniqid_new_66c60cf653b37 mpc-row\"><div class=\"wpb_column vc_column_container vc_col-sm-12 et_custom_uniqid_69debbda0e392 mpc-column\" data-column-id=\"mpc_column-1569debbdc4d106\"><div class=\"vc_column-inner\"><div class=\"wpb_wrapper\"><\/div><\/div><\/div><\/div><div class=\"vc_row-full-width vc_clearfix\"><\/div>\n<\/div>","protected":false},"excerpt":{"rendered":"SOSTENIBILIDADExperiencias locales dise&ntilde;adas para cumplir con los Objetivos de Desarrollo SostenibleCont&aacute;ctanos ODS SENDA ECOWAYObjetivos de Desarrollo Sostenible En Senda Ecoway estamos firmemente comprometidos con la...","protected":false},"author":2,"featured_media":0,"parent":0,"menu_order":0,"comment_status":"closed","ping_status":"closed","template":"","meta":{"_joinchat":[],"footnotes":""},"class_list":["post-759","page","type-page","status-publish","hentry"],"yoast_head":"<!-- This site is optimized with the Yoast SEO plugin v27.2 - https:\/\/yoast.com\/product\/yoast-seo-wordpress\/ -->\n<title>Compromiso con la sostenibilidad | Senda Ecoway<\/title>\n<meta name=\"description\" content=\"Descubre nuestro compromiso con la sostenibilidad y c\u00f3mo promovemos turismo responsable y buenas pr\u00e1cticas para cuidar el planeta.\" \/>\n<meta name=\"robots\" content=\"index, follow, max-snippet:-1, max-image-preview:large, max-video-preview:-1\" \/>\n<link rel=\"canonical\" href=\"https:\/\/sendaecoway.com\/fr\/notre-durabilite\/\" \/>\n<meta property=\"og:locale\" content=\"fr_FR\" \/>\n<meta property=\"og:type\" content=\"article\" \/>\n<meta property=\"og:title\" content=\"Compromiso con la sostenibilidad | Senda Ecoway\" \/>\n<meta property=\"og:description\" content=\"Descubre nuestro compromiso con la sostenibilidad y c\u00f3mo promovemos turismo responsable y buenas pr\u00e1cticas para cuidar el planeta.\" \/>\n<meta property=\"og:url\" content=\"https:\/\/sendaecoway.com\/fr\/notre-durabilite\/\" \/>\n<meta property=\"og:site_name\" content=\"Senda Ecoway\" \/>\n<meta property=\"article:publisher\" content=\"https:\/\/www.facebook.com\/sendaecoway\/\" \/>\n<meta property=\"article:modified_time\" content=\"2024-12-10T12:57:59+00:00\" \/>\n<meta property=\"og:image\" content=\"https:\/\/sendaecoway.com\/wp-content\/uploads\/2024\/10\/619797bf655bee433c2dff8c_LOGOTIPO-OFICIAL-2-1024x413-1.png\" \/>\n\t<meta property=\"og:image:width\" content=\"1024\" \/>\n\t<meta property=\"og:image:height\" content=\"413\" \/>\n\t<meta property=\"og:image:type\" content=\"image\/png\" \/>\n<meta name=\"twitter:card\" content=\"summary_large_image\" \/>\n<meta name=\"twitter:label1\" content=\"Dur\u00e9e de lecture estim\u00e9e\" \/>\n\t<meta name=\"twitter:data1\" content=\"4 minutes\" \/>\n<script type=\"application\/ld+json\" class=\"yoast-schema-graph\">{\"@context\":\"https:\/\/schema.org\",\"@graph\":[{\"@type\":\"WebPage\",\"@id\":\"https:\/\/sendaecoway.com\/nuestra-sostenibilidad\/\",\"url\":\"https:\/\/sendaecoway.com\/nuestra-sostenibilidad\/\",\"name\":\"Compromiso con la sostenibilidad | Senda Ecoway\",\"isPartOf\":{\"@id\":\"https:\/\/sendaecoway.com\/#website\"},\"datePublished\":\"2024-08-21T18:37:01+00:00\",\"dateModified\":\"2024-12-10T12:57:59+00:00\",\"description\":\"Descubre nuestro compromiso con la sostenibilidad y c\u00f3mo promovemos turismo responsable y buenas pr\u00e1cticas para cuidar el planeta.\",\"breadcrumb\":{\"@id\":\"https:\/\/sendaecoway.com\/nuestra-sostenibilidad\/#breadcrumb\"},\"inLanguage\":\"fr-FR\",\"potentialAction\":[{\"@type\":\"ReadAction\",\"target\":[\"https:\/\/sendaecoway.com\/nuestra-sostenibilidad\/\"]}]},{\"@type\":\"BreadcrumbList\",\"@id\":\"https:\/\/sendaecoway.com\/nuestra-sostenibilidad\/#breadcrumb\",\"itemListElement\":[{\"@type\":\"ListItem\",\"position\":1,\"name\":\"Portada\",\"item\":\"https:\/\/sendaecoway.com\/\"},{\"@type\":\"ListItem\",\"position\":2,\"name\":\"Nuestra sostenibilidad\"}]},{\"@type\":\"WebSite\",\"@id\":\"https:\/\/sendaecoway.com\/#website\",\"url\":\"https:\/\/sendaecoway.com\/\",\"name\":\"Senda Ecoway Experiencias Sostenibles\",\"description\":\"Ofrecemos experiencias personalizadas y sostenibles. Rutas guiadas por gu\u00edas locales y actividades en peque\u00f1os grupos.\",\"publisher\":{\"@id\":\"https:\/\/sendaecoway.com\/#organization\"},\"alternateName\":\"LAS MEJORES EXPERIENCIAS SOSTENIBLES DE ESPA\u00d1A\",\"potentialAction\":[{\"@type\":\"SearchAction\",\"target\":{\"@type\":\"EntryPoint\",\"urlTemplate\":\"https:\/\/sendaecoway.com\/?s={search_term_string}\"},\"query-input\":{\"@type\":\"PropertyValueSpecification\",\"valueRequired\":true,\"valueName\":\"search_term_string\"}}],\"inLanguage\":\"fr-FR\"},{\"@type\":\"Organization\",\"@id\":\"https:\/\/sendaecoway.com\/#organization\",\"name\":\"SENDA ECOWAY\",\"alternateName\":\"LAS MEJORES EXPERIENCIAS SOSTENIBLES DE ESPA\u00d1A\",\"url\":\"https:\/\/sendaecoway.com\/\",\"logo\":{\"@type\":\"ImageObject\",\"inLanguage\":\"fr-FR\",\"@id\":\"https:\/\/sendaecoway.com\/#\/schema\/logo\/image\/\",\"url\":\"https:\/\/sendaecoway.com\/wp-content\/uploads\/2024\/10\/619797bf655bee433c2dff8c_LOGOTIPO-OFICIAL-2-1024x413-1.png\",\"contentUrl\":\"https:\/\/sendaecoway.com\/wp-content\/uploads\/2024\/10\/619797bf655bee433c2dff8c_LOGOTIPO-OFICIAL-2-1024x413-1.png\",\"width\":1024,\"height\":413,\"caption\":\"SENDA ECOWAY\"},\"image\":{\"@id\":\"https:\/\/sendaecoway.com\/#\/schema\/logo\/image\/\"},\"sameAs\":[\"https:\/\/www.facebook.com\/sendaecoway\/\",\"https:\/\/www.instagram.com\/sendaecoway\/\"]}]}<\/script>\n<!-- \/ Yoast SEO plugin. -->","yoast_head_json":{"title":"Engagement en faveur du d\u00e9veloppement durable | Senda Ecoway","description":"D\u00e9couvrez notre engagement en faveur du d\u00e9veloppement durable et comment nous promouvons un tourisme responsable et des pratiques exemplaires pour prendre soin de la plan\u00e8te.","robots":{"index":"index","follow":"follow","max-snippet":"max-snippet:-1","max-image-preview":"max-image-preview:large","max-video-preview":"max-video-preview:-1"},"canonical":"https:\/\/sendaecoway.com\/fr\/notre-durabilite\/","og_locale":"fr_FR","og_type":"article","og_title":"Compromiso con la sostenibilidad | Senda Ecoway","og_description":"Descubre nuestro compromiso con la sostenibilidad y c\u00f3mo promovemos turismo responsable y buenas pr\u00e1cticas para cuidar el planeta.","og_url":"https:\/\/sendaecoway.com\/fr\/notre-durabilite\/","og_site_name":"Senda Ecoway","article_publisher":"https:\/\/www.facebook.com\/sendaecoway\/","article_modified_time":"2024-12-10T12:57:59+00:00","og_image":[{"width":1024,"height":413,"url":"https:\/\/sendaecoway.com\/wp-content\/uploads\/2024\/10\/619797bf655bee433c2dff8c_LOGOTIPO-OFICIAL-2-1024x413-1.png","type":"image\/png"}],"twitter_card":"summary_large_image","twitter_misc":{"Dur\u00e9e de lecture estim\u00e9e":"4 minutes"},"schema":{"@context":"https:\/\/schema.org","@graph":[{"@type":"WebPage","@id":"https:\/\/sendaecoway.com\/nuestra-sostenibilidad\/","url":"https:\/\/sendaecoway.com\/nuestra-sostenibilidad\/","name":"Engagement en faveur du d\u00e9veloppement durable | Senda Ecoway","isPartOf":{"@id":"https:\/\/sendaecoway.com\/#website"},"datePublished":"2024-08-21T18:37:01+00:00","dateModified":"2024-12-10T12:57:59+00:00","description":"D\u00e9couvrez notre engagement en faveur du d\u00e9veloppement durable et comment nous promouvons un tourisme responsable et des pratiques exemplaires pour prendre soin de la plan\u00e8te.","breadcrumb":{"@id":"https:\/\/sendaecoway.com\/nuestra-sostenibilidad\/#breadcrumb"},"inLanguage":"fr-FR","potentialAction":[{"@type":"ReadAction","target":["https:\/\/sendaecoway.com\/nuestra-sostenibilidad\/"]}]},{"@type":"BreadcrumbList","@id":"https:\/\/sendaecoway.com\/nuestra-sostenibilidad\/#breadcrumb","itemListElement":[{"@type":"ListItem","position":1,"name":"Portada","item":"https:\/\/sendaecoway.com\/"},{"@type":"ListItem","position":2,"name":"Nuestra sostenibilidad"}]},{"@type":"WebSite","@id":"https:\/\/sendaecoway.com\/#website","url":"https:\/\/sendaecoway.com\/","name":"Exp\u00e9riences durables Senda Ecoway","description":"Nous proposons des exp\u00e9riences personnalis\u00e9es et durables. Itin\u00e9raires guid\u00e9s par des guides locaux et activit\u00e9s en petits groupes.","publisher":{"@id":"https:\/\/sendaecoway.com\/#organization"},"alternateName":"LAS MEJORES EXPERIENCIAS SOSTENIBLES DE ESPA\u00d1A","potentialAction":[{"@type":"SearchAction","target":{"@type":"EntryPoint","urlTemplate":"https:\/\/sendaecoway.com\/?s={search_term_string}"},"query-input":{"@type":"PropertyValueSpecification","valueRequired":true,"valueName":"search_term_string"}}],"inLanguage":"fr-FR"},{"@type":"Organization","@id":"https:\/\/sendaecoway.com\/#organization","name":"ECOWAY SENDA","alternateName":"LAS MEJORES EXPERIENCIAS SOSTENIBLES DE ESPA\u00d1A","url":"https:\/\/sendaecoway.com\/","logo":{"@type":"ImageObject","inLanguage":"fr-FR","@id":"https:\/\/sendaecoway.com\/#\/schema\/logo\/image\/","url":"https:\/\/sendaecoway.com\/wp-content\/uploads\/2024\/10\/619797bf655bee433c2dff8c_LOGOTIPO-OFICIAL-2-1024x413-1.png","contentUrl":"https:\/\/sendaecoway.com\/wp-content\/uploads\/2024\/10\/619797bf655bee433c2dff8c_LOGOTIPO-OFICIAL-2-1024x413-1.png","width":1024,"height":413,"caption":"SENDA ECOWAY"},"image":{"@id":"https:\/\/sendaecoway.com\/#\/schema\/logo\/image\/"},"sameAs":["https:\/\/www.facebook.com\/sendaecoway\/","https:\/\/www.instagram.com\/sendaecoway\/"]}]}},"_links":{"self":[{"href":"https:\/\/sendaecoway.com\/fr\/wp-json\/wp\/v2\/pages\/759","targetHints":{"allow":["GET"]}}],"collection":[{"href":"https:\/\/sendaecoway.com\/fr\/wp-json\/wp\/v2\/pages"}],"about":[{"href":"https:\/\/sendaecoway.com\/fr\/wp-json\/wp\/v2\/types\/page"}],"author":[{"embeddable":true,"href":"https:\/\/sendaecoway.com\/fr\/wp-json\/wp\/v2\/users\/2"}],"replies":[{"embeddable":true,"href":"https:\/\/sendaecoway.com\/fr\/wp-json\/wp\/v2\/comments?post=759"}],"version-history":[{"count":30,"href":"https:\/\/sendaecoway.com\/fr\/wp-json\/wp\/v2\/pages\/759\/revisions"}],"predecessor-version":[{"id":4081,"href":"https:\/\/sendaecoway.com\/fr\/wp-json\/wp\/v2\/pages\/759\/revisions\/4081"}],"wp:attachment":[{"href":"https:\/\/sendaecoway.com\/fr\/wp-json\/wp\/v2\/media?parent=759"}],"curies":[{"name":"wp","href":"https:\/\/api.w.org\/{rel}","templated":true}]}}