{"id":3333,"date":"2024-10-24T10:55:05","date_gmt":"2024-10-24T10:55:05","guid":{"rendered":"https:\/\/sendaecoway.com\/?page_id=3333"},"modified":"2024-10-24T10:57:25","modified_gmt":"2024-10-24T10:57:25","slug":"politique-de-modifications-et-dannulations","status":"publish","type":"page","link":"https:\/\/sendaecoway.com\/fr\/politica-de-cambios-y-cancelaciones\/","title":{"rendered":"Politique de modifications et d&#039;annulations"},"content":{"rendered":"<div class=\"wpb-content-wrapper\"><div class=\"vc_row wpb_row vc_row-fluid vc_custom_1729767458600 et_custom_uniqid_new_671a280e639e8 mpc-row\"><div class=\"wpb_column vc_column_container vc_col-sm-12 et_custom_uniqid_69de87eab6fd8 mpc-column\" data-column-id=\"mpc_column-6769de87ed76bf8\"><div class=\"vc_column-inner\"><div class=\"wpb_wrapper\">\n\t<div class=\"wpb_text_column wpb_content_element\">\n\t\t<div class=\"wpb_wrapper\">\n\t\t\t<h2><\/h2>\n<h2><\/h2>\n<h2><\/h2>\n<h2><strong>P\u00e9riode d&#039;annulation ou de modification<\/strong><\/h2>\n<h3>Comment annuler un SENDA ?<\/h3>\n<p>Contactez-nous par courriel\u00a0: hello@sendaecoway.com<\/p>\n<h3>Combien de temps \u00e0 l&#039;avance puis-je annuler ?<\/h3>\n<p>L&#039;annulation est g\u00e9n\u00e9ralement possible jusqu&#039;\u00e0 72 heures avant l&#039;activit\u00e9. Pour les annulations effectu\u00e9es 72 heures ou moins avant l&#039;activit\u00e9, Senda Ecoway ne proc\u00e9dera \u00e0 aucun remboursement.<\/p>\n<p>Cependant, certaines activit\u00e9s ont des conditions d&#039;annulation diff\u00e9rentes, d\u00e9finies par le prestataire. Vous pouvez consulter ces informations en appelant le +34 696 80 78 61, en envoyant un courriel \u00e0 hello@sendaecoway.com ou en visitant la page d&#039;annulation sur le site web du prestataire.<\/p>\n<p>Les conditions d&#039;annulation varient selon les h\u00e9bergements. Pour plus d&#039;informations, veuillez contacter le prestataire par t\u00e9l\u00e9phone au +34 696 80 78 61, par courriel \u00e0 hello@sendaecoway.com ou consulter la page d\u00e9di\u00e9e aux annulations sur son site web.<\/p>\n<h3>Que se passe-t-il si l&#039;annulation est due \u00e0 des raisons li\u00e9es au prestataire SENDA\u00a0?<\/h3>\n<p>Vous pouvez choisir une autre date pour profiter de votre SENDA<\/p>\n<p>Vous pouvez choisir de changer de chemin<\/p>\n<p>Nous vous rembourserons le montant du SENDA achet\u00e9.<\/p>\n<h3>Puis-je modifier la date de mon SENDA\u00a0?<\/h3>\n<p>Une seule modification est autoris\u00e9e.<\/p>\n<p>Cette modification est soumise \u00e0 disponibilit\u00e9.<\/p>\n<p>Le changement de date doit \u00eatre notifi\u00e9 72 heures \u00e0 l&#039;avance.<\/p>\n<h3>Puis-je changer de chemin ?<\/h3>\n<p>Interdit.<\/p>\n<p>Adresse \u00e9lectronique de contact : hello@sendaecoway.com<\/p>\n<h2>Conditions m\u00e9t\u00e9orologiques<\/h2>\n<p>Il peut arriver, pour la s\u00e9curit\u00e9 de nos clients, que nous soyons contraints de fermer une activit\u00e9 sur un sentier ou un sentier entier. Ces fermetures sont toujours dues \u00e0 des circonstances ind\u00e9pendantes de la volont\u00e9 de SENDA Ecoway, mais justifi\u00e9es.<\/p>\n<p>Dans ce cas, les clients de SENDA pourront choisir\u00a0:<\/p>\n<p>Modifiez la date du SENDA pour l&#039;utiliser \u00e0 n&#039;importe quel autre jour dans les 30 jours suivant la date de r\u00e9servation.<\/p>\n<p>Modifier l&#039;itin\u00e9raire pour un itin\u00e9raire similaire, qui sera d\u00e9termin\u00e9 par le personnel responsable, afin qu&#039;il puisse mener \u00e0 bien son activit\u00e9 \u00e0 la date pr\u00e9vue.<\/p>\n<h2><strong>Plaintes, r\u00e9clamations, opinions, id\u00e9es<\/strong><\/h2>\n<p>Chez Senda, nous agissons en tant qu&#039;interm\u00e9diaires entre les entreprises et les clients finaux. Il incombe donc \u00e0 chacune de nos entreprises partenaires de fournir un service de qualit\u00e9 conforme \u00e0 l&#039;offre d\u00e9crite. \u00c0 cet \u00e9gard, les prestataires de services le long des itin\u00e9raires sont seuls responsables du bon d\u00e9roulement de leurs op\u00e9rations. Toutefois, un registre des r\u00e9clamations est \u00e0 la disposition de nos clients en cas de probl\u00e8me lors de la r\u00e9servation.<\/p>\n<h2>Avez-vous des commentaires concernant la plateforme SENDA et ses services\u00a0?<\/h2>\n<p>Si vous souhaitez nous faire part des services d&#039;interm\u00e9diation fournis par SENDA Ecoway, vous pouvez contacter notre soci\u00e9t\u00e9 via l&#039;un de nos canaux de communication en ligne\u00a0:<\/p>\n<p>Envoyez un e-mail \u00e0 hello@sendaecoway.com<\/p>\n<p>Formulaire Web www.sendaecoway.com<\/p>\n\n\t\t<\/div>\n\t<\/div>\n<\/div><\/div><\/div><\/div>\n<\/div>","protected":false},"excerpt":{"rendered":"Periodo de Cancelaci&oacute;n o Cambios &iquest;C&oacute;mo se cancela una SENDA? Contacta con nosotros a trav&eacute;s del mail: hello@sendaecoway.com &iquest;Con cuanta antelaci&oacute;n puedo cancelar? La cancelaci&oacute;n...","protected":false},"author":2,"featured_media":0,"parent":0,"menu_order":0,"comment_status":"closed","ping_status":"closed","template":"","meta":{"_joinchat":[],"footnotes":""},"class_list":["post-3333","page","type-page","status-publish","hentry"],"yoast_head":"<!-- This site is optimized with the Yoast SEO plugin v27.2 - https:\/\/yoast.com\/product\/yoast-seo-wordpress\/ -->\n<title>Pol\u00edtica de cambios y cancelaciones - Senda Ecoway<\/title>\n<meta name=\"robots\" content=\"index, follow, max-snippet:-1, max-image-preview:large, max-video-preview:-1\" \/>\n<link rel=\"canonical\" href=\"https:\/\/sendaecoway.com\/fr\/politique-de-modifications-et-dannulations\/\" \/>\n<meta property=\"og:locale\" content=\"fr_FR\" \/>\n<meta property=\"og:type\" content=\"article\" \/>\n<meta property=\"og:title\" content=\"Pol\u00edtica de cambios y cancelaciones - Senda Ecoway\" \/>\n<meta property=\"og:url\" content=\"https:\/\/sendaecoway.com\/fr\/politique-de-modifications-et-dannulations\/\" \/>\n<meta property=\"og:site_name\" content=\"Senda Ecoway\" \/>\n<meta property=\"article:publisher\" content=\"https:\/\/www.facebook.com\/sendaecoway\/\" \/>\n<meta property=\"article:modified_time\" content=\"2024-10-24T10:57:25+00:00\" \/>\n<meta property=\"og:image\" content=\"https:\/\/sendaecoway.com\/wp-content\/uploads\/2024\/10\/619797bf655bee433c2dff8c_LOGOTIPO-OFICIAL-2-1024x413-1.png\" \/>\n\t<meta property=\"og:image:width\" content=\"1024\" \/>\n\t<meta property=\"og:image:height\" content=\"413\" \/>\n\t<meta property=\"og:image:type\" content=\"image\/png\" \/>\n<meta name=\"twitter:card\" content=\"summary_large_image\" \/>\n<meta name=\"twitter:label1\" content=\"Dur\u00e9e de lecture estim\u00e9e\" \/>\n\t<meta name=\"twitter:data1\" content=\"2 minutes\" \/>\n<script type=\"application\/ld+json\" class=\"yoast-schema-graph\">{\"@context\":\"https:\/\/schema.org\",\"@graph\":[{\"@type\":\"WebPage\",\"@id\":\"https:\/\/sendaecoway.com\/politica-de-cambios-y-cancelaciones\/\",\"url\":\"https:\/\/sendaecoway.com\/politica-de-cambios-y-cancelaciones\/\",\"name\":\"Pol\u00edtica de cambios y cancelaciones - Senda Ecoway\",\"isPartOf\":{\"@id\":\"https:\/\/sendaecoway.com\/#website\"},\"datePublished\":\"2024-10-24T10:55:05+00:00\",\"dateModified\":\"2024-10-24T10:57:25+00:00\",\"breadcrumb\":{\"@id\":\"https:\/\/sendaecoway.com\/politica-de-cambios-y-cancelaciones\/#breadcrumb\"},\"inLanguage\":\"fr-FR\",\"potentialAction\":[{\"@type\":\"ReadAction\",\"target\":[\"https:\/\/sendaecoway.com\/politica-de-cambios-y-cancelaciones\/\"]}]},{\"@type\":\"BreadcrumbList\",\"@id\":\"https:\/\/sendaecoway.com\/politica-de-cambios-y-cancelaciones\/#breadcrumb\",\"itemListElement\":[{\"@type\":\"ListItem\",\"position\":1,\"name\":\"Portada\",\"item\":\"https:\/\/sendaecoway.com\/\"},{\"@type\":\"ListItem\",\"position\":2,\"name\":\"Pol\u00edtica de cambios y cancelaciones\"}]},{\"@type\":\"WebSite\",\"@id\":\"https:\/\/sendaecoway.com\/#website\",\"url\":\"https:\/\/sendaecoway.com\/\",\"name\":\"Senda Ecoway Experiencias Sostenibles\",\"description\":\"Ofrecemos experiencias personalizadas y sostenibles. Rutas guiadas por gu\u00edas locales y actividades en peque\u00f1os grupos.\",\"publisher\":{\"@id\":\"https:\/\/sendaecoway.com\/#organization\"},\"alternateName\":\"LAS MEJORES EXPERIENCIAS SOSTENIBLES DE ESPA\u00d1A\",\"potentialAction\":[{\"@type\":\"SearchAction\",\"target\":{\"@type\":\"EntryPoint\",\"urlTemplate\":\"https:\/\/sendaecoway.com\/?s={search_term_string}\"},\"query-input\":{\"@type\":\"PropertyValueSpecification\",\"valueRequired\":true,\"valueName\":\"search_term_string\"}}],\"inLanguage\":\"fr-FR\"},{\"@type\":\"Organization\",\"@id\":\"https:\/\/sendaecoway.com\/#organization\",\"name\":\"SENDA ECOWAY\",\"alternateName\":\"LAS MEJORES EXPERIENCIAS SOSTENIBLES DE ESPA\u00d1A\",\"url\":\"https:\/\/sendaecoway.com\/\",\"logo\":{\"@type\":\"ImageObject\",\"inLanguage\":\"fr-FR\",\"@id\":\"https:\/\/sendaecoway.com\/#\/schema\/logo\/image\/\",\"url\":\"https:\/\/sendaecoway.com\/wp-content\/uploads\/2024\/10\/619797bf655bee433c2dff8c_LOGOTIPO-OFICIAL-2-1024x413-1.png\",\"contentUrl\":\"https:\/\/sendaecoway.com\/wp-content\/uploads\/2024\/10\/619797bf655bee433c2dff8c_LOGOTIPO-OFICIAL-2-1024x413-1.png\",\"width\":1024,\"height\":413,\"caption\":\"SENDA ECOWAY\"},\"image\":{\"@id\":\"https:\/\/sendaecoway.com\/#\/schema\/logo\/image\/\"},\"sameAs\":[\"https:\/\/www.facebook.com\/sendaecoway\/\",\"https:\/\/www.instagram.com\/sendaecoway\/\"]}]}<\/script>\n<!-- \/ Yoast SEO plugin. -->","yoast_head_json":{"title":"Politique de modifications et d&#039;annulations - Senda Ecoway","robots":{"index":"index","follow":"follow","max-snippet":"max-snippet:-1","max-image-preview":"max-image-preview:large","max-video-preview":"max-video-preview:-1"},"canonical":"https:\/\/sendaecoway.com\/fr\/politique-de-modifications-et-dannulations\/","og_locale":"fr_FR","og_type":"article","og_title":"Pol\u00edtica de cambios y cancelaciones - Senda Ecoway","og_url":"https:\/\/sendaecoway.com\/fr\/politique-de-modifications-et-dannulations\/","og_site_name":"Senda Ecoway","article_publisher":"https:\/\/www.facebook.com\/sendaecoway\/","article_modified_time":"2024-10-24T10:57:25+00:00","og_image":[{"width":1024,"height":413,"url":"https:\/\/sendaecoway.com\/wp-content\/uploads\/2024\/10\/619797bf655bee433c2dff8c_LOGOTIPO-OFICIAL-2-1024x413-1.png","type":"image\/png"}],"twitter_card":"summary_large_image","twitter_misc":{"Dur\u00e9e de lecture estim\u00e9e":"2 minutes"},"schema":{"@context":"https:\/\/schema.org","@graph":[{"@type":"WebPage","@id":"https:\/\/sendaecoway.com\/politica-de-cambios-y-cancelaciones\/","url":"https:\/\/sendaecoway.com\/politica-de-cambios-y-cancelaciones\/","name":"Politique de modifications et d&#039;annulations - Senda Ecoway","isPartOf":{"@id":"https:\/\/sendaecoway.com\/#website"},"datePublished":"2024-10-24T10:55:05+00:00","dateModified":"2024-10-24T10:57:25+00:00","breadcrumb":{"@id":"https:\/\/sendaecoway.com\/politica-de-cambios-y-cancelaciones\/#breadcrumb"},"inLanguage":"fr-FR","potentialAction":[{"@type":"ReadAction","target":["https:\/\/sendaecoway.com\/politica-de-cambios-y-cancelaciones\/"]}]},{"@type":"BreadcrumbList","@id":"https:\/\/sendaecoway.com\/politica-de-cambios-y-cancelaciones\/#breadcrumb","itemListElement":[{"@type":"ListItem","position":1,"name":"Portada","item":"https:\/\/sendaecoway.com\/"},{"@type":"ListItem","position":2,"name":"Pol\u00edtica de cambios y cancelaciones"}]},{"@type":"WebSite","@id":"https:\/\/sendaecoway.com\/#website","url":"https:\/\/sendaecoway.com\/","name":"Exp\u00e9riences durables Senda Ecoway","description":"Nous proposons des exp\u00e9riences personnalis\u00e9es et durables. Itin\u00e9raires guid\u00e9s par des guides locaux et activit\u00e9s en petits groupes.","publisher":{"@id":"https:\/\/sendaecoway.com\/#organization"},"alternateName":"LAS MEJORES EXPERIENCIAS SOSTENIBLES DE ESPA\u00d1A","potentialAction":[{"@type":"SearchAction","target":{"@type":"EntryPoint","urlTemplate":"https:\/\/sendaecoway.com\/?s={search_term_string}"},"query-input":{"@type":"PropertyValueSpecification","valueRequired":true,"valueName":"search_term_string"}}],"inLanguage":"fr-FR"},{"@type":"Organization","@id":"https:\/\/sendaecoway.com\/#organization","name":"ECOWAY SENDA","alternateName":"LAS MEJORES EXPERIENCIAS SOSTENIBLES DE ESPA\u00d1A","url":"https:\/\/sendaecoway.com\/","logo":{"@type":"ImageObject","inLanguage":"fr-FR","@id":"https:\/\/sendaecoway.com\/#\/schema\/logo\/image\/","url":"https:\/\/sendaecoway.com\/wp-content\/uploads\/2024\/10\/619797bf655bee433c2dff8c_LOGOTIPO-OFICIAL-2-1024x413-1.png","contentUrl":"https:\/\/sendaecoway.com\/wp-content\/uploads\/2024\/10\/619797bf655bee433c2dff8c_LOGOTIPO-OFICIAL-2-1024x413-1.png","width":1024,"height":413,"caption":"SENDA ECOWAY"},"image":{"@id":"https:\/\/sendaecoway.com\/#\/schema\/logo\/image\/"},"sameAs":["https:\/\/www.facebook.com\/sendaecoway\/","https:\/\/www.instagram.com\/sendaecoway\/"]}]}},"_links":{"self":[{"href":"https:\/\/sendaecoway.com\/fr\/wp-json\/wp\/v2\/pages\/3333","targetHints":{"allow":["GET"]}}],"collection":[{"href":"https:\/\/sendaecoway.com\/fr\/wp-json\/wp\/v2\/pages"}],"about":[{"href":"https:\/\/sendaecoway.com\/fr\/wp-json\/wp\/v2\/types\/page"}],"author":[{"embeddable":true,"href":"https:\/\/sendaecoway.com\/fr\/wp-json\/wp\/v2\/users\/2"}],"replies":[{"embeddable":true,"href":"https:\/\/sendaecoway.com\/fr\/wp-json\/wp\/v2\/comments?post=3333"}],"version-history":[{"count":3,"href":"https:\/\/sendaecoway.com\/fr\/wp-json\/wp\/v2\/pages\/3333\/revisions"}],"predecessor-version":[{"id":3338,"href":"https:\/\/sendaecoway.com\/fr\/wp-json\/wp\/v2\/pages\/3333\/revisions\/3338"}],"wp:attachment":[{"href":"https:\/\/sendaecoway.com\/fr\/wp-json\/wp\/v2\/media?parent=3333"}],"curies":[{"name":"wp","href":"https:\/\/api.w.org\/{rel}","templated":true}]}}