{"id":2971,"date":"2024-10-09T14:36:50","date_gmt":"2024-10-09T14:36:50","guid":{"rendered":"https:\/\/sendaecoway.com\/?page_id=2971"},"modified":"2024-10-10T08:28:06","modified_gmt":"2024-10-10T08:28:06","slug":"politique-de-confidentialite","status":"publish","type":"page","link":"https:\/\/sendaecoway.com\/fr\/politica-de-privacidad\/","title":{"rendered":"politique de confidentialit\u00e9"},"content":{"rendered":"<h1 class=\"privacy-policy-h1\">politique de confidentialit\u00e9<\/h1>\n<h2 class=\"privacy-policy-h1\">Derni\u00e8re mise \u00e0 jour : 10 octobre 2024<\/h2>\n<p>Date d&#039;entr\u00e9e en vigueur : 10 octobre 2024<\/p>\n<p class=\"privacy-policy-p\">La pr\u00e9sente politique de confidentialit\u00e9 d\u00e9crit les politiques de<\/p>\n<p>SENDA ECOWAY, SL, Calle San Francisco, 4, La Orotava, Santa Cruz de Tenerife, 38300, Espagne, email : hello@sendaecoway.com, t\u00e9l\u00e9phone : +34696807861 concernant la collecte,<br \/>\nUtilisation et divulgation des informations que nous recueillons lorsque vous utilisez notre site web (https:\/\/sendaecoway.com) (le \u201c\u00a0Service\u00a0\u201d). En acc\u00e9dant au Service ou en l\u2019utilisant, vous consentez \u00e0 la collecte, \u00e0 l\u2019utilisation et \u00e0 la divulgation de vos informations conform\u00e9ment \u00e0 la pr\u00e9sente Politique de confidentialit\u00e9. Si vous n\u2019acceptez pas ce qui pr\u00e9c\u00e8de, veuillez ne pas acc\u00e9der au Service ni l\u2019utiliser.<\/p>\n<p class=\"privacy-policy-p\">Nous pouvons modifier la pr\u00e9sente Politique de confidentialit\u00e9 \u00e0 tout moment et sans pr\u00e9avis. La version r\u00e9vis\u00e9e sera publi\u00e9e sur le Service. Elle entrera en vigueur 180 jours apr\u00e8s sa publication. En continuant d&#039;acc\u00e9der au Service ou de l&#039;utiliser apr\u00e8s cette p\u00e9riode, vous acceptez la Politique de confidentialit\u00e9 r\u00e9vis\u00e9e. Nous vous recommandons donc de consulter r\u00e9guli\u00e8rement cette page.<\/p>\n<ul class=\"privacy-policy-ol\">\n<li>\n<h2 class=\"privacy-policy-h2\">Informations que nous recueillons\u00a0:<\/h2>\n<p class=\"privacy-policy-p\">Nous collecterons et traiterons les informations personnelles suivantes vous concernant\u00a0:<\/p>\n<\/li>\n<\/ul>\n<ul>\n<li style=\"list-style-type: none;\">\n<ul>\n<li>Nom<\/li>\n<li>Adresse \u00e9lectronique<\/li>\n<li>Mobile<\/li>\n<li>Profil sur les r\u00e9seaux sociaux<\/li>\n<li>Adresse<\/li>\n<li>Informations de paiement<\/li>\n<li>Ville<\/li>\n<li>Pays<\/li>\n<li>Localit\u00e9<\/li>\n<li>Code postal<\/li>\n<\/ul>\n<\/li>\n<\/ul>\n<ul class=\"privacy-policy-ol\">\n<li>\n<h2 class=\"privacy-policy-h2\">Comment nous recueillons vos informations\u00a0:<\/h2>\n<p class=\"privacy-policy-p\">Nous recueillons\/recevons des informations vous concernant de la mani\u00e8re suivante\u00a0:<\/p>\n<\/li>\n<\/ul>\n<ul>\n<li style=\"list-style-type: none;\">\n<ul>\n<li>Lorsqu&#039;un utilisateur remplit le formulaire d&#039;inscription ou fournit des informations personnelles<\/li>\n<li>Interactions sur le site Web<\/li>\n<li>Sources publiques<\/li>\n<\/ul>\n<\/li>\n<\/ul>\n<ul class=\"privacy-policy-ol\">\n<li>\n<h2 class=\"privacy-policy-h2\">Comment nous utilisons vos informations\u00a0:<\/h2>\n<p class=\"privacy-policy-p\">Nous utiliserons les informations que nous recueillons \u00e0 votre sujet aux fins suivantes\u00a0:<\/p>\n<ul class=\"privacy-policy-ol\">\n<li>Marketing\/Promotion<\/li>\n<li>Publicit\u00e9 cibl\u00e9e<\/li>\n<\/ul>\n<p class=\"privacy-policy-p\">Si nous souhaitons utiliser vos informations \u00e0 d&#039;autres fins, nous vous demanderons votre consentement et n&#039;utiliserons vos informations qu&#039;apr\u00e8s avoir re\u00e7u votre approbation et uniquement aux fins pour lesquelles vous avez donn\u00e9 votre consentement, \u00e0 moins que la loi ne nous oblige \u00e0 faire autrement.<\/p>\n<\/li>\n<li>\n<h2 class=\"privacy-policy-h2\">Comment nous partageons vos informations\u00a0:<\/h2>\n<p class=\"privacy-policy-p\">Nous ne transf\u00e9rerons vos informations personnelles \u00e0 aucun tiers sans obtenir votre consentement, sauf dans les circonstances limit\u00e9es d\u00e9crites ci-dessous\u00a0:<\/p>\n<ul class=\"privacy-policy-ol\">\n<li>Services publicitaires<\/li>\n<li>Analytique<\/li>\n<\/ul>\n<p class=\"privacy-policy-p\">Nous exigeons que ces tiers utilisent les renseignements personnels que nous leur transf\u00e9rons uniquement aux fins pour lesquelles ils ont \u00e9t\u00e9 transf\u00e9r\u00e9s et qu&#039;ils ne les conservent pas plus longtemps que n\u00e9cessaire pour atteindre ces fins.<\/p>\n<p class=\"privacy-policy-p\">Nous pouvons \u00e9galement divulguer vos renseignements personnels afin de\u00a0: (1) nous conformer \u00e0 la loi, \u00e0 la r\u00e9glementation, \u00e0 une ordonnance judiciaire ou \u00e0 toute autre proc\u00e9dure l\u00e9gale applicable\u00a0; (2) faire respecter nos accords avec vous, y compris la pr\u00e9sente Politique de confidentialit\u00e9\u00a0; ou (3) r\u00e9pondre aux r\u00e9clamations selon lesquelles votre utilisation du Service enfreint les droits de tiers. En cas de fusion ou d\u2019acquisition du Service ou de notre soci\u00e9t\u00e9 par une autre soci\u00e9t\u00e9, vos renseignements feront partie des actifs transf\u00e9r\u00e9s au nouvel acqu\u00e9reur.<\/p>\n<\/li>\n<li>\n<h2 class=\"privacy-policy-h2\">Conservation de vos informations :<\/h2>\n<p class=\"privacy-policy-p\">Nous conserverons vos donn\u00e9es personnelles pendant une p\u00e9riode de 90 jours \u00e0 2 ans apr\u00e8s la cl\u00f4ture de votre compte, ou aussi longtemps que n\u00e9cessaire pour atteindre les objectifs pour lesquels elles ont \u00e9t\u00e9 collect\u00e9es, conform\u00e9ment \u00e0 la pr\u00e9sente Politique de confidentialit\u00e9. Nous pouvons \u00eatre amen\u00e9s \u00e0 conserver certaines informations plus longtemps, notamment \u00e0 des fins d&#039;archivage et de reporting, conform\u00e9ment \u00e0 la l\u00e9gislation applicable, ou pour d&#039;autres motifs l\u00e9gitimes, tels que la d\u00e9fense de nos droits, la pr\u00e9vention de la fraude, etc. Les donn\u00e9es r\u00e9siduelles anonymis\u00e9es et les donn\u00e9es agr\u00e9g\u00e9es, qui ne permettent pas de vous identifier (directement ou indirectement), peuvent \u00eatre conserv\u00e9es ind\u00e9finiment.<\/p>\n<\/li>\n<li>\n<h2 class=\"privacy-policy-h2\">Vos droits :<\/h2>\n<p class=\"privacy-policy-p\">Conform\u00e9ment \u00e0 la l\u00e9gislation applicable, vous pouvez disposer d&#039;un droit d&#039;acc\u00e8s, de rectification et d&#039;effacement de vos donn\u00e9es personnelles, d&#039;un droit \u00e0 en recevoir une copie, d&#039;un droit \u00e0 la limitation ou \u00e0 l&#039;opposition au traitement de vos donn\u00e9es, d&#039;un droit \u00e0 la portabilit\u00e9 de vos donn\u00e9es vers un autre organisme, d&#039;un droit de retirer votre consentement au traitement de vos donn\u00e9es, d&#039;un droit d&#039;introduire une r\u00e9clamation aupr\u00e8s d&#039;une autorit\u00e9 comp\u00e9tente, ainsi que d&#039;autres droits pr\u00e9vus par la loi. Pour exercer ces droits, veuillez nous \u00e9crire \u00e0 l&#039;adresse hello@sendaecoway.com. Nous r\u00e9pondrons \u00e0 votre demande conform\u00e9ment \u00e0 la l\u00e9gislation applicable.<\/p>\n<p class=\"privacy-policy-p\">Vous pouvez refuser de recevoir des communications marketing directes ou le profilage que nous effectuons \u00e0 des fins marketing en nous \u00e9crivant \u00e0 hello@sendaecoway.com.<\/p>\n<p class=\"privacy-policy-p\">Veuillez noter que si vous ne nous autorisez pas \u00e0 collecter ou \u00e0 traiter les renseignements personnels requis, ou si vous retirez votre consentement \u00e0 leur traitement aux fins n\u00e9cessaires, vous pourriez ne pas \u00eatre en mesure d&#039;acc\u00e9der aux services pour lesquels vos renseignements ont \u00e9t\u00e9 demand\u00e9s ou de les utiliser.<\/p>\n<\/li>\n<li>\n<h2 class=\"privacy-policy-h2\">Cookies et autres :<\/h2>\n<p class=\"privacy-policy-p\">Pour plus d&#039;informations sur la mani\u00e8re dont nous utilisons ces technologies de suivi et sur vos choix \u00e0 ce sujet, veuillez consulter notre politique de confidentialit\u00e9. <a href=\"https:\/\/sendaecoway.com\/fr\/politique-en-matiere-de-cookies\/\">Politique relative aux cookies.<\/a><\/p>\n<\/li>\n<li>\n<h2 class=\"privacy-policy-h2\">S\u00e9curit\u00e9:<\/h2>\n<p class=\"privacy-policy-p\">La s\u00e9curit\u00e9 de vos informations est importante pour nous, et nous mettrons en \u0153uvre des mesures de s\u00e9curit\u00e9 raisonnables pour pr\u00e9venir toute perte, utilisation abusive ou modification non autoris\u00e9e des informations que nous contr\u00f4lons. Cependant, compte tenu de la nature inh\u00e9rente des risques, nous ne pouvons garantir une s\u00e9curit\u00e9 absolue et, par cons\u00e9quent, nous ne pouvons assurer ni garantir la s\u00e9curit\u00e9 des informations que vous nous transmettez\u00a0; vous le faites donc \u00e0 vos propres risques.<\/p>\n<\/li>\n<li>\n<h2 class=\"privacy-policy-h2\">Liens tiers et utilisation de vos informations\u00a0:<\/h2>\n<p class=\"privacy-policy-p\">Notre Service peut contenir des liens vers d&#039;autres sites web qui ne sont pas exploit\u00e9s par nous. La pr\u00e9sente Politique de confidentialit\u00e9 ne s&#039;applique pas aux politiques de confidentialit\u00e9 ni aux pratiques des tiers, y compris ceux qui exploitent des sites ou des services accessibles via un lien sur notre Service. Nous vous invitons \u00e0 consulter la politique de confidentialit\u00e9 de chaque site que vous visitez. Nous n&#039;exer\u00e7ons aucun contr\u00f4le sur le contenu, les politiques de confidentialit\u00e9 ou les pratiques des sites ou services tiers et d\u00e9clinons toute responsabilit\u00e9 \u00e0 cet \u00e9gard.<\/p>\n<\/li>\n<li>\n<h2 class=\"privacy-policy-h2\">D\u00e9l\u00e9gu\u00e9 \u00e0 la protection des donn\u00e9es \/ Responsable des plaintes\u00a0:<\/h2>\n<p class=\"privacy-policy-p\">Si vous avez des questions ou des inqui\u00e9tudes concernant le traitement de vos informations que nous d\u00e9tenons, vous pouvez envoyer un courriel \u00e0 notre responsable des plaintes \u00e0 l&#039;adresse suivante\u00a0:<br \/>\nSENDA ECOWAY, SL, Calle San Francisco, 4, La Orotava, courriel\u00a0: hello@sendaecoway.com. Nous traiterons vos demandes conform\u00e9ment \u00e0 la l\u00e9gislation en vigueur.<\/p>\n<\/li>\n<\/ul>\n<p class=\"privacy-policy-p\">Politique de confidentialit\u00e9 g\u00e9n\u00e9r\u00e9e avec <a href=\"https:\/\/www.cookieyes.com\/?utm_source=PP&amp;utm_medium=footer&amp;utm_campaign=UW\" target=\"_blank\" rel=\"noopener\">CookieOui<\/a>.<\/p>","protected":false},"excerpt":{"rendered":"<p>Pol\u00edtica de Privacidad \u00daltima actualizaci\u00f3n: 10-Oct-2024 Fecha de vigencia: 10-Oct-2024 Esta Pol\u00edtica de Privacidad describe las pol\u00edticas de SENDA ECOWAY, S.L., Calle San Francisco, 4,&#8230;<\/p>","protected":false},"author":3,"featured_media":0,"parent":0,"menu_order":0,"comment_status":"closed","ping_status":"closed","template":"","meta":{"_joinchat":[],"footnotes":""},"class_list":["post-2971","page","type-page","status-publish","hentry"],"yoast_head":"<!-- This site is optimized with the Yoast SEO plugin v27.2 - https:\/\/yoast.com\/product\/yoast-seo-wordpress\/ -->\n<title>Pol\u00edtica de privacidad - Senda Ecoway<\/title>\n<meta name=\"robots\" content=\"noindex, follow\" \/>\n<meta property=\"og:locale\" content=\"fr_FR\" \/>\n<meta property=\"og:type\" content=\"article\" \/>\n<meta property=\"og:title\" content=\"Pol\u00edtica de privacidad - Senda Ecoway\" \/>\n<meta property=\"og:description\" content=\"Pol\u00edtica de Privacidad \u00daltima actualizaci\u00f3n: 10-Oct-2024 Fecha de vigencia: 10-Oct-2024 Esta Pol\u00edtica de Privacidad describe las pol\u00edticas de SENDA ECOWAY, S.L., Calle San Francisco, 4,...\" \/>\n<meta property=\"og:url\" content=\"https:\/\/sendaecoway.com\/fr\/politique-de-confidentialite\/\" \/>\n<meta property=\"og:site_name\" content=\"Senda Ecoway\" \/>\n<meta property=\"article:publisher\" content=\"https:\/\/www.facebook.com\/sendaecoway\/\" \/>\n<meta property=\"article:modified_time\" content=\"2024-10-10T08:28:06+00:00\" \/>\n<meta property=\"og:image\" content=\"https:\/\/sendaecoway.com\/wp-content\/uploads\/2024\/10\/619797bf655bee433c2dff8c_LOGOTIPO-OFICIAL-2-1024x413-1.png\" \/>\n\t<meta property=\"og:image:width\" content=\"1024\" \/>\n\t<meta property=\"og:image:height\" content=\"413\" \/>\n\t<meta property=\"og:image:type\" content=\"image\/png\" \/>\n<meta name=\"twitter:card\" content=\"summary_large_image\" \/>\n<meta name=\"twitter:label1\" content=\"Dur\u00e9e de lecture estim\u00e9e\" \/>\n\t<meta name=\"twitter:data1\" content=\"5 minutes\" \/>\n<script type=\"application\/ld+json\" class=\"yoast-schema-graph\">{\"@context\":\"https:\/\/schema.org\",\"@graph\":[{\"@type\":\"WebPage\",\"@id\":\"https:\/\/sendaecoway.com\/politica-de-privacidad\/\",\"url\":\"https:\/\/sendaecoway.com\/politica-de-privacidad\/\",\"name\":\"Pol\u00edtica de privacidad - Senda Ecoway\",\"isPartOf\":{\"@id\":\"https:\/\/sendaecoway.com\/#website\"},\"datePublished\":\"2024-10-09T14:36:50+00:00\",\"dateModified\":\"2024-10-10T08:28:06+00:00\",\"breadcrumb\":{\"@id\":\"https:\/\/sendaecoway.com\/politica-de-privacidad\/#breadcrumb\"},\"inLanguage\":\"fr-FR\",\"potentialAction\":[{\"@type\":\"ReadAction\",\"target\":[\"https:\/\/sendaecoway.com\/politica-de-privacidad\/\"]}]},{\"@type\":\"BreadcrumbList\",\"@id\":\"https:\/\/sendaecoway.com\/politica-de-privacidad\/#breadcrumb\",\"itemListElement\":[{\"@type\":\"ListItem\",\"position\":1,\"name\":\"Portada\",\"item\":\"https:\/\/sendaecoway.com\/\"},{\"@type\":\"ListItem\",\"position\":2,\"name\":\"Pol\u00edtica de privacidad\"}]},{\"@type\":\"WebSite\",\"@id\":\"https:\/\/sendaecoway.com\/#website\",\"url\":\"https:\/\/sendaecoway.com\/\",\"name\":\"Senda Ecoway Experiencias Sostenibles\",\"description\":\"Ofrecemos experiencias personalizadas y sostenibles. Rutas guiadas por gu\u00edas locales y actividades en peque\u00f1os grupos.\",\"publisher\":{\"@id\":\"https:\/\/sendaecoway.com\/#organization\"},\"alternateName\":\"LAS MEJORES EXPERIENCIAS SOSTENIBLES DE ESPA\u00d1A\",\"potentialAction\":[{\"@type\":\"SearchAction\",\"target\":{\"@type\":\"EntryPoint\",\"urlTemplate\":\"https:\/\/sendaecoway.com\/?s={search_term_string}\"},\"query-input\":{\"@type\":\"PropertyValueSpecification\",\"valueRequired\":true,\"valueName\":\"search_term_string\"}}],\"inLanguage\":\"fr-FR\"},{\"@type\":\"Organization\",\"@id\":\"https:\/\/sendaecoway.com\/#organization\",\"name\":\"SENDA ECOWAY\",\"alternateName\":\"LAS MEJORES EXPERIENCIAS SOSTENIBLES DE ESPA\u00d1A\",\"url\":\"https:\/\/sendaecoway.com\/\",\"logo\":{\"@type\":\"ImageObject\",\"inLanguage\":\"fr-FR\",\"@id\":\"https:\/\/sendaecoway.com\/#\/schema\/logo\/image\/\",\"url\":\"https:\/\/sendaecoway.com\/wp-content\/uploads\/2024\/10\/619797bf655bee433c2dff8c_LOGOTIPO-OFICIAL-2-1024x413-1.png\",\"contentUrl\":\"https:\/\/sendaecoway.com\/wp-content\/uploads\/2024\/10\/619797bf655bee433c2dff8c_LOGOTIPO-OFICIAL-2-1024x413-1.png\",\"width\":1024,\"height\":413,\"caption\":\"SENDA ECOWAY\"},\"image\":{\"@id\":\"https:\/\/sendaecoway.com\/#\/schema\/logo\/image\/\"},\"sameAs\":[\"https:\/\/www.facebook.com\/sendaecoway\/\",\"https:\/\/www.instagram.com\/sendaecoway\/\"]}]}<\/script>\n<!-- \/ Yoast SEO plugin. -->","yoast_head_json":{"title":"Politique de confidentialit\u00e9 - Senda Ecoway","robots":{"index":"noindex","follow":"follow"},"og_locale":"fr_FR","og_type":"article","og_title":"Pol\u00edtica de privacidad - Senda Ecoway","og_description":"Pol\u00edtica de Privacidad \u00daltima actualizaci\u00f3n: 10-Oct-2024 Fecha de vigencia: 10-Oct-2024 Esta Pol\u00edtica de Privacidad describe las pol\u00edticas de SENDA ECOWAY, S.L., Calle San Francisco, 4,...","og_url":"https:\/\/sendaecoway.com\/fr\/politique-de-confidentialite\/","og_site_name":"Senda Ecoway","article_publisher":"https:\/\/www.facebook.com\/sendaecoway\/","article_modified_time":"2024-10-10T08:28:06+00:00","og_image":[{"width":1024,"height":413,"url":"https:\/\/sendaecoway.com\/wp-content\/uploads\/2024\/10\/619797bf655bee433c2dff8c_LOGOTIPO-OFICIAL-2-1024x413-1.png","type":"image\/png"}],"twitter_card":"summary_large_image","twitter_misc":{"Dur\u00e9e de lecture estim\u00e9e":"5 minutes"},"schema":{"@context":"https:\/\/schema.org","@graph":[{"@type":"WebPage","@id":"https:\/\/sendaecoway.com\/politica-de-privacidad\/","url":"https:\/\/sendaecoway.com\/politica-de-privacidad\/","name":"Politique de confidentialit\u00e9 - Senda Ecoway","isPartOf":{"@id":"https:\/\/sendaecoway.com\/#website"},"datePublished":"2024-10-09T14:36:50+00:00","dateModified":"2024-10-10T08:28:06+00:00","breadcrumb":{"@id":"https:\/\/sendaecoway.com\/politica-de-privacidad\/#breadcrumb"},"inLanguage":"fr-FR","potentialAction":[{"@type":"ReadAction","target":["https:\/\/sendaecoway.com\/politica-de-privacidad\/"]}]},{"@type":"BreadcrumbList","@id":"https:\/\/sendaecoway.com\/politica-de-privacidad\/#breadcrumb","itemListElement":[{"@type":"ListItem","position":1,"name":"Portada","item":"https:\/\/sendaecoway.com\/"},{"@type":"ListItem","position":2,"name":"Pol\u00edtica de privacidad"}]},{"@type":"WebSite","@id":"https:\/\/sendaecoway.com\/#website","url":"https:\/\/sendaecoway.com\/","name":"Exp\u00e9riences durables Senda Ecoway","description":"Nous proposons des exp\u00e9riences personnalis\u00e9es et durables. Itin\u00e9raires guid\u00e9s par des guides locaux et activit\u00e9s en petits groupes.","publisher":{"@id":"https:\/\/sendaecoway.com\/#organization"},"alternateName":"LAS MEJORES EXPERIENCIAS SOSTENIBLES DE ESPA\u00d1A","potentialAction":[{"@type":"SearchAction","target":{"@type":"EntryPoint","urlTemplate":"https:\/\/sendaecoway.com\/?s={search_term_string}"},"query-input":{"@type":"PropertyValueSpecification","valueRequired":true,"valueName":"search_term_string"}}],"inLanguage":"fr-FR"},{"@type":"Organization","@id":"https:\/\/sendaecoway.com\/#organization","name":"ECOWAY SENDA","alternateName":"LAS MEJORES EXPERIENCIAS SOSTENIBLES DE ESPA\u00d1A","url":"https:\/\/sendaecoway.com\/","logo":{"@type":"ImageObject","inLanguage":"fr-FR","@id":"https:\/\/sendaecoway.com\/#\/schema\/logo\/image\/","url":"https:\/\/sendaecoway.com\/wp-content\/uploads\/2024\/10\/619797bf655bee433c2dff8c_LOGOTIPO-OFICIAL-2-1024x413-1.png","contentUrl":"https:\/\/sendaecoway.com\/wp-content\/uploads\/2024\/10\/619797bf655bee433c2dff8c_LOGOTIPO-OFICIAL-2-1024x413-1.png","width":1024,"height":413,"caption":"SENDA ECOWAY"},"image":{"@id":"https:\/\/sendaecoway.com\/#\/schema\/logo\/image\/"},"sameAs":["https:\/\/www.facebook.com\/sendaecoway\/","https:\/\/www.instagram.com\/sendaecoway\/"]}]}},"_links":{"self":[{"href":"https:\/\/sendaecoway.com\/fr\/wp-json\/wp\/v2\/pages\/2971","targetHints":{"allow":["GET"]}}],"collection":[{"href":"https:\/\/sendaecoway.com\/fr\/wp-json\/wp\/v2\/pages"}],"about":[{"href":"https:\/\/sendaecoway.com\/fr\/wp-json\/wp\/v2\/types\/page"}],"author":[{"embeddable":true,"href":"https:\/\/sendaecoway.com\/fr\/wp-json\/wp\/v2\/users\/3"}],"replies":[{"embeddable":true,"href":"https:\/\/sendaecoway.com\/fr\/wp-json\/wp\/v2\/comments?post=2971"}],"version-history":[{"count":4,"href":"https:\/\/sendaecoway.com\/fr\/wp-json\/wp\/v2\/pages\/2971\/revisions"}],"predecessor-version":[{"id":2982,"href":"https:\/\/sendaecoway.com\/fr\/wp-json\/wp\/v2\/pages\/2971\/revisions\/2982"}],"wp:attachment":[{"href":"https:\/\/sendaecoway.com\/fr\/wp-json\/wp\/v2\/media?parent=2971"}],"curies":[{"name":"wp","href":"https:\/\/api.w.org\/{rel}","templated":true}]}}