{"id":2961,"date":"2024-10-09T13:57:46","date_gmt":"2024-10-09T13:57:46","guid":{"rendered":"https:\/\/sendaecoway.com\/?page_id=2961"},"modified":"2024-10-09T13:57:46","modified_gmt":"2024-10-09T13:57:46","slug":"politique-en-matiere-de-cookies","status":"publish","type":"page","link":"https:\/\/sendaecoway.com\/fr\/politica-de-cookies\/","title":{"rendered":"Politique relative aux cookies"},"content":{"rendered":"<style>\n    a.cky-banner-element {<br \/>        padding: 8px 30px;<br \/>        background: #F8F9FA;<br \/>        color: #858A8F;<br \/>        border: 1px solid #DEE2E6;<br \/>        box-sizing: border-box;<br \/>        border-radius: 2px;<br \/>        cursor: pointer;<br \/>}<br \/><\/style>\n<h1><\/h1>\n<h1 class=\"cookie-policy-h1\">Politique relative aux cookies<\/h1>\n<p>Date d&#039;entr\u00e9e en vigueur : 9 octobre 2024<br \/>\nDerni\u00e8re mise \u00e0 jour : 09-oct.-2024<\/p>\n<p>&nbsp;<\/p>\n<h2>Que sont les cookies ?<\/h2>\n<div class=\"cookie-policy-p\">\n<p>Cette politique relative aux cookies explique ce que sont les cookies, comment nous les utilisons, les types de cookies que nous utilisons (c\u2019est-\u00e0-dire les informations que nous recueillons par le biais des cookies), comment ces informations sont utilis\u00e9es et comment g\u00e9rer vos param\u00e8tres de cookies.<\/p>\n<p>Les cookies sont de petits fichiers texte utilis\u00e9s pour stocker de petites quantit\u00e9s d&#039;informations. Ils sont enregistr\u00e9s sur votre appareil lorsque le site web se charge dans votre navigateur. Ces cookies nous permettent de garantir le bon fonctionnement du site, d&#039;am\u00e9liorer sa s\u00e9curit\u00e9 et votre exp\u00e9rience utilisateur, et de comprendre ses performances, d&#039;analyser ce qui fonctionne et d&#039;identifier les points \u00e0 am\u00e9liorer.<\/p>\n<\/div>\n<p>&nbsp;<\/p>\n<h2>Comment utilisons-nous les cookies ?<\/h2>\n<div class=\"cookie-policy-p\">\n<p>Comme la plupart des services en ligne, notre site web utilise des cookies internes et tiers \u00e0 diverses fins. Les cookies internes sont principalement n\u00e9cessaires au bon fonctionnement du site et ne collectent aucune information permettant de vous identifier personnellement.<\/p>\n<p>Les cookies tiers que nous utilisons sur notre site Web servent principalement \u00e0 comprendre les performances du site, votre interaction avec celui-ci, \u00e0 assurer la s\u00e9curit\u00e9 de nos services, \u00e0 vous proposer des publicit\u00e9s pertinentes et, de mani\u00e8re g\u00e9n\u00e9rale, \u00e0 vous offrir une exp\u00e9rience utilisateur am\u00e9lior\u00e9e et \u00e0 faciliter vos futures interactions avec notre site Web.<\/p>\n<\/div>\n<p>&nbsp;<\/p>\n<h2>Types de cookies que nous utilisons<\/h2>\n<div class=\"cky-audit-table-element\"><\/div>\n<p>&nbsp;<\/p>\n<h2 style=\"margin-bottom: 20px;\">G\u00e9rer les pr\u00e9f\u00e9rences relatives aux cookies<\/h2>\n<h3><a class=\"cky-banner-element\">Param\u00e8tres des cookies<\/a><\/h3>\n<div>\n<p>Vous pouvez modifier vos pr\u00e9f\u00e9rences en mati\u00e8re de cookies \u00e0 tout moment en cliquant sur le bouton ci-dessus. Vous serez alors redirig\u00e9 vers la fen\u00eatre contextuelle de consentement aux cookies o\u00f9 vous pourrez modifier vos pr\u00e9f\u00e9rences ou retirer votre consentement imm\u00e9diatement.<\/p>\n<p>De plus, chaque navigateur propose des m\u00e9thodes diff\u00e9rentes pour bloquer et supprimer les cookies utilis\u00e9s par les sites web. Vous pouvez modifier les param\u00e8tres de votre navigateur pour bloquer ou supprimer les cookies. Vous trouverez ci-dessous des liens vers des documents d&#039;aide expliquant comment g\u00e9rer et supprimer les cookies dans les principaux navigateurs web.<\/p>\n<p>Chrome: <a href=\"https:\/\/support.google.com\/accounts\/answer\/32050\" target=\"_blank\" rel=\"noopener\">https:\/\/support.google.com\/accounts\/answer\/32050<\/a><\/p>\n<p>Safari: <a href=\"https:\/\/support.apple.com\/en-in\/guide\/safari\/sfri11471\/mac\" target=\"_blank\" rel=\"noopener\">https:\/\/support.apple.com\/en-in\/guide\/safari\/sfri11471\/mac<\/a><\/p>\n<p>Firefox : <a href=\"https:\/\/support.mozilla.org\/en-US\/kb\/clear-cookies-and-site-data-firefox?redirectslug=delete-cookies-remove-info-websites-stored&amp;redirectlocale=en-US\" target=\"_blank\" rel=\"noopener\">https:\/\/support.mozilla.org\/en-US\/kb\/clear-cookies-and-site-data-firefox?redirectslug=delete-cookies-remove-info-websites-stored&amp;redirectlocale=en-US<\/a><\/p>\n<p>Internet Explorer\u00a0: <a href=\"https:\/\/support.microsoft.com\/en-us\/topic\/how-to-delete-cookie-files-in-internet-explorer-bca9446f-d873-78de-77ba-d42645fa52fc\" target=\"_blank\" rel=\"noopener\">https:\/\/support.microsoft.com\/en-us\/topic\/how-to-delete-cookie-files-in-internet-explorer-bca9446f-d873-78de-77ba-d42645fa52fc<\/a><\/p>\n<p>Si vous utilisez un autre navigateur Web, veuillez consulter la documentation d&#039;assistance officielle de votre navigateur.<\/p>\n<\/div>\n<p>&nbsp;<\/p>\n<p class=\"cookie-policy-p\">Politique relative aux cookies g\u00e9n\u00e9r\u00e9e par <a href=\"https:\/\/www.cookieyes.com\/?utm_source=CP&amp;utm_medium=footer&amp;utm_campaign=UW\" target=\"_blank\" rel=\"noopener\">CookieYes \u2013 G\u00e9n\u00e9rateur de politique de cookies<\/a>.<\/p>","protected":false},"excerpt":{"rendered":"<p>Pol\u00edtica de cookies Fecha de vigencia: 09-Oct-2024 \u00daltima actualizaci\u00f3n: 09-Oct-2024 &nbsp; \u00bfQu\u00e9 son las cookies? Esta Pol\u00edtica de Cookies explica qu\u00e9 son las cookies, c\u00f3mo&#8230;<\/p>","protected":false},"author":3,"featured_media":0,"parent":0,"menu_order":0,"comment_status":"closed","ping_status":"closed","template":"","meta":{"_joinchat":[],"footnotes":""},"class_list":["post-2961","page","type-page","status-publish","hentry"],"yoast_head":"<!-- This site is optimized with the Yoast SEO plugin v27.2 - https:\/\/yoast.com\/product\/yoast-seo-wordpress\/ -->\n<title>Pol\u00edtica de cookies - Senda Ecoway<\/title>\n<meta name=\"robots\" content=\"noindex, follow\" \/>\n<meta property=\"og:locale\" content=\"fr_FR\" \/>\n<meta property=\"og:type\" content=\"article\" \/>\n<meta property=\"og:title\" content=\"Pol\u00edtica de cookies - Senda Ecoway\" \/>\n<meta property=\"og:description\" content=\"Pol\u00edtica de cookies Fecha de vigencia: 09-Oct-2024 \u00daltima actualizaci\u00f3n: 09-Oct-2024 &nbsp; \u00bfQu\u00e9 son las cookies? Esta Pol\u00edtica de Cookies explica qu\u00e9 son las cookies, c\u00f3mo...\" \/>\n<meta property=\"og:url\" content=\"https:\/\/sendaecoway.com\/fr\/politique-en-matiere-de-cookies\/\" \/>\n<meta property=\"og:site_name\" content=\"Senda Ecoway\" \/>\n<meta property=\"article:publisher\" content=\"https:\/\/www.facebook.com\/sendaecoway\/\" \/>\n<meta property=\"og:image\" content=\"https:\/\/sendaecoway.com\/wp-content\/uploads\/2024\/10\/619797bf655bee433c2dff8c_LOGOTIPO-OFICIAL-2-1024x413-1.png\" \/>\n\t<meta property=\"og:image:width\" content=\"1024\" \/>\n\t<meta property=\"og:image:height\" content=\"413\" \/>\n\t<meta property=\"og:image:type\" content=\"image\/png\" \/>\n<meta name=\"twitter:card\" content=\"summary_large_image\" \/>\n<meta name=\"twitter:label1\" content=\"Dur\u00e9e de lecture estim\u00e9e\" \/>\n\t<meta name=\"twitter:data1\" content=\"2 minutes\" \/>\n<script type=\"application\/ld+json\" class=\"yoast-schema-graph\">{\"@context\":\"https:\/\/schema.org\",\"@graph\":[{\"@type\":\"WebPage\",\"@id\":\"https:\/\/sendaecoway.com\/politica-de-cookies\/\",\"url\":\"https:\/\/sendaecoway.com\/politica-de-cookies\/\",\"name\":\"Pol\u00edtica de cookies - Senda Ecoway\",\"isPartOf\":{\"@id\":\"https:\/\/sendaecoway.com\/#website\"},\"datePublished\":\"2024-10-09T13:57:46+00:00\",\"breadcrumb\":{\"@id\":\"https:\/\/sendaecoway.com\/politica-de-cookies\/#breadcrumb\"},\"inLanguage\":\"fr-FR\",\"potentialAction\":[{\"@type\":\"ReadAction\",\"target\":[\"https:\/\/sendaecoway.com\/politica-de-cookies\/\"]}]},{\"@type\":\"BreadcrumbList\",\"@id\":\"https:\/\/sendaecoway.com\/politica-de-cookies\/#breadcrumb\",\"itemListElement\":[{\"@type\":\"ListItem\",\"position\":1,\"name\":\"Portada\",\"item\":\"https:\/\/sendaecoway.com\/\"},{\"@type\":\"ListItem\",\"position\":2,\"name\":\"Pol\u00edtica de cookies\"}]},{\"@type\":\"WebSite\",\"@id\":\"https:\/\/sendaecoway.com\/#website\",\"url\":\"https:\/\/sendaecoway.com\/\",\"name\":\"Senda Ecoway Experiencias Sostenibles\",\"description\":\"Ofrecemos experiencias personalizadas y sostenibles. Rutas guiadas por gu\u00edas locales y actividades en peque\u00f1os grupos.\",\"publisher\":{\"@id\":\"https:\/\/sendaecoway.com\/#organization\"},\"alternateName\":\"LAS MEJORES EXPERIENCIAS SOSTENIBLES DE ESPA\u00d1A\",\"potentialAction\":[{\"@type\":\"SearchAction\",\"target\":{\"@type\":\"EntryPoint\",\"urlTemplate\":\"https:\/\/sendaecoway.com\/?s={search_term_string}\"},\"query-input\":{\"@type\":\"PropertyValueSpecification\",\"valueRequired\":true,\"valueName\":\"search_term_string\"}}],\"inLanguage\":\"fr-FR\"},{\"@type\":\"Organization\",\"@id\":\"https:\/\/sendaecoway.com\/#organization\",\"name\":\"SENDA ECOWAY\",\"alternateName\":\"LAS MEJORES EXPERIENCIAS SOSTENIBLES DE ESPA\u00d1A\",\"url\":\"https:\/\/sendaecoway.com\/\",\"logo\":{\"@type\":\"ImageObject\",\"inLanguage\":\"fr-FR\",\"@id\":\"https:\/\/sendaecoway.com\/#\/schema\/logo\/image\/\",\"url\":\"https:\/\/sendaecoway.com\/wp-content\/uploads\/2024\/10\/619797bf655bee433c2dff8c_LOGOTIPO-OFICIAL-2-1024x413-1.png\",\"contentUrl\":\"https:\/\/sendaecoway.com\/wp-content\/uploads\/2024\/10\/619797bf655bee433c2dff8c_LOGOTIPO-OFICIAL-2-1024x413-1.png\",\"width\":1024,\"height\":413,\"caption\":\"SENDA ECOWAY\"},\"image\":{\"@id\":\"https:\/\/sendaecoway.com\/#\/schema\/logo\/image\/\"},\"sameAs\":[\"https:\/\/www.facebook.com\/sendaecoway\/\",\"https:\/\/www.instagram.com\/sendaecoway\/\"]}]}<\/script>\n<!-- \/ Yoast SEO plugin. -->","yoast_head_json":{"title":"Politique relative aux cookies - Senda Ecoway","robots":{"index":"noindex","follow":"follow"},"og_locale":"fr_FR","og_type":"article","og_title":"Pol\u00edtica de cookies - Senda Ecoway","og_description":"Pol\u00edtica de cookies Fecha de vigencia: 09-Oct-2024 \u00daltima actualizaci\u00f3n: 09-Oct-2024 &nbsp; \u00bfQu\u00e9 son las cookies? Esta Pol\u00edtica de Cookies explica qu\u00e9 son las cookies, c\u00f3mo...","og_url":"https:\/\/sendaecoway.com\/fr\/politique-en-matiere-de-cookies\/","og_site_name":"Senda Ecoway","article_publisher":"https:\/\/www.facebook.com\/sendaecoway\/","og_image":[{"width":1024,"height":413,"url":"https:\/\/sendaecoway.com\/wp-content\/uploads\/2024\/10\/619797bf655bee433c2dff8c_LOGOTIPO-OFICIAL-2-1024x413-1.png","type":"image\/png"}],"twitter_card":"summary_large_image","twitter_misc":{"Dur\u00e9e de lecture estim\u00e9e":"2 minutes"},"schema":{"@context":"https:\/\/schema.org","@graph":[{"@type":"WebPage","@id":"https:\/\/sendaecoway.com\/politica-de-cookies\/","url":"https:\/\/sendaecoway.com\/politica-de-cookies\/","name":"Politique relative aux cookies - Senda Ecoway","isPartOf":{"@id":"https:\/\/sendaecoway.com\/#website"},"datePublished":"2024-10-09T13:57:46+00:00","breadcrumb":{"@id":"https:\/\/sendaecoway.com\/politica-de-cookies\/#breadcrumb"},"inLanguage":"fr-FR","potentialAction":[{"@type":"ReadAction","target":["https:\/\/sendaecoway.com\/politica-de-cookies\/"]}]},{"@type":"BreadcrumbList","@id":"https:\/\/sendaecoway.com\/politica-de-cookies\/#breadcrumb","itemListElement":[{"@type":"ListItem","position":1,"name":"Portada","item":"https:\/\/sendaecoway.com\/"},{"@type":"ListItem","position":2,"name":"Pol\u00edtica de cookies"}]},{"@type":"WebSite","@id":"https:\/\/sendaecoway.com\/#website","url":"https:\/\/sendaecoway.com\/","name":"Exp\u00e9riences durables Senda Ecoway","description":"Nous proposons des exp\u00e9riences personnalis\u00e9es et durables. Itin\u00e9raires guid\u00e9s par des guides locaux et activit\u00e9s en petits groupes.","publisher":{"@id":"https:\/\/sendaecoway.com\/#organization"},"alternateName":"LAS MEJORES EXPERIENCIAS SOSTENIBLES DE ESPA\u00d1A","potentialAction":[{"@type":"SearchAction","target":{"@type":"EntryPoint","urlTemplate":"https:\/\/sendaecoway.com\/?s={search_term_string}"},"query-input":{"@type":"PropertyValueSpecification","valueRequired":true,"valueName":"search_term_string"}}],"inLanguage":"fr-FR"},{"@type":"Organization","@id":"https:\/\/sendaecoway.com\/#organization","name":"ECOWAY SENDA","alternateName":"LAS MEJORES EXPERIENCIAS SOSTENIBLES DE ESPA\u00d1A","url":"https:\/\/sendaecoway.com\/","logo":{"@type":"ImageObject","inLanguage":"fr-FR","@id":"https:\/\/sendaecoway.com\/#\/schema\/logo\/image\/","url":"https:\/\/sendaecoway.com\/wp-content\/uploads\/2024\/10\/619797bf655bee433c2dff8c_LOGOTIPO-OFICIAL-2-1024x413-1.png","contentUrl":"https:\/\/sendaecoway.com\/wp-content\/uploads\/2024\/10\/619797bf655bee433c2dff8c_LOGOTIPO-OFICIAL-2-1024x413-1.png","width":1024,"height":413,"caption":"SENDA ECOWAY"},"image":{"@id":"https:\/\/sendaecoway.com\/#\/schema\/logo\/image\/"},"sameAs":["https:\/\/www.facebook.com\/sendaecoway\/","https:\/\/www.instagram.com\/sendaecoway\/"]}]}},"_links":{"self":[{"href":"https:\/\/sendaecoway.com\/fr\/wp-json\/wp\/v2\/pages\/2961","targetHints":{"allow":["GET"]}}],"collection":[{"href":"https:\/\/sendaecoway.com\/fr\/wp-json\/wp\/v2\/pages"}],"about":[{"href":"https:\/\/sendaecoway.com\/fr\/wp-json\/wp\/v2\/types\/page"}],"author":[{"embeddable":true,"href":"https:\/\/sendaecoway.com\/fr\/wp-json\/wp\/v2\/users\/3"}],"replies":[{"embeddable":true,"href":"https:\/\/sendaecoway.com\/fr\/wp-json\/wp\/v2\/comments?post=2961"}],"version-history":[{"count":4,"href":"https:\/\/sendaecoway.com\/fr\/wp-json\/wp\/v2\/pages\/2961\/revisions"}],"predecessor-version":[{"id":2965,"href":"https:\/\/sendaecoway.com\/fr\/wp-json\/wp\/v2\/pages\/2961\/revisions\/2965"}],"wp:attachment":[{"href":"https:\/\/sendaecoway.com\/fr\/wp-json\/wp\/v2\/media?parent=2961"}],"curies":[{"name":"wp","href":"https:\/\/api.w.org\/{rel}","templated":true}]}}