{"id":2750,"date":"2024-10-01T19:02:24","date_gmt":"2024-10-01T19:02:24","guid":{"rendered":"https:\/\/sendaecoway.com\/?page_id=2750"},"modified":"2024-10-09T13:52:35","modified_gmt":"2024-10-09T13:52:35","slug":"economique-et-financier","status":"publish","type":"page","link":"https:\/\/sendaecoway.com\/fr\/economico-financiera\/","title":{"rendered":"\u00c9conomique \u2013 Financier"},"content":{"rendered":"<div class=\"wpb-content-wrapper\"><div class=\"vc_row wpb_row vc_row-fluid vc_custom_1727808499279 et_custom_uniqid_new_66fc43ed47174 mpc-row\"><div class=\"wpb_column vc_column_container vc_col-sm-12 et_custom_uniqid_69deaedddd5c2 mpc-column\" data-column-id=\"mpc_column-7369deaee06dced\"><div class=\"vc_column-inner\"><div class=\"wpb_wrapper\">\n\t<div class=\"wpb_text_column wpb_content_element\">\n\t\t<div class=\"wpb_wrapper\">\n\t\t\t<div class=\"bloque-titulo-transparencia\">\n<div class=\"bloque-titulo-transparencia\">\n<div class=\"bloque-titulo-transparencia\">\n<div class=\"bloque-titulo-transparencia\">\n<div class=\"bloque-titulo-transparencia\">\n<div class=\"bloque-titulo-transparencia\">\n<div class=\"bloque-titulo-transparencia\">\n<div class=\"bloque-titulo-transparencia\">\n<div class=\"bloque-titulo-transparencia\">\n<h1 class=\"heading-16\" style=\"text-align: center;\">Portail de la transparence<\/h1>\n<p class=\"subtitulo-afiliados transparencia\" style=\"text-align: center;\"><strong>\u00c9CONOMIQUE \u2013 FINANCIER<\/strong><\/p>\n<\/div>\n<div class=\"div-block-25\">\n<div class=\"rich-text-block-4 w-richtext\">\n<p>&nbsp;<\/p>\n<p><em>Date de publication : 08\/07\/2021<\/em><br>\n<em>Date de mise \u00e0 jour : 07\/06\/2022<\/em><\/p>\n<h5>Dans cette section, vous trouverez toutes les informations \u00e9conomiques et financi\u00e8res de Senda Ecoway SL\u00a0:<\/h5>\n<p>&nbsp;<\/p>\n<p><strong>ANN\u00c9E 2020<\/strong><\/p>\n<p><a href=\"https:\/\/cdn.prod.website-files.com\/61123f605154af93144b1577\/6267f9e4f9f436451527bb65_PRESENTACIN%20SENDA%20ECOWAY%2C%20S.LCUENTAS%20ANUALES%202020.pdf\" target=\"_blank\" rel=\"noopener\"><strong>Comptes annuels 2020<\/strong><\/a><\/p>\n<p><a href=\"https:\/\/sendaecoway.com\/wp-content\/uploads\/2021\/07\/1.-SENDA-ECOWAY-S.L.-HUELLA-MEMORIA-ANUAL-2020.pdf\"><strong>Rapport annuel 2020<\/strong><\/a><\/p>\n<p><a href=\"https:\/\/sendaecoway.com\/wp-content\/uploads\/2021\/07\/SENDA-ECOWAY-S.L.-CUENTA-DE-PERDIDAS-Y-GANANCIAS-2020-2019.pdf\"><strong>Compte de r\u00e9sultat 2020-2019<\/strong><\/a><\/p>\n<p><a href=\"https:\/\/cdn.prod.website-files.com\/61123f605154af93144b1577\/6267f9e6e780448c4ed562c6_SENDA%20ECOWAY%2C%20S.L.%20BALANCE%20DE%20SITUACION%20A%2031-12-2020.pdf\" target=\"_blank\" rel=\"noopener\"><strong>Bilan 2020-2019<\/strong><\/a><\/p>\n<p>\u200d<\/p>\n<p><strong>ANN\u00c9E 2021<\/strong>&nbsp;(bient\u00f4t)<\/p>\n<p>Comptes annuels 2021<\/p>\n<p>Rapport annuel 2021<\/p>\n<p>Compte de r\u00e9sultat 2021-2020<\/p>\n<p>Bilan 2021-2020<\/p>\n<\/div>\n<\/div>\n<\/div>\n<\/div>\n<\/div>\n<\/div>\n<\/div>\n<\/div>\n<\/div>\n<\/div>\n\n\t\t<\/div>\n\t<\/div>\n<\/div><\/div><\/div><\/div>\n<\/div>","protected":false},"excerpt":{"rendered":"Portal de Transparencia ECON&Oacute;MICO - FINANCIERA &nbsp; Fecha de publicaci&oacute;n: 08\/07\/2021 Fecha de actualizaci&oacute;n: 07\/06\/2022 En esta secci&oacute;n encontrar&aacute;s toda la informaci&oacute;n Econ&oacute;mico-Financiera de Senda...","protected":false},"author":2,"featured_media":0,"parent":0,"menu_order":0,"comment_status":"closed","ping_status":"closed","template":"","meta":{"_joinchat":[],"footnotes":""},"class_list":["post-2750","page","type-page","status-publish","hentry"],"yoast_head":"<!-- This site is optimized with the Yoast SEO plugin v27.2 - https:\/\/yoast.com\/product\/yoast-seo-wordpress\/ -->\n<title>Econ\u00f3mico - Financiera - Senda Ecoway<\/title>\n<meta name=\"robots\" content=\"noindex, follow\" \/>\n<meta property=\"og:locale\" content=\"fr_FR\" \/>\n<meta property=\"og:type\" content=\"article\" \/>\n<meta property=\"og:title\" content=\"Econ\u00f3mico - Financiera - Senda Ecoway\" \/>\n<meta property=\"og:url\" content=\"https:\/\/sendaecoway.com\/fr\/economique-et-financier\/\" \/>\n<meta property=\"og:site_name\" content=\"Senda Ecoway\" \/>\n<meta property=\"article:publisher\" content=\"https:\/\/www.facebook.com\/sendaecoway\/\" \/>\n<meta property=\"article:modified_time\" content=\"2024-10-09T13:52:35+00:00\" \/>\n<meta property=\"og:image\" content=\"https:\/\/sendaecoway.com\/wp-content\/uploads\/2024\/10\/619797bf655bee433c2dff8c_LOGOTIPO-OFICIAL-2-1024x413-1.png\" \/>\n\t<meta property=\"og:image:width\" content=\"1024\" \/>\n\t<meta property=\"og:image:height\" content=\"413\" \/>\n\t<meta property=\"og:image:type\" content=\"image\/png\" \/>\n<meta name=\"twitter:card\" content=\"summary_large_image\" \/>\n<meta name=\"twitter:label1\" content=\"Dur\u00e9e de lecture estim\u00e9e\" \/>\n\t<meta name=\"twitter:data1\" content=\"1 minute\" \/>\n<script type=\"application\/ld+json\" class=\"yoast-schema-graph\">{\"@context\":\"https:\/\/schema.org\",\"@graph\":[{\"@type\":\"WebPage\",\"@id\":\"https:\/\/sendaecoway.com\/en\/economic-and-financial\/\",\"url\":\"https:\/\/sendaecoway.com\/en\/economic-and-financial\/\",\"name\":\"Econ\u00f3mico - Financiera - Senda Ecoway\",\"isPartOf\":{\"@id\":\"https:\/\/sendaecoway.com\/#website\"},\"datePublished\":\"2024-10-01T19:02:24+00:00\",\"dateModified\":\"2024-10-09T13:52:35+00:00\",\"breadcrumb\":{\"@id\":\"https:\/\/sendaecoway.com\/en\/economic-and-financial\/#breadcrumb\"},\"inLanguage\":\"fr-FR\",\"potentialAction\":[{\"@type\":\"ReadAction\",\"target\":[\"https:\/\/sendaecoway.com\/en\/economic-and-financial\/\"]}]},{\"@type\":\"BreadcrumbList\",\"@id\":\"https:\/\/sendaecoway.com\/en\/economic-and-financial\/#breadcrumb\",\"itemListElement\":[{\"@type\":\"ListItem\",\"position\":1,\"name\":\"Portada\",\"item\":\"https:\/\/sendaecoway.com\/\"},{\"@type\":\"ListItem\",\"position\":2,\"name\":\"Econ\u00f3mico &#8211; Financiera\"}]},{\"@type\":\"WebSite\",\"@id\":\"https:\/\/sendaecoway.com\/#website\",\"url\":\"https:\/\/sendaecoway.com\/\",\"name\":\"Senda Ecoway Experiencias Sostenibles\",\"description\":\"Ofrecemos experiencias personalizadas y sostenibles. Rutas guiadas por gu\u00edas locales y actividades en peque\u00f1os grupos.\",\"publisher\":{\"@id\":\"https:\/\/sendaecoway.com\/#organization\"},\"alternateName\":\"LAS MEJORES EXPERIENCIAS SOSTENIBLES DE ESPA\u00d1A\",\"potentialAction\":[{\"@type\":\"SearchAction\",\"target\":{\"@type\":\"EntryPoint\",\"urlTemplate\":\"https:\/\/sendaecoway.com\/?s={search_term_string}\"},\"query-input\":{\"@type\":\"PropertyValueSpecification\",\"valueRequired\":true,\"valueName\":\"search_term_string\"}}],\"inLanguage\":\"fr-FR\"},{\"@type\":\"Organization\",\"@id\":\"https:\/\/sendaecoway.com\/#organization\",\"name\":\"SENDA ECOWAY\",\"alternateName\":\"LAS MEJORES EXPERIENCIAS SOSTENIBLES DE ESPA\u00d1A\",\"url\":\"https:\/\/sendaecoway.com\/\",\"logo\":{\"@type\":\"ImageObject\",\"inLanguage\":\"fr-FR\",\"@id\":\"https:\/\/sendaecoway.com\/#\/schema\/logo\/image\/\",\"url\":\"https:\/\/sendaecoway.com\/wp-content\/uploads\/2024\/10\/619797bf655bee433c2dff8c_LOGOTIPO-OFICIAL-2-1024x413-1.png\",\"contentUrl\":\"https:\/\/sendaecoway.com\/wp-content\/uploads\/2024\/10\/619797bf655bee433c2dff8c_LOGOTIPO-OFICIAL-2-1024x413-1.png\",\"width\":1024,\"height\":413,\"caption\":\"SENDA ECOWAY\"},\"image\":{\"@id\":\"https:\/\/sendaecoway.com\/#\/schema\/logo\/image\/\"},\"sameAs\":[\"https:\/\/www.facebook.com\/sendaecoway\/\",\"https:\/\/www.instagram.com\/sendaecoway\/\"]}]}<\/script>\n<!-- \/ Yoast SEO plugin. -->","yoast_head_json":{"title":"\u00c9conomique - Financier - Sentier Ecoway","robots":{"index":"noindex","follow":"follow"},"og_locale":"fr_FR","og_type":"article","og_title":"Econ\u00f3mico - Financiera - Senda Ecoway","og_url":"https:\/\/sendaecoway.com\/fr\/economique-et-financier\/","og_site_name":"Senda Ecoway","article_publisher":"https:\/\/www.facebook.com\/sendaecoway\/","article_modified_time":"2024-10-09T13:52:35+00:00","og_image":[{"width":1024,"height":413,"url":"https:\/\/sendaecoway.com\/wp-content\/uploads\/2024\/10\/619797bf655bee433c2dff8c_LOGOTIPO-OFICIAL-2-1024x413-1.png","type":"image\/png"}],"twitter_card":"summary_large_image","twitter_misc":{"Dur\u00e9e de lecture estim\u00e9e":"1 minute"},"schema":{"@context":"https:\/\/schema.org","@graph":[{"@type":"WebPage","@id":"https:\/\/sendaecoway.com\/en\/economic-and-financial\/","url":"https:\/\/sendaecoway.com\/en\/economic-and-financial\/","name":"\u00c9conomique - Financier - Sentier Ecoway","isPartOf":{"@id":"https:\/\/sendaecoway.com\/#website"},"datePublished":"2024-10-01T19:02:24+00:00","dateModified":"2024-10-09T13:52:35+00:00","breadcrumb":{"@id":"https:\/\/sendaecoway.com\/en\/economic-and-financial\/#breadcrumb"},"inLanguage":"fr-FR","potentialAction":[{"@type":"ReadAction","target":["https:\/\/sendaecoway.com\/en\/economic-and-financial\/"]}]},{"@type":"BreadcrumbList","@id":"https:\/\/sendaecoway.com\/en\/economic-and-financial\/#breadcrumb","itemListElement":[{"@type":"ListItem","position":1,"name":"Portada","item":"https:\/\/sendaecoway.com\/"},{"@type":"ListItem","position":2,"name":"Econ\u00f3mico &#8211; Financiera"}]},{"@type":"WebSite","@id":"https:\/\/sendaecoway.com\/#website","url":"https:\/\/sendaecoway.com\/","name":"Exp\u00e9riences durables Senda Ecoway","description":"Nous proposons des exp\u00e9riences personnalis\u00e9es et durables. Itin\u00e9raires guid\u00e9s par des guides locaux et activit\u00e9s en petits groupes.","publisher":{"@id":"https:\/\/sendaecoway.com\/#organization"},"alternateName":"LAS MEJORES EXPERIENCIAS SOSTENIBLES DE ESPA\u00d1A","potentialAction":[{"@type":"SearchAction","target":{"@type":"EntryPoint","urlTemplate":"https:\/\/sendaecoway.com\/?s={search_term_string}"},"query-input":{"@type":"PropertyValueSpecification","valueRequired":true,"valueName":"search_term_string"}}],"inLanguage":"fr-FR"},{"@type":"Organization","@id":"https:\/\/sendaecoway.com\/#organization","name":"ECOWAY SENDA","alternateName":"LAS MEJORES EXPERIENCIAS SOSTENIBLES DE ESPA\u00d1A","url":"https:\/\/sendaecoway.com\/","logo":{"@type":"ImageObject","inLanguage":"fr-FR","@id":"https:\/\/sendaecoway.com\/#\/schema\/logo\/image\/","url":"https:\/\/sendaecoway.com\/wp-content\/uploads\/2024\/10\/619797bf655bee433c2dff8c_LOGOTIPO-OFICIAL-2-1024x413-1.png","contentUrl":"https:\/\/sendaecoway.com\/wp-content\/uploads\/2024\/10\/619797bf655bee433c2dff8c_LOGOTIPO-OFICIAL-2-1024x413-1.png","width":1024,"height":413,"caption":"SENDA ECOWAY"},"image":{"@id":"https:\/\/sendaecoway.com\/#\/schema\/logo\/image\/"},"sameAs":["https:\/\/www.facebook.com\/sendaecoway\/","https:\/\/www.instagram.com\/sendaecoway\/"]}]}},"_links":{"self":[{"href":"https:\/\/sendaecoway.com\/fr\/wp-json\/wp\/v2\/pages\/2750","targetHints":{"allow":["GET"]}}],"collection":[{"href":"https:\/\/sendaecoway.com\/fr\/wp-json\/wp\/v2\/pages"}],"about":[{"href":"https:\/\/sendaecoway.com\/fr\/wp-json\/wp\/v2\/types\/page"}],"author":[{"embeddable":true,"href":"https:\/\/sendaecoway.com\/fr\/wp-json\/wp\/v2\/users\/2"}],"replies":[{"embeddable":true,"href":"https:\/\/sendaecoway.com\/fr\/wp-json\/wp\/v2\/comments?post=2750"}],"version-history":[{"count":1,"href":"https:\/\/sendaecoway.com\/fr\/wp-json\/wp\/v2\/pages\/2750\/revisions"}],"predecessor-version":[{"id":2752,"href":"https:\/\/sendaecoway.com\/fr\/wp-json\/wp\/v2\/pages\/2750\/revisions\/2752"}],"wp:attachment":[{"href":"https:\/\/sendaecoway.com\/fr\/wp-json\/wp\/v2\/media?parent=2750"}],"curies":[{"name":"wp","href":"https:\/\/api.w.org\/{rel}","templated":true}]}}