{"id":2739,"date":"2024-10-01T18:58:26","date_gmt":"2024-10-01T18:58:26","guid":{"rendered":"https:\/\/sendaecoway.com\/?page_id=2739"},"modified":"2024-10-01T18:58:26","modified_gmt":"2024-10-01T18:58:26","slug":"institutionnel","status":"publish","type":"page","link":"https:\/\/sendaecoway.com\/fr\/institucional\/","title":{"rendered":"Institutionnel"},"content":{"rendered":"<div class=\"wpb-content-wrapper\"><div class=\"vc_row wpb_row vc_row-fluid vc_custom_1727808499279 et_custom_uniqid_new_66fc43ed47174 mpc-row\"><div class=\"wpb_column vc_column_container vc_col-sm-12 et_custom_uniqid_69deaeff2b9ca mpc-column\" data-column-id=\"mpc_column-7369deaf01eb69f\"><div class=\"vc_column-inner\"><div class=\"wpb_wrapper\">\n\t<div class=\"wpb_text_column wpb_content_element\">\n\t\t<div class=\"wpb_wrapper\">\n\t\t\t<div class=\"bloque-titulo-transparencia\">\n<div class=\"bloque-titulo-transparencia\">\n<div class=\"bloque-titulo-transparencia\">\n<div class=\"bloque-titulo-transparencia\">\n<div class=\"bloque-titulo-transparencia\">\n<h1 class=\"heading-16\" style=\"text-align: center;\">Portail de la transparence<\/h1>\n<p class=\"subtitulo-afiliados transparencia\" style=\"text-align: center;\"><strong>INSTITUTIONNEL<\/strong><\/p>\n<\/div>\n<div class=\"div-block-25\">\n<div class=\"rich-text-block-4 w-richtext\">\n<p>&nbsp;<\/p>\n<p><strong><em>F<\/em><\/strong><em>Date de publication : 08\/07\/2021<\/em><br>\n<em>Date de mise \u00e0 jour : 26\/04\/2022<\/em><\/p>\n<p>\u200d<\/p>\n<p><strong>MISSION<br>\n<\/strong>Senda Ecoway est un projet con\u00e7u pour atteindre un nouveau type de client, sensible au d\u00e9veloppement durable et local, et en qu\u00eate d&#039;exp\u00e9riences diff\u00e9renci\u00e9es et compl\u00e8tes qui lui permettent de se sentir impliqu\u00e9 dans la destination touristique.<\/p>\n<p>\u200d<\/p>\n<p><strong>VISION<br>\n<\/strong>Cr\u00e9er une communaut\u00e9 de voyageurs qui profitent d&#039;exp\u00e9riences compl\u00e8tes, en accord avec les Objectifs de d\u00e9veloppement durable et sans \u00e9missions de CO2.<\/p>\n<p>\u200d<\/p>\n<p><strong>Services actuels<\/strong><\/p>\n<p>\u2013 Autres services de r\u00e9servation et activit\u00e9s li\u00e9s aux voyages, aux voyagistes et aux services de r\u00e9servation<br>\n\u2013 L\u2019interm\u00e9diation, le marketing et la vente d\u2019itin\u00e9raires touristiques, d\u2019exp\u00e9riences durables et de forfaits touristiques<br>\n\u2013 L\u2019interm\u00e9diation, le marketing et la vente de produits touristiques en g\u00e9n\u00e9ral<br>\n\u2013 L\u2019exploitation et la vente de propri\u00e9t\u00e9s de vacances, touristiques et r\u00e9sidentielles<br>\n\u2013 Activit\u00e9s de transport touristique, de loisirs, d&#039;aventure et de loisirs<br>\n\u2013 L\u2019organisation et la promotion d\u2019\u00e9v\u00e9nements pour des tiers via Internet ou toute autre plateforme<br>\n\u2013 Conseil en affaires et marketing li\u00e9s au secteur du tourisme pour des tiers<br>\n\u2013 Le d\u00e9veloppement et la commercialisation de services sur des plateformes informatiques, pour ses propres services et pour des tiers.<\/p>\n<p>\u200d<\/p>\n<p><strong>Valeurs<\/strong><\/p>\n<p>L&#039;\u00e9quipe Senda Ecoway se distingue par les valeurs comportementales suivantes\u00a0:<\/p>\n<p>- Excellence : Recherche constante de la qualit\u00e9 dans tous les services fournis<\/p>\n<p>- Adaptabilit\u00e9 : Formation continue du personnel pour relever les nouveaux d\u00e9fis.<\/p>\n<p>-Coop\u00e9ration : Promouvoir le travail d&#039;\u00e9quipe et le respect mutuel<\/p>\n<p>-Surmonter les difficult\u00e9s : \u00c9valuation de l&#039;activit\u00e9 au regard des objectifs et des r\u00e9sultats.<\/p>\n<p>- Cr\u00e9ativit\u00e9 : D\u00e9veloppement d&#039;id\u00e9es et d&#039;actions novatrices.<\/p>\n<p>- Durabilit\u00e9 : R\u00e9pondre aux besoins actuels sans compromettre les ressources futures.<\/p>\n<p>-\u00c9quilibre vie professionnelle-vie priv\u00e9e : Mise en place de syst\u00e8mes et d&#039;outils favorisant un meilleur \u00e9quilibre entre vie professionnelle et vie priv\u00e9e (t\u00e9l\u00e9travail)<\/p>\n<p>-Professionnalisme\u00a0: Fournir des services avec engagement, transparence et s\u00e9rieux.<\/p>\n<p>\u200d<\/p>\n<p><strong>Statuts<\/strong><\/p>\n<p><a href=\"https:\/\/cdn.prod.website-files.com\/61123f605154af93144b1577\/6267fc32ea980db741c0a7d3_ESTATUTOS%20SENDA%20ECOWAY_compressed.pdf\" target=\"_blank\" rel=\"noopener\"><strong>Statuts de Senda Ecoway SL.<\/strong><\/a><\/p>\n<\/div>\n<\/div>\n<\/div>\n<\/div>\n<\/div>\n<\/div>\n\n\t\t<\/div>\n\t<\/div>\n<\/div><\/div><\/div><\/div>\n<\/div>","protected":false},"excerpt":{"rendered":"Portal de Transparencia INSTITUCIONAL &nbsp; Fecha de publicaci&oacute;n: 08\/07\/2021 Fecha de actualizaci&oacute;n: 26\/04\/2022 &zwj; MISI&Oacute;N Senda Ecoway es un proyecto dise&ntilde;ado para alcanzar a un...","protected":false},"author":2,"featured_media":0,"parent":0,"menu_order":0,"comment_status":"closed","ping_status":"closed","template":"","meta":{"_joinchat":[],"footnotes":""},"class_list":["post-2739","page","type-page","status-publish","hentry"],"yoast_head":"<!-- This site is optimized with the Yoast SEO plugin v27.2 - https:\/\/yoast.com\/product\/yoast-seo-wordpress\/ -->\n<title>Institucional - Senda Ecoway<\/title>\n<meta name=\"robots\" content=\"index, follow, max-snippet:-1, max-image-preview:large, max-video-preview:-1\" \/>\n<link rel=\"canonical\" href=\"https:\/\/sendaecoway.com\/fr\/institutionnel\/\" \/>\n<meta property=\"og:locale\" content=\"fr_FR\" \/>\n<meta property=\"og:type\" content=\"article\" \/>\n<meta property=\"og:title\" content=\"Institucional - Senda Ecoway\" \/>\n<meta property=\"og:url\" content=\"https:\/\/sendaecoway.com\/fr\/institutionnel\/\" \/>\n<meta property=\"og:site_name\" content=\"Senda Ecoway\" \/>\n<meta property=\"article:publisher\" content=\"https:\/\/www.facebook.com\/sendaecoway\/\" \/>\n<meta property=\"og:image\" content=\"https:\/\/sendaecoway.com\/wp-content\/uploads\/2024\/10\/619797bf655bee433c2dff8c_LOGOTIPO-OFICIAL-2-1024x413-1.png\" \/>\n\t<meta property=\"og:image:width\" content=\"1024\" \/>\n\t<meta property=\"og:image:height\" content=\"413\" \/>\n\t<meta property=\"og:image:type\" content=\"image\/png\" \/>\n<meta name=\"twitter:card\" content=\"summary_large_image\" \/>\n<meta name=\"twitter:label1\" content=\"Dur\u00e9e de lecture estim\u00e9e\" \/>\n\t<meta name=\"twitter:data1\" content=\"2 minutes\" \/>\n<script type=\"application\/ld+json\" class=\"yoast-schema-graph\">{\"@context\":\"https:\/\/schema.org\",\"@graph\":[{\"@type\":\"WebPage\",\"@id\":\"https:\/\/sendaecoway.com\/institucional\/\",\"url\":\"https:\/\/sendaecoway.com\/institucional\/\",\"name\":\"Institucional - Senda Ecoway\",\"isPartOf\":{\"@id\":\"https:\/\/sendaecoway.com\/#website\"},\"datePublished\":\"2024-10-01T18:58:26+00:00\",\"breadcrumb\":{\"@id\":\"https:\/\/sendaecoway.com\/institucional\/#breadcrumb\"},\"inLanguage\":\"fr-FR\",\"potentialAction\":[{\"@type\":\"ReadAction\",\"target\":[\"https:\/\/sendaecoway.com\/institucional\/\"]}]},{\"@type\":\"BreadcrumbList\",\"@id\":\"https:\/\/sendaecoway.com\/institucional\/#breadcrumb\",\"itemListElement\":[{\"@type\":\"ListItem\",\"position\":1,\"name\":\"Portada\",\"item\":\"https:\/\/sendaecoway.com\/\"},{\"@type\":\"ListItem\",\"position\":2,\"name\":\"Institucional\"}]},{\"@type\":\"WebSite\",\"@id\":\"https:\/\/sendaecoway.com\/#website\",\"url\":\"https:\/\/sendaecoway.com\/\",\"name\":\"Senda Ecoway Experiencias Sostenibles\",\"description\":\"Ofrecemos experiencias personalizadas y sostenibles. Rutas guiadas por gu\u00edas locales y actividades en peque\u00f1os grupos.\",\"publisher\":{\"@id\":\"https:\/\/sendaecoway.com\/#organization\"},\"alternateName\":\"LAS MEJORES EXPERIENCIAS SOSTENIBLES DE ESPA\u00d1A\",\"potentialAction\":[{\"@type\":\"SearchAction\",\"target\":{\"@type\":\"EntryPoint\",\"urlTemplate\":\"https:\/\/sendaecoway.com\/?s={search_term_string}\"},\"query-input\":{\"@type\":\"PropertyValueSpecification\",\"valueRequired\":true,\"valueName\":\"search_term_string\"}}],\"inLanguage\":\"fr-FR\"},{\"@type\":\"Organization\",\"@id\":\"https:\/\/sendaecoway.com\/#organization\",\"name\":\"SENDA ECOWAY\",\"alternateName\":\"LAS MEJORES EXPERIENCIAS SOSTENIBLES DE ESPA\u00d1A\",\"url\":\"https:\/\/sendaecoway.com\/\",\"logo\":{\"@type\":\"ImageObject\",\"inLanguage\":\"fr-FR\",\"@id\":\"https:\/\/sendaecoway.com\/#\/schema\/logo\/image\/\",\"url\":\"https:\/\/sendaecoway.com\/wp-content\/uploads\/2024\/10\/619797bf655bee433c2dff8c_LOGOTIPO-OFICIAL-2-1024x413-1.png\",\"contentUrl\":\"https:\/\/sendaecoway.com\/wp-content\/uploads\/2024\/10\/619797bf655bee433c2dff8c_LOGOTIPO-OFICIAL-2-1024x413-1.png\",\"width\":1024,\"height\":413,\"caption\":\"SENDA ECOWAY\"},\"image\":{\"@id\":\"https:\/\/sendaecoway.com\/#\/schema\/logo\/image\/\"},\"sameAs\":[\"https:\/\/www.facebook.com\/sendaecoway\/\",\"https:\/\/www.instagram.com\/sendaecoway\/\"]}]}<\/script>\n<!-- \/ Yoast SEO plugin. -->","yoast_head_json":{"title":"Sentier institutionnel - Ecoway","robots":{"index":"index","follow":"follow","max-snippet":"max-snippet:-1","max-image-preview":"max-image-preview:large","max-video-preview":"max-video-preview:-1"},"canonical":"https:\/\/sendaecoway.com\/fr\/institutionnel\/","og_locale":"fr_FR","og_type":"article","og_title":"Institucional - Senda Ecoway","og_url":"https:\/\/sendaecoway.com\/fr\/institutionnel\/","og_site_name":"Senda Ecoway","article_publisher":"https:\/\/www.facebook.com\/sendaecoway\/","og_image":[{"width":1024,"height":413,"url":"https:\/\/sendaecoway.com\/wp-content\/uploads\/2024\/10\/619797bf655bee433c2dff8c_LOGOTIPO-OFICIAL-2-1024x413-1.png","type":"image\/png"}],"twitter_card":"summary_large_image","twitter_misc":{"Dur\u00e9e de lecture estim\u00e9e":"2 minutes"},"schema":{"@context":"https:\/\/schema.org","@graph":[{"@type":"WebPage","@id":"https:\/\/sendaecoway.com\/institucional\/","url":"https:\/\/sendaecoway.com\/institucional\/","name":"Sentier institutionnel - Ecoway","isPartOf":{"@id":"https:\/\/sendaecoway.com\/#website"},"datePublished":"2024-10-01T18:58:26+00:00","breadcrumb":{"@id":"https:\/\/sendaecoway.com\/institucional\/#breadcrumb"},"inLanguage":"fr-FR","potentialAction":[{"@type":"ReadAction","target":["https:\/\/sendaecoway.com\/institucional\/"]}]},{"@type":"BreadcrumbList","@id":"https:\/\/sendaecoway.com\/institucional\/#breadcrumb","itemListElement":[{"@type":"ListItem","position":1,"name":"Portada","item":"https:\/\/sendaecoway.com\/"},{"@type":"ListItem","position":2,"name":"Institucional"}]},{"@type":"WebSite","@id":"https:\/\/sendaecoway.com\/#website","url":"https:\/\/sendaecoway.com\/","name":"Exp\u00e9riences durables Senda Ecoway","description":"Nous proposons des exp\u00e9riences personnalis\u00e9es et durables. Itin\u00e9raires guid\u00e9s par des guides locaux et activit\u00e9s en petits groupes.","publisher":{"@id":"https:\/\/sendaecoway.com\/#organization"},"alternateName":"LAS MEJORES EXPERIENCIAS SOSTENIBLES DE ESPA\u00d1A","potentialAction":[{"@type":"SearchAction","target":{"@type":"EntryPoint","urlTemplate":"https:\/\/sendaecoway.com\/?s={search_term_string}"},"query-input":{"@type":"PropertyValueSpecification","valueRequired":true,"valueName":"search_term_string"}}],"inLanguage":"fr-FR"},{"@type":"Organization","@id":"https:\/\/sendaecoway.com\/#organization","name":"ECOWAY SENDA","alternateName":"LAS MEJORES EXPERIENCIAS SOSTENIBLES DE ESPA\u00d1A","url":"https:\/\/sendaecoway.com\/","logo":{"@type":"ImageObject","inLanguage":"fr-FR","@id":"https:\/\/sendaecoway.com\/#\/schema\/logo\/image\/","url":"https:\/\/sendaecoway.com\/wp-content\/uploads\/2024\/10\/619797bf655bee433c2dff8c_LOGOTIPO-OFICIAL-2-1024x413-1.png","contentUrl":"https:\/\/sendaecoway.com\/wp-content\/uploads\/2024\/10\/619797bf655bee433c2dff8c_LOGOTIPO-OFICIAL-2-1024x413-1.png","width":1024,"height":413,"caption":"SENDA ECOWAY"},"image":{"@id":"https:\/\/sendaecoway.com\/#\/schema\/logo\/image\/"},"sameAs":["https:\/\/www.facebook.com\/sendaecoway\/","https:\/\/www.instagram.com\/sendaecoway\/"]}]}},"_links":{"self":[{"href":"https:\/\/sendaecoway.com\/fr\/wp-json\/wp\/v2\/pages\/2739","targetHints":{"allow":["GET"]}}],"collection":[{"href":"https:\/\/sendaecoway.com\/fr\/wp-json\/wp\/v2\/pages"}],"about":[{"href":"https:\/\/sendaecoway.com\/fr\/wp-json\/wp\/v2\/types\/page"}],"author":[{"embeddable":true,"href":"https:\/\/sendaecoway.com\/fr\/wp-json\/wp\/v2\/users\/2"}],"replies":[{"embeddable":true,"href":"https:\/\/sendaecoway.com\/fr\/wp-json\/wp\/v2\/comments?post=2739"}],"version-history":[{"count":1,"href":"https:\/\/sendaecoway.com\/fr\/wp-json\/wp\/v2\/pages\/2739\/revisions"}],"predecessor-version":[{"id":2741,"href":"https:\/\/sendaecoway.com\/fr\/wp-json\/wp\/v2\/pages\/2739\/revisions\/2741"}],"wp:attachment":[{"href":"https:\/\/sendaecoway.com\/fr\/wp-json\/wp\/v2\/media?parent=2739"}],"curies":[{"name":"wp","href":"https:\/\/api.w.org\/{rel}","templated":true}]}}