{"id":2725,"date":"2024-10-01T18:51:13","date_gmt":"2024-10-01T18:51:13","guid":{"rendered":"https:\/\/sendaecoway.com\/?page_id=2725"},"modified":"2024-10-09T13:48:22","modified_gmt":"2024-10-09T13:48:22","slug":"aides-et-subventions","status":"publish","type":"page","link":"https:\/\/sendaecoway.com\/fr\/ayudas-y-subvenciones\/","title":{"rendered":"Aide et subventions"},"content":{"rendered":"<div class=\"wpb-content-wrapper\"><div class=\"vc_row wpb_row vc_row-fluid vc_custom_1727808499279 et_custom_uniqid_new_66fc43ed47174 mpc-row\"><div class=\"wpb_column vc_column_container vc_col-sm-12 et_custom_uniqid_69deaefba073d mpc-column\" data-column-id=\"mpc_column-2569deaefe4abfe\"><div class=\"vc_column-inner\"><div class=\"wpb_wrapper\">\n\t<div class=\"wpb_text_column wpb_content_element\">\n\t\t<div class=\"wpb_wrapper\">\n\t\t\t<div class=\"bloque-titulo-transparencia\">\n<div class=\"bloque-titulo-transparencia\">\n<h1 class=\"heading-16\" style=\"text-align: center;\">Portail de la transparence<\/h1>\n<p class=\"subtitulo-afiliados transparencia\" style=\"text-align: center;\"><strong>AIDES ET SUBVENTIONS<\/strong><\/p>\n<\/div>\n<div class=\"div-block-25\">\n<div class=\"rich-text-block-4 w-richtext\">\n<p>&nbsp;<\/p>\n<p><em>Date de publication : 16\/07\/2021<\/em><br>\n<em>Date de mise \u00e0 jour : 26\/04\/2022<\/em><\/p>\n<p>&nbsp;<\/p>\n<p>Dans cette section, vous trouverez toutes les informations concernant les subventions et aides de Senda Ecoway SL.<\/p>\n<p>\u200d<\/p>\n<p>SENDA ECOWAY SL.<\/p>\n<p><strong><em>Ann\u00e9e 2021<\/em><\/strong><\/p>\n<p>Agence canarienne pour la recherche, l&#039;innovation et la soci\u00e9t\u00e9 de l&#039;information, r\u00e9solution du 27 juillet 2020, qui statue sur l&#039;appel \u00e0 subventions pour l&#039;incorporation de personnel innovant dans le tissu productif (IPI), cofinanc\u00e9 par le programme op\u00e9rationnel FSE des \u00eeles Canaries 2014-2020 \u2013 Subvention : 71\u00a0634,30 \u20ac.&nbsp;<a href=\"https:\/\/cdn.prod.website-files.com\/61123f605154af93144b1577\/6267fc383273630704bf0b79_resoluci%C3%B3n%20definitiva%20ipi%202021.pdf\" target=\"_blank\" rel=\"noopener\">R\u00e9solution finale IPI 2021<\/a><\/p>\n<p>Soci\u00e9t\u00e9 de d\u00e9veloppement \u00e9conomique des \u00eeles Canaries SA (PROEXCA), R\u00e9solution du 30 d\u00e9cembre 2021, qui r\u00e9sout l&#039;appel \u00e0 subventions publiques pour l&#039;ex\u00e9cution de nouveaux projets Canarias Aporta Digital \u2013 Subvention : 14 838,62 \u20ac.&nbsp;<a href=\"https:\/\/proexca.es\/wp-content\/uploads\/2021\/12\/RESOLUCI%C3%93N-PROVISIONAL-CANARIAS-APORTA-2021.pdf\">Lien vers la r\u00e9solution<\/a>.<\/p>\n<p>Chambre de Commerce, r\u00e9solution du 7 juillet 2021, la subvention est accord\u00e9e : 5\u00a0930,00 \u20ac.<\/p>\n<p>\u200d<\/p>\n<p>\u200d<\/p>\n<p><strong><em>Ann\u00e9e 2020<\/em><\/strong><\/p>\n<p>Agence canarienne pour la recherche, l\u2019innovation et la soci\u00e9t\u00e9 de l\u2019information, r\u00e9solution du 4 juin 2020, qui statue sur l\u2019appel \u00e0 subventions pour l\u2019incorporation de personnel innovant dans le tissu productif (IPI), cofinanc\u00e9 par le programme op\u00e9rationnel FSE des \u00eeles Canaries 2014-2020 \u2013 Subvention : 71\u00a0634,29 \u20ac.&nbsp;<a href=\"https:\/\/cdn.prod.website-files.com\/61123f605154af93144b1577\/6267fc3697613cccf61ddf9c_Resoluci%C3%B3n%20definitiva%20IPI%202020.pdf\" target=\"_blank\" rel=\"noopener\">R\u00e9solution finale IPI 2020<\/a><\/p>\n<p>Minist\u00e8re de l&#039;\u00c9conomie, de la Connaissance et de l&#039;Emploi, R\u00e9solution du 18 d\u00e9cembre 2020, qui r\u00e8gle l&#039;appel \u00e0 subventions aux projets d&#039;investissement des petites et moyennes entreprises des \u00eeles Canaries pour 2020 - Subvention : 6 944,93.&nbsp;<a href=\"http:\/\/www.gobiernodecanarias.org\/cmsweb\/export\/sites\/promocioneconomica\/galeria\/Orden-concesion-definitiva-primerprocedimiento-Subpi2020.pdf\">Lien vers la r\u00e9solution.<\/a><\/p>\n<p>Soci\u00e9t\u00e9 de d\u00e9veloppement \u00e9conomique des \u00eeles Canaries SA (PROEXCA), R\u00e9solution du 29 d\u00e9cembre 2020, qui r\u00e9sout l&#039;appel \u00e0 subventions publiques pour la r\u00e9alisation de projets d&#039;internationalisation d&#039;entreprises des \u00eeles Canaries \u2013 Subvention : 14 899,96 \u20ac.&nbsp;<a href=\"https:\/\/proexca.es\/wp-content\/uploads\/2020\/12\/ORDEN605-2020.pdf\">Lien vers la r\u00e9solution.<\/a><\/p>\n<p><em>Ann\u00e9e 2019<\/em><\/p>\n<p>Soci\u00e9t\u00e9 de d\u00e9veloppement \u00e9conomique des \u00eeles Canaries SA (PROEXCA), R\u00e9solution du 29 juin 2019, qui r\u00e9sout l&#039;appel \u00e0 subventions publiques pour la r\u00e9alisation de projets d&#039;internationalisation d&#039;entreprises des \u00eeles Canaries \u2013 Subvention : 20 048 \u20ac.&nbsp;<a href=\"https:\/\/proexca.es\/Portals\/0\/Documentos18\/Documentos\/Convocatorias\/CanariasAporta\/CanariasAporta19\/Resolucion_533_290519.pdf\">Lien vers la r\u00e9solution.<\/a><\/p>\n<p><em>Ann\u00e9e 2018<\/em><\/p>\n<p>Soci\u00e9t\u00e9 de d\u00e9veloppement \u00e9conomique des \u00eeles Canaries SA (PROEXCA), R\u00e9solution du 27 juillet 2018, qui r\u00e9sout l&#039;appel \u00e0 subventions publiques pour la r\u00e9alisation de projets d&#039;internationalisation d&#039;entreprises des \u00eeles Canaries \u2013 Subvention : 21 000 \u20ac.&nbsp;<a href=\"https:\/\/www.proexca.es\/Portals\/0\/Documentos18\/Documentos\/Convocatorias\/CanariasAporta\/CanariasAporta18\/Resolucion655-2018CanariasAporta2018.pdf\">Lien vers la r\u00e9solution.<\/a><\/p>\n<\/div>\n<\/div>\n<\/div>\n<div class=\"div-block-25\">\n<div class=\"rich-text-block-4 w-richtext\"><\/div>\n<\/div>\n\n\t\t<\/div>\n\t<\/div>\n<\/div><\/div><\/div><\/div>\n<\/div>","protected":false},"excerpt":{"rendered":"Portal de Transparencia AYUDAS Y SUBVENCIONES &nbsp; Fecha de publicaci&oacute;n: 16\/07\/2021 Fecha de actualizaci&oacute;n: 26\/04\/2022 &nbsp; En esta secci&oacute;n encontrar&aacute;s toda la informaci&oacute;n en materia...","protected":false},"author":2,"featured_media":0,"parent":0,"menu_order":0,"comment_status":"closed","ping_status":"closed","template":"","meta":{"_joinchat":[],"footnotes":""},"class_list":["post-2725","page","type-page","status-publish","hentry"],"yoast_head":"<!-- This site is optimized with the Yoast SEO plugin v27.2 - https:\/\/yoast.com\/product\/yoast-seo-wordpress\/ -->\n<title>Ayudas y Subvenciones - Senda Ecoway<\/title>\n<meta name=\"robots\" content=\"noindex, nofollow\" \/>\n<meta property=\"og:locale\" content=\"fr_FR\" \/>\n<meta property=\"og:type\" content=\"article\" \/>\n<meta property=\"og:title\" content=\"Ayudas y Subvenciones - Senda Ecoway\" \/>\n<meta property=\"og:url\" content=\"https:\/\/sendaecoway.com\/fr\/aides-et-subventions\/\" \/>\n<meta property=\"og:site_name\" content=\"Senda Ecoway\" \/>\n<meta property=\"article:publisher\" content=\"https:\/\/www.facebook.com\/sendaecoway\/\" \/>\n<meta property=\"article:modified_time\" content=\"2024-10-09T13:48:22+00:00\" \/>\n<meta property=\"og:image\" content=\"https:\/\/sendaecoway.com\/wp-content\/uploads\/2024\/10\/619797bf655bee433c2dff8c_LOGOTIPO-OFICIAL-2-1024x413-1.png\" \/>\n\t<meta property=\"og:image:width\" content=\"1024\" \/>\n\t<meta property=\"og:image:height\" content=\"413\" \/>\n\t<meta property=\"og:image:type\" content=\"image\/png\" \/>\n<meta name=\"twitter:card\" content=\"summary_large_image\" \/>\n<meta name=\"twitter:label1\" content=\"Dur\u00e9e de lecture estim\u00e9e\" \/>\n\t<meta name=\"twitter:data1\" content=\"2 minutes\" \/>\n<script type=\"application\/ld+json\" class=\"yoast-schema-graph\">{\"@context\":\"https:\/\/schema.org\",\"@graph\":[{\"@type\":\"WebPage\",\"@id\":\"https:\/\/sendaecoway.com\/ayudas-y-subvenciones\/\",\"url\":\"https:\/\/sendaecoway.com\/ayudas-y-subvenciones\/\",\"name\":\"Ayudas y Subvenciones - Senda Ecoway\",\"isPartOf\":{\"@id\":\"https:\/\/sendaecoway.com\/#website\"},\"datePublished\":\"2024-10-01T18:51:13+00:00\",\"dateModified\":\"2024-10-09T13:48:22+00:00\",\"breadcrumb\":{\"@id\":\"https:\/\/sendaecoway.com\/ayudas-y-subvenciones\/#breadcrumb\"},\"inLanguage\":\"fr-FR\",\"potentialAction\":[{\"@type\":\"ReadAction\",\"target\":[\"https:\/\/sendaecoway.com\/ayudas-y-subvenciones\/\"]}]},{\"@type\":\"BreadcrumbList\",\"@id\":\"https:\/\/sendaecoway.com\/ayudas-y-subvenciones\/#breadcrumb\",\"itemListElement\":[{\"@type\":\"ListItem\",\"position\":1,\"name\":\"Portada\",\"item\":\"https:\/\/sendaecoway.com\/\"},{\"@type\":\"ListItem\",\"position\":2,\"name\":\"Ayudas y Subvenciones\"}]},{\"@type\":\"WebSite\",\"@id\":\"https:\/\/sendaecoway.com\/#website\",\"url\":\"https:\/\/sendaecoway.com\/\",\"name\":\"Senda Ecoway Experiencias Sostenibles\",\"description\":\"Ofrecemos experiencias personalizadas y sostenibles. Rutas guiadas por gu\u00edas locales y actividades en peque\u00f1os grupos.\",\"publisher\":{\"@id\":\"https:\/\/sendaecoway.com\/#organization\"},\"alternateName\":\"LAS MEJORES EXPERIENCIAS SOSTENIBLES DE ESPA\u00d1A\",\"potentialAction\":[{\"@type\":\"SearchAction\",\"target\":{\"@type\":\"EntryPoint\",\"urlTemplate\":\"https:\/\/sendaecoway.com\/?s={search_term_string}\"},\"query-input\":{\"@type\":\"PropertyValueSpecification\",\"valueRequired\":true,\"valueName\":\"search_term_string\"}}],\"inLanguage\":\"fr-FR\"},{\"@type\":\"Organization\",\"@id\":\"https:\/\/sendaecoway.com\/#organization\",\"name\":\"SENDA ECOWAY\",\"alternateName\":\"LAS MEJORES EXPERIENCIAS SOSTENIBLES DE ESPA\u00d1A\",\"url\":\"https:\/\/sendaecoway.com\/\",\"logo\":{\"@type\":\"ImageObject\",\"inLanguage\":\"fr-FR\",\"@id\":\"https:\/\/sendaecoway.com\/#\/schema\/logo\/image\/\",\"url\":\"https:\/\/sendaecoway.com\/wp-content\/uploads\/2024\/10\/619797bf655bee433c2dff8c_LOGOTIPO-OFICIAL-2-1024x413-1.png\",\"contentUrl\":\"https:\/\/sendaecoway.com\/wp-content\/uploads\/2024\/10\/619797bf655bee433c2dff8c_LOGOTIPO-OFICIAL-2-1024x413-1.png\",\"width\":1024,\"height\":413,\"caption\":\"SENDA ECOWAY\"},\"image\":{\"@id\":\"https:\/\/sendaecoway.com\/#\/schema\/logo\/image\/\"},\"sameAs\":[\"https:\/\/www.facebook.com\/sendaecoway\/\",\"https:\/\/www.instagram.com\/sendaecoway\/\"]}]}<\/script>\n<!-- \/ Yoast SEO plugin. -->","yoast_head_json":{"title":"Aides et subventions - Senda Ecoway","robots":{"index":"noindex","follow":"nofollow"},"og_locale":"fr_FR","og_type":"article","og_title":"Ayudas y Subvenciones - Senda Ecoway","og_url":"https:\/\/sendaecoway.com\/fr\/aides-et-subventions\/","og_site_name":"Senda Ecoway","article_publisher":"https:\/\/www.facebook.com\/sendaecoway\/","article_modified_time":"2024-10-09T13:48:22+00:00","og_image":[{"width":1024,"height":413,"url":"https:\/\/sendaecoway.com\/wp-content\/uploads\/2024\/10\/619797bf655bee433c2dff8c_LOGOTIPO-OFICIAL-2-1024x413-1.png","type":"image\/png"}],"twitter_card":"summary_large_image","twitter_misc":{"Dur\u00e9e de lecture estim\u00e9e":"2 minutes"},"schema":{"@context":"https:\/\/schema.org","@graph":[{"@type":"WebPage","@id":"https:\/\/sendaecoway.com\/ayudas-y-subvenciones\/","url":"https:\/\/sendaecoway.com\/ayudas-y-subvenciones\/","name":"Aides et subventions - Senda Ecoway","isPartOf":{"@id":"https:\/\/sendaecoway.com\/#website"},"datePublished":"2024-10-01T18:51:13+00:00","dateModified":"2024-10-09T13:48:22+00:00","breadcrumb":{"@id":"https:\/\/sendaecoway.com\/ayudas-y-subvenciones\/#breadcrumb"},"inLanguage":"fr-FR","potentialAction":[{"@type":"ReadAction","target":["https:\/\/sendaecoway.com\/ayudas-y-subvenciones\/"]}]},{"@type":"BreadcrumbList","@id":"https:\/\/sendaecoway.com\/ayudas-y-subvenciones\/#breadcrumb","itemListElement":[{"@type":"ListItem","position":1,"name":"Portada","item":"https:\/\/sendaecoway.com\/"},{"@type":"ListItem","position":2,"name":"Ayudas y Subvenciones"}]},{"@type":"WebSite","@id":"https:\/\/sendaecoway.com\/#website","url":"https:\/\/sendaecoway.com\/","name":"Exp\u00e9riences durables Senda Ecoway","description":"Nous proposons des exp\u00e9riences personnalis\u00e9es et durables. Itin\u00e9raires guid\u00e9s par des guides locaux et activit\u00e9s en petits groupes.","publisher":{"@id":"https:\/\/sendaecoway.com\/#organization"},"alternateName":"LAS MEJORES EXPERIENCIAS SOSTENIBLES DE ESPA\u00d1A","potentialAction":[{"@type":"SearchAction","target":{"@type":"EntryPoint","urlTemplate":"https:\/\/sendaecoway.com\/?s={search_term_string}"},"query-input":{"@type":"PropertyValueSpecification","valueRequired":true,"valueName":"search_term_string"}}],"inLanguage":"fr-FR"},{"@type":"Organization","@id":"https:\/\/sendaecoway.com\/#organization","name":"ECOWAY SENDA","alternateName":"LAS MEJORES EXPERIENCIAS SOSTENIBLES DE ESPA\u00d1A","url":"https:\/\/sendaecoway.com\/","logo":{"@type":"ImageObject","inLanguage":"fr-FR","@id":"https:\/\/sendaecoway.com\/#\/schema\/logo\/image\/","url":"https:\/\/sendaecoway.com\/wp-content\/uploads\/2024\/10\/619797bf655bee433c2dff8c_LOGOTIPO-OFICIAL-2-1024x413-1.png","contentUrl":"https:\/\/sendaecoway.com\/wp-content\/uploads\/2024\/10\/619797bf655bee433c2dff8c_LOGOTIPO-OFICIAL-2-1024x413-1.png","width":1024,"height":413,"caption":"SENDA ECOWAY"},"image":{"@id":"https:\/\/sendaecoway.com\/#\/schema\/logo\/image\/"},"sameAs":["https:\/\/www.facebook.com\/sendaecoway\/","https:\/\/www.instagram.com\/sendaecoway\/"]}]}},"_links":{"self":[{"href":"https:\/\/sendaecoway.com\/fr\/wp-json\/wp\/v2\/pages\/2725","targetHints":{"allow":["GET"]}}],"collection":[{"href":"https:\/\/sendaecoway.com\/fr\/wp-json\/wp\/v2\/pages"}],"about":[{"href":"https:\/\/sendaecoway.com\/fr\/wp-json\/wp\/v2\/types\/page"}],"author":[{"embeddable":true,"href":"https:\/\/sendaecoway.com\/fr\/wp-json\/wp\/v2\/users\/2"}],"replies":[{"embeddable":true,"href":"https:\/\/sendaecoway.com\/fr\/wp-json\/wp\/v2\/comments?post=2725"}],"version-history":[{"count":2,"href":"https:\/\/sendaecoway.com\/fr\/wp-json\/wp\/v2\/pages\/2725\/revisions"}],"predecessor-version":[{"id":2729,"href":"https:\/\/sendaecoway.com\/fr\/wp-json\/wp\/v2\/pages\/2725\/revisions\/2729"}],"wp:attachment":[{"href":"https:\/\/sendaecoway.com\/fr\/wp-json\/wp\/v2\/media?parent=2725"}],"curies":[{"name":"wp","href":"https:\/\/api.w.org\/{rel}","templated":true}]}}