{"id":2716,"date":"2024-10-01T18:48:23","date_gmt":"2024-10-01T18:48:23","guid":{"rendered":"https:\/\/sendaecoway.com\/?page_id=2716"},"modified":"2024-10-09T13:46:07","modified_gmt":"2024-10-09T13:46:07","slug":"reglementation-applicable","status":"publish","type":"page","link":"https:\/\/sendaecoway.com\/fr\/normativa-aplicable\/","title":{"rendered":"R\u00e9glementation applicable"},"content":{"rendered":"<div class=\"wpb-content-wrapper\"><div class=\"vc_row wpb_row vc_row-fluid vc_custom_1727808499279 et_custom_uniqid_new_66fc43ed47174 mpc-row\"><div class=\"wpb_column vc_column_container vc_col-sm-12 et_custom_uniqid_69deaf003eda4 mpc-column\" data-column-id=\"mpc_column-2069deaf02d7cbd\"><div class=\"vc_column-inner\"><div class=\"wpb_wrapper\">\n\t<div class=\"wpb_text_column wpb_content_element\">\n\t\t<div class=\"wpb_wrapper\">\n\t\t\t<div class=\"bloque-titulo-transparencia\">\n<h1 class=\"heading-16\" style=\"text-align: center;\">Portail de la transparence<\/h1>\n<p class=\"subtitulo-afiliados transparencia\" style=\"text-align: center;\"><strong>R\u00c9GLEMENTATIONS APPLICABLES<\/strong><\/p>\n<\/div>\n<div class=\"div-block-25\">\n<div class=\"rich-text-block-4 w-richtext\">\n<p>&nbsp;<\/p>\n<p><em>Date de publication : 08\/07\/2021<\/em><br>\n<em>Date de mise \u00e0 jour : 25\/04\/2022<\/em><\/p>\n<p>Senda Ecoway, conform\u00e9ment \u00e0 la r\u00e9glementation relative au droit d&#039;acc\u00e8s \u00e0 l&#039;information et \u00e0 une gestion transparente, met \u00e0 la disposition du public, de mani\u00e8re simple et accessible, toutes les informations relatives \u00e0 son organisation, sa structure, son activit\u00e9, les subventions re\u00e7ues, les contrats et les r\u00e9glementations auxquels elle est soumise.<\/p>\n<p>R\u00e9glementations connexes\u00a0:<\/p>\n<p><a href=\"https:\/\/www.boe.es\/buscar\/act.php?id=BOE-A-2013-12887\">Loi 19\/2013 du 9 d\u00e9cembre relative \u00e0 la transparence, \u00e0 l&#039;acc\u00e8s \u00e0 l&#039;information publique et \u00e0 la bonne gouvernance<\/a>&nbsp;(R\u00e9glementation de l&#039;\u00c9tat)<\/p>\n<p><a href=\"https:\/\/www.boe.es\/buscar\/doc.php?id=BOE-A-2015-1114\">Loi 12\/2014 du 26 d\u00e9cembre relative \u00e0 la transparence et \u00e0 l&#039;acc\u00e8s \u00e0 l&#039;information publique<\/a>&nbsp;(R\u00e9glementation r\u00e9gionale)<\/p>\n<p><a href=\"https:\/\/www.boe.es\/buscar\/act.php?id=BOE-A-2003-20977\">Loi 38-2003 du 17 novembre, Loi g\u00e9n\u00e9rale sur les subventions<\/a><\/p>\n<\/div>\n<\/div>\n\n\t\t<\/div>\n\t<\/div>\n<\/div><\/div><\/div><\/div>\n<\/div>","protected":false},"excerpt":{"rendered":"Portal de Transparencia NORMATIVA APLICABLE &nbsp; Fecha de publicaci&oacute;n: 08\/07\/2021 Fecha de actualizaci&oacute;n: 25\/04\/2022 Senda Ecoway, en cumplimiento con la Normativa que regula el derecho...","protected":false},"author":2,"featured_media":0,"parent":0,"menu_order":0,"comment_status":"closed","ping_status":"closed","template":"","meta":{"_joinchat":[],"footnotes":""},"class_list":["post-2716","page","type-page","status-publish","hentry"],"yoast_head":"<!-- This site is optimized with the Yoast SEO plugin v27.2 - https:\/\/yoast.com\/product\/yoast-seo-wordpress\/ -->\n<title>Normativa aplicable - Senda Ecoway<\/title>\n<meta name=\"robots\" content=\"noindex, nofollow\" \/>\n<meta property=\"og:locale\" content=\"fr_FR\" \/>\n<meta property=\"og:type\" content=\"article\" \/>\n<meta property=\"og:title\" content=\"Normativa aplicable - Senda Ecoway\" \/>\n<meta property=\"og:url\" content=\"https:\/\/sendaecoway.com\/fr\/reglementation-applicable\/\" \/>\n<meta property=\"og:site_name\" content=\"Senda Ecoway\" \/>\n<meta property=\"article:publisher\" content=\"https:\/\/www.facebook.com\/sendaecoway\/\" \/>\n<meta property=\"article:modified_time\" content=\"2024-10-09T13:46:07+00:00\" \/>\n<meta property=\"og:image\" content=\"https:\/\/sendaecoway.com\/wp-content\/uploads\/2024\/10\/619797bf655bee433c2dff8c_LOGOTIPO-OFICIAL-2-1024x413-1.png\" \/>\n\t<meta property=\"og:image:width\" content=\"1024\" \/>\n\t<meta property=\"og:image:height\" content=\"413\" \/>\n\t<meta property=\"og:image:type\" content=\"image\/png\" \/>\n<meta name=\"twitter:card\" content=\"summary_large_image\" \/>\n<meta name=\"twitter:label1\" content=\"Dur\u00e9e de lecture estim\u00e9e\" \/>\n\t<meta name=\"twitter:data1\" content=\"1 minute\" \/>\n<script type=\"application\/ld+json\" class=\"yoast-schema-graph\">{\"@context\":\"https:\/\/schema.org\",\"@graph\":[{\"@type\":\"WebPage\",\"@id\":\"https:\/\/sendaecoway.com\/normativa-aplicable\/\",\"url\":\"https:\/\/sendaecoway.com\/normativa-aplicable\/\",\"name\":\"Normativa aplicable - Senda Ecoway\",\"isPartOf\":{\"@id\":\"https:\/\/sendaecoway.com\/#website\"},\"datePublished\":\"2024-10-01T18:48:23+00:00\",\"dateModified\":\"2024-10-09T13:46:07+00:00\",\"breadcrumb\":{\"@id\":\"https:\/\/sendaecoway.com\/normativa-aplicable\/#breadcrumb\"},\"inLanguage\":\"fr-FR\",\"potentialAction\":[{\"@type\":\"ReadAction\",\"target\":[\"https:\/\/sendaecoway.com\/normativa-aplicable\/\"]}]},{\"@type\":\"BreadcrumbList\",\"@id\":\"https:\/\/sendaecoway.com\/normativa-aplicable\/#breadcrumb\",\"itemListElement\":[{\"@type\":\"ListItem\",\"position\":1,\"name\":\"Portada\",\"item\":\"https:\/\/sendaecoway.com\/\"},{\"@type\":\"ListItem\",\"position\":2,\"name\":\"Normativa aplicable\"}]},{\"@type\":\"WebSite\",\"@id\":\"https:\/\/sendaecoway.com\/#website\",\"url\":\"https:\/\/sendaecoway.com\/\",\"name\":\"Senda Ecoway Experiencias Sostenibles\",\"description\":\"Ofrecemos experiencias personalizadas y sostenibles. Rutas guiadas por gu\u00edas locales y actividades en peque\u00f1os grupos.\",\"publisher\":{\"@id\":\"https:\/\/sendaecoway.com\/#organization\"},\"alternateName\":\"LAS MEJORES EXPERIENCIAS SOSTENIBLES DE ESPA\u00d1A\",\"potentialAction\":[{\"@type\":\"SearchAction\",\"target\":{\"@type\":\"EntryPoint\",\"urlTemplate\":\"https:\/\/sendaecoway.com\/?s={search_term_string}\"},\"query-input\":{\"@type\":\"PropertyValueSpecification\",\"valueRequired\":true,\"valueName\":\"search_term_string\"}}],\"inLanguage\":\"fr-FR\"},{\"@type\":\"Organization\",\"@id\":\"https:\/\/sendaecoway.com\/#organization\",\"name\":\"SENDA ECOWAY\",\"alternateName\":\"LAS MEJORES EXPERIENCIAS SOSTENIBLES DE ESPA\u00d1A\",\"url\":\"https:\/\/sendaecoway.com\/\",\"logo\":{\"@type\":\"ImageObject\",\"inLanguage\":\"fr-FR\",\"@id\":\"https:\/\/sendaecoway.com\/#\/schema\/logo\/image\/\",\"url\":\"https:\/\/sendaecoway.com\/wp-content\/uploads\/2024\/10\/619797bf655bee433c2dff8c_LOGOTIPO-OFICIAL-2-1024x413-1.png\",\"contentUrl\":\"https:\/\/sendaecoway.com\/wp-content\/uploads\/2024\/10\/619797bf655bee433c2dff8c_LOGOTIPO-OFICIAL-2-1024x413-1.png\",\"width\":1024,\"height\":413,\"caption\":\"SENDA ECOWAY\"},\"image\":{\"@id\":\"https:\/\/sendaecoway.com\/#\/schema\/logo\/image\/\"},\"sameAs\":[\"https:\/\/www.facebook.com\/sendaecoway\/\",\"https:\/\/www.instagram.com\/sendaecoway\/\"]}]}<\/script>\n<!-- \/ Yoast SEO plugin. -->","yoast_head_json":{"title":"R\u00e9glementation applicable - Voie \u00e9cologique","robots":{"index":"noindex","follow":"nofollow"},"og_locale":"fr_FR","og_type":"article","og_title":"Normativa aplicable - Senda Ecoway","og_url":"https:\/\/sendaecoway.com\/fr\/reglementation-applicable\/","og_site_name":"Senda Ecoway","article_publisher":"https:\/\/www.facebook.com\/sendaecoway\/","article_modified_time":"2024-10-09T13:46:07+00:00","og_image":[{"width":1024,"height":413,"url":"https:\/\/sendaecoway.com\/wp-content\/uploads\/2024\/10\/619797bf655bee433c2dff8c_LOGOTIPO-OFICIAL-2-1024x413-1.png","type":"image\/png"}],"twitter_card":"summary_large_image","twitter_misc":{"Dur\u00e9e de lecture estim\u00e9e":"1 minute"},"schema":{"@context":"https:\/\/schema.org","@graph":[{"@type":"WebPage","@id":"https:\/\/sendaecoway.com\/normativa-aplicable\/","url":"https:\/\/sendaecoway.com\/normativa-aplicable\/","name":"R\u00e9glementation applicable - Voie \u00e9cologique","isPartOf":{"@id":"https:\/\/sendaecoway.com\/#website"},"datePublished":"2024-10-01T18:48:23+00:00","dateModified":"2024-10-09T13:46:07+00:00","breadcrumb":{"@id":"https:\/\/sendaecoway.com\/normativa-aplicable\/#breadcrumb"},"inLanguage":"fr-FR","potentialAction":[{"@type":"ReadAction","target":["https:\/\/sendaecoway.com\/normativa-aplicable\/"]}]},{"@type":"BreadcrumbList","@id":"https:\/\/sendaecoway.com\/normativa-aplicable\/#breadcrumb","itemListElement":[{"@type":"ListItem","position":1,"name":"Portada","item":"https:\/\/sendaecoway.com\/"},{"@type":"ListItem","position":2,"name":"Normativa aplicable"}]},{"@type":"WebSite","@id":"https:\/\/sendaecoway.com\/#website","url":"https:\/\/sendaecoway.com\/","name":"Exp\u00e9riences durables Senda Ecoway","description":"Nous proposons des exp\u00e9riences personnalis\u00e9es et durables. Itin\u00e9raires guid\u00e9s par des guides locaux et activit\u00e9s en petits groupes.","publisher":{"@id":"https:\/\/sendaecoway.com\/#organization"},"alternateName":"LAS MEJORES EXPERIENCIAS SOSTENIBLES DE ESPA\u00d1A","potentialAction":[{"@type":"SearchAction","target":{"@type":"EntryPoint","urlTemplate":"https:\/\/sendaecoway.com\/?s={search_term_string}"},"query-input":{"@type":"PropertyValueSpecification","valueRequired":true,"valueName":"search_term_string"}}],"inLanguage":"fr-FR"},{"@type":"Organization","@id":"https:\/\/sendaecoway.com\/#organization","name":"ECOWAY SENDA","alternateName":"LAS MEJORES EXPERIENCIAS SOSTENIBLES DE ESPA\u00d1A","url":"https:\/\/sendaecoway.com\/","logo":{"@type":"ImageObject","inLanguage":"fr-FR","@id":"https:\/\/sendaecoway.com\/#\/schema\/logo\/image\/","url":"https:\/\/sendaecoway.com\/wp-content\/uploads\/2024\/10\/619797bf655bee433c2dff8c_LOGOTIPO-OFICIAL-2-1024x413-1.png","contentUrl":"https:\/\/sendaecoway.com\/wp-content\/uploads\/2024\/10\/619797bf655bee433c2dff8c_LOGOTIPO-OFICIAL-2-1024x413-1.png","width":1024,"height":413,"caption":"SENDA ECOWAY"},"image":{"@id":"https:\/\/sendaecoway.com\/#\/schema\/logo\/image\/"},"sameAs":["https:\/\/www.facebook.com\/sendaecoway\/","https:\/\/www.instagram.com\/sendaecoway\/"]}]}},"_links":{"self":[{"href":"https:\/\/sendaecoway.com\/fr\/wp-json\/wp\/v2\/pages\/2716","targetHints":{"allow":["GET"]}}],"collection":[{"href":"https:\/\/sendaecoway.com\/fr\/wp-json\/wp\/v2\/pages"}],"about":[{"href":"https:\/\/sendaecoway.com\/fr\/wp-json\/wp\/v2\/types\/page"}],"author":[{"embeddable":true,"href":"https:\/\/sendaecoway.com\/fr\/wp-json\/wp\/v2\/users\/2"}],"replies":[{"embeddable":true,"href":"https:\/\/sendaecoway.com\/fr\/wp-json\/wp\/v2\/comments?post=2716"}],"version-history":[{"count":4,"href":"https:\/\/sendaecoway.com\/fr\/wp-json\/wp\/v2\/pages\/2716\/revisions"}],"predecessor-version":[{"id":2724,"href":"https:\/\/sendaecoway.com\/fr\/wp-json\/wp\/v2\/pages\/2716\/revisions\/2724"}],"wp:attachment":[{"href":"https:\/\/sendaecoway.com\/fr\/wp-json\/wp\/v2\/media?parent=2716"}],"curies":[{"name":"wp","href":"https:\/\/api.w.org\/{rel}","templated":true}]}}