{"id":2661,"date":"2024-10-01T18:45:26","date_gmt":"2024-10-01T18:45:26","guid":{"rendered":"https:\/\/sendaecoway.com\/?page_id=2661"},"modified":"2024-10-01T19:10:39","modified_gmt":"2024-10-01T19:10:39","slug":"portail-de-transparence","status":"publish","type":"page","link":"https:\/\/sendaecoway.com\/fr\/portal-de-transparencia\/","title":{"rendered":"Portail de la transparence"},"content":{"rendered":"<div class=\"wpb-content-wrapper\"><div class=\"vc_row wpb_row vc_row-fluid vc_custom_1727808312178 et_custom_uniqid_new_66fc43324ffb6 mpc-row\"><div class=\"wpb_column vc_column_container vc_col-sm-12 et_custom_uniqid_69e498668360f mpc-column\" data-column-id=\"mpc_column-9569e4986990001\"><div class=\"vc_column-inner\"><div class=\"wpb_wrapper\"><div class=\"vc_row wpb_row vc_inner vc_row-fluid et_custom_uniqid_69e4986683571 mpc-row\"><div class=\"wpb_column vc_column_container vc_col-sm-12 et_custom_uniqid_69e498668361d mpc-column\" data-column-id=\"mpc_column-3669e49869848f0\"><div class=\"vc_column-inner\"><div class=\"wpb_wrapper\">\n\t<div class=\"wpb_text_column wpb_content_element\">\n\t\t<div class=\"wpb_wrapper\">\n\t\t\t<div class=\"bloque-titulo-transparencia\">\n<h1 class=\"heading-16\" style=\"text-align: center;\">Portail de la transparence<\/h1>\n<p class=\"paragraph-12\" style=\"text-align: center;\">Senda Ecoway s'engage \u00e0 \u00eatre une entreprise socialement responsable, c'est pourquoi nous sommes transparents dans nos relations avec les utilisateurs, les entreprises et la soci\u00e9t\u00e9 en g\u00e9n\u00e9ral.<\/p>\n<\/div>\n\n\t\t<\/div>\n\t<\/div>\n<\/div><\/div><\/div><\/div><div class=\"vc_row wpb_row vc_inner vc_row-fluid vc_custom_1727808174617 vc_column-gap-5 et_custom_uniqid_new_66fc42a86c3da mpc-row\"><a target=\"\" title=\"\" href=\"https:\/\/sendaecoway.com\/fr\/reglementation-applicable\/\" class=\"wpb_column vc_column_container vc_col-sm-1\/5 et_custom_uniqid_new_66fc47c075318 mpc-column\" data-column-id=\"mpc_column-869e4986986368\"><div class=\"vc_column-inner\"><div class=\"wpb_wrapper\">\n\t<div class=\"wpb_single_image wpb_content_element vc_align_center wpb_content_element\">\n\t\t\n\t\t<figure class=\"wpb_wrapper vc_figure\">\n\t\t\t<div class=\"vc_single_image-wrapper   vc_box_border_grey\"><img decoding=\"async\" width=\"150\" height=\"150\" src=\"https:\/\/sendaecoway.com\/wp-content\/uploads\/2024\/10\/Frame-36001-1.png\" class=\"vc_single_image-img attachment-full\" alt=\"icon-regulations\" title=\"icon-regulations\" srcset=\"https:\/\/sendaecoway.com\/wp-content\/uploads\/2024\/10\/Frame-36001-1.png 150w, https:\/\/sendaecoway.com\/wp-content\/uploads\/2024\/10\/Frame-36001-1-100x100.png 100w, https:\/\/sendaecoway.com\/wp-content\/uploads\/2024\/10\/Frame-36001-1-10x10.png 10w\" sizes=\"(max-width: 150px) 100vw, 150px\"><\/div>\n\t\t<\/figure>\n\t<\/div>\n<h3 style=\"color: #539897;text-align: center\" class=\"vc_custom_heading vc_do_custom_heading\">R\u00c8GLEMENT<\/h3><\/div><\/div><\/a><a target=\"\" title=\"\" href=\"https:\/\/sendaecoway.com\/fr\/aides-et-subventions\/\" class=\"wpb_column vc_column_container vc_col-sm-1\/5 et_custom_uniqid_new_66fc486fe4e0b mpc-column\" data-column-id=\"mpc_column-2069e4986987ce4\"><div class=\"vc_column-inner\"><div class=\"wpb_wrapper\">\n\t<div class=\"wpb_single_image wpb_content_element vc_align_center wpb_content_element\">\n\t\t\n\t\t<figure class=\"wpb_wrapper vc_figure\">\n\t\t\t<div class=\"vc_single_image-wrapper   vc_box_border_grey\"><img decoding=\"async\" width=\"150\" height=\"150\" src=\"https:\/\/sendaecoway.com\/wp-content\/uploads\/2024\/10\/Frame-36001-4.png\" class=\"vc_single_image-img attachment-full\" alt=\"ic\u00f4ne-aides-et-subventions\" title=\"ic\u00f4ne-aides-et-subventions\" srcset=\"https:\/\/sendaecoway.com\/wp-content\/uploads\/2024\/10\/Frame-36001-4.png 150w, https:\/\/sendaecoway.com\/wp-content\/uploads\/2024\/10\/Frame-36001-4-100x100.png 100w, https:\/\/sendaecoway.com\/wp-content\/uploads\/2024\/10\/Frame-36001-4-10x10.png 10w\" sizes=\"(max-width: 150px) 100vw, 150px\"><\/div>\n\t\t<\/figure>\n\t<\/div>\n<h3 style=\"color: #539897;text-align: center\" class=\"vc_custom_heading vc_do_custom_heading\">AIDES ET SUBVENTIONS<\/h3><\/div><\/div><\/a><a target=\"\" title=\"\" href=\"https:\/\/sendaecoway.com\/fr\/organisationnel\/\" class=\"wpb_column vc_column_container vc_col-sm-1\/5 et_custom_uniqid_new_66fc487f5a90d mpc-column\" data-column-id=\"mpc_column-269e4986988d35\"><div class=\"vc_column-inner\"><div class=\"wpb_wrapper\">\n\t<div class=\"wpb_single_image wpb_content_element vc_align_center wpb_content_element\">\n\t\t\n\t\t<figure class=\"wpb_wrapper vc_figure\">\n\t\t\t<div class=\"vc_single_image-wrapper   vc_box_border_grey\"><img decoding=\"async\" width=\"150\" height=\"150\" src=\"https:\/\/sendaecoway.com\/wp-content\/uploads\/2024\/10\/Frame-36001-3.png\" class=\"vc_single_image-img attachment-full\" alt=\"ic\u00f4ne-organisationnel\" title=\"ic\u00f4ne-organisationnel\" srcset=\"https:\/\/sendaecoway.com\/wp-content\/uploads\/2024\/10\/Frame-36001-3.png 150w, https:\/\/sendaecoway.com\/wp-content\/uploads\/2024\/10\/Frame-36001-3-100x100.png 100w, https:\/\/sendaecoway.com\/wp-content\/uploads\/2024\/10\/Frame-36001-3-10x10.png 10w\" sizes=\"(max-width: 150px) 100vw, 150px\"><\/div>\n\t\t<\/figure>\n\t<\/div>\n<h3 style=\"color: #539897;text-align: center\" class=\"vc_custom_heading vc_do_custom_heading\">ORGANISATIONNEL<\/h3><\/div><\/div><\/a><a target=\"\" title=\"\" href=\"https:\/\/sendaecoway.com\/fr\/commissaire-a-la-transparence\/\" class=\"wpb_column vc_column_container vc_col-sm-1\/5 et_custom_uniqid_new_66fc488d65bcb mpc-column\" data-column-id=\"mpc_column-3869e4986989164\"><div class=\"vc_column-inner\"><div class=\"wpb_wrapper\">\n\t<div class=\"wpb_single_image wpb_content_element vc_align_center wpb_content_element\">\n\t\t\n\t\t<figure class=\"wpb_wrapper vc_figure\">\n\t\t\t<div class=\"vc_single_image-wrapper   vc_box_border_grey\"><img loading=\"lazy\" decoding=\"async\" width=\"150\" height=\"150\" src=\"https:\/\/sendaecoway.com\/wp-content\/uploads\/2024\/10\/Frame-36001-6.png\" class=\"vc_single_image-img attachment-full\" alt=\"icon-transparency-commissioner\" title=\"icon-transparency-commissioner\" srcset=\"https:\/\/sendaecoway.com\/wp-content\/uploads\/2024\/10\/Frame-36001-6.png 150w, https:\/\/sendaecoway.com\/wp-content\/uploads\/2024\/10\/Frame-36001-6-100x100.png 100w, https:\/\/sendaecoway.com\/wp-content\/uploads\/2024\/10\/Frame-36001-6-10x10.png 10w\" sizes=\"(max-width: 150px) 100vw, 150px\"><\/div>\n\t\t<\/figure>\n\t<\/div>\n<h3 style=\"color: #539897;text-align: center\" class=\"vc_custom_heading vc_do_custom_heading\">COMMISSAIRE \u00c0 LA TRANSPARENCE<\/h3><\/div><\/div><\/a><a target=\"\" title=\"\" href=\"https:\/\/sendaecoway.com\/fr\/institutionnel\/\" class=\"wpb_column vc_column_container vc_col-sm-1\/5 et_custom_uniqid_new_66fc489a3d984 mpc-column\" data-column-id=\"mpc_column-8169e4986989538\"><div class=\"vc_column-inner\"><div class=\"wpb_wrapper\">\n\t<div class=\"wpb_single_image wpb_content_element vc_align_center wpb_content_element\">\n\t\t\n\t\t<figure class=\"wpb_wrapper vc_figure\">\n\t\t\t<div class=\"vc_single_image-wrapper   vc_box_border_grey\"><img loading=\"lazy\" decoding=\"async\" width=\"150\" height=\"150\" src=\"https:\/\/sendaecoway.com\/wp-content\/uploads\/2024\/10\/Frame-36001-7.png\" class=\"vc_single_image-img attachment-full\" alt=\"ic\u00f4ne-institutionnel\" title=\"ic\u00f4ne-institutionnel\" srcset=\"https:\/\/sendaecoway.com\/wp-content\/uploads\/2024\/10\/Frame-36001-7.png 150w, https:\/\/sendaecoway.com\/wp-content\/uploads\/2024\/10\/Frame-36001-7-100x100.png 100w, https:\/\/sendaecoway.com\/wp-content\/uploads\/2024\/10\/Frame-36001-7-10x10.png 10w\" sizes=\"(max-width: 150px) 100vw, 150px\"><\/div>\n\t\t<\/figure>\n\t<\/div>\n<h3 style=\"color: #539897;text-align: center\" class=\"vc_custom_heading vc_do_custom_heading\">INSTITUTIONNEL<\/h3><\/div><\/div><\/a><\/div><div class=\"vc_row wpb_row vc_inner vc_row-fluid vc_column-gap-5 et_custom_uniqid_new_66fc3a8657bfa mpc-row\"><a target=\"\" title=\"\" href=\"https:\/\/sendaecoway.com\/fr\/accords\/\" class=\"wpb_column vc_column_container vc_col-sm-1\/5 et_custom_uniqid_new_66fc48add0bae mpc-column\" data-column-id=\"mpc_column-2769e498698c77d\"><div class=\"vc_column-inner\"><div class=\"wpb_wrapper\">\n\t<div class=\"wpb_single_image wpb_content_element vc_align_center wpb_content_element\">\n\t\t\n\t\t<figure class=\"wpb_wrapper vc_figure\">\n\t\t\t<div class=\"vc_single_image-wrapper   vc_box_border_grey\"><img loading=\"lazy\" decoding=\"async\" width=\"150\" height=\"150\" src=\"https:\/\/sendaecoway.com\/wp-content\/uploads\/2024\/10\/Frame-36001-8.png\" class=\"vc_single_image-img attachment-full\" alt=\"icon-conventions\" title=\"icon-conventions\" srcset=\"https:\/\/sendaecoway.com\/wp-content\/uploads\/2024\/10\/Frame-36001-8.png 150w, https:\/\/sendaecoway.com\/wp-content\/uploads\/2024\/10\/Frame-36001-8-100x100.png 100w, https:\/\/sendaecoway.com\/wp-content\/uploads\/2024\/10\/Frame-36001-8-10x10.png 10w\" sizes=\"(max-width: 150px) 100vw, 150px\"><\/div>\n\t\t<\/figure>\n\t<\/div>\n<h3 style=\"color: #539897;text-align: center\" class=\"vc_custom_heading vc_do_custom_heading\">CONVENTIONS<\/h3><\/div><\/div><\/a><a target=\"\" title=\"\" href=\"https:\/\/sendaecoway.com\/fr\/contrats\/\" class=\"wpb_column vc_column_container vc_col-sm-1\/5 et_custom_uniqid_new_66fc48ba740c3 mpc-column\" data-column-id=\"mpc_column-7669e498698dc24\"><div class=\"vc_column-inner\"><div class=\"wpb_wrapper\">\n\t<div class=\"wpb_single_image wpb_content_element vc_align_center wpb_content_element\">\n\t\t\n\t\t<figure class=\"wpb_wrapper vc_figure\">\n\t\t\t<div class=\"vc_single_image-wrapper   vc_box_border_grey\"><img loading=\"lazy\" decoding=\"async\" width=\"150\" height=\"150\" src=\"https:\/\/sendaecoway.com\/wp-content\/uploads\/2024\/10\/Frame-36001-9.png\" class=\"vc_single_image-img attachment-full\" alt=\"ic\u00f4ne-contrats\" title=\"ic\u00f4ne-contrats\" srcset=\"https:\/\/sendaecoway.com\/wp-content\/uploads\/2024\/10\/Frame-36001-9.png 150w, https:\/\/sendaecoway.com\/wp-content\/uploads\/2024\/10\/Frame-36001-9-100x100.png 100w, https:\/\/sendaecoway.com\/wp-content\/uploads\/2024\/10\/Frame-36001-9-10x10.png 10w\" sizes=\"(max-width: 150px) 100vw, 150px\"><\/div>\n\t\t<\/figure>\n\t<\/div>\n<h3 style=\"color: #539897;text-align: center\" class=\"vc_custom_heading vc_do_custom_heading\">CONTRATS<\/h3><\/div><\/div><\/a><a target=\"\" title=\"\" href=\"https:\/\/sendaecoway.com\/fr\/acces-a-linformation\/\" class=\"wpb_column vc_column_container vc_col-sm-1\/5 et_custom_uniqid_new_66fc48c39c452 mpc-column\" data-column-id=\"mpc_column-6069e498698eb74\"><div class=\"vc_column-inner\"><div class=\"wpb_wrapper\">\n\t<div class=\"wpb_single_image wpb_content_element vc_align_center wpb_content_element\">\n\t\t\n\t\t<figure class=\"wpb_wrapper vc_figure\">\n\t\t\t<div class=\"vc_single_image-wrapper   vc_box_border_grey\"><img loading=\"lazy\" decoding=\"async\" width=\"150\" height=\"150\" src=\"https:\/\/sendaecoway.com\/wp-content\/uploads\/2024\/10\/Frame-36001-10.png\" class=\"vc_single_image-img attachment-full\" alt=\"ic\u00f4ne-acc\u00e8s-\u00e0-l&#039;information\" title=\"ic\u00f4ne-acc\u00e8s-\u00e0-l&#039;information\" srcset=\"https:\/\/sendaecoway.com\/wp-content\/uploads\/2024\/10\/Frame-36001-10.png 150w, https:\/\/sendaecoway.com\/wp-content\/uploads\/2024\/10\/Frame-36001-10-100x100.png 100w, https:\/\/sendaecoway.com\/wp-content\/uploads\/2024\/10\/Frame-36001-10-10x10.png 10w\" sizes=\"(max-width: 150px) 100vw, 150px\"><\/div>\n\t\t<\/figure>\n\t<\/div>\n<h3 style=\"color: #539897;text-align: center\" class=\"vc_custom_heading vc_do_custom_heading\">L'ACC\u00c8S \u00c0 L'INFORMATION<\/h3><\/div><\/div><\/a><a target=\"\" title=\"\" href=\"https:\/\/sendaecoway.com\/fr\/economique-et-financier\/\" class=\"wpb_column vc_column_container vc_col-sm-1\/5 et_custom_uniqid_new_66fc48d0349c7 mpc-column\" data-column-id=\"mpc_column-269e498698f037\"><div class=\"vc_column-inner\"><div class=\"wpb_wrapper\">\n\t<div class=\"wpb_single_image wpb_content_element vc_align_center wpb_content_element\">\n\t\t\n\t\t<figure class=\"wpb_wrapper vc_figure\">\n\t\t\t<div class=\"vc_single_image-wrapper   vc_box_border_grey\"><img loading=\"lazy\" decoding=\"async\" width=\"150\" height=\"150\" src=\"https:\/\/sendaecoway.com\/wp-content\/uploads\/2024\/10\/Frame-36001-11.png\" class=\"vc_single_image-img attachment-full\" alt=\"icono-economico-financiero\" title=\"icono-economico-financiero\" srcset=\"https:\/\/sendaecoway.com\/wp-content\/uploads\/2024\/10\/Frame-36001-11.png 150w, https:\/\/sendaecoway.com\/wp-content\/uploads\/2024\/10\/Frame-36001-11-100x100.png 100w, https:\/\/sendaecoway.com\/wp-content\/uploads\/2024\/10\/Frame-36001-11-10x10.png 10w\" sizes=\"(max-width: 150px) 100vw, 150px\"><\/div>\n\t\t<\/figure>\n\t<\/div>\n<h3 style=\"color: #539897;text-align: center\" class=\"vc_custom_heading vc_do_custom_heading\">\u00c9CONOMIQUE-FINANCIER<\/h3><\/div><\/div><\/a><a target=\"\" title=\"\" href=\"https:\/\/sendaecoway.com\/fr\/evaluation-du-degre-de-transparence\/\" class=\"wpb_column vc_column_container vc_col-sm-1\/5 et_custom_uniqid_new_66fc48dd41c6e mpc-column\" data-column-id=\"mpc_column-3869e498698f4ef\"><div class=\"vc_column-inner\"><div class=\"wpb_wrapper\">\n\t<div class=\"wpb_single_image wpb_content_element vc_align_center wpb_content_element\">\n\t\t\n\t\t<figure class=\"wpb_wrapper vc_figure\">\n\t\t\t<div class=\"vc_single_image-wrapper   vc_box_border_grey\"><img loading=\"lazy\" decoding=\"async\" width=\"150\" height=\"150\" src=\"https:\/\/sendaecoway.com\/wp-content\/uploads\/2024\/10\/Frame-36001-12.png\" class=\"vc_single_image-img attachment-full\" alt=\"icon-evaluation-grade-transparency\" title=\"icon-evaluation-grade-transparency\" srcset=\"https:\/\/sendaecoway.com\/wp-content\/uploads\/2024\/10\/Frame-36001-12.png 150w, https:\/\/sendaecoway.com\/wp-content\/uploads\/2024\/10\/Frame-36001-12-100x100.png 100w, https:\/\/sendaecoway.com\/wp-content\/uploads\/2024\/10\/Frame-36001-12-10x10.png 10w\" sizes=\"(max-width: 150px) 100vw, 150px\"><\/div>\n\t\t<\/figure>\n\t<\/div>\n<h3 style=\"color: #539897;text-align: center\" class=\"vc_custom_heading vc_do_custom_heading\">\u00c9VALUATION DU DEGR\u00c9 DE TRANSPARENCE<\/h3><\/div><\/div><\/a><\/div><div class=\"vc_row wpb_row vc_inner vc_row-fluid vc_custom_1727808284073 et_custom_uniqid_new_66fc4317c7bec mpc-row\"><div class=\"wpb_column vc_column_container vc_col-sm-12 et_custom_uniqid_69e498668361d mpc-column\" data-column-id=\"mpc_column-4769e498698fbe2\"><div class=\"vc_column-inner\"><div class=\"wpb_wrapper\">\n\t<div class=\"wpb_text_column wpb_content_element\">\n\t\t<div class=\"wpb_wrapper\">\n\t\t\t<div class=\"bloque-titulo-transparencia\">\n<div class=\"section-3\">\n<div class=\"w-container\">\n<div class=\"div-block-25\">\n<div class=\"rich-text-block-4 w-richtext\">\n<p>Cela rel\u00e8ve de sa propre responsabilit\u00e9 et, en outre, est conforme \u00e0 la loi 19\/2003 du 9 d\u00e9cembre sur la transparence, l'acc\u00e8s \u00e0 l'information publique et la bonne gouvernance, ainsi qu'\u00e0 la loi 12\/2014 du 26 d\u00e9cembre sur la transparence et l'acc\u00e8s \u00e0 l'information publique.<\/p>\n<p>En tant qu'entit\u00e9 priv\u00e9e, nous sommes tenus de fournir des informations transparentes lorsque nous recevons des aides ou des subventions d'un montant sup\u00e9rieur \u00e0 60 000 euros par an provenant du budget de la Communaut\u00e9 autonome des Canaries.<\/p>\n<p>Les deux lignes directrices poursuivent le m\u00eame objectif d'information du public sur nos activit\u00e9s subventionn\u00e9es par les budgets de la Communaut\u00e9 et de l'\u00c9tat des \u00eeles Canaries et de sensibilisation de la soci\u00e9t\u00e9 en g\u00e9n\u00e9ral \u00e0 ce que nous faisons.<\/p>\n<p>Dans chacune des sections de ce portail de transparence, vous trouverez les normes l\u00e9gales que nous sommes tenus de respecter, la section institutionnelle avec l'histoire de Senda Ecoway, la section organisationnelle avec l'organigramme de notre entreprise, la section financi\u00e8re o\u00f9 vous pourrez consulter les donn\u00e9es \u00e9conomiques de nos entreprises publi\u00e9es au registre du commerce, les contrats pass\u00e9s avec les administrations publiques, qu'ils proviennent ou non des budgets de l'\u00c9tat ou des Canaries, nos accords de collaboration et les aides et subventions publiques re\u00e7ues au cours des derni\u00e8res ann\u00e9es. Vous y trouverez \u00e9galement un point de contact pour toute information compl\u00e9mentaire.<\/p>\n<p>Senda Ecoway, responsable avec la soci\u00e9t\u00e9.<\/p>\n<\/div>\n<\/div>\n<\/div>\n<\/div>\n<\/div>\n\n\t\t<\/div>\n\t<\/div>\n<\/div><\/div><\/div><\/div><\/div><\/div><\/div><\/div>\n<\/div>","protected":false},"excerpt":{"rendered":"Portal de Transparencia Senda Ecoway tiene el compromiso de ser una empresa con Responsabilidad Social Corporativa, por lo que nos relacionamos con transparencia en nuestra...","protected":false},"author":2,"featured_media":0,"parent":0,"menu_order":0,"comment_status":"closed","ping_status":"closed","template":"","meta":{"_joinchat":[],"footnotes":""},"class_list":["post-2661","page","type-page","status-publish","hentry"],"yoast_head":"<!-- This site is optimized with the Yoast SEO plugin v27.2 - https:\/\/yoast.com\/product\/yoast-seo-wordpress\/ -->\n<title>Portal de Transparencia - Senda Ecoway<\/title>\n<meta name=\"robots\" content=\"index, follow, max-snippet:-1, max-image-preview:large, max-video-preview:-1\" \/>\n<link rel=\"canonical\" href=\"https:\/\/sendaecoway.com\/fr\/portail-de-transparence\/\" \/>\n<meta property=\"og:locale\" content=\"fr_FR\" \/>\n<meta property=\"og:type\" content=\"article\" \/>\n<meta property=\"og:title\" content=\"Portal de Transparencia - Senda Ecoway\" \/>\n<meta property=\"og:url\" content=\"https:\/\/sendaecoway.com\/fr\/portail-de-transparence\/\" \/>\n<meta property=\"og:site_name\" content=\"Senda Ecoway\" \/>\n<meta property=\"article:publisher\" content=\"https:\/\/www.facebook.com\/sendaecoway\/\" \/>\n<meta property=\"article:modified_time\" content=\"2024-10-01T19:10:39+00:00\" \/>\n<meta property=\"og:image\" content=\"https:\/\/sendaecoway.com\/wp-content\/uploads\/2024\/10\/619797bf655bee433c2dff8c_LOGOTIPO-OFICIAL-2-1024x413-1.png\" \/>\n\t<meta property=\"og:image:width\" content=\"1024\" \/>\n\t<meta property=\"og:image:height\" content=\"413\" \/>\n\t<meta property=\"og:image:type\" content=\"image\/png\" \/>\n<meta name=\"twitter:card\" content=\"summary_large_image\" \/>\n<meta name=\"twitter:label1\" content=\"Dur\u00e9e de lecture estim\u00e9e\" \/>\n\t<meta name=\"twitter:data1\" content=\"5 minutes\" \/>\n<script type=\"application\/ld+json\" class=\"yoast-schema-graph\">{\"@context\":\"https:\/\/schema.org\",\"@graph\":[{\"@type\":\"WebPage\",\"@id\":\"https:\/\/sendaecoway.com\/portal-de-transparencia\/\",\"url\":\"https:\/\/sendaecoway.com\/portal-de-transparencia\/\",\"name\":\"Portal de Transparencia - Senda Ecoway\",\"isPartOf\":{\"@id\":\"https:\/\/sendaecoway.com\/#website\"},\"datePublished\":\"2024-10-01T18:45:26+00:00\",\"dateModified\":\"2024-10-01T19:10:39+00:00\",\"breadcrumb\":{\"@id\":\"https:\/\/sendaecoway.com\/portal-de-transparencia\/#breadcrumb\"},\"inLanguage\":\"fr-FR\",\"potentialAction\":[{\"@type\":\"ReadAction\",\"target\":[\"https:\/\/sendaecoway.com\/portal-de-transparencia\/\"]}]},{\"@type\":\"BreadcrumbList\",\"@id\":\"https:\/\/sendaecoway.com\/portal-de-transparencia\/#breadcrumb\",\"itemListElement\":[{\"@type\":\"ListItem\",\"position\":1,\"name\":\"Portada\",\"item\":\"https:\/\/sendaecoway.com\/\"},{\"@type\":\"ListItem\",\"position\":2,\"name\":\"Portal de Transparencia\"}]},{\"@type\":\"WebSite\",\"@id\":\"https:\/\/sendaecoway.com\/#website\",\"url\":\"https:\/\/sendaecoway.com\/\",\"name\":\"Senda Ecoway Experiencias Sostenibles\",\"description\":\"Ofrecemos experiencias personalizadas y sostenibles. Rutas guiadas por gu\u00edas locales y actividades en peque\u00f1os grupos.\",\"publisher\":{\"@id\":\"https:\/\/sendaecoway.com\/#organization\"},\"alternateName\":\"LAS MEJORES EXPERIENCIAS SOSTENIBLES DE ESPA\u00d1A\",\"potentialAction\":[{\"@type\":\"SearchAction\",\"target\":{\"@type\":\"EntryPoint\",\"urlTemplate\":\"https:\/\/sendaecoway.com\/?s={search_term_string}\"},\"query-input\":{\"@type\":\"PropertyValueSpecification\",\"valueRequired\":true,\"valueName\":\"search_term_string\"}}],\"inLanguage\":\"fr-FR\"},{\"@type\":\"Organization\",\"@id\":\"https:\/\/sendaecoway.com\/#organization\",\"name\":\"SENDA ECOWAY\",\"alternateName\":\"LAS MEJORES EXPERIENCIAS SOSTENIBLES DE ESPA\u00d1A\",\"url\":\"https:\/\/sendaecoway.com\/\",\"logo\":{\"@type\":\"ImageObject\",\"inLanguage\":\"fr-FR\",\"@id\":\"https:\/\/sendaecoway.com\/#\/schema\/logo\/image\/\",\"url\":\"https:\/\/sendaecoway.com\/wp-content\/uploads\/2024\/10\/619797bf655bee433c2dff8c_LOGOTIPO-OFICIAL-2-1024x413-1.png\",\"contentUrl\":\"https:\/\/sendaecoway.com\/wp-content\/uploads\/2024\/10\/619797bf655bee433c2dff8c_LOGOTIPO-OFICIAL-2-1024x413-1.png\",\"width\":1024,\"height\":413,\"caption\":\"SENDA ECOWAY\"},\"image\":{\"@id\":\"https:\/\/sendaecoway.com\/#\/schema\/logo\/image\/\"},\"sameAs\":[\"https:\/\/www.facebook.com\/sendaecoway\/\",\"https:\/\/www.instagram.com\/sendaecoway\/\"]}]}<\/script>\n<!-- \/ Yoast SEO plugin. -->","yoast_head_json":{"title":"Portail de la transparence - Senda Ecoway","robots":{"index":"index","follow":"follow","max-snippet":"max-snippet:-1","max-image-preview":"max-image-preview:large","max-video-preview":"max-video-preview:-1"},"canonical":"https:\/\/sendaecoway.com\/fr\/portail-de-transparence\/","og_locale":"fr_FR","og_type":"article","og_title":"Portal de Transparencia - Senda Ecoway","og_url":"https:\/\/sendaecoway.com\/fr\/portail-de-transparence\/","og_site_name":"Senda Ecoway","article_publisher":"https:\/\/www.facebook.com\/sendaecoway\/","article_modified_time":"2024-10-01T19:10:39+00:00","og_image":[{"width":1024,"height":413,"url":"https:\/\/sendaecoway.com\/wp-content\/uploads\/2024\/10\/619797bf655bee433c2dff8c_LOGOTIPO-OFICIAL-2-1024x413-1.png","type":"image\/png"}],"twitter_card":"summary_large_image","twitter_misc":{"Dur\u00e9e de lecture estim\u00e9e":"5 minutes"},"schema":{"@context":"https:\/\/schema.org","@graph":[{"@type":"WebPage","@id":"https:\/\/sendaecoway.com\/portal-de-transparencia\/","url":"https:\/\/sendaecoway.com\/portal-de-transparencia\/","name":"Portail de la transparence - Senda Ecoway","isPartOf":{"@id":"https:\/\/sendaecoway.com\/#website"},"datePublished":"2024-10-01T18:45:26+00:00","dateModified":"2024-10-01T19:10:39+00:00","breadcrumb":{"@id":"https:\/\/sendaecoway.com\/portal-de-transparencia\/#breadcrumb"},"inLanguage":"fr-FR","potentialAction":[{"@type":"ReadAction","target":["https:\/\/sendaecoway.com\/portal-de-transparencia\/"]}]},{"@type":"BreadcrumbList","@id":"https:\/\/sendaecoway.com\/portal-de-transparencia\/#breadcrumb","itemListElement":[{"@type":"ListItem","position":1,"name":"Portada","item":"https:\/\/sendaecoway.com\/"},{"@type":"ListItem","position":2,"name":"Portal de Transparencia"}]},{"@type":"WebSite","@id":"https:\/\/sendaecoway.com\/#website","url":"https:\/\/sendaecoway.com\/","name":"Exp\u00e9riences durables Senda Ecoway","description":"Nous proposons des exp\u00e9riences personnalis\u00e9es et durables. Itin\u00e9raires guid\u00e9s par des guides locaux et activit\u00e9s en petits groupes.","publisher":{"@id":"https:\/\/sendaecoway.com\/#organization"},"alternateName":"LAS MEJORES EXPERIENCIAS SOSTENIBLES DE ESPA\u00d1A","potentialAction":[{"@type":"SearchAction","target":{"@type":"EntryPoint","urlTemplate":"https:\/\/sendaecoway.com\/?s={search_term_string}"},"query-input":{"@type":"PropertyValueSpecification","valueRequired":true,"valueName":"search_term_string"}}],"inLanguage":"fr-FR"},{"@type":"Organization","@id":"https:\/\/sendaecoway.com\/#organization","name":"ECOWAY SENDA","alternateName":"LAS MEJORES EXPERIENCIAS SOSTENIBLES DE ESPA\u00d1A","url":"https:\/\/sendaecoway.com\/","logo":{"@type":"ImageObject","inLanguage":"fr-FR","@id":"https:\/\/sendaecoway.com\/#\/schema\/logo\/image\/","url":"https:\/\/sendaecoway.com\/wp-content\/uploads\/2024\/10\/619797bf655bee433c2dff8c_LOGOTIPO-OFICIAL-2-1024x413-1.png","contentUrl":"https:\/\/sendaecoway.com\/wp-content\/uploads\/2024\/10\/619797bf655bee433c2dff8c_LOGOTIPO-OFICIAL-2-1024x413-1.png","width":1024,"height":413,"caption":"SENDA ECOWAY"},"image":{"@id":"https:\/\/sendaecoway.com\/#\/schema\/logo\/image\/"},"sameAs":["https:\/\/www.facebook.com\/sendaecoway\/","https:\/\/www.instagram.com\/sendaecoway\/"]}]}},"_links":{"self":[{"href":"https:\/\/sendaecoway.com\/fr\/wp-json\/wp\/v2\/pages\/2661","targetHints":{"allow":["GET"]}}],"collection":[{"href":"https:\/\/sendaecoway.com\/fr\/wp-json\/wp\/v2\/pages"}],"about":[{"href":"https:\/\/sendaecoway.com\/fr\/wp-json\/wp\/v2\/types\/page"}],"author":[{"embeddable":true,"href":"https:\/\/sendaecoway.com\/fr\/wp-json\/wp\/v2\/users\/2"}],"replies":[{"embeddable":true,"href":"https:\/\/sendaecoway.com\/fr\/wp-json\/wp\/v2\/comments?post=2661"}],"version-history":[{"count":27,"href":"https:\/\/sendaecoway.com\/fr\/wp-json\/wp\/v2\/pages\/2661\/revisions"}],"predecessor-version":[{"id":2759,"href":"https:\/\/sendaecoway.com\/fr\/wp-json\/wp\/v2\/pages\/2661\/revisions\/2759"}],"wp:attachment":[{"href":"https:\/\/sendaecoway.com\/fr\/wp-json\/wp\/v2\/media?parent=2661"}],"curies":[{"name":"wp","href":"https:\/\/api.w.org\/{rel}","templated":true}]}}