{"id":2658,"date":"2024-10-01T18:02:15","date_gmt":"2024-10-01T18:02:15","guid":{"rendered":"https:\/\/sendaecoway.com\/?page_id=2658"},"modified":"2024-10-09T13:41:19","modified_gmt":"2024-10-09T13:41:19","slug":"avis-juridique","status":"publish","type":"page","link":"https:\/\/sendaecoway.com\/fr\/aviso-legal\/","title":{"rendered":"Avis juridique"},"content":{"rendered":"<div class=\"wpb-content-wrapper\"><div class=\"vc_row wpb_row vc_row-fluid vc_custom_1727805811801 et_custom_uniqid_new_66fc396f20da8 mpc-row\"><div class=\"wpb_column vc_column_container vc_col-sm-12 et_custom_uniqid_69de60e747c3f mpc-column\" data-column-id=\"mpc_column-9369de60ea394ed\"><div class=\"vc_column-inner\"><div class=\"wpb_wrapper\">\n\t<div class=\"wpb_text_column wpb_content_element\">\n\t\t<div class=\"wpb_wrapper\">\n\t\t\t<h1 class=\"heading-38\">Mentions l\u00e9gales et politique de confidentialit\u00e9<\/h1>\n<div class=\"rich-text-block-3 w-richtext\">\n<p>Conform\u00e9ment \u00e0 l&#039;article 10 de la loi 34\/2002 du 11 juillet relative aux services de la soci\u00e9t\u00e9 de l&#039;information et au commerce \u00e9lectronique, SENDA ECOWAY, SL, propri\u00e9taire de ce site web et fournisseur des services propos\u00e9s par son interm\u00e9diaire, vous informe des points suivants\u00a0:<\/p>\n<h2>Informations sur l&#039;immatriculation et les imp\u00f4ts<\/h2>\n<p>SENDA ECOWAY, SL poss\u00e8de le code d&#039;identification fiscale B76724251.<\/p>\n<p>Elle est enregistr\u00e9e sous la rubrique Activit\u00e9s \u00e9conomiques 2132, correspondant \u00e0 la fourniture de services de t\u00e9l\u00e9communications.<\/p>\n<p>Il travaille comme interm\u00e9diaire touristique et poss\u00e8de l&#039;identification suivante.<\/p>\n<figure class=\"w-richtext-align-center w-richtext-figure-type-image\">\n<div><img decoding=\"async\" src=\"https:\/\/cdn.prod.website-files.com\/61123f605154af93144b1577\/612e3b1f6861002bd8c0a3eb_PLACA-DISTINTIVO-INTERMEDIADOR-TUR%C3%8DSTICO-150x150-1.jpg\" alt=\"\"><\/div>\n<\/figure>\n<p>Le num\u00e9ro de l&#039;agence de voyages est I-AV-0004794.1<\/p>\n<h2>Clause de non-responsabilit\u00e9<\/h2>\n<p>SENDA ECOWAY, SL, ci-apr\u00e8s d\u00e9nomm\u00e9e \u00ab\u00a0LE PROPRI\u00c9TAIRE\u00a0\u00bb, se r\u00e9serve le droit de modifier le contenu de ce site web, y compris sa structure et son design, sans pr\u00e9avis. Par ailleurs, LE PROPRI\u00c9TAIRE ne peut garantir un acc\u00e8s ininterrompu au site web en raison de probl\u00e8mes techniques, qu\u2019ils soient internes ou externes. N\u00e9anmoins, LE PROPRI\u00c9TAIRE mettra tout en \u0153uvre pour pr\u00e9venir de telles interruptions et, le cas \u00e9ch\u00e9ant, les r\u00e9soudre.<\/p>\n<p>Le PROPRI\u00c9TAIRE s&#039;engage \u00e0 ne pas diffuser de publicit\u00e9 trompeuse, \u00e0 l&#039;exception des erreurs typographiques qui pourraient appara\u00eetre dans le contenu et qui pourraient \u00eatre dues \u00e0 des activit\u00e9s d&#039;insertion ou de maintenance des donn\u00e9es, et \u00e0 les corriger d\u00e8s qu&#039;elles seront constat\u00e9es.<\/p>\n<p>Le PROPRI\u00c9TAIRE n&#039;est pas responsable du non-respect par l&#039;utilisateur des r\u00e8gles d&#039;acc\u00e8s et d&#039;utilisation de ce site web, ni des dommages pouvant r\u00e9sulter de l&#039;utilisation des informations et ressources du site.<\/p>\n<p>Le PROPRI\u00c9TAIRE d\u00e9clare qu&#039;il n&#039;est pas responsable du contenu ou des services des sites web li\u00e9s \u00e0 ce site, ni des cons\u00e9quences pouvant r\u00e9sulter de leur interpr\u00e9tation et\/ou de leur utilisation.<\/p>\n<p>De m\u00eame, LE PROPRI\u00c9TAIRE n&#039;est pas responsable des opinions que l&#039;utilisateur peut exprimer dans les espaces de participation sociale, que ce soit sur le web ou sur les r\u00e9seaux sociaux.<\/p>\n<h2>Propri\u00e9t\u00e9 intellectuelle et industrielle<\/h2>\n<p>Sauf mention contraire expresse, le contenu de ce site web, ainsi que les photographies prises lors des activit\u00e9s de Senda Ecoway, sont la propri\u00e9t\u00e9 du PROPRI\u00c9TAIRE, de m\u00eame que les logos, photographies, ic\u00f4nes, textes et graphiques.<\/p>\n<p>Son utilisation et sa distribution par des tiers n\u00e9cessiteront l&#039;autorisation expresse du PROPRI\u00c9TAIRE, sauf dans les cas o\u00f9 les \u00e9l\u00e9ments de partage sur les r\u00e9seaux sociaux inclus sur le site web sont utilis\u00e9s.<\/p>\n<p>L&#039;utilisateur est inform\u00e9 que la commercialisation, la reproduction, la transformation, la distribution, ainsi que toute autre forme d&#039;exploitation, par quelque m\u00e9canisme que ce soit, de tout ou partie du contenu du site web du PROPRI\u00c9TAIRE, porte atteinte aux droits de propri\u00e9t\u00e9 industrielle et intellectuelle.<\/p>\n<p>L&#039;utilisateur ne peut utiliser le contenu du site web qu&#039;\u00e0 des fins personnelles ; toute utilisation commerciale est strictement interdite.<\/p>\n<h2>politique de confidentialit\u00e9<\/h2>\n<p>Conform\u00e9ment \u00e0 la loi organique 3\/2018 du 5 d\u00e9cembre relative \u00e0 la protection des donn\u00e9es personnelles et \u00e0 la garantie des droits num\u00e9riques, et au r\u00e8glement (UE) 2016\/679 du Parlement europ\u00e9en et du Conseil<br>\n27 avril 2016<br>\nrelatif \u00e0 la protection des personnes physiques \u00e0 l&#039;\u00e9gard du traitement des donn\u00e9es \u00e0 caract\u00e8re personnel<br>\net la libre circulation de ces donn\u00e9es et par laquelle la directive 95\/46\/CE (r\u00e8glement<br>\nConform\u00e9ment au R\u00e8glement g\u00e9n\u00e9ral sur la protection des donn\u00e9es (RGPD), SENDA ECOWAY, SL, ci-apr\u00e8s d\u00e9nomm\u00e9e LE PROPRI\u00c9TAIRE, vous informe que les donn\u00e9es personnelles que vous fournissez via les formulaires de contact, d&#039;inscription et tout autre formulaire utilis\u00e9 sur le site web pour la fourniture d&#039;informations seront stock\u00e9es dans une base de donn\u00e9es dans le seul but de pouvoir vous offrir un meilleur service.<\/p>\n<p>Conform\u00e9ment \u00e0 la loi susmentionn\u00e9e, ces donn\u00e9es, ainsi que leur structure, ont \u00e9t\u00e9 enregistr\u00e9es aupr\u00e8s de l&#039;Agence espagnole de protection des donn\u00e9es.<\/p>\n<p>Le PROPRI\u00c9TAIRE s&#039;engage \u00e0 pr\u00e9server la confidentialit\u00e9 et le chiffrement des donn\u00e9es que vous fournissez, et \u00e0 appliquer les mesures de protection et de conservation n\u00e9cessaires.<\/p>\n<p>De plus, le PROPRI\u00c9TAIRE s&#039;engage \u00e0 ne pas c\u00e9der l&#039;utilisation de ces donn\u00e9es \u00e0 des tiers, sauf pour les donn\u00e9es strictement n\u00e9cessaires \u00e0 ses canaux de vente. \u00c0 cet \u00e9gard, les donn\u00e9es des clients de Staymar et d&#039;Explotaci\u00f3n apartamentos Balc\u00f3n del Mar SL seront trait\u00e9es par le PROPRI\u00c9TAIRE et le point de vente concern\u00e9.<\/p>\n<p>Le PROPRI\u00c9TAIRE ne vous enverra pas de communications commerciales par courriel \u00e0 moins que vous n&#039;ayez express\u00e9ment ou implicitement autoris\u00e9 leur r\u00e9ception.<\/p>\n<p>Par cons\u00e9quent, et dans ce cas, vous consentez et autorisez LE PROPRI\u00c9TAIRE \u00e0 traiter vos donn\u00e9es personnelles, dans le but d&#039;inclure vos donn\u00e9es dans des campagnes publicitaires promues par SENDA ECOWAY, SL.<\/p>\n<p>Vous garantissez l&#039;exactitude des donn\u00e9es personnelles que vous fournissez sur le site web et vous \u00eates responsable de signaler toute modification. Par cons\u00e9quent, l&#039;utilisateur est seul responsable de tout dommage ou pr\u00e9judice subi par SENDA ECOWAY, SL du fait de la fourniture d&#039;informations inexactes, incompl\u00e8tes ou obsol\u00e8tes.<\/p>\n<p>L\u2019utilisateur peut exercer \u00e0 tout moment ses droits d\u2019acc\u00e8s, de rectification, d\u2019effacement et d\u2019opposition, conform\u00e9ment \u00e0 la loi susmentionn\u00e9e. Pour ce faire, il doit adresser une demande \u00e9crite et certifi\u00e9e conforme. Cette demande doit comporter le nom complet de l\u2019int\u00e9ress\u00e9, une photocopie de sa pi\u00e8ce d\u2019identit\u00e9 nationale, une adresse de notification, la date et sa signature. Ce document doit \u00eatre envoy\u00e9 \u00e0\u00a0:<\/p>\n<p>Calle San Francisco, 4, 38300 La Orotava<\/p>\n<p>Santa Cruz de Tenerife<\/p>\n<p>Espagne<\/p>\n<h2><strong>Conditions commerciales<\/strong><\/h2>\n<p>Senda Ecoway propose une exp\u00e9rience compl\u00e8te et diversifi\u00e9e qui vous met en relation avec de nombreuses activit\u00e9s et partenaires. Premi\u00e8re plateforme en ligne d\u00e9di\u00e9e exclusivement \u00e0 la promotion du tourisme durable, Senda Ecoway con\u00e7oit ses propres itin\u00e9raires en \u00e9troite collaboration avec ses fournisseurs. Elle combine strat\u00e9giquement diff\u00e9rents produits et services pour cr\u00e9er des exp\u00e9riences innovantes, responsables et captivantes.<\/p>\n<h3>Mode de paiement<\/h3>\n<p>Le r\u00e8glement du cours SENDA s&#039;effectuera en ligne via le site web de SENDA Ecoway SL et toujours \u00e0 l&#039;avance, d\u00e8s confirmation de la disponibilit\u00e9. Les modes de paiement accept\u00e9s sont la carte bancaire et PayPal.<\/p>\n<h3>Preuve d&#039;achat<\/h3>\n<p>Vous recevrez instantan\u00e9ment une confirmation \u00e0 l&#039;adresse \u00e9lectronique que vous fournirez, qui g\u00e9n\u00e9rera automatiquement une preuve d&#039;achat.<\/p>\n<h3>Comment puis-je d\u00e9montrer \u00e0 mes diff\u00e9rents collaborateurs que je suis un EXP\u00c9DITEUR ?<\/h3>\n<p>D\u00e8s que vous aurez effectu\u00e9 votre achat, vous recevrez par e-mail un bon d&#039;achat correspondant \u00e0 votre paiement.<\/p>\n<p>Il est important de conserver pr\u00e9cieusement le mot de passe que nous vous fournissons lors de votre r\u00e9servation. Ce mot de passe servira de preuve de r\u00e9servation aupr\u00e8s des diff\u00e9rents prestataires et vous permettra d&#039;utiliser leurs services. Il vous sera demand\u00e9 dans les diff\u00e9rents \u00e9tablissements que vous visiterez.<\/p>\n<p>Cet identifiant suffira.<\/p>\n<p>Pour \u00e9viter d&#039;avoir \u00e0 imprimer ce bon, (veuillez le conserver sur votre t\u00e9l\u00e9phone portable, comme recommand\u00e9)<\/p>\n<p>Vous pouvez choisir entre diff\u00e9rentes formes d&#039;identification\u00a0:<\/p>\n<ul role=\"list\">\n<li>Mot de passe personnel<\/li>\n<li>v\u00e9rification num\u00e9rique<\/li>\n<\/ul>\n<h3>&nbsp;Que dois-je faire si je veux une facture pour mon SENDA\u00a0?<\/h3>\n<p>Vous pouvez demander une facture pour tout produit achet\u00e9 sur notre site web en envoyant un courriel \u00e0 facturas@sendaecoway.com. Veuillez inclure les informations suivantes\u00a0:<\/p>\n<ul role=\"list\">\n<li>Votre localisateur de r\u00e9servation<\/li>\n<li>Nom de la personne ou de l&#039;entreprise \u00e9mettrice de la facture<\/li>\n<li>NIF ou CIF<\/li>\n<li>Adresse compl\u00e8te, y compris le code postal, la ville et la province<\/li>\n<li>Nous vous enverrons la facture par courriel.<\/li>\n<\/ul>\n<h3>&nbsp;Quand ma r\u00e9servation SENDA et la date seront-elles v\u00e9rifi\u00e9es\/confirm\u00e9es\u00a0?<\/h3>\n<p>Vous recevrez une confirmation imm\u00e9diate \u00e0 l&#039;\u00e9cran et par courriel \u00e0 l&#039;adresse que vous avez fournie lors de votre r\u00e9servation. Notre syst\u00e8me de r\u00e9servation g\u00e9n\u00e8re automatiquement un re\u00e7u d&#039;achat d\u00e8s r\u00e9ception du paiement. Ce re\u00e7u contiendra tous les d\u00e9tails de votre r\u00e9servation et votre preuve d&#039;achat.<\/p>\n<p>Il est possible que le service que vous souhaitez r\u00e9server soit complet \u00e0 la date choisie. Dans ce cas, nous vous proposerons d&#039;autres dates ou services.<\/p>\n<h2><strong>P\u00e9riode d&#039;annulation ou de modification<\/strong><\/h2>\n<h3>Comment annuler un SENDA ?<\/h3>\n<p>Contactez-nous par courriel\u00a0: hello@sendaecoway.com<\/p>\n<h3>Combien de temps \u00e0 l&#039;avance puis-je annuler ?<\/h3>\n<p>L&#039;annulation est g\u00e9n\u00e9ralement possible jusqu&#039;\u00e0 72 heures avant l&#039;activit\u00e9. Pour les annulations effectu\u00e9es 72 heures ou moins avant l&#039;activit\u00e9, Senda Ecoway ne proc\u00e9dera \u00e0 aucun remboursement.<\/p>\n<p>Cependant, certaines activit\u00e9s ont des conditions d&#039;annulation diff\u00e9rentes, d\u00e9finies par le prestataire. Vous pouvez consulter ces informations en appelant le +34 696 80 78 61, en envoyant un courriel \u00e0 hello@sendaecoway.com ou en visitant la page d&#039;annulation sur le site web du prestataire.<\/p>\n<p>Les conditions d&#039;annulation varient selon les h\u00e9bergements. Pour plus d&#039;informations, veuillez contacter le prestataire par t\u00e9l\u00e9phone au +34 696 80 78 61, par courriel \u00e0 hello@sendaecoway.com ou consulter la page d\u00e9di\u00e9e aux annulations sur son site web.<\/p>\n<h3>Que se passe-t-il si l&#039;annulation est due \u00e0 des raisons li\u00e9es au prestataire SENDA\u00a0?<\/h3>\n<p>Vous pouvez choisir une autre date pour profiter de votre SENDA<\/p>\n<p>Vous pouvez choisir de changer de chemin<\/p>\n<p>Nous vous rembourserons le montant du SENDA achet\u00e9.<\/p>\n<h3>Puis-je modifier la date de mon SENDA\u00a0?<\/h3>\n<p>Une seule modification est autoris\u00e9e.<\/p>\n<p>Cette modification est soumise \u00e0 disponibilit\u00e9.<\/p>\n<p>Le changement de date doit \u00eatre notifi\u00e9 72 heures \u00e0 l&#039;avance.<\/p>\n<h3>Puis-je changer de chemin ?<\/h3>\n<p>Interdit.<\/p>\n<p>Adresse \u00e9lectronique de contact : hello@sendaecoway.com<\/p>\n<h2>Conditions m\u00e9t\u00e9orologiques<\/h2>\n<p>Il peut arriver, pour la s\u00e9curit\u00e9 de nos clients, que nous soyons contraints de fermer une activit\u00e9 sur un sentier ou un sentier entier. Ces fermetures sont toujours dues \u00e0 des circonstances ind\u00e9pendantes de la volont\u00e9 de SENDA Ecoway, mais justifi\u00e9es.<\/p>\n<p>Dans ce cas, les clients de SENDA pourront choisir\u00a0:<\/p>\n<p>Modifiez la date du SENDA pour l&#039;utiliser \u00e0 n&#039;importe quel autre jour dans les 30 jours suivant la date de r\u00e9servation.<\/p>\n<p>Modifier l&#039;itin\u00e9raire pour un itin\u00e9raire similaire, qui sera d\u00e9termin\u00e9 par le personnel responsable, afin qu&#039;il puisse mener \u00e0 bien son activit\u00e9 \u00e0 la date pr\u00e9vue.<\/p>\n<h2><strong>Plaintes, r\u00e9clamations, opinions, id\u00e9es<\/strong><\/h2>\n<p>Chez Senda, nous agissons en tant qu&#039;interm\u00e9diaires entre les entreprises et les clients finaux. Il incombe donc \u00e0 chacune de nos entreprises partenaires de fournir un service de qualit\u00e9 conforme \u00e0 l&#039;offre d\u00e9crite. \u00c0 cet \u00e9gard, les prestataires de services le long des itin\u00e9raires sont seuls responsables du bon d\u00e9roulement de leurs op\u00e9rations. Toutefois, un registre des r\u00e9clamations est \u00e0 la disposition de nos clients en cas de probl\u00e8me lors de la r\u00e9servation.<\/p>\n<h2>Avez-vous des commentaires concernant la plateforme SENDA et ses services\u00a0?<\/h2>\n<p>Si vous souhaitez nous faire part des services d&#039;interm\u00e9diation fournis par SENDA Ecoway, vous pouvez contacter notre soci\u00e9t\u00e9 via l&#039;un de nos canaux de communication en ligne\u00a0:<\/p>\n<p>Envoyez un e-mail \u00e0 hello@sendaecoway.com<\/p>\n<p>Formulaire Web www.sendaecoway.com<\/p>\n<\/div>\n\n\t\t<\/div>\n\t<\/div>\n<\/div><\/div><\/div><\/div>\n<\/div>","protected":false},"excerpt":{"rendered":"Aviso legal y pol&iacute;tica de privacidad En cumplimiento del art&iacute;culo 10 de la Ley 34\/2002, de 11 de julio, de Servicios de la Sociedad de...","protected":false},"author":2,"featured_media":0,"parent":0,"menu_order":0,"comment_status":"closed","ping_status":"closed","template":"","meta":{"_joinchat":[],"footnotes":""},"class_list":["post-2658","page","type-page","status-publish","hentry"],"yoast_head":"<!-- This site is optimized with the Yoast SEO plugin v27.2 - https:\/\/yoast.com\/product\/yoast-seo-wordpress\/ -->\n<title>Aviso legal - Senda Ecoway<\/title>\n<meta name=\"robots\" content=\"noindex, follow\" \/>\n<meta property=\"og:locale\" content=\"fr_FR\" \/>\n<meta property=\"og:type\" content=\"article\" \/>\n<meta property=\"og:title\" content=\"Aviso legal - Senda Ecoway\" \/>\n<meta property=\"og:url\" content=\"https:\/\/sendaecoway.com\/fr\/avis-juridique\/\" \/>\n<meta property=\"og:site_name\" content=\"Senda Ecoway\" \/>\n<meta property=\"article:publisher\" content=\"https:\/\/www.facebook.com\/sendaecoway\/\" \/>\n<meta property=\"article:modified_time\" content=\"2024-10-09T13:41:19+00:00\" \/>\n<meta property=\"og:image\" content=\"https:\/\/cdn.prod.website-files.com\/61123f605154af93144b1577\/612e3b1f6861002bd8c0a3eb_PLACA-DISTINTIVO-INTERMEDIADOR-TUR%C3%8DSTICO-150x150-1.jpg\" \/>\n<meta name=\"twitter:card\" content=\"summary_large_image\" \/>\n<meta name=\"twitter:label1\" content=\"Dur\u00e9e de lecture estim\u00e9e\" \/>\n\t<meta name=\"twitter:data1\" content=\"9 minutes\" \/>\n<script type=\"application\/ld+json\" class=\"yoast-schema-graph\">{\"@context\":\"https:\/\/schema.org\",\"@graph\":[{\"@type\":\"WebPage\",\"@id\":\"https:\/\/sendaecoway.com\/aviso-legal\/\",\"url\":\"https:\/\/sendaecoway.com\/aviso-legal\/\",\"name\":\"Aviso legal - Senda Ecoway\",\"isPartOf\":{\"@id\":\"https:\/\/sendaecoway.com\/#website\"},\"primaryImageOfPage\":{\"@id\":\"https:\/\/sendaecoway.com\/aviso-legal\/#primaryimage\"},\"image\":{\"@id\":\"https:\/\/sendaecoway.com\/aviso-legal\/#primaryimage\"},\"thumbnailUrl\":\"https:\/\/cdn.prod.website-files.com\/61123f605154af93144b1577\/612e3b1f6861002bd8c0a3eb_PLACA-DISTINTIVO-INTERMEDIADOR-TUR%C3%8DSTICO-150x150-1.jpg\",\"datePublished\":\"2024-10-01T18:02:15+00:00\",\"dateModified\":\"2024-10-09T13:41:19+00:00\",\"breadcrumb\":{\"@id\":\"https:\/\/sendaecoway.com\/aviso-legal\/#breadcrumb\"},\"inLanguage\":\"fr-FR\",\"potentialAction\":[{\"@type\":\"ReadAction\",\"target\":[\"https:\/\/sendaecoway.com\/aviso-legal\/\"]}]},{\"@type\":\"ImageObject\",\"inLanguage\":\"fr-FR\",\"@id\":\"https:\/\/sendaecoway.com\/aviso-legal\/#primaryimage\",\"url\":\"https:\/\/cdn.prod.website-files.com\/61123f605154af93144b1577\/612e3b1f6861002bd8c0a3eb_PLACA-DISTINTIVO-INTERMEDIADOR-TUR%C3%8DSTICO-150x150-1.jpg\",\"contentUrl\":\"https:\/\/cdn.prod.website-files.com\/61123f605154af93144b1577\/612e3b1f6861002bd8c0a3eb_PLACA-DISTINTIVO-INTERMEDIADOR-TUR%C3%8DSTICO-150x150-1.jpg\"},{\"@type\":\"BreadcrumbList\",\"@id\":\"https:\/\/sendaecoway.com\/aviso-legal\/#breadcrumb\",\"itemListElement\":[{\"@type\":\"ListItem\",\"position\":1,\"name\":\"Portada\",\"item\":\"https:\/\/sendaecoway.com\/\"},{\"@type\":\"ListItem\",\"position\":2,\"name\":\"Aviso legal\"}]},{\"@type\":\"WebSite\",\"@id\":\"https:\/\/sendaecoway.com\/#website\",\"url\":\"https:\/\/sendaecoway.com\/\",\"name\":\"Senda Ecoway Experiencias Sostenibles\",\"description\":\"Ofrecemos experiencias personalizadas y sostenibles. Rutas guiadas por gu\u00edas locales y actividades en peque\u00f1os grupos.\",\"publisher\":{\"@id\":\"https:\/\/sendaecoway.com\/#organization\"},\"alternateName\":\"LAS MEJORES EXPERIENCIAS SOSTENIBLES DE ESPA\u00d1A\",\"potentialAction\":[{\"@type\":\"SearchAction\",\"target\":{\"@type\":\"EntryPoint\",\"urlTemplate\":\"https:\/\/sendaecoway.com\/?s={search_term_string}\"},\"query-input\":{\"@type\":\"PropertyValueSpecification\",\"valueRequired\":true,\"valueName\":\"search_term_string\"}}],\"inLanguage\":\"fr-FR\"},{\"@type\":\"Organization\",\"@id\":\"https:\/\/sendaecoway.com\/#organization\",\"name\":\"SENDA ECOWAY\",\"alternateName\":\"LAS MEJORES EXPERIENCIAS SOSTENIBLES DE ESPA\u00d1A\",\"url\":\"https:\/\/sendaecoway.com\/\",\"logo\":{\"@type\":\"ImageObject\",\"inLanguage\":\"fr-FR\",\"@id\":\"https:\/\/sendaecoway.com\/#\/schema\/logo\/image\/\",\"url\":\"https:\/\/sendaecoway.com\/wp-content\/uploads\/2024\/10\/619797bf655bee433c2dff8c_LOGOTIPO-OFICIAL-2-1024x413-1.png\",\"contentUrl\":\"https:\/\/sendaecoway.com\/wp-content\/uploads\/2024\/10\/619797bf655bee433c2dff8c_LOGOTIPO-OFICIAL-2-1024x413-1.png\",\"width\":1024,\"height\":413,\"caption\":\"SENDA ECOWAY\"},\"image\":{\"@id\":\"https:\/\/sendaecoway.com\/#\/schema\/logo\/image\/\"},\"sameAs\":[\"https:\/\/www.facebook.com\/sendaecoway\/\",\"https:\/\/www.instagram.com\/sendaecoway\/\"]}]}<\/script>\n<!-- \/ Yoast SEO plugin. -->","yoast_head_json":{"title":"Mentions l\u00e9gales - Senda Ecoway","robots":{"index":"noindex","follow":"follow"},"og_locale":"fr_FR","og_type":"article","og_title":"Aviso legal - Senda Ecoway","og_url":"https:\/\/sendaecoway.com\/fr\/avis-juridique\/","og_site_name":"Senda Ecoway","article_publisher":"https:\/\/www.facebook.com\/sendaecoway\/","article_modified_time":"2024-10-09T13:41:19+00:00","og_image":[{"url":"https:\/\/cdn.prod.website-files.com\/61123f605154af93144b1577\/612e3b1f6861002bd8c0a3eb_PLACA-DISTINTIVO-INTERMEDIADOR-TUR%C3%8DSTICO-150x150-1.jpg","type":"","width":"","height":""}],"twitter_card":"summary_large_image","twitter_misc":{"Dur\u00e9e de lecture estim\u00e9e":"9 minutes"},"schema":{"@context":"https:\/\/schema.org","@graph":[{"@type":"WebPage","@id":"https:\/\/sendaecoway.com\/aviso-legal\/","url":"https:\/\/sendaecoway.com\/aviso-legal\/","name":"Mentions l\u00e9gales - Senda Ecoway","isPartOf":{"@id":"https:\/\/sendaecoway.com\/#website"},"primaryImageOfPage":{"@id":"https:\/\/sendaecoway.com\/aviso-legal\/#primaryimage"},"image":{"@id":"https:\/\/sendaecoway.com\/aviso-legal\/#primaryimage"},"thumbnailUrl":"https:\/\/cdn.prod.website-files.com\/61123f605154af93144b1577\/612e3b1f6861002bd8c0a3eb_PLACA-DISTINTIVO-INTERMEDIADOR-TUR%C3%8DSTICO-150x150-1.jpg","datePublished":"2024-10-01T18:02:15+00:00","dateModified":"2024-10-09T13:41:19+00:00","breadcrumb":{"@id":"https:\/\/sendaecoway.com\/aviso-legal\/#breadcrumb"},"inLanguage":"fr-FR","potentialAction":[{"@type":"ReadAction","target":["https:\/\/sendaecoway.com\/aviso-legal\/"]}]},{"@type":"ImageObject","inLanguage":"fr-FR","@id":"https:\/\/sendaecoway.com\/aviso-legal\/#primaryimage","url":"https:\/\/cdn.prod.website-files.com\/61123f605154af93144b1577\/612e3b1f6861002bd8c0a3eb_PLACA-DISTINTIVO-INTERMEDIADOR-TUR%C3%8DSTICO-150x150-1.jpg","contentUrl":"https:\/\/cdn.prod.website-files.com\/61123f605154af93144b1577\/612e3b1f6861002bd8c0a3eb_PLACA-DISTINTIVO-INTERMEDIADOR-TUR%C3%8DSTICO-150x150-1.jpg"},{"@type":"BreadcrumbList","@id":"https:\/\/sendaecoway.com\/aviso-legal\/#breadcrumb","itemListElement":[{"@type":"ListItem","position":1,"name":"Portada","item":"https:\/\/sendaecoway.com\/"},{"@type":"ListItem","position":2,"name":"Aviso legal"}]},{"@type":"WebSite","@id":"https:\/\/sendaecoway.com\/#website","url":"https:\/\/sendaecoway.com\/","name":"Exp\u00e9riences durables Senda Ecoway","description":"Nous proposons des exp\u00e9riences personnalis\u00e9es et durables. Itin\u00e9raires guid\u00e9s par des guides locaux et activit\u00e9s en petits groupes.","publisher":{"@id":"https:\/\/sendaecoway.com\/#organization"},"alternateName":"LAS MEJORES EXPERIENCIAS SOSTENIBLES DE ESPA\u00d1A","potentialAction":[{"@type":"SearchAction","target":{"@type":"EntryPoint","urlTemplate":"https:\/\/sendaecoway.com\/?s={search_term_string}"},"query-input":{"@type":"PropertyValueSpecification","valueRequired":true,"valueName":"search_term_string"}}],"inLanguage":"fr-FR"},{"@type":"Organization","@id":"https:\/\/sendaecoway.com\/#organization","name":"ECOWAY SENDA","alternateName":"LAS MEJORES EXPERIENCIAS SOSTENIBLES DE ESPA\u00d1A","url":"https:\/\/sendaecoway.com\/","logo":{"@type":"ImageObject","inLanguage":"fr-FR","@id":"https:\/\/sendaecoway.com\/#\/schema\/logo\/image\/","url":"https:\/\/sendaecoway.com\/wp-content\/uploads\/2024\/10\/619797bf655bee433c2dff8c_LOGOTIPO-OFICIAL-2-1024x413-1.png","contentUrl":"https:\/\/sendaecoway.com\/wp-content\/uploads\/2024\/10\/619797bf655bee433c2dff8c_LOGOTIPO-OFICIAL-2-1024x413-1.png","width":1024,"height":413,"caption":"SENDA ECOWAY"},"image":{"@id":"https:\/\/sendaecoway.com\/#\/schema\/logo\/image\/"},"sameAs":["https:\/\/www.facebook.com\/sendaecoway\/","https:\/\/www.instagram.com\/sendaecoway\/"]}]}},"_links":{"self":[{"href":"https:\/\/sendaecoway.com\/fr\/wp-json\/wp\/v2\/pages\/2658","targetHints":{"allow":["GET"]}}],"collection":[{"href":"https:\/\/sendaecoway.com\/fr\/wp-json\/wp\/v2\/pages"}],"about":[{"href":"https:\/\/sendaecoway.com\/fr\/wp-json\/wp\/v2\/types\/page"}],"author":[{"embeddable":true,"href":"https:\/\/sendaecoway.com\/fr\/wp-json\/wp\/v2\/users\/2"}],"replies":[{"embeddable":true,"href":"https:\/\/sendaecoway.com\/fr\/wp-json\/wp\/v2\/comments?post=2658"}],"version-history":[{"count":2,"href":"https:\/\/sendaecoway.com\/fr\/wp-json\/wp\/v2\/pages\/2658\/revisions"}],"predecessor-version":[{"id":2660,"href":"https:\/\/sendaecoway.com\/fr\/wp-json\/wp\/v2\/pages\/2658\/revisions\/2660"}],"wp:attachment":[{"href":"https:\/\/sendaecoway.com\/fr\/wp-json\/wp\/v2\/media?parent=2658"}],"curies":[{"name":"wp","href":"https:\/\/api.w.org\/{rel}","templated":true}]}}