{"id":1591,"date":"2024-09-25T19:59:11","date_gmt":"2024-09-25T19:59:11","guid":{"rendered":"https:\/\/sendaecoway.com\/?page_id=1591"},"modified":"2024-12-10T15:07:00","modified_gmt":"2024-12-10T15:07:00","slug":"a-propos-de-nous","status":"publish","type":"page","link":"https:\/\/sendaecoway.com\/fr\/sobre-nosotros\/","title":{"rendered":"A propos de nous"},"content":{"rendered":"<div class=\"wpb-content-wrapper\"><div data-vc-full-width=\"true\" data-vc-full-width-init=\"false\" class=\"vc_row wpb_row vc_row-fluid vc_custom_1727294596741 vc_row-has-fill et_custom_uniqid_new_66f46c7574a61 mpc-row\"><div class=\"wpb_column vc_column_container vc_col-sm-12 et_custom_uniqid_69debbd8854c6 mpc-column\" data-column-id=\"mpc_column-1269debbdac23a4\"><div class=\"vc_column-inner\"><div class=\"wpb_wrapper\"><div class=\"vc_row wpb_row vc_inner vc_row-fluid et_custom_uniqid_69debbd885473 mpc-row\"><div class=\"wpb_column vc_column_container vc_col-sm-12 et_custom_uniqid_69debbd8854cd mpc-column\" data-column-id=\"mpc_column-8669debbdac2204\"><div class=\"vc_column-inner\"><div class=\"wpb_wrapper\"><p style=\"font-size: 20px;color: #ffffff;text-align: left\" class=\"vc_custom_heading vc_do_custom_heading\">ECOWAY SENDA<\/p><h2 style=\"font-size: 70px;color: #ffffff;text-align: left\" class=\"vc_custom_heading vc_do_custom_heading vc_custom_1733842658643\">A propos de nous<\/h2><div class=\"vc_btn3-container vc_btn3-inline vc_do_btn align-inline\"><a class=\"vc_general vc_btn3 vc_btn3-size-md vc_btn3-shape-round vc_btn3-style-outline vc_btn3-color-white align-inline\" href=\"https:\/\/sendaecoway.com\/fr\/contact\/\" title=\"\">Contactez-nous<\/a><\/div><\/div><\/div><\/div><\/div><\/div><\/div><\/div><\/div><div class=\"vc_row-full-width vc_clearfix\"><\/div><div data-vc-full-width=\"true\" data-vc-full-width-init=\"false\" class=\"vc_row wpb_row vc_row-fluid vc_custom_1727297927401 vc_row-has-fill et_custom_uniqid_new_66f479816c23a mpc-row\"><div class=\"wpb_column vc_column_container vc_col-sm-12 et_custom_uniqid_69debbd8854c6 mpc-column\" data-column-id=\"mpc_column-1769debbdac3d4c\"><div class=\"vc_column-inner\"><div class=\"wpb_wrapper\"><div class=\"vc_row wpb_row vc_inner vc_row-fluid vc_custom_1726063748427 et_custom_uniqid_new_66e1a47ea5d12 mpc-row\"><div class=\"wpb_column vc_column_container vc_col-sm-12 et_custom_uniqid_new_66992fd876283 mpc-column\" data-column-id=\"mpc_column-8369debbdac2bc6\"><div class=\"vc_column-inner\"><div class=\"wpb_wrapper\"><p style=\"font-size: 20px;color: #bcd1cb;text-align: center\" class=\"vc_custom_heading vc_do_custom_heading vc_custom_1727294652543\">SUR LA VOIE \u00c9COLOGIQUE<\/p><h2 style=\"font-size: 40px;color: #1e1e1e;text-align: center\" class=\"vc_custom_heading vc_do_custom_heading vc_custom_1727294660148\">Bien plus qu&#039;une simple agence de voyages et d&#039;exp\u00e9riences<\/h2>\n\t<div class=\"wpb_text_column wpb_content_element\">\n\t\t<div class=\"wpb_wrapper\">\n\t\t\t<p style=\"text-align: center;\"><span style=\"font-weight: 400;\">Nous sommes Lola et Laura, les fondatrices de <a href=\"https:\/\/sendaecoway.com\/fr\/\">Chemin d'Ecoway<\/a>. Notre objectif est de promouvoir <\/span><a href=\"https:\/\/sendaecoway.com\/fr\/blog\/en-quoi-consiste-le-tourisme-dauteurs\/\"><span style=\"font-weight: 400;\">tourisme embl\u00e9matique<\/span><\/a><span style=\"font-weight: 400;\">, Nous concevons des sentiers uniques qui refl\u00e8tent la cr\u00e9ativit\u00e9 et la passion de notre \u00e9quipe. Nous cr\u00e9ons des exp\u00e9riences authentiques, loin du tourisme de masse, o\u00f9 durabilit\u00e9 et plaisir sont au c\u0153ur de nos priorit\u00e9s.<\/span><\/p>\n\n\t\t<\/div>\n\t<\/div>\n<\/div><\/div><\/div><\/div><div class=\"vc_row wpb_row vc_inner vc_row-fluid vc_column-gap-20 vc_row-o-equal-height vc_row-flex et_custom_uniqid_new_66f4798b6b284 mpc-row\"><div class=\"wpb_column vc_column_container vc_col-sm-3 et_custom_uniqid_69debbd8854cd mpc-column\" data-column-id=\"mpc_column-2769debbdac2eb0\"><div class=\"vc_column-inner\"><div class=\"wpb_wrapper\"><\/div><\/div><\/div><div class=\"wpb_column vc_column_container vc_col-sm-3 et_custom_uniqid_new_66f475ce3b382 mpc-column\" data-column-id=\"mpc_column-1469debbdac3428\"><div class=\"vc_column-inner\"><div class=\"wpb_wrapper\">\n\t<div class=\"wpb_single_image wpb_content_element vc_align_center wpb_content_element vc_custom_1727351281190\">\n\t\t\n\t\t<figure class=\"wpb_wrapper vc_figure\">\n\t\t\t<div class=\"vc_single_image-wrapper   vc_box_border_grey\"><img fetchpriority=\"high\" decoding=\"async\" width=\"461\" height=\"340\" src=\"https:\/\/sendaecoway.com\/wp-content\/uploads\/2024\/09\/image-22.jpg\" class=\"vc_single_image-img attachment-full\" alt=\"\" title=\"Image 22\" srcset=\"https:\/\/sendaecoway.com\/wp-content\/uploads\/2024\/09\/image-22.jpg 461w, https:\/\/sendaecoway.com\/wp-content\/uploads\/2024\/09\/image-22-300x221.jpg 300w, https:\/\/sendaecoway.com\/wp-content\/uploads\/2024\/09\/image-22-10x7.jpg 10w\" sizes=\"(max-width: 461px) 100vw, 461px\"><\/div>\n\t\t<\/figure>\n\t<\/div>\n\n\t<div class=\"wpb_text_column wpb_content_element\">\n\t\t<div class=\"wpb_wrapper\">\n\t\t\t<p style=\"text-align: center;\"><a href=\"https:\/\/es.linkedin.com\/in\/lola-r-de-azero-tabares-101b758?trk=public_post_feed-actor-name\"><strong><span style=\"color: #98c7b9; font-size: 20px;\">Lola Rodriguez de Azero Tabares<\/span><\/strong><\/a><\/p>\n<p style=\"text-align: center;\">PDG et fondateur<\/p>\n\n\t\t<\/div>\n\t<\/div>\n<\/div><\/div><\/div><div class=\"wpb_column vc_column_container vc_col-sm-3 et_custom_uniqid_new_66f475d8db9d3 mpc-column\" data-column-id=\"mpc_column-9269debbdac38c9\"><div class=\"vc_column-inner\"><div class=\"wpb_wrapper\">\n\t<div class=\"wpb_single_image wpb_content_element vc_align_center wpb_content_element vc_custom_1727351287150\">\n\t\t\n\t\t<figure class=\"wpb_wrapper vc_figure\">\n\t\t\t<div class=\"vc_single_image-wrapper   vc_box_border_grey\"><img decoding=\"async\" width=\"460\" height=\"340\" src=\"https:\/\/sendaecoway.com\/wp-content\/uploads\/2024\/09\/image-1.jpg\" class=\"vc_single_image-img attachment-full\" alt=\"\" title=\"image (1)\" srcset=\"https:\/\/sendaecoway.com\/wp-content\/uploads\/2024\/09\/image-1.jpg 460w, https:\/\/sendaecoway.com\/wp-content\/uploads\/2024\/09\/image-1-300x222.jpg 300w, https:\/\/sendaecoway.com\/wp-content\/uploads\/2024\/09\/image-1-10x7.jpg 10w\" sizes=\"(max-width: 460px) 100vw, 460px\"><\/div>\n\t\t<\/figure>\n\t<\/div>\n\n\t<div class=\"wpb_text_column wpb_content_element\">\n\t\t<div class=\"wpb_wrapper\">\n\t\t\t<p style=\"text-align: center;\"><a href=\"https:\/\/es.linkedin.com\/in\/laura-%C3%A1lvarez-torres-306565b2\"><strong><span style=\"color: #98c7b9; font-size: 20px;\">Laura \u00c1lvarez Torres<\/span><\/strong><\/a><\/p>\n<p style=\"text-align: center;\">Chef de produit et<br>\nGuide officiel du gouvernement des \u00eeles Canaries<\/p>\n\n\t\t<\/div>\n\t<\/div>\n<\/div><\/div><\/div><div class=\"wpb_column vc_column_container vc_col-sm-3 et_custom_uniqid_69debbd8854cd mpc-column\" data-column-id=\"mpc_column-1469debbdac3a05\"><div class=\"vc_column-inner\"><div class=\"wpb_wrapper\"><\/div><\/div><\/div><\/div><\/div><\/div><\/div><\/div><div class=\"vc_row-full-width vc_clearfix\"><\/div><div class=\"vc_row wpb_row vc_row-fluid et_custom_uniqid_69debbd8854f4 mpc-row\"><div class=\"wpb_column vc_column_container vc_col-sm-12 et_custom_uniqid_69debbd8854c6 mpc-column\" data-column-id=\"mpc_column-7269debbdac6221\"><div class=\"vc_column-inner\"><div class=\"wpb_wrapper\"><div class=\"vc_row wpb_row vc_inner vc_row-fluid vc_column-gap-35 et_custom_uniqid_new_66f479cd5a1dc mpc-row\"><div class=\"wpb_column vc_column_container vc_col-sm-6 et_custom_uniqid_69debbd8854cd mpc-column\" data-column-id=\"mpc_column-669debbdac47f8\"><div class=\"vc_column-inner\"><div class=\"wpb_wrapper\">\n\t<div class=\"wpb_single_image wpb_content_element vc_align_left wpb_content_element\">\n\t\t\n\t\t<figure class=\"wpb_wrapper vc_figure\">\n\t\t\t<div class=\"vc_single_image-wrapper   vc_box_border_grey\"><img decoding=\"async\" width=\"645\" height=\"434\" src=\"https:\/\/sendaecoway.com\/wp-content\/uploads\/2024\/09\/preguntas-frecuentes-home-senda-01.png\" class=\"vc_single_image-img attachment-full\" alt=\"\" title=\"questions-fr\u00e9quentes-accueil-senda-01\" srcset=\"https:\/\/sendaecoway.com\/wp-content\/uploads\/2024\/09\/preguntas-frecuentes-home-senda-01.png 645w, https:\/\/sendaecoway.com\/wp-content\/uploads\/2024\/09\/preguntas-frecuentes-home-senda-01-300x202.png 300w, https:\/\/sendaecoway.com\/wp-content\/uploads\/2024\/09\/preguntas-frecuentes-home-senda-01-600x404.png 600w, https:\/\/sendaecoway.com\/wp-content\/uploads\/2024\/09\/preguntas-frecuentes-home-senda-01-10x7.png 10w\" sizes=\"(max-width: 645px) 100vw, 645px\"><\/div>\n\t\t<\/figure>\n\t<\/div>\n<\/div><\/div><\/div><div class=\"wpb_column vc_column_container vc_col-sm-6 et_custom_uniqid_new_66f4799f270c4 mpc-column\" data-column-id=\"mpc_column-869debbdac4bdd\"><div class=\"vc_column-inner vc_custom_1727297957361\"><div class=\"wpb_wrapper\"><p style=\"font-size: 21px;color: #539796;text-align: left\" class=\"vc_custom_heading vc_do_custom_heading vc_custom_1727297192619\">SUR LA VOIE \u00c9COLOGIQUE<\/p><h2 style=\"font-size: 40px;color: #1e1e1e;text-align: left\" class=\"vc_custom_heading vc_do_custom_heading vc_custom_1727297197609\">Notre engagement<\/h2>\n\t<div class=\"wpb_text_column wpb_content_element vc_custom_1733842948848\">\n\t\t<div class=\"wpb_wrapper\">\n\t\t\t<p><span style=\"font-weight: 400;\">Chez Senda Ecoway, nous sommes n\u00e9s avec un objectif clair\u00a0: offrir des exp\u00e9riences uniques \u00e0 nos \u00e9co-voyageurs, loin du tourisme de masse qui affecte l\u2019environnement, l\u2019activit\u00e9 touristique et les communaut\u00e9s locales.<\/span><\/p>\n<p><span style=\"font-weight: 400;\">Notre objectif est de promouvoir un tourisme sur mesure, en cr\u00e9ant des aventures authentiques pour les voyageurs engag\u00e9s envers\u2026 <\/span><a href=\"https:\/\/sendaecoway.com\/fr\/notre-durabilite\/\"><span style=\"font-weight: 400;\">la durabilit\u00e9<\/span><\/a><span style=\"font-weight: 400;\">, qui cherchent \u00e0 se connecter \u00e0 la culture et \u00e0 la nature de chaque destination d&#039;une mani\u00e8re unique et responsable.<\/span><\/p>\n\n\t\t<\/div>\n\t<\/div>\n<\/div><\/div><\/div><\/div><div class=\"vc_row wpb_row vc_inner vc_row-fluid vc_column-gap-35 et_custom_uniqid_new_66f479d6de33a mpc-row\"><div class=\"wpb_column vc_column_container vc_col-sm-6 et_custom_uniqid_new_66f479aa75178 mpc-column\" data-column-id=\"mpc_column-8769debbdac517a\"><div class=\"vc_column-inner vc_custom_1727297970681\"><div class=\"wpb_wrapper\"><p style=\"font-size: 21px;color: #539796;text-align: left\" class=\"vc_custom_heading vc_do_custom_heading vc_custom_1727297219507\">SUR LA VOIE \u00c9COLOGIQUE<\/p><h2 style=\"font-size: 40px;color: #1e1e1e;text-align: left\" class=\"vc_custom_heading vc_do_custom_heading vc_custom_1727297224969\">Exp\u00e9riences uniques<br>\ncon\u00e7u pour vous<\/h2>\n\t<div class=\"wpb_text_column wpb_content_element vc_custom_1733842928937\">\n\t\t<div class=\"wpb_wrapper\">\n\t\t\t<p><span style=\"font-weight: 400;\">Nous avan\u00e7ons avec la certitude qu&#039;un tourisme durable est possible. Notre engagement envers un tourisme personnalis\u00e9 nous pousse \u00e0 concevoir <\/span><a href=\"https:\/\/sendaecoway.com\/fr\/experiences\/\"><span style=\"font-weight: 400;\">exp\u00e9riences<\/span><\/a><span style=\"font-weight: 400;\"> Authentiques et responsables, toujours soucieux de cr\u00e9er un lien v\u00e9ritable entre les voyageurs, la culture et la nature de chaque destination.<\/span><\/p>\n\n\t\t<\/div>\n\t<\/div>\n<\/div><\/div><\/div><div class=\"wpb_column vc_column_container vc_col-sm-6 et_custom_uniqid_69debbd8854cd mpc-column\" data-column-id=\"mpc_column-3669debbdac5500\"><div class=\"vc_column-inner\"><div class=\"wpb_wrapper\">\n\t<div class=\"wpb_single_image wpb_content_element vc_align_left wpb_content_element\">\n\t\t\n\t\t<figure class=\"wpb_wrapper vc_figure\">\n\t\t\t<div class=\"vc_single_image-wrapper   vc_box_border_grey\"><img loading=\"lazy\" decoding=\"async\" width=\"645\" height=\"434\" src=\"https:\/\/sendaecoway.com\/wp-content\/uploads\/2024\/09\/preguntas-frecuentes-home-senda-01-1.png\" class=\"vc_single_image-img attachment-full\" alt=\"\" title=\"questions-fr\u00e9quentes-accueil-senda-01 (1)\" srcset=\"https:\/\/sendaecoway.com\/wp-content\/uploads\/2024\/09\/preguntas-frecuentes-home-senda-01-1.png 645w, https:\/\/sendaecoway.com\/wp-content\/uploads\/2024\/09\/preguntas-frecuentes-home-senda-01-1-300x202.png 300w, https:\/\/sendaecoway.com\/wp-content\/uploads\/2024\/09\/preguntas-frecuentes-home-senda-01-1-600x404.png 600w, https:\/\/sendaecoway.com\/wp-content\/uploads\/2024\/09\/preguntas-frecuentes-home-senda-01-1-10x7.png 10w\" sizes=\"(max-width: 645px) 100vw, 645px\"><\/div>\n\t\t<\/figure>\n\t<\/div>\n<\/div><\/div><\/div><\/div><div class=\"vc_row wpb_row vc_inner vc_row-fluid vc_column-gap-35 et_custom_uniqid_new_66f479ded6501 mpc-row\"><div class=\"wpb_column vc_column_container vc_col-sm-6 et_custom_uniqid_69debbd8854cd mpc-column\" data-column-id=\"mpc_column-3869debbdac5ae4\"><div class=\"vc_column-inner\"><div class=\"wpb_wrapper\">\n\t<div class=\"wpb_single_image wpb_content_element vc_align_left wpb_content_element\">\n\t\t\n\t\t<figure class=\"wpb_wrapper vc_figure\">\n\t\t\t<div class=\"vc_single_image-wrapper   vc_box_border_grey\"><img loading=\"lazy\" decoding=\"async\" width=\"645\" height=\"434\" src=\"https:\/\/sendaecoway.com\/wp-content\/uploads\/2024\/09\/preguntas-frecuentes-home-senda-01-2.png\" class=\"vc_single_image-img attachment-full\" alt=\"\" title=\"questions-fr\u00e9quentes-accueil-senda-01 (2)\" srcset=\"https:\/\/sendaecoway.com\/wp-content\/uploads\/2024\/09\/preguntas-frecuentes-home-senda-01-2.png 645w, https:\/\/sendaecoway.com\/wp-content\/uploads\/2024\/09\/preguntas-frecuentes-home-senda-01-2-300x202.png 300w, https:\/\/sendaecoway.com\/wp-content\/uploads\/2024\/09\/preguntas-frecuentes-home-senda-01-2-600x404.png 600w, https:\/\/sendaecoway.com\/wp-content\/uploads\/2024\/09\/preguntas-frecuentes-home-senda-01-2-10x7.png 10w\" sizes=\"(max-width: 645px) 100vw, 645px\"><\/div>\n\t\t<\/figure>\n\t<\/div>\n<\/div><\/div><\/div><div class=\"wpb_column vc_column_container vc_col-sm-6 et_custom_uniqid_new_66f479b5ba2c1 mpc-column\" data-column-id=\"mpc_column-6569debbdac5ebb\"><div class=\"vc_column-inner vc_custom_1727297978162\"><div class=\"wpb_wrapper\"><p style=\"font-size: 21px;color: #539796;text-align: left\" class=\"vc_custom_heading vc_do_custom_heading vc_custom_1727297295834\">SUR LA VOIE \u00c9COLOGIQUE<\/p><h2 style=\"font-size: 40px;color: #1e1e1e;text-align: left\" class=\"vc_custom_heading vc_do_custom_heading vc_custom_1733842973006\">tourisme durable<\/h2>\n\t<div class=\"wpb_text_column wpb_content_element vc_custom_1733842990422\">\n\t\t<div class=\"wpb_wrapper\">\n\t\t\t<p><span style=\"font-weight: 400;\">Chez Senda Ecoway, nous \u0153uvrons depuis des ann\u00e9es \u00e0 conjuguer durabilit\u00e9 environnementale, satisfaction des voyageurs les plus exigeants et d\u00e9veloppement local. Cet engagement a \u00e9t\u00e9 r\u00e9compens\u00e9 par d&#039;importantes distinctions, telles que\u2026 <\/span><a href=\"https:\/\/sendaecoway.com\/fr\/blog\/senda-recoit-le-prix-du-tourisme-durable\/\"><span style=\"font-weight: 400;\">Prix des bonnes pratiques en mati\u00e8re de tourisme durable<\/span><\/a><span style=\"font-weight: 400;\">, d\u00e9cern\u00e9 par Turismo de Tenerife en 2018, et le certificat <\/span><b>Des entreprises plus durables<\/b><span style=\"font-weight: 400;\">, accord\u00e9 par le Cabildo de Tenerife et le <\/span><a href=\"https:\/\/www.camaratenerife.com\/\"><span style=\"font-weight: 400;\">Chambre de Commerce de Santa Cruz de Tenerife<\/span><\/a><span style=\"font-weight: 400;\">.<\/span><\/p>\n\n\t\t<\/div>\n\t<\/div>\n<\/div><\/div><\/div><\/div><\/div><\/div><\/div><\/div><div data-vc-full-width=\"true\" data-vc-full-width-init=\"false\" class=\"vc_row wpb_row vc_row-fluid vc_custom_1723043972080 vc_row-has-fill et_custom_uniqid_new_66b3907ca0b3b mpc-row\"><div class=\"wpb_column vc_column_container vc_col-sm-12 et_custom_uniqid_69debbd8854c6 mpc-column\" data-column-id=\"mpc_column-9769debbdac6f7f\"><div class=\"vc_column-inner\"><div class=\"wpb_wrapper\"><div class=\"vc_row wpb_row vc_inner vc_row-fluid vc_custom_1724782821053 vc_row-has-fill et_custom_uniqid_new_66ce18dfb5534 mpc-row\"><div class=\"wpb_column vc_column_container vc_col-sm-12 vc_col-has-fill et_custom_uniqid_new_66f4772e0eae1 mpc-column\" data-column-id=\"mpc_column-6169debbdac6dfe\"><div class=\"vc_column-inner vc_custom_1727297339192\"><div class=\"wpb_wrapper\"><h2 style=\"font-size: 59px;color: #ffffff;text-align: left\" class=\"vc_custom_heading vc_do_custom_heading vc_custom_1727297444162\">Ils parlent de nous<\/h2>\n\t<div class=\"wpb_text_column wpb_content_element vc_custom_1727297454273\">\n\t\t<div class=\"wpb_wrapper\">\n\t\t\t<p><span style=\"color: #ffffff;\">Un recueil d&#039;informations sur les principaux \u00e9v\u00e9nements auxquels nous avons particip\u00e9.<\/span><\/p>\n\n\t\t<\/div>\n\t<\/div>\n<div class=\"vc_btn3-container vc_btn3-left vc_custom_1727298337160 vc_do_btn align-left\"><a class=\"vc_general vc_btn3 vc_btn3-size-md vc_btn3-shape-round vc_btn3-style-outline vc_btn3-color-white align-left\" href=\"https:\/\/sendaecoway.com\/fr\/contact\/\" title=\"\">Plus d'informations<\/a><\/div><\/div><\/div><\/div><\/div><\/div><\/div><\/div><\/div><div class=\"vc_row-full-width vc_clearfix\"><\/div>\n<\/div>","protected":false},"excerpt":{"rendered":"SENDA ECOWAYSobre nosotrosContactanosSOBRE SENDA ECOWAYM&aacute;s que una agencia de experiencias y viajes Somos Lola y Laura, las fundadoras de Senda Ecoway. Nuestro prop&oacute;sito es fomentar...","protected":false},"author":2,"featured_media":0,"parent":0,"menu_order":0,"comment_status":"closed","ping_status":"closed","template":"","meta":{"_joinchat":[],"footnotes":""},"class_list":["post-1591","page","type-page","status-publish","hentry"],"yoast_head":"<!-- This site is optimized with the Yoast SEO plugin v27.2 - https:\/\/yoast.com\/product\/yoast-seo-wordpress\/ -->\n<title>Sobre nosotros | Senda Ecoway<\/title>\n<meta name=\"description\" content=\"Descubre m\u00e1s sobre nosotros: Senda Ecoway. Conectamos personas con la naturaleza a trav\u00e9s de experiencias sostenibles en Canarias y Espa\u00f1a.\" \/>\n<meta name=\"robots\" content=\"index, follow, max-snippet:-1, max-image-preview:large, max-video-preview:-1\" \/>\n<link rel=\"canonical\" href=\"https:\/\/sendaecoway.com\/fr\/a-propos-de-nous\/\" \/>\n<meta property=\"og:locale\" content=\"fr_FR\" \/>\n<meta property=\"og:type\" content=\"article\" \/>\n<meta property=\"og:title\" content=\"Sobre nosotros | Senda Ecoway\" \/>\n<meta property=\"og:description\" content=\"Descubre m\u00e1s sobre nosotros: Senda Ecoway. Conectamos personas con la naturaleza a trav\u00e9s de experiencias sostenibles en Canarias y Espa\u00f1a.\" \/>\n<meta property=\"og:url\" content=\"https:\/\/sendaecoway.com\/fr\/a-propos-de-nous\/\" \/>\n<meta property=\"og:site_name\" content=\"Senda Ecoway\" \/>\n<meta property=\"article:publisher\" content=\"https:\/\/www.facebook.com\/sendaecoway\/\" \/>\n<meta property=\"article:modified_time\" content=\"2024-12-10T15:07:00+00:00\" \/>\n<meta property=\"og:image\" content=\"https:\/\/sendaecoway.com\/wp-content\/uploads\/2024\/10\/619797bf655bee433c2dff8c_LOGOTIPO-OFICIAL-2-1024x413-1.png\" \/>\n\t<meta property=\"og:image:width\" content=\"1024\" \/>\n\t<meta property=\"og:image:height\" content=\"413\" \/>\n\t<meta property=\"og:image:type\" content=\"image\/png\" \/>\n<meta name=\"twitter:card\" content=\"summary_large_image\" \/>\n<meta name=\"twitter:label1\" content=\"Dur\u00e9e de lecture estim\u00e9e\" \/>\n\t<meta name=\"twitter:data1\" content=\"4 minutes\" \/>\n<script type=\"application\/ld+json\" class=\"yoast-schema-graph\">{\"@context\":\"https:\/\/schema.org\",\"@graph\":[{\"@type\":\"WebPage\",\"@id\":\"https:\/\/sendaecoway.com\/sobre-nosotros\/\",\"url\":\"https:\/\/sendaecoway.com\/sobre-nosotros\/\",\"name\":\"Sobre nosotros | Senda Ecoway\",\"isPartOf\":{\"@id\":\"https:\/\/sendaecoway.com\/#website\"},\"datePublished\":\"2024-09-25T19:59:11+00:00\",\"dateModified\":\"2024-12-10T15:07:00+00:00\",\"description\":\"Descubre m\u00e1s sobre nosotros: Senda Ecoway. Conectamos personas con la naturaleza a trav\u00e9s de experiencias sostenibles en Canarias y Espa\u00f1a.\",\"breadcrumb\":{\"@id\":\"https:\/\/sendaecoway.com\/sobre-nosotros\/#breadcrumb\"},\"inLanguage\":\"fr-FR\",\"potentialAction\":[{\"@type\":\"ReadAction\",\"target\":[\"https:\/\/sendaecoway.com\/sobre-nosotros\/\"]}]},{\"@type\":\"BreadcrumbList\",\"@id\":\"https:\/\/sendaecoway.com\/sobre-nosotros\/#breadcrumb\",\"itemListElement\":[{\"@type\":\"ListItem\",\"position\":1,\"name\":\"Portada\",\"item\":\"https:\/\/sendaecoway.com\/\"},{\"@type\":\"ListItem\",\"position\":2,\"name\":\"Sobre nosotros\"}]},{\"@type\":\"WebSite\",\"@id\":\"https:\/\/sendaecoway.com\/#website\",\"url\":\"https:\/\/sendaecoway.com\/\",\"name\":\"Senda Ecoway Experiencias Sostenibles\",\"description\":\"Ofrecemos experiencias personalizadas y sostenibles. Rutas guiadas por gu\u00edas locales y actividades en peque\u00f1os grupos.\",\"publisher\":{\"@id\":\"https:\/\/sendaecoway.com\/#organization\"},\"alternateName\":\"LAS MEJORES EXPERIENCIAS SOSTENIBLES DE ESPA\u00d1A\",\"potentialAction\":[{\"@type\":\"SearchAction\",\"target\":{\"@type\":\"EntryPoint\",\"urlTemplate\":\"https:\/\/sendaecoway.com\/?s={search_term_string}\"},\"query-input\":{\"@type\":\"PropertyValueSpecification\",\"valueRequired\":true,\"valueName\":\"search_term_string\"}}],\"inLanguage\":\"fr-FR\"},{\"@type\":\"Organization\",\"@id\":\"https:\/\/sendaecoway.com\/#organization\",\"name\":\"SENDA ECOWAY\",\"alternateName\":\"LAS MEJORES EXPERIENCIAS SOSTENIBLES DE ESPA\u00d1A\",\"url\":\"https:\/\/sendaecoway.com\/\",\"logo\":{\"@type\":\"ImageObject\",\"inLanguage\":\"fr-FR\",\"@id\":\"https:\/\/sendaecoway.com\/#\/schema\/logo\/image\/\",\"url\":\"https:\/\/sendaecoway.com\/wp-content\/uploads\/2024\/10\/619797bf655bee433c2dff8c_LOGOTIPO-OFICIAL-2-1024x413-1.png\",\"contentUrl\":\"https:\/\/sendaecoway.com\/wp-content\/uploads\/2024\/10\/619797bf655bee433c2dff8c_LOGOTIPO-OFICIAL-2-1024x413-1.png\",\"width\":1024,\"height\":413,\"caption\":\"SENDA ECOWAY\"},\"image\":{\"@id\":\"https:\/\/sendaecoway.com\/#\/schema\/logo\/image\/\"},\"sameAs\":[\"https:\/\/www.facebook.com\/sendaecoway\/\",\"https:\/\/www.instagram.com\/sendaecoway\/\"]}]}<\/script>\n<!-- \/ Yoast SEO plugin. -->","yoast_head_json":{"title":"\u00c0 propos de nous | Senda Ecoway","description":"D\u00e9couvrez-en plus sur nous\u00a0: Senda Ecoway. Nous mettons en relation les gens avec la nature gr\u00e2ce \u00e0 des exp\u00e9riences durables aux \u00eeles Canaries et en Espagne.","robots":{"index":"index","follow":"follow","max-snippet":"max-snippet:-1","max-image-preview":"max-image-preview:large","max-video-preview":"max-video-preview:-1"},"canonical":"https:\/\/sendaecoway.com\/fr\/a-propos-de-nous\/","og_locale":"fr_FR","og_type":"article","og_title":"Sobre nosotros | Senda Ecoway","og_description":"Descubre m\u00e1s sobre nosotros: Senda Ecoway. Conectamos personas con la naturaleza a trav\u00e9s de experiencias sostenibles en Canarias y Espa\u00f1a.","og_url":"https:\/\/sendaecoway.com\/fr\/a-propos-de-nous\/","og_site_name":"Senda Ecoway","article_publisher":"https:\/\/www.facebook.com\/sendaecoway\/","article_modified_time":"2024-12-10T15:07:00+00:00","og_image":[{"width":1024,"height":413,"url":"https:\/\/sendaecoway.com\/wp-content\/uploads\/2024\/10\/619797bf655bee433c2dff8c_LOGOTIPO-OFICIAL-2-1024x413-1.png","type":"image\/png"}],"twitter_card":"summary_large_image","twitter_misc":{"Dur\u00e9e de lecture estim\u00e9e":"4 minutes"},"schema":{"@context":"https:\/\/schema.org","@graph":[{"@type":"WebPage","@id":"https:\/\/sendaecoway.com\/sobre-nosotros\/","url":"https:\/\/sendaecoway.com\/sobre-nosotros\/","name":"\u00c0 propos de nous | Senda Ecoway","isPartOf":{"@id":"https:\/\/sendaecoway.com\/#website"},"datePublished":"2024-09-25T19:59:11+00:00","dateModified":"2024-12-10T15:07:00+00:00","description":"D\u00e9couvrez-en plus sur nous\u00a0: Senda Ecoway. Nous mettons en relation les gens avec la nature gr\u00e2ce \u00e0 des exp\u00e9riences durables aux \u00eeles Canaries et en Espagne.","breadcrumb":{"@id":"https:\/\/sendaecoway.com\/sobre-nosotros\/#breadcrumb"},"inLanguage":"fr-FR","potentialAction":[{"@type":"ReadAction","target":["https:\/\/sendaecoway.com\/sobre-nosotros\/"]}]},{"@type":"BreadcrumbList","@id":"https:\/\/sendaecoway.com\/sobre-nosotros\/#breadcrumb","itemListElement":[{"@type":"ListItem","position":1,"name":"Portada","item":"https:\/\/sendaecoway.com\/"},{"@type":"ListItem","position":2,"name":"Sobre nosotros"}]},{"@type":"WebSite","@id":"https:\/\/sendaecoway.com\/#website","url":"https:\/\/sendaecoway.com\/","name":"Exp\u00e9riences durables Senda Ecoway","description":"Nous proposons des exp\u00e9riences personnalis\u00e9es et durables. Itin\u00e9raires guid\u00e9s par des guides locaux et activit\u00e9s en petits groupes.","publisher":{"@id":"https:\/\/sendaecoway.com\/#organization"},"alternateName":"LAS MEJORES EXPERIENCIAS SOSTENIBLES DE ESPA\u00d1A","potentialAction":[{"@type":"SearchAction","target":{"@type":"EntryPoint","urlTemplate":"https:\/\/sendaecoway.com\/?s={search_term_string}"},"query-input":{"@type":"PropertyValueSpecification","valueRequired":true,"valueName":"search_term_string"}}],"inLanguage":"fr-FR"},{"@type":"Organization","@id":"https:\/\/sendaecoway.com\/#organization","name":"ECOWAY SENDA","alternateName":"LAS MEJORES EXPERIENCIAS SOSTENIBLES DE ESPA\u00d1A","url":"https:\/\/sendaecoway.com\/","logo":{"@type":"ImageObject","inLanguage":"fr-FR","@id":"https:\/\/sendaecoway.com\/#\/schema\/logo\/image\/","url":"https:\/\/sendaecoway.com\/wp-content\/uploads\/2024\/10\/619797bf655bee433c2dff8c_LOGOTIPO-OFICIAL-2-1024x413-1.png","contentUrl":"https:\/\/sendaecoway.com\/wp-content\/uploads\/2024\/10\/619797bf655bee433c2dff8c_LOGOTIPO-OFICIAL-2-1024x413-1.png","width":1024,"height":413,"caption":"SENDA ECOWAY"},"image":{"@id":"https:\/\/sendaecoway.com\/#\/schema\/logo\/image\/"},"sameAs":["https:\/\/www.facebook.com\/sendaecoway\/","https:\/\/www.instagram.com\/sendaecoway\/"]}]}},"_links":{"self":[{"href":"https:\/\/sendaecoway.com\/fr\/wp-json\/wp\/v2\/pages\/1591","targetHints":{"allow":["GET"]}}],"collection":[{"href":"https:\/\/sendaecoway.com\/fr\/wp-json\/wp\/v2\/pages"}],"about":[{"href":"https:\/\/sendaecoway.com\/fr\/wp-json\/wp\/v2\/types\/page"}],"author":[{"embeddable":true,"href":"https:\/\/sendaecoway.com\/fr\/wp-json\/wp\/v2\/users\/2"}],"replies":[{"embeddable":true,"href":"https:\/\/sendaecoway.com\/fr\/wp-json\/wp\/v2\/comments?post=1591"}],"version-history":[{"count":20,"href":"https:\/\/sendaecoway.com\/fr\/wp-json\/wp\/v2\/pages\/1591\/revisions"}],"predecessor-version":[{"id":4092,"href":"https:\/\/sendaecoway.com\/fr\/wp-json\/wp\/v2\/pages\/1591\/revisions\/4092"}],"wp:attachment":[{"href":"https:\/\/sendaecoway.com\/fr\/wp-json\/wp\/v2\/media?parent=1591"}],"curies":[{"name":"wp","href":"https:\/\/api.w.org\/{rel}","templated":true}]}}