{"id":6095,"date":"2026-03-26T07:30:59","date_gmt":"2026-03-26T07:30:59","guid":{"rendered":"https:\/\/sendaecoway.com\/?post_type=product&#038;p=6095"},"modified":"2026-04-29T15:15:37","modified_gmt":"2026-04-29T15:15:37","slug":"colombia-12-dias-andes-caribe-amazonas","status":"publish","type":"product","link":"https:\/\/sendaecoway.com\/en\/experiencias\/colombia-12-dias-andes-caribe-amazonas\/","title":{"rendered":"Colombia 12 d\u00edas | Entre Andes, Caribe y Amazonas"},"content":{"rendered":"","protected":true},"excerpt":{"rendered":"","protected":true},"featured_media":6096,"comment_status":"open","ping_status":"closed","template":"","meta":{"_joinchat":[]},"etheme_brands":[],"product_brand":[],"product_cat":[58],"product_tag":[],"class_list":{"0":"post-6095","1":"product","2":"type-product","3":"status-publish","4":"post-password-required","6":"product_cat-viajes-organizados","8":"first","9":"instock","10":"shipping-taxable","11":"purchasable","12":"product-type-simple"},"yoast_head":"<!-- This site is optimized with the Yoast SEO plugin v27.2 - https:\/\/yoast.com\/product\/yoast-seo-wordpress\/ -->\n<title>Colombia 12 d\u00edas | Entre Andes, Caribe y Amazonas<\/title>\n<meta name=\"description\" content=\"Viaje a Colombia 12 d\u00edas entre Andes, Caribe y Amazonas. Naturaleza, cultura y aventura en Bogot\u00e1, Eje Cafetero, Cartagena e Islas del Rosario.\" \/>\n<meta name=\"robots\" content=\"index, follow, max-snippet:-1, max-image-preview:large, max-video-preview:-1\" \/>\n<link rel=\"canonical\" href=\"https:\/\/sendaecoway.com\/en\/experiences\/colombia-12-dias-andes-caribe-amazonas\/\" \/>\n<meta property=\"og:locale\" content=\"en_GB\" \/>\n<meta property=\"og:type\" content=\"article\" \/>\n<meta property=\"og:title\" content=\"Colombia 12 d\u00edas | Entre Andes, Caribe y Amazonas\" \/>\n<meta property=\"og:description\" content=\"Viaje a Colombia 12 d\u00edas entre Andes, Caribe y Amazonas. Naturaleza, cultura y aventura en Bogot\u00e1, Eje Cafetero, Cartagena e Islas del Rosario.\" \/>\n<meta property=\"og:url\" content=\"https:\/\/sendaecoway.com\/en\/experiences\/colombia-12-dias-andes-caribe-amazonas\/\" \/>\n<meta property=\"og:site_name\" content=\"Senda Ecoway\" \/>\n<meta property=\"article:publisher\" content=\"https:\/\/www.facebook.com\/sendaecoway\/\" \/>\n<meta property=\"article:modified_time\" content=\"2026-04-29T15:15:37+00:00\" \/>\n<meta name=\"twitter:card\" content=\"summary_large_image\" \/>\n<meta name=\"twitter:label1\" content=\"Estimated reading time\" \/>\n\t<meta name=\"twitter:data1\" content=\"11 minutes\" \/>\n<script type=\"application\/ld+json\" class=\"yoast-schema-graph\">{\"@context\":\"https:\/\/schema.org\",\"@graph\":[{\"@type\":\"WebPage\",\"@id\":\"https:\/\/sendaecoway.com\/experiencias\/colombia-12-dias-andes-caribe-amazonas\/\",\"url\":\"https:\/\/sendaecoway.com\/experiencias\/colombia-12-dias-andes-caribe-amazonas\/\",\"name\":\"Colombia 12 d\u00edas | Entre Andes, Caribe y Amazonas\",\"isPartOf\":{\"@id\":\"https:\/\/sendaecoway.com\/#website\"},\"datePublished\":\"2026-03-26T07:30:59+00:00\",\"dateModified\":\"2026-04-29T15:15:37+00:00\",\"breadcrumb\":{\"@id\":\"https:\/\/sendaecoway.com\/experiencias\/colombia-12-dias-andes-caribe-amazonas\/#breadcrumb\"},\"inLanguage\":\"en-GB\"},{\"@type\":\"WebSite\",\"@id\":\"https:\/\/sendaecoway.com\/#website\",\"url\":\"https:\/\/sendaecoway.com\/\",\"name\":\"Senda Ecoway Experiencias Sostenibles\",\"description\":\"Ofrecemos experiencias personalizadas y sostenibles. Rutas guiadas por gu\u00edas locales y actividades en peque\u00f1os grupos.\",\"publisher\":{\"@id\":\"https:\/\/sendaecoway.com\/#organization\"},\"alternateName\":\"LAS MEJORES EXPERIENCIAS SOSTENIBLES DE ESPA\u00d1A\",\"potentialAction\":[{\"@type\":\"SearchAction\",\"target\":{\"@type\":\"EntryPoint\",\"urlTemplate\":\"https:\/\/sendaecoway.com\/?s={search_term_string}\"},\"query-input\":{\"@type\":\"PropertyValueSpecification\",\"valueRequired\":true,\"valueName\":\"search_term_string\"}}],\"inLanguage\":\"en-GB\"},{\"@type\":\"Organization\",\"@id\":\"https:\/\/sendaecoway.com\/#organization\",\"name\":\"SENDA ECOWAY\",\"alternateName\":\"LAS MEJORES EXPERIENCIAS SOSTENIBLES DE ESPA\u00d1A\",\"url\":\"https:\/\/sendaecoway.com\/\",\"logo\":{\"@type\":\"ImageObject\",\"inLanguage\":\"en-GB\",\"@id\":\"https:\/\/sendaecoway.com\/#\/schema\/logo\/image\/\",\"url\":\"https:\/\/sendaecoway.com\/wp-content\/uploads\/2024\/10\/619797bf655bee433c2dff8c_LOGOTIPO-OFICIAL-2-1024x413-1.png\",\"contentUrl\":\"https:\/\/sendaecoway.com\/wp-content\/uploads\/2024\/10\/619797bf655bee433c2dff8c_LOGOTIPO-OFICIAL-2-1024x413-1.png\",\"width\":1024,\"height\":413,\"caption\":\"SENDA ECOWAY\"},\"image\":{\"@id\":\"https:\/\/sendaecoway.com\/#\/schema\/logo\/image\/\"},\"sameAs\":[\"https:\/\/www.facebook.com\/sendaecoway\/\",\"https:\/\/www.instagram.com\/sendaecoway\/\"]}]}<\/script>\n<!-- \/ Yoast SEO plugin. -->","yoast_head_json":{"title":"Colombia 12 d\u00edas | Entre Andes, Caribe y Amazonas","description":"Viaje a Colombia 12 d\u00edas entre Andes, Caribe y Amazonas. Naturaleza, cultura y aventura en Bogot\u00e1, Eje Cafetero, Cartagena e Islas del Rosario.","robots":{"index":"index","follow":"follow","max-snippet":"max-snippet:-1","max-image-preview":"max-image-preview:large","max-video-preview":"max-video-preview:-1"},"canonical":"https:\/\/sendaecoway.com\/en\/experiences\/colombia-12-dias-andes-caribe-amazonas\/","og_locale":"en_GB","og_type":"article","og_title":"Colombia 12 d\u00edas | Entre Andes, Caribe y Amazonas","og_description":"Viaje a Colombia 12 d\u00edas entre Andes, Caribe y Amazonas. Naturaleza, cultura y aventura en Bogot\u00e1, Eje Cafetero, Cartagena e Islas del Rosario.","og_url":"https:\/\/sendaecoway.com\/en\/experiences\/colombia-12-dias-andes-caribe-amazonas\/","og_site_name":"Senda Ecoway","article_publisher":"https:\/\/www.facebook.com\/sendaecoway\/","article_modified_time":"2026-04-29T15:15:37+00:00","twitter_card":"summary_large_image","twitter_misc":{"Estimated reading time":"11 minutes"},"schema":{"@context":"https:\/\/schema.org","@graph":[{"@type":"WebPage","@id":"https:\/\/sendaecoway.com\/experiencias\/colombia-12-dias-andes-caribe-amazonas\/","url":"https:\/\/sendaecoway.com\/experiencias\/colombia-12-dias-andes-caribe-amazonas\/","name":"Colombia 12 d\u00edas | Entre Andes, Caribe y Amazonas","isPartOf":{"@id":"https:\/\/sendaecoway.com\/#website"},"datePublished":"2026-03-26T07:30:59+00:00","dateModified":"2026-04-29T15:15:37+00:00","breadcrumb":{"@id":"https:\/\/sendaecoway.com\/experiencias\/colombia-12-dias-andes-caribe-amazonas\/#breadcrumb"},"inLanguage":"en-GB"},{"@type":"WebSite","@id":"https:\/\/sendaecoway.com\/#website","url":"https:\/\/sendaecoway.com\/","name":"Senda Ecoway Sustainable Experiences","description":"We offer personalised and sustainable experiences. Routes guided by local guides and activities in small groups.","publisher":{"@id":"https:\/\/sendaecoway.com\/#organization"},"alternateName":"LAS MEJORES EXPERIENCIAS SOSTENIBLES DE ESPA\u00d1A","potentialAction":[{"@type":"SearchAction","target":{"@type":"EntryPoint","urlTemplate":"https:\/\/sendaecoway.com\/?s={search_term_string}"},"query-input":{"@type":"PropertyValueSpecification","valueRequired":true,"valueName":"search_term_string"}}],"inLanguage":"en-GB"},{"@type":"Organization","@id":"https:\/\/sendaecoway.com\/#organization","name":"ECOWAY SENDA","alternateName":"LAS MEJORES EXPERIENCIAS SOSTENIBLES DE ESPA\u00d1A","url":"https:\/\/sendaecoway.com\/","logo":{"@type":"ImageObject","inLanguage":"en-GB","@id":"https:\/\/sendaecoway.com\/#\/schema\/logo\/image\/","url":"https:\/\/sendaecoway.com\/wp-content\/uploads\/2024\/10\/619797bf655bee433c2dff8c_LOGOTIPO-OFICIAL-2-1024x413-1.png","contentUrl":"https:\/\/sendaecoway.com\/wp-content\/uploads\/2024\/10\/619797bf655bee433c2dff8c_LOGOTIPO-OFICIAL-2-1024x413-1.png","width":1024,"height":413,"caption":"SENDA ECOWAY"},"image":{"@id":"https:\/\/sendaecoway.com\/#\/schema\/logo\/image\/"},"sameAs":["https:\/\/www.facebook.com\/sendaecoway\/","https:\/\/www.instagram.com\/sendaecoway\/"]}]}},"_links":{"self":[{"href":"https:\/\/sendaecoway.com\/en\/wp-json\/wp\/v2\/product\/6095","targetHints":{"allow":["GET"]}}],"collection":[{"href":"https:\/\/sendaecoway.com\/en\/wp-json\/wp\/v2\/product"}],"about":[{"href":"https:\/\/sendaecoway.com\/en\/wp-json\/wp\/v2\/types\/product"}],"replies":[{"embeddable":true,"href":"https:\/\/sendaecoway.com\/en\/wp-json\/wp\/v2\/comments?post=6095"}],"version-history":[{"count":1,"href":"https:\/\/sendaecoway.com\/en\/wp-json\/wp\/v2\/product\/6095\/revisions"}],"predecessor-version":[{"id":6796,"href":"https:\/\/sendaecoway.com\/en\/wp-json\/wp\/v2\/product\/6095\/revisions\/6796"}],"wp:featuredmedia":[{"embeddable":true,"href":"https:\/\/sendaecoway.com\/en\/wp-json\/wp\/v2\/media\/6096"}],"wp:attachment":[{"href":"https:\/\/sendaecoway.com\/en\/wp-json\/wp\/v2\/media?parent=6095"}],"wp:term":[{"taxonomy":"brand","embeddable":true,"href":"https:\/\/sendaecoway.com\/en\/wp-json\/wp\/v2\/etheme_brands?post=6095"},{"taxonomy":"product_brand","embeddable":true,"href":"https:\/\/sendaecoway.com\/en\/wp-json\/wp\/v2\/product_brand?post=6095"},{"taxonomy":"product_cat","embeddable":true,"href":"https:\/\/sendaecoway.com\/en\/wp-json\/wp\/v2\/product_cat?post=6095"},{"taxonomy":"product_tag","embeddable":true,"href":"https:\/\/sendaecoway.com\/en\/wp-json\/wp\/v2\/product_tag?post=6095"}],"curies":[{"name":"wp","href":"https:\/\/api.w.org\/{rel}","templated":true}]}}