{"id":2971,"date":"2024-10-09T14:36:50","date_gmt":"2024-10-09T14:36:50","guid":{"rendered":"https:\/\/sendaecoway.com\/?page_id=2971"},"modified":"2024-10-10T08:28:06","modified_gmt":"2024-10-10T08:28:06","slug":"privacy-policy","status":"publish","type":"page","link":"https:\/\/sendaecoway.com\/en\/politica-de-privacidad\/","title":{"rendered":"Privacy policy"},"content":{"rendered":"<h1 class=\"privacy-policy-h1\">Privacy Policy<\/h1>\n<h2 class=\"privacy-policy-h1\">Last update: 10-Oct-2024<\/h2>\n<p>Effective date: 10-Oct-2024<\/p>\n<p class=\"privacy-policy-p\">This Privacy Policy describes the policies of<\/p>\n<p>SENDA ECOWAY, S.L., Calle San Francisco, 4, La Orotava, Santa Cruz de Tenerife, 38300, Spain, e-mail: hello@sendaecoway.com, phone: +34696807861 about the collection,<br \/>\nuse and disclosure of your information that we collect when you use our website ( https:\/\/sendaecoway.com ) (the \"Service\"). By accessing or using the Service, you consent to the collection, use and disclosure of your information in accordance with this Privacy Policy. If you do not agree to the above, please do not access or use the Service.<\/p>\n<p class=\"privacy-policy-p\">We may modify this Privacy Policy at any time without prior notice and will post the revised Privacy Policy on the Service. The revised Policy will be effective 180 days from the date it is posted on the Service and your continued access to or use of the Service after that period will constitute your acceptance of the revised Privacy Policy. We therefore encourage you to periodically review this page.<\/p>\n<ul class=\"privacy-policy-ol\">\n<li>\n<h2 class=\"privacy-policy-h2\">Information we collect:<\/h2>\n<p class=\"privacy-policy-p\">We will collect and process the following personal information about you:<\/p>\n<\/li>\n<\/ul>\n<ul>\n<li style=\"list-style-type: none;\">\n<ul>\n<li>Name<\/li>\n<li>E-mail address<\/li>\n<li>Mobile<\/li>\n<li>Social media profile<\/li>\n<li>Address<\/li>\n<li>Payment information<\/li>\n<li>City<\/li>\n<li>Country<\/li>\n<li>Location<\/li>\n<li>Postcode<\/li>\n<\/ul>\n<\/li>\n<\/ul>\n<ul class=\"privacy-policy-ol\">\n<li>\n<h2 class=\"privacy-policy-h2\">How we collect your information:<\/h2>\n<p class=\"privacy-policy-p\">We collect\/receive information about you in the following ways:<\/p>\n<\/li>\n<\/ul>\n<ul>\n<li style=\"list-style-type: none;\">\n<ul>\n<li>When a user fills in the registration form or provides personal information<\/li>\n<li>Interactions with the website<\/li>\n<li>From public sources<\/li>\n<\/ul>\n<\/li>\n<\/ul>\n<ul class=\"privacy-policy-ol\">\n<li>\n<h2 class=\"privacy-policy-h2\">How we use your information:<\/h2>\n<p class=\"privacy-policy-p\">We will use the information we collect about you for the following purposes:<\/p>\n<ul class=\"privacy-policy-ol\">\n<li>Marketing\/Promotional<\/li>\n<li>Targeted advertising<\/li>\n<\/ul>\n<p class=\"privacy-policy-p\">If we want to use your information for any other purpose, we will ask for your consent and we will use your information only after receiving your approval and only for the purpose(s) for which you gave consent, unless we are required to do otherwise by law.<\/p>\n<\/li>\n<li>\n<h2 class=\"privacy-policy-h2\">How we share your information:<\/h2>\n<p class=\"privacy-policy-p\">We will not transfer your personal information to any third party without obtaining your consent, except in limited circumstances as described below:<\/p>\n<ul class=\"privacy-policy-ol\">\n<li>Advertising services<\/li>\n<li>Analytics<\/li>\n<\/ul>\n<p class=\"privacy-policy-p\">We require such third parties to use the personal information we transfer to them only for the purpose for which it was transferred and not to retain it for longer than is necessary to fulfil that purpose.<\/p>\n<p class=\"privacy-policy-p\">We may also disclose your personal information to: (1) comply with applicable law, regulation, court order or other legal process; (2) enforce your agreements with us, including this Privacy Policy; or (3) respond to claims that your use of the Service infringes the rights of third parties. If the Service or our company merges with or is acquired by another company, your information will be one of the assets that will be transferred to the new owner.<\/p>\n<\/li>\n<li>\n<h2 class=\"privacy-policy-h2\">Retention of your information:<\/h2>\n<p class=\"privacy-policy-p\">We will retain your personal information with us for 90 days to 2 years after users terminate their accounts or for as long as we need to fulfill the purposes for which it was collected, as detailed in this Privacy Policy. We may need to retain certain information for longer periods, such as for registration\/reporting purposes in accordance with applicable law or for other legitimate reasons, such as enforcement of legal rights, fraud prevention, etc. Anonymous residual information and aggregated information, none of which identifies you (directly or indirectly), may be stored indefinitely.<\/p>\n<\/li>\n<li>\n<h2 class=\"privacy-policy-h2\">Your rights:<\/h2>\n<p class=\"privacy-policy-p\">Depending on applicable law, you may have the right to access, rectify or delete your personal data, receive a copy of your personal data, restrict or object to the active processing of your data, ask us to share (port) your personal information to another entity, withdraw any consent you have given us to process your data, the right to lodge a complaint with a legal authority, and other relevant rights under applicable laws. To exercise these rights, you may write to us at hello@sendaecoway.com. We will respond to your request in accordance with applicable law.<\/p>\n<p class=\"privacy-policy-p\">You may opt out of receiving direct marketing communications or profiling that we conduct for marketing purposes by writing to us at hello@sendaecoway.com.<\/p>\n<p class=\"privacy-policy-p\">Please note that if you do not allow us to collect or process the required personal information or you withdraw consent to process it for the necessary purposes, you may not be able to access or use the services for which your information was requested.<\/p>\n<\/li>\n<li>\n<h2 class=\"privacy-policy-h2\">Cookies and others:<\/h2>\n<p class=\"privacy-policy-p\">For more information on how we use these tracking technologies and your choices in relation to them, see our <a href=\"https:\/\/sendaecoway.com\/en\/cookie-policy\/\">Cookies Policy.<\/a><\/p>\n<\/li>\n<li>\n<h2 class=\"privacy-policy-h2\">Security:<\/h2>\n<p class=\"privacy-policy-p\">The security of your information is important to us and we will use reasonable security measures to prevent the loss, misuse or unauthorised alteration of your information under our control. However, given the inherent nature of the risks involved, we cannot guarantee absolute security and, accordingly, we cannot ensure or warrant the security of any information you transmit to us, and you do so at your own risk.<\/p>\n<\/li>\n<li>\n<h2 class=\"privacy-policy-h2\">Third party links and use of their information:<\/h2>\n<p class=\"privacy-policy-p\">Our Service may contain links to other websites that are not operated by us. This Privacy Policy does not apply to the privacy policy or other practices of third parties, including those that operate any site or service that may be accessible through a link on the Service. We encourage you to review the privacy policy of each site you visit. We have no control over, and assume no responsibility for, the content, privacy policies or practices of any third party sites or services.<\/p>\n<\/li>\n<li>\n<h2 class=\"privacy-policy-h2\">Data Protection Officer \/ Complaints Officer:<\/h2>\n<p class=\"privacy-policy-p\">If you have any queries or concerns about the processing of your information held by us, you may send an email to our Complaints Officer at<br \/>\nSENDA ECOWAY, S.L., Calle San Francisco, 4, La Orotava, e-mail: hello@sendaecoway.com. We will address your concerns in accordance with applicable law.<\/p>\n<\/li>\n<\/ul>\n<p class=\"privacy-policy-p\">Privacy Policy generated with <a href=\"https:\/\/www.cookieyes.com\/?utm_source=PP&amp;utm_medium=footer&amp;utm_campaign=UW\" target=\"_blank\" rel=\"noopener\">CookieYes<\/a>.<\/p>","protected":false},"excerpt":{"rendered":"<p>Pol\u00edtica de Privacidad \u00daltima actualizaci\u00f3n: 10-Oct-2024 Fecha de vigencia: 10-Oct-2024 Esta Pol\u00edtica de Privacidad describe las pol\u00edticas de SENDA ECOWAY, S.L., Calle San Francisco, 4,&#8230;<\/p>","protected":false},"author":3,"featured_media":0,"parent":0,"menu_order":0,"comment_status":"closed","ping_status":"closed","template":"","meta":{"_joinchat":[],"footnotes":""},"class_list":["post-2971","page","type-page","status-publish","hentry"],"yoast_head":"<!-- This site is optimized with the Yoast SEO plugin v27.2 - https:\/\/yoast.com\/product\/yoast-seo-wordpress\/ -->\n<title>Pol\u00edtica de privacidad - Senda Ecoway<\/title>\n<meta name=\"robots\" content=\"noindex, follow\" \/>\n<meta property=\"og:locale\" content=\"en_GB\" \/>\n<meta property=\"og:type\" content=\"article\" \/>\n<meta property=\"og:title\" content=\"Pol\u00edtica de privacidad - Senda Ecoway\" \/>\n<meta property=\"og:description\" content=\"Pol\u00edtica de Privacidad \u00daltima actualizaci\u00f3n: 10-Oct-2024 Fecha de vigencia: 10-Oct-2024 Esta Pol\u00edtica de Privacidad describe las pol\u00edticas de SENDA ECOWAY, S.L., Calle San Francisco, 4,...\" \/>\n<meta property=\"og:url\" content=\"https:\/\/sendaecoway.com\/en\/privacy-policy\/\" \/>\n<meta property=\"og:site_name\" content=\"Senda Ecoway\" \/>\n<meta property=\"article:publisher\" content=\"https:\/\/www.facebook.com\/sendaecoway\/\" \/>\n<meta property=\"article:modified_time\" content=\"2024-10-10T08:28:06+00:00\" \/>\n<meta property=\"og:image\" content=\"https:\/\/sendaecoway.com\/wp-content\/uploads\/2024\/10\/619797bf655bee433c2dff8c_LOGOTIPO-OFICIAL-2-1024x413-1.png\" \/>\n\t<meta property=\"og:image:width\" content=\"1024\" \/>\n\t<meta property=\"og:image:height\" content=\"413\" \/>\n\t<meta property=\"og:image:type\" content=\"image\/png\" \/>\n<meta name=\"twitter:card\" content=\"summary_large_image\" \/>\n<meta name=\"twitter:label1\" content=\"Estimated reading time\" \/>\n\t<meta name=\"twitter:data1\" content=\"5 minutes\" \/>\n<script type=\"application\/ld+json\" class=\"yoast-schema-graph\">{\"@context\":\"https:\/\/schema.org\",\"@graph\":[{\"@type\":\"WebPage\",\"@id\":\"https:\/\/sendaecoway.com\/politica-de-privacidad\/\",\"url\":\"https:\/\/sendaecoway.com\/politica-de-privacidad\/\",\"name\":\"Pol\u00edtica de privacidad - Senda Ecoway\",\"isPartOf\":{\"@id\":\"https:\/\/sendaecoway.com\/#website\"},\"datePublished\":\"2024-10-09T14:36:50+00:00\",\"dateModified\":\"2024-10-10T08:28:06+00:00\",\"breadcrumb\":{\"@id\":\"https:\/\/sendaecoway.com\/politica-de-privacidad\/#breadcrumb\"},\"inLanguage\":\"en-GB\",\"potentialAction\":[{\"@type\":\"ReadAction\",\"target\":[\"https:\/\/sendaecoway.com\/politica-de-privacidad\/\"]}]},{\"@type\":\"BreadcrumbList\",\"@id\":\"https:\/\/sendaecoway.com\/politica-de-privacidad\/#breadcrumb\",\"itemListElement\":[{\"@type\":\"ListItem\",\"position\":1,\"name\":\"Portada\",\"item\":\"https:\/\/sendaecoway.com\/\"},{\"@type\":\"ListItem\",\"position\":2,\"name\":\"Pol\u00edtica de privacidad\"}]},{\"@type\":\"WebSite\",\"@id\":\"https:\/\/sendaecoway.com\/#website\",\"url\":\"https:\/\/sendaecoway.com\/\",\"name\":\"Senda Ecoway Experiencias Sostenibles\",\"description\":\"Ofrecemos experiencias personalizadas y sostenibles. Rutas guiadas por gu\u00edas locales y actividades en peque\u00f1os grupos.\",\"publisher\":{\"@id\":\"https:\/\/sendaecoway.com\/#organization\"},\"alternateName\":\"LAS MEJORES EXPERIENCIAS SOSTENIBLES DE ESPA\u00d1A\",\"potentialAction\":[{\"@type\":\"SearchAction\",\"target\":{\"@type\":\"EntryPoint\",\"urlTemplate\":\"https:\/\/sendaecoway.com\/?s={search_term_string}\"},\"query-input\":{\"@type\":\"PropertyValueSpecification\",\"valueRequired\":true,\"valueName\":\"search_term_string\"}}],\"inLanguage\":\"en-GB\"},{\"@type\":\"Organization\",\"@id\":\"https:\/\/sendaecoway.com\/#organization\",\"name\":\"SENDA ECOWAY\",\"alternateName\":\"LAS MEJORES EXPERIENCIAS SOSTENIBLES DE ESPA\u00d1A\",\"url\":\"https:\/\/sendaecoway.com\/\",\"logo\":{\"@type\":\"ImageObject\",\"inLanguage\":\"en-GB\",\"@id\":\"https:\/\/sendaecoway.com\/#\/schema\/logo\/image\/\",\"url\":\"https:\/\/sendaecoway.com\/wp-content\/uploads\/2024\/10\/619797bf655bee433c2dff8c_LOGOTIPO-OFICIAL-2-1024x413-1.png\",\"contentUrl\":\"https:\/\/sendaecoway.com\/wp-content\/uploads\/2024\/10\/619797bf655bee433c2dff8c_LOGOTIPO-OFICIAL-2-1024x413-1.png\",\"width\":1024,\"height\":413,\"caption\":\"SENDA ECOWAY\"},\"image\":{\"@id\":\"https:\/\/sendaecoway.com\/#\/schema\/logo\/image\/\"},\"sameAs\":[\"https:\/\/www.facebook.com\/sendaecoway\/\",\"https:\/\/www.instagram.com\/sendaecoway\/\"]}]}<\/script>\n<!-- \/ Yoast SEO plugin. -->","yoast_head_json":{"title":"Privacy policy - Senda Ecoway","robots":{"index":"noindex","follow":"follow"},"og_locale":"en_GB","og_type":"article","og_title":"Pol\u00edtica de privacidad - Senda Ecoway","og_description":"Pol\u00edtica de Privacidad \u00daltima actualizaci\u00f3n: 10-Oct-2024 Fecha de vigencia: 10-Oct-2024 Esta Pol\u00edtica de Privacidad describe las pol\u00edticas de SENDA ECOWAY, S.L., Calle San Francisco, 4,...","og_url":"https:\/\/sendaecoway.com\/en\/privacy-policy\/","og_site_name":"Senda Ecoway","article_publisher":"https:\/\/www.facebook.com\/sendaecoway\/","article_modified_time":"2024-10-10T08:28:06+00:00","og_image":[{"width":1024,"height":413,"url":"https:\/\/sendaecoway.com\/wp-content\/uploads\/2024\/10\/619797bf655bee433c2dff8c_LOGOTIPO-OFICIAL-2-1024x413-1.png","type":"image\/png"}],"twitter_card":"summary_large_image","twitter_misc":{"Estimated reading time":"5 minutes"},"schema":{"@context":"https:\/\/schema.org","@graph":[{"@type":"WebPage","@id":"https:\/\/sendaecoway.com\/politica-de-privacidad\/","url":"https:\/\/sendaecoway.com\/politica-de-privacidad\/","name":"Privacy policy - Senda Ecoway","isPartOf":{"@id":"https:\/\/sendaecoway.com\/#website"},"datePublished":"2024-10-09T14:36:50+00:00","dateModified":"2024-10-10T08:28:06+00:00","breadcrumb":{"@id":"https:\/\/sendaecoway.com\/politica-de-privacidad\/#breadcrumb"},"inLanguage":"en-GB","potentialAction":[{"@type":"ReadAction","target":["https:\/\/sendaecoway.com\/politica-de-privacidad\/"]}]},{"@type":"BreadcrumbList","@id":"https:\/\/sendaecoway.com\/politica-de-privacidad\/#breadcrumb","itemListElement":[{"@type":"ListItem","position":1,"name":"Portada","item":"https:\/\/sendaecoway.com\/"},{"@type":"ListItem","position":2,"name":"Pol\u00edtica de privacidad"}]},{"@type":"WebSite","@id":"https:\/\/sendaecoway.com\/#website","url":"https:\/\/sendaecoway.com\/","name":"Senda Ecoway Sustainable Experiences","description":"We offer personalised and sustainable experiences. Routes guided by local guides and activities in small groups.","publisher":{"@id":"https:\/\/sendaecoway.com\/#organization"},"alternateName":"LAS MEJORES EXPERIENCIAS SOSTENIBLES DE ESPA\u00d1A","potentialAction":[{"@type":"SearchAction","target":{"@type":"EntryPoint","urlTemplate":"https:\/\/sendaecoway.com\/?s={search_term_string}"},"query-input":{"@type":"PropertyValueSpecification","valueRequired":true,"valueName":"search_term_string"}}],"inLanguage":"en-GB"},{"@type":"Organization","@id":"https:\/\/sendaecoway.com\/#organization","name":"ECOWAY SENDA","alternateName":"LAS MEJORES EXPERIENCIAS SOSTENIBLES DE ESPA\u00d1A","url":"https:\/\/sendaecoway.com\/","logo":{"@type":"ImageObject","inLanguage":"en-GB","@id":"https:\/\/sendaecoway.com\/#\/schema\/logo\/image\/","url":"https:\/\/sendaecoway.com\/wp-content\/uploads\/2024\/10\/619797bf655bee433c2dff8c_LOGOTIPO-OFICIAL-2-1024x413-1.png","contentUrl":"https:\/\/sendaecoway.com\/wp-content\/uploads\/2024\/10\/619797bf655bee433c2dff8c_LOGOTIPO-OFICIAL-2-1024x413-1.png","width":1024,"height":413,"caption":"SENDA ECOWAY"},"image":{"@id":"https:\/\/sendaecoway.com\/#\/schema\/logo\/image\/"},"sameAs":["https:\/\/www.facebook.com\/sendaecoway\/","https:\/\/www.instagram.com\/sendaecoway\/"]}]}},"_links":{"self":[{"href":"https:\/\/sendaecoway.com\/en\/wp-json\/wp\/v2\/pages\/2971","targetHints":{"allow":["GET"]}}],"collection":[{"href":"https:\/\/sendaecoway.com\/en\/wp-json\/wp\/v2\/pages"}],"about":[{"href":"https:\/\/sendaecoway.com\/en\/wp-json\/wp\/v2\/types\/page"}],"author":[{"embeddable":true,"href":"https:\/\/sendaecoway.com\/en\/wp-json\/wp\/v2\/users\/3"}],"replies":[{"embeddable":true,"href":"https:\/\/sendaecoway.com\/en\/wp-json\/wp\/v2\/comments?post=2971"}],"version-history":[{"count":4,"href":"https:\/\/sendaecoway.com\/en\/wp-json\/wp\/v2\/pages\/2971\/revisions"}],"predecessor-version":[{"id":2982,"href":"https:\/\/sendaecoway.com\/en\/wp-json\/wp\/v2\/pages\/2971\/revisions\/2982"}],"wp:attachment":[{"href":"https:\/\/sendaecoway.com\/en\/wp-json\/wp\/v2\/media?parent=2971"}],"curies":[{"name":"wp","href":"https:\/\/api.w.org\/{rel}","templated":true}]}}