{"id":2961,"date":"2024-10-09T13:57:46","date_gmt":"2024-10-09T13:57:46","guid":{"rendered":"https:\/\/sendaecoway.com\/?page_id=2961"},"modified":"2024-10-09T13:57:46","modified_gmt":"2024-10-09T13:57:46","slug":"cookie-policy","status":"publish","type":"page","link":"https:\/\/sendaecoway.com\/en\/politica-de-cookies\/","title":{"rendered":"Cookies policy"},"content":{"rendered":"<style>\n    a.cky-banner-element {<br \/>        padding: 8px 30px;<br \/>        background: #F8F9FA;<br \/>        color: #858A8F;<br \/>        border: 1px solid #DEE2E6;<br \/>        box-sizing: border-box;<br \/>        border-radius: 2px;<br \/>        cursor: pointer;<br \/>}<br \/><\/style>\n<h1><\/h1>\n<h1 class=\"cookie-policy-h1\">Cookies policy<\/h1>\n<p>Effective date: 09-Oct-2024<br \/>\nLast update: 09-Oct-2024<\/p>\n<p>&nbsp;<\/p>\n<h2>What are cookies?<\/h2>\n<div class=\"cookie-policy-p\">\n<p>This Cookie Policy explains what cookies are, how we use them, the types of cookies we use, i.e. the information we collect through cookies, how that information is used and how to manage your cookie settings.<\/p>\n<p>Cookies are small text files that are used to store small pieces of information. They are stored on your device when the website loads in your browser. These cookies help us to make the website work properly, be more secure, provide a better user experience and allow us to understand how the website works, analyse what works and where improvements are needed.<\/p>\n<\/div>\n<p>&nbsp;<\/p>\n<h2>How do we use cookies?<\/h2>\n<div class=\"cookie-policy-p\">\n<p>Like most online services, our website uses first-party and third-party cookies for various purposes. First-party cookies are primarily necessary for the website to function properly and do not collect any of your personally identifiable information.<\/p>\n<p>The third party cookies we use on our website are primarily to understand how the website works, how you interact with our site, keep our services secure, provide advertisements that are relevant to you and generally provide you with a better user experience and help speed up your future interactions with our website.<\/p>\n<\/div>\n<p>&nbsp;<\/p>\n<h2>Types of cookies we use<\/h2>\n<div class=\"cky-audit-table-element\"><\/div>\n<p>&nbsp;<\/p>\n<h2 style=\"margin-bottom: 20px;\">Manage cookie preferences<\/h2>\n<h3><a class=\"cky-banner-element\">Cookie settings<\/a><\/h3>\n<div>\n<p>You can change your cookie preferences at any time by clicking the button above. This will allow you to return to the cookie consent pop-up window and change your preferences or withdraw your consent immediately.<\/p>\n<p>In addition to this, different browsers provide different methods for blocking and deleting cookies used by websites. You can change your browser settings to block\/delete cookies. Below are links to support documents on how to manage and delete cookies in the main web browsers.<\/p>\n<p>Chrome: <a href=\"https:\/\/support.google.com\/accounts\/answer\/32050\" target=\"_blank\" rel=\"noopener\">https:\/\/support.google.com\/accounts\/answer\/32050<\/a><\/p>\n<p>Safari: <a href=\"https:\/\/support.apple.com\/en-in\/guide\/safari\/sfri11471\/mac\" target=\"_blank\" rel=\"noopener\">https:\/\/support.apple.com\/en-in\/guide\/safari\/sfri11471\/mac<\/a><\/p>\n<p>Firefox: <a href=\"https:\/\/support.mozilla.org\/en-US\/kb\/clear-cookies-and-site-data-firefox?redirectslug=delete-cookies-remove-info-websites-stored&amp;redirectlocale=en-US\" target=\"_blank\" rel=\"noopener\">https:\/\/support.mozilla.org\/en-US\/kb\/clear-cookies-and-site-data-firefox?redirectslug=delete-cookies-remove-info-websites-stored&amp;redirectlocale=en-US<\/a><\/p>\n<p>Internet Explorer: <a href=\"https:\/\/support.microsoft.com\/en-us\/topic\/how-to-delete-cookie-files-in-internet-explorer-bca9446f-d873-78de-77ba-d42645fa52fc\" target=\"_blank\" rel=\"noopener\">https:\/\/support.microsoft.com\/en-us\/topic\/how-to-delete-cookie-files-in-internet-explorer-bca9446f-d873-78de-77ba-d42645fa52fc<\/a><\/p>\n<p>If you are using any other web browser, please visit the official support documents for your browser.<\/p>\n<\/div>\n<p>&nbsp;<\/p>\n<p class=\"cookie-policy-p\">Cookie Policy generated by <a href=\"https:\/\/www.cookieyes.com\/?utm_source=CP&amp;utm_medium=footer&amp;utm_campaign=UW\" target=\"_blank\" rel=\"noopener\">CookieYes - Cookie Policy Generator<\/a>.<\/p>","protected":false},"excerpt":{"rendered":"<p>Cookie Policy Effective date: 09-Oct-2024 Last updated: 09-Oct-2024 What are cookies? This Cookie Policy explains what cookies are, how to use them and how to...<\/p>","protected":false},"author":3,"featured_media":0,"parent":0,"menu_order":0,"comment_status":"closed","ping_status":"closed","template":"","meta":{"_joinchat":[],"footnotes":""},"class_list":["post-2961","page","type-page","status-publish","hentry"],"yoast_head":"<!-- This site is optimized with the Yoast SEO plugin v27.2 - https:\/\/yoast.com\/product\/yoast-seo-wordpress\/ -->\n<title>Pol\u00edtica de cookies - Senda Ecoway<\/title>\n<meta name=\"robots\" content=\"noindex, follow\" \/>\n<meta property=\"og:locale\" content=\"en_GB\" \/>\n<meta property=\"og:type\" content=\"article\" \/>\n<meta property=\"og:title\" content=\"Pol\u00edtica de cookies - Senda Ecoway\" \/>\n<meta property=\"og:description\" content=\"Pol\u00edtica de cookies Fecha de vigencia: 09-Oct-2024 \u00daltima actualizaci\u00f3n: 09-Oct-2024 &nbsp; \u00bfQu\u00e9 son las cookies? Esta Pol\u00edtica de Cookies explica qu\u00e9 son las cookies, c\u00f3mo...\" \/>\n<meta property=\"og:url\" content=\"https:\/\/sendaecoway.com\/en\/cookie-policy\/\" \/>\n<meta property=\"og:site_name\" content=\"Senda Ecoway\" \/>\n<meta property=\"article:publisher\" content=\"https:\/\/www.facebook.com\/sendaecoway\/\" \/>\n<meta property=\"og:image\" content=\"https:\/\/sendaecoway.com\/wp-content\/uploads\/2024\/10\/619797bf655bee433c2dff8c_LOGOTIPO-OFICIAL-2-1024x413-1.png\" \/>\n\t<meta property=\"og:image:width\" content=\"1024\" \/>\n\t<meta property=\"og:image:height\" content=\"413\" \/>\n\t<meta property=\"og:image:type\" content=\"image\/png\" \/>\n<meta name=\"twitter:card\" content=\"summary_large_image\" \/>\n<meta name=\"twitter:label1\" content=\"Estimated reading time\" \/>\n\t<meta name=\"twitter:data1\" content=\"2 minutes\" \/>\n<script type=\"application\/ld+json\" class=\"yoast-schema-graph\">{\"@context\":\"https:\/\/schema.org\",\"@graph\":[{\"@type\":\"WebPage\",\"@id\":\"https:\/\/sendaecoway.com\/politica-de-cookies\/\",\"url\":\"https:\/\/sendaecoway.com\/politica-de-cookies\/\",\"name\":\"Pol\u00edtica de cookies - Senda Ecoway\",\"isPartOf\":{\"@id\":\"https:\/\/sendaecoway.com\/#website\"},\"datePublished\":\"2024-10-09T13:57:46+00:00\",\"breadcrumb\":{\"@id\":\"https:\/\/sendaecoway.com\/politica-de-cookies\/#breadcrumb\"},\"inLanguage\":\"en-GB\",\"potentialAction\":[{\"@type\":\"ReadAction\",\"target\":[\"https:\/\/sendaecoway.com\/politica-de-cookies\/\"]}]},{\"@type\":\"BreadcrumbList\",\"@id\":\"https:\/\/sendaecoway.com\/politica-de-cookies\/#breadcrumb\",\"itemListElement\":[{\"@type\":\"ListItem\",\"position\":1,\"name\":\"Portada\",\"item\":\"https:\/\/sendaecoway.com\/\"},{\"@type\":\"ListItem\",\"position\":2,\"name\":\"Pol\u00edtica de cookies\"}]},{\"@type\":\"WebSite\",\"@id\":\"https:\/\/sendaecoway.com\/#website\",\"url\":\"https:\/\/sendaecoway.com\/\",\"name\":\"Senda Ecoway Experiencias Sostenibles\",\"description\":\"Ofrecemos experiencias personalizadas y sostenibles. Rutas guiadas por gu\u00edas locales y actividades en peque\u00f1os grupos.\",\"publisher\":{\"@id\":\"https:\/\/sendaecoway.com\/#organization\"},\"alternateName\":\"LAS MEJORES EXPERIENCIAS SOSTENIBLES DE ESPA\u00d1A\",\"potentialAction\":[{\"@type\":\"SearchAction\",\"target\":{\"@type\":\"EntryPoint\",\"urlTemplate\":\"https:\/\/sendaecoway.com\/?s={search_term_string}\"},\"query-input\":{\"@type\":\"PropertyValueSpecification\",\"valueRequired\":true,\"valueName\":\"search_term_string\"}}],\"inLanguage\":\"en-GB\"},{\"@type\":\"Organization\",\"@id\":\"https:\/\/sendaecoway.com\/#organization\",\"name\":\"SENDA ECOWAY\",\"alternateName\":\"LAS MEJORES EXPERIENCIAS SOSTENIBLES DE ESPA\u00d1A\",\"url\":\"https:\/\/sendaecoway.com\/\",\"logo\":{\"@type\":\"ImageObject\",\"inLanguage\":\"en-GB\",\"@id\":\"https:\/\/sendaecoway.com\/#\/schema\/logo\/image\/\",\"url\":\"https:\/\/sendaecoway.com\/wp-content\/uploads\/2024\/10\/619797bf655bee433c2dff8c_LOGOTIPO-OFICIAL-2-1024x413-1.png\",\"contentUrl\":\"https:\/\/sendaecoway.com\/wp-content\/uploads\/2024\/10\/619797bf655bee433c2dff8c_LOGOTIPO-OFICIAL-2-1024x413-1.png\",\"width\":1024,\"height\":413,\"caption\":\"SENDA ECOWAY\"},\"image\":{\"@id\":\"https:\/\/sendaecoway.com\/#\/schema\/logo\/image\/\"},\"sameAs\":[\"https:\/\/www.facebook.com\/sendaecoway\/\",\"https:\/\/www.instagram.com\/sendaecoway\/\"]}]}<\/script>\n<!-- \/ Yoast SEO plugin. -->","yoast_head_json":{"title":"Cookies policy - Senda Ecoway","robots":{"index":"noindex","follow":"follow"},"og_locale":"en_GB","og_type":"article","og_title":"Pol\u00edtica de cookies - Senda Ecoway","og_description":"Pol\u00edtica de cookies Fecha de vigencia: 09-Oct-2024 \u00daltima actualizaci\u00f3n: 09-Oct-2024 &nbsp; \u00bfQu\u00e9 son las cookies? Esta Pol\u00edtica de Cookies explica qu\u00e9 son las cookies, c\u00f3mo...","og_url":"https:\/\/sendaecoway.com\/en\/cookie-policy\/","og_site_name":"Senda Ecoway","article_publisher":"https:\/\/www.facebook.com\/sendaecoway\/","og_image":[{"width":1024,"height":413,"url":"https:\/\/sendaecoway.com\/wp-content\/uploads\/2024\/10\/619797bf655bee433c2dff8c_LOGOTIPO-OFICIAL-2-1024x413-1.png","type":"image\/png"}],"twitter_card":"summary_large_image","twitter_misc":{"Estimated reading time":"2 minutes"},"schema":{"@context":"https:\/\/schema.org","@graph":[{"@type":"WebPage","@id":"https:\/\/sendaecoway.com\/politica-de-cookies\/","url":"https:\/\/sendaecoway.com\/politica-de-cookies\/","name":"Cookies policy - Senda Ecoway","isPartOf":{"@id":"https:\/\/sendaecoway.com\/#website"},"datePublished":"2024-10-09T13:57:46+00:00","breadcrumb":{"@id":"https:\/\/sendaecoway.com\/politica-de-cookies\/#breadcrumb"},"inLanguage":"en-GB","potentialAction":[{"@type":"ReadAction","target":["https:\/\/sendaecoway.com\/politica-de-cookies\/"]}]},{"@type":"BreadcrumbList","@id":"https:\/\/sendaecoway.com\/politica-de-cookies\/#breadcrumb","itemListElement":[{"@type":"ListItem","position":1,"name":"Portada","item":"https:\/\/sendaecoway.com\/"},{"@type":"ListItem","position":2,"name":"Pol\u00edtica de cookies"}]},{"@type":"WebSite","@id":"https:\/\/sendaecoway.com\/#website","url":"https:\/\/sendaecoway.com\/","name":"Senda Ecoway Sustainable Experiences","description":"We offer personalised and sustainable experiences. Routes guided by local guides and activities in small groups.","publisher":{"@id":"https:\/\/sendaecoway.com\/#organization"},"alternateName":"LAS MEJORES EXPERIENCIAS SOSTENIBLES DE ESPA\u00d1A","potentialAction":[{"@type":"SearchAction","target":{"@type":"EntryPoint","urlTemplate":"https:\/\/sendaecoway.com\/?s={search_term_string}"},"query-input":{"@type":"PropertyValueSpecification","valueRequired":true,"valueName":"search_term_string"}}],"inLanguage":"en-GB"},{"@type":"Organization","@id":"https:\/\/sendaecoway.com\/#organization","name":"ECOWAY SENDA","alternateName":"LAS MEJORES EXPERIENCIAS SOSTENIBLES DE ESPA\u00d1A","url":"https:\/\/sendaecoway.com\/","logo":{"@type":"ImageObject","inLanguage":"en-GB","@id":"https:\/\/sendaecoway.com\/#\/schema\/logo\/image\/","url":"https:\/\/sendaecoway.com\/wp-content\/uploads\/2024\/10\/619797bf655bee433c2dff8c_LOGOTIPO-OFICIAL-2-1024x413-1.png","contentUrl":"https:\/\/sendaecoway.com\/wp-content\/uploads\/2024\/10\/619797bf655bee433c2dff8c_LOGOTIPO-OFICIAL-2-1024x413-1.png","width":1024,"height":413,"caption":"SENDA ECOWAY"},"image":{"@id":"https:\/\/sendaecoway.com\/#\/schema\/logo\/image\/"},"sameAs":["https:\/\/www.facebook.com\/sendaecoway\/","https:\/\/www.instagram.com\/sendaecoway\/"]}]}},"_links":{"self":[{"href":"https:\/\/sendaecoway.com\/en\/wp-json\/wp\/v2\/pages\/2961","targetHints":{"allow":["GET"]}}],"collection":[{"href":"https:\/\/sendaecoway.com\/en\/wp-json\/wp\/v2\/pages"}],"about":[{"href":"https:\/\/sendaecoway.com\/en\/wp-json\/wp\/v2\/types\/page"}],"author":[{"embeddable":true,"href":"https:\/\/sendaecoway.com\/en\/wp-json\/wp\/v2\/users\/3"}],"replies":[{"embeddable":true,"href":"https:\/\/sendaecoway.com\/en\/wp-json\/wp\/v2\/comments?post=2961"}],"version-history":[{"count":4,"href":"https:\/\/sendaecoway.com\/en\/wp-json\/wp\/v2\/pages\/2961\/revisions"}],"predecessor-version":[{"id":2965,"href":"https:\/\/sendaecoway.com\/en\/wp-json\/wp\/v2\/pages\/2961\/revisions\/2965"}],"wp:attachment":[{"href":"https:\/\/sendaecoway.com\/en\/wp-json\/wp\/v2\/media?parent=2961"}],"curies":[{"name":"wp","href":"https:\/\/api.w.org\/{rel}","templated":true}]}}