{"id":162,"date":"2024-07-29T18:14:04","date_gmt":"2024-07-29T18:14:04","guid":{"rendered":"https:\/\/flamingo.codeyuzu.com\/turismo-a-tu-medida\/?page_id=162"},"modified":"2026-02-27T09:58:56","modified_gmt":"2026-02-27T09:58:56","slug":"contact","status":"publish","type":"page","link":"https:\/\/sendaecoway.com\/en\/contacto\/","title":{"rendered":"Contact"},"content":{"rendered":"<div class=\"wpb-content-wrapper\"><div data-vc-full-width=\"true\" data-vc-full-width-init=\"false\" class=\"vc_row wpb_row vc_row-fluid vc_custom_1727710988198 vc_row-has-fill et_custom_uniqid_new_66fac6efe174d mpc-row\"><div class=\"wpb_column vc_column_container vc_col-sm-12 et_custom_uniqid_69fdff2485e58 mpc-column\" data-column-id=\"mpc_column-3269fdff26c8c08\"><div class=\"vc_column-inner\"><div class=\"wpb_wrapper\"><div class=\"vc_row wpb_row vc_inner vc_row-fluid vc_custom_1722276880628 et_custom_uniqid_new_66a7dc0f4a052 mpc-row\"><div class=\"wpb_column vc_column_container vc_col-sm-12 et_custom_uniqid_new_66992fd876283 mpc-column\" data-column-id=\"mpc_column-6269fdff26c8abb\"><div class=\"vc_column-inner\"><div class=\"wpb_wrapper\"><p style=\"font-size: 21px;color: #ffffff;text-align: left\" class=\"vc_custom_heading vc_do_custom_heading vc_custom_1733843800749\">SENDA ECOWAY<\/p><h1 style=\"font-size: 90px;color: #ffffff;text-align: left\" class=\"vc_custom_heading vc_do_custom_heading vc_custom_1733843478891\">Contacto<\/h1><\/div><\/div><\/div><\/div><\/div><\/div><\/div><\/div><div class=\"vc_row-full-width vc_clearfix\"><\/div><div data-vc-full-width=\"true\" data-vc-full-width-init=\"false\" class=\"vc_row wpb_row vc_row-fluid vc_custom_1721326947806 vc_row-has-fill et_custom_uniqid_new_66995d61a1cb9 mpc-row\"><div class=\"wpb_column vc_column_container vc_col-sm-12 et_custom_uniqid_69fdff2485e58 mpc-column\" data-column-id=\"mpc_column-1969fdff26cb65f\"><div class=\"vc_column-inner\"><div class=\"wpb_wrapper\"><div class=\"vc_row wpb_row vc_inner vc_row-fluid vc_custom_1721396308841 vc_row-has-fill et_custom_uniqid_new_669a6c5114c82 mpc-row\"><div class=\"wpb_column vc_column_container vc_col-sm-12 et_custom_uniqid_new_66992fd876283 mpc-column\" data-column-id=\"mpc_column-469fdff26c9274\"><div class=\"vc_column-inner\"><div class=\"wpb_wrapper\"><h2 style=\"font-size: 40px;color: #1e1e1e;text-align: center\" class=\"vc_custom_heading vc_do_custom_heading vc_custom_1733226312588\">Env&iacute;anos tu consulta<\/h2><p style=\"font-size: 21px;color: #1e1e1e;text-align: center\" class=\"vc_custom_heading vc_do_custom_heading vc_custom_1733226797446\">&iquest;Tienes dudas o necesitas m&aacute;s informaci&oacute;n sobre nuestras experiencias?<br>\nCompleta el formulario y te responderemos lo antes posible.<br>\nEstamos aqu&iacute; para ayudarte a descubrir el turismo sostenible de una manera &uacute;nica y personal.<\/p><\/div><\/div><\/div><\/div><div class=\"vc_row wpb_row vc_inner vc_row-fluid vc_column-gap-35 et_custom_uniqid_new_669ffc75c8313 mpc-row\"><div class=\"wpb_column vc_column_container vc_col-sm-6 et_custom_uniqid_69fdff2485e62 mpc-column\" data-column-id=\"mpc_column-2769fdff26c9bc5\"><div class=\"vc_column-inner\"><div class=\"wpb_wrapper\"><section class=\"vc_cta3-container\"><div class=\"vc_general vc_do_cta3 vc_cta3 vc_cta3-style-custom vc_cta3-shape-rounded vc_cta3-align-left vc_cta3-icon-size-lg vc_cta3-icons-left vc_custom_1722953480299\" style=\"background-color:#fafafa;\"><div class=\"vc_cta3-icons\"><div class=\"vc_icon_element vc_icon_element-outer vc_do_icon align-left vc_icon_element-align-left\"><div class=\"vc_icon_element-inner vc_icon_element-color-custom vc_icon_element-size-lg vc_icon_element-style- vc_icon_element-background-color-grey\"><span class=\"vc_icon_element-icon fas fa-envelope\" style=\"color:#539796 !important\"><\/span><\/div><\/div><\/div><div class=\"vc_cta3_content-container\"><div class=\"vc_cta3-content\"><header class=\"vc_cta3-content-header\"><h2 style=\"color:#000000;\">Email<\/h2><\/header><p class=\"inter-16 nomargintop\"><a href=\"mailto:hello@sendaecoway.com\">hello@sendaecoway.com<\/a><\/p>\n<\/div><\/div><\/div><\/section><section class=\"vc_cta3-container\"><div class=\"vc_general vc_do_cta3 vc_cta3 vc_cta3-style-custom vc_cta3-shape-rounded vc_cta3-align-left vc_cta3-icon-size-lg vc_cta3-icons-left vc_custom_1772186328720\" style=\"background-color:#fafafa;\"><div class=\"vc_cta3-icons\"><div class=\"vc_icon_element vc_icon_element-outer vc_do_icon align-left vc_icon_element-align-left\"><div class=\"vc_icon_element-inner vc_icon_element-color-custom vc_icon_element-size-lg vc_icon_element-style- vc_icon_element-background-color-grey\"><span class=\"vc_icon_element-icon fas fa-phone-alt\" style=\"color:#539796 !important\"><\/span><\/div><\/div><\/div><div class=\"vc_cta3_content-container\"><div class=\"vc_cta3-content\"><header class=\"vc_cta3-content-header\"><h2 style=\"color:#000000;\">Tel&eacute;fono<\/h2><\/header><p class=\"inter-16 nomargintop\"><a href=\"tel:+34%20650%2075%2099%2087\">+34 650 75 99 87<\/a><\/p>\n<\/div><\/div><\/div><\/section><section class=\"vc_cta3-container\"><div class=\"vc_general vc_do_cta3 vc_cta3 vc_cta3-style-custom vc_cta3-shape-rounded vc_cta3-align-left vc_cta3-icon-size-lg vc_cta3-icons-left vc_custom_1772186312175\" style=\"background-color:#fafafa;\"><div class=\"vc_cta3-icons\"><div class=\"vc_icon_element vc_icon_element-outer vc_do_icon align-left vc_icon_element-align-left\"><div class=\"vc_icon_element-inner vc_icon_element-color-custom vc_icon_element-size-lg vc_icon_element-style- vc_icon_element-background-color-grey\"><span class=\"vc_icon_element-icon fab fa-whatsapp\" style=\"color:#539796 !important\"><\/span><\/div><\/div><\/div><div class=\"vc_cta3_content-container\"><div class=\"vc_cta3-content\"><header class=\"vc_cta3-content-header\"><h2 style=\"color:#000000;\">Whatsapp<\/h2><\/header><p class=\"inter-16 nomargintop\"><a href=\"https:\/\/wa.link\/xaae4h\" target=\"_blank\" rel=\"noopener\">+34 650 75 99 87<\/a><\/p>\n<\/div><\/div><\/div><\/section><\/div><\/div><\/div><div class=\"wpb_column vc_column_container vc_col-sm-6 vc_col-has-fill et_custom_uniqid_new_66a7df7f83812 mpc-column\" data-column-id=\"mpc_column-2569fdff26caf2a\"><div class=\"vc_column-inner vc_custom_1722277770865\"><div class=\"wpb_wrapper\">\n\t<div class=\"wpb_raw_code wpb_raw_html wpb_content_element vc_custom_1721761281455\">\n\t\t<div class=\"wpb_wrapper\">\n\t\t\t<div class=\"wpforms-container wpforms-container-full\" id=\"wpforms-138\"><form id=\"wpforms-form-138\" class=\"wpforms-validate wpforms-form wpforms-ajax-form\" data-formid=\"138\" method=\"post\" enctype=\"multipart\/form-data\" action=\"\/en\/wp-json\/wp\/v2\/pages\/162\" data-token=\"bbe8fa27e28cd01e1f286e3d56c5581d\" data-token-time=\"1778253606\"><noscript class=\"wpforms-error-noscript\">Please enable JavaScript in your browser to complete this form.<\/noscript><div class=\"wpforms-field-container\"><div id=\"wpforms-138-field_1-container\" class=\"wpforms-field wpforms-field-layout\" data-field-id=\"1\"><div class=\"wpforms-field-layout-columns wpforms-field-layout-preset-50-50\"><div class=\"wpforms-layout-column wpforms-layout-column-50\"><div id=\"wpforms-138-field_2-container\" class=\"wpforms-field wpforms-field-text\" data-field-id=\"2\"><label class=\"wpforms-field-label wpforms-label-hide\" for=\"wpforms-138-field_2\">Nombre <\/label><input type=\"text\" id=\"wpforms-138-field_2\" class=\"wpforms-field-medium\" name=\"wpforms[fields][2]\" placeholder=\"Nombre \"><\/div><div id=\"wpforms-138-field_5-container\" class=\"wpforms-field wpforms-field-select wpforms-field-select-style-classic\" data-field-id=\"5\"><label class=\"wpforms-field-label wpforms-label-hide\" for=\"wpforms-138-field_5\">Destino<\/label><select id=\"wpforms-138-field_5\" class=\"wpforms-field-large\" name=\"wpforms[fields][5]\"><option value=\"\" class=\"placeholder\" disabled selected>Destino<\/option><option value=\"Tenerife\">Tenerife<\/option><option value=\"Lanzarote\">Lanzarote<\/option><option value=\"La Palma\">La Palma<\/option><option value=\"El Hierro\">El Hierro<\/option><option value=\"La Gomera\">La Gomera<\/option><option value=\"Fuerteventura\">Fuerteventura<\/option><option value=\"Gran Canarias\">Gran Canarias<\/option><\/select><\/div><\/div><div class=\"wpforms-layout-column wpforms-layout-column-50\"><div id=\"wpforms-138-field_3-container\" class=\"wpforms-field wpforms-field-text\" data-field-id=\"3\"><label class=\"wpforms-field-label wpforms-label-hide\" for=\"wpforms-138-field_3\">Apellido<\/label><input type=\"text\" id=\"wpforms-138-field_3\" class=\"wpforms-field-medium\" name=\"wpforms[fields][3]\" placeholder=\"Apellido\"><\/div><div id=\"wpforms-138-field_7-container\" class=\"wpforms-field wpforms-field-text\" data-field-id=\"7\"><label class=\"wpforms-field-label wpforms-label-hide\" for=\"wpforms-138-field_7\">Fecha<\/label><input type=\"text\" id=\"wpforms-138-field_7\" class=\"wpforms-field-medium\" name=\"wpforms[fields][7]\" placeholder=\"Fecha \"><\/div><\/div><\/div><\/div><div id=\"wpforms-138-field_4-container\" class=\"wpforms-field wpforms-field-email\" data-field-id=\"4\"><label class=\"wpforms-field-label wpforms-label-hide\" for=\"wpforms-138-field_4\">Correo electr&oacute;nico <span class=\"wpforms-required-label\">*<\/span><\/label><input type=\"email\" id=\"wpforms-138-field_4\" class=\"wpforms-field-large wpforms-field-required\" name=\"wpforms[fields][4]\" placeholder=\"Correo electr&oacute;nico\" spellcheck=\"false\" required><\/div><div id=\"wpforms-138-field_8-container\" class=\"wpforms-field wpforms-field-textarea\" data-field-id=\"8\"><label class=\"wpforms-field-label wpforms-label-hide\" for=\"wpforms-138-field_8\">Mensaje <\/label><textarea id=\"wpforms-138-field_8\" class=\"wpforms-field-medium\" name=\"wpforms[fields][8]\" placeholder=\"Mensaje \"><\/textarea><\/div><\/div><!-- .wpforms-field-container --><div class=\"wpforms-recaptcha-container wpforms-is-recaptcha wpforms-is-recaptcha-type-v3\"><input type=\"hidden\" name=\"wpforms[recaptcha]\" value=\"\"><\/div><div class=\"wpforms-submit-container\"><input type=\"hidden\" name=\"wpforms[id]\" value=\"138\"><input type=\"hidden\" name=\"page_title\" value=\"\"><input type=\"hidden\" name=\"page_url\" value=\"https:\/\/sendaecoway.com\/en\/wp-json\/wp\/v2\/pages\/162\"><button type=\"submit\" name=\"wpforms[submit]\" id=\"wpforms-submit-138\" class=\"wpforms-submit\" data-alt-text=\"Enviando...\" data-submit-text=\"Enviar\" aria-live=\"assertive\" value=\"wpforms-submit\">Enviar<\/button><img decoding=\"async\" src=\"https:\/\/sendaecoway.com\/wp-content\/plugins\/wpforms\/assets\/images\/submit-spin.svg\" class=\"wpforms-submit-spinner\" style=\"display: none;\" width=\"26\" height=\"26\" alt=\"Loading\"><\/div><\/form><\/div>  <!-- .wpforms-container -->\n\t\t<\/div>\n\t<\/div>\n<\/div><\/div><\/div><\/div><\/div><\/div><\/div><\/div><div class=\"vc_row-full-width vc_clearfix\"><\/div><div data-vc-full-width=\"true\" data-vc-full-width-init=\"false\" data-vc-stretch-content=\"true\" class=\"vc_row wpb_row vc_row-fluid vc_custom_1722278030017 vc_row-no-padding et_custom_uniqid_new_66a7e08a93c66 mpc-row\"><div class=\"wpb_column vc_column_container vc_col-sm-12 et_custom_uniqid_new_66a7e0a5c6220 mpc-column\" data-column-id=\"mpc_column-269fdff26cc10b\"><div class=\"vc_column-inner vc_custom_1722278057860\"><div class=\"wpb_wrapper\">\n\t<div class=\"wpb_raw_code wpb_raw_html wpb_content_element vc_custom_1728482655299\">\n\t\t<div class=\"wpb_wrapper\">\n\t\t\t<iframe src=\"https:\/\/www.google.com\/maps\/embed?pb=!1m18!1m12!1m3!1d3507.40456592011!2d-16.253191823839824!3d28.46736049156081!2m3!1f0!2f0!3f0!3m2!1i1024!2i768!4f13.1!3m3!1m2!1s0xc402aae8ab2bb8b%3A0x1d1778575cd9c944!2sSenda%20Ecoway%20Experiencias%20en%20Canarias%20Sostenibles!5e0!3m2!1ses!2ses!4v1728482191151!5m2!1ses!2ses\" width=\"100%\" height=\"600\" style=\"border:0;\" allowfullscreen=\"\" loading=\"lazy\" referrerpolicy=\"no-referrer-when-downgrade\"><\/iframe>\n\n\t\t<\/div>\n\t<\/div>\n<\/div><\/div><\/div><\/div><div class=\"vc_row-full-width vc_clearfix\"><\/div>\n<\/div>","protected":false},"excerpt":{"rendered":"SENDA ECOWAYContactSend us your enquiryDo you have questions or need more information about our experiences? Fill in the form and we will get back to you as soon as possible. We are here to help you...","protected":false},"author":2,"featured_media":0,"parent":0,"menu_order":0,"comment_status":"closed","ping_status":"closed","template":"","meta":{"_joinchat":[],"footnotes":""},"class_list":["post-162","page","type-page","status-publish","hentry"],"yoast_head":"<!-- This site is optimized with the Yoast SEO plugin v27.5 - https:\/\/yoast.com\/product\/yoast-seo-wordpress\/ -->\n<title>Contacto | Senda Ecoway<\/title>\n<meta name=\"description\" content=\"\u00bfTienes preguntas o necesitas m\u00e1s informaci\u00f3n? Cont\u00e1ctanos y descubre c\u00f3mo podemos ayudarte a vivir experiencias \u00fanicas y sostenibles.\" \/>\n<meta name=\"robots\" content=\"index, follow, max-snippet:-1, max-image-preview:large, max-video-preview:-1\" \/>\n<link rel=\"canonical\" href=\"https:\/\/sendaecoway.com\/en\/contact\/\" \/>\n<meta property=\"og:locale\" content=\"en_GB\" \/>\n<meta property=\"og:type\" content=\"article\" \/>\n<meta property=\"og:title\" content=\"Contacto | Senda Ecoway\" \/>\n<meta property=\"og:description\" content=\"\u00bfTienes preguntas o necesitas m\u00e1s informaci\u00f3n? Cont\u00e1ctanos y descubre c\u00f3mo podemos ayudarte a vivir experiencias \u00fanicas y sostenibles.\" \/>\n<meta property=\"og:url\" content=\"https:\/\/sendaecoway.com\/en\/contact\/\" \/>\n<meta property=\"og:site_name\" content=\"Senda Ecoway\" \/>\n<meta property=\"article:publisher\" content=\"https:\/\/www.facebook.com\/sendaecoway\/\" \/>\n<meta property=\"article:modified_time\" content=\"2026-02-27T09:58:56+00:00\" \/>\n<meta property=\"og:image\" content=\"https:\/\/sendaecoway.com\/wp-content\/uploads\/2024\/10\/619797bf655bee433c2dff8c_LOGOTIPO-OFICIAL-2-1024x413-1.png\" \/>\n\t<meta property=\"og:image:width\" content=\"1024\" \/>\n\t<meta property=\"og:image:height\" content=\"413\" \/>\n\t<meta property=\"og:image:type\" content=\"image\/png\" \/>\n<meta name=\"twitter:card\" content=\"summary_large_image\" \/>\n<meta name=\"twitter:label1\" content=\"Estimated reading time\" \/>\n\t<meta name=\"twitter:data1\" content=\"1 minute\" \/>\n<script type=\"application\/ld+json\" class=\"yoast-schema-graph\">{\"@context\":\"https:\\\/\\\/schema.org\",\"@graph\":[{\"@type\":\"WebPage\",\"@id\":\"https:\\\/\\\/sendaecoway.com\\\/contacto\\\/\",\"url\":\"https:\\\/\\\/sendaecoway.com\\\/contacto\\\/\",\"name\":\"Contacto | Senda Ecoway\",\"isPartOf\":{\"@id\":\"https:\\\/\\\/sendaecoway.com\\\/#website\"},\"datePublished\":\"2024-07-29T18:14:04+00:00\",\"dateModified\":\"2026-02-27T09:58:56+00:00\",\"description\":\"\u00bfTienes preguntas o necesitas m\u00e1s informaci\u00f3n? Cont\u00e1ctanos y descubre c\u00f3mo podemos ayudarte a vivir experiencias \u00fanicas y sostenibles.\",\"breadcrumb\":{\"@id\":\"https:\\\/\\\/sendaecoway.com\\\/contacto\\\/#breadcrumb\"},\"inLanguage\":\"en-GB\",\"potentialAction\":[{\"@type\":\"ReadAction\",\"target\":[\"https:\\\/\\\/sendaecoway.com\\\/contacto\\\/\"]}]},{\"@type\":\"BreadcrumbList\",\"@id\":\"https:\\\/\\\/sendaecoway.com\\\/contacto\\\/#breadcrumb\",\"itemListElement\":[{\"@type\":\"ListItem\",\"position\":1,\"name\":\"Portada\",\"item\":\"https:\\\/\\\/sendaecoway.com\\\/\"},{\"@type\":\"ListItem\",\"position\":2,\"name\":\"Contacto\"}]},{\"@type\":\"WebSite\",\"@id\":\"https:\\\/\\\/sendaecoway.com\\\/#website\",\"url\":\"https:\\\/\\\/sendaecoway.com\\\/\",\"name\":\"Senda Ecoway Experiencias Sostenibles\",\"description\":\"Ofrecemos experiencias personalizadas y sostenibles. Rutas guiadas por gu\u00edas locales y actividades en peque\u00f1os grupos.\",\"publisher\":{\"@id\":\"https:\\\/\\\/sendaecoway.com\\\/#organization\"},\"alternateName\":\"LAS MEJORES EXPERIENCIAS SOSTENIBLES DE ESPA\u00d1A\",\"potentialAction\":[{\"@type\":\"SearchAction\",\"target\":{\"@type\":\"EntryPoint\",\"urlTemplate\":\"https:\\\/\\\/sendaecoway.com\\\/?s={search_term_string}\"},\"query-input\":{\"@type\":\"PropertyValueSpecification\",\"valueRequired\":true,\"valueName\":\"search_term_string\"}}],\"inLanguage\":\"en-GB\"},{\"@type\":\"Organization\",\"@id\":\"https:\\\/\\\/sendaecoway.com\\\/#organization\",\"name\":\"SENDA ECOWAY\",\"alternateName\":\"LAS MEJORES EXPERIENCIAS SOSTENIBLES DE ESPA\u00d1A\",\"url\":\"https:\\\/\\\/sendaecoway.com\\\/\",\"logo\":{\"@type\":\"ImageObject\",\"inLanguage\":\"en-GB\",\"@id\":\"https:\\\/\\\/sendaecoway.com\\\/#\\\/schema\\\/logo\\\/image\\\/\",\"url\":\"https:\\\/\\\/sendaecoway.com\\\/wp-content\\\/uploads\\\/2024\\\/10\\\/619797bf655bee433c2dff8c_LOGOTIPO-OFICIAL-2-1024x413-1.png\",\"contentUrl\":\"https:\\\/\\\/sendaecoway.com\\\/wp-content\\\/uploads\\\/2024\\\/10\\\/619797bf655bee433c2dff8c_LOGOTIPO-OFICIAL-2-1024x413-1.png\",\"width\":1024,\"height\":413,\"caption\":\"SENDA ECOWAY\"},\"image\":{\"@id\":\"https:\\\/\\\/sendaecoway.com\\\/#\\\/schema\\\/logo\\\/image\\\/\"},\"sameAs\":[\"https:\\\/\\\/www.facebook.com\\\/sendaecoway\\\/\",\"https:\\\/\\\/www.instagram.com\\\/sendaecoway\\\/\"]}]}<\/script>\n<!-- \/ Yoast SEO plugin. -->","yoast_head_json":{"title":"Contact us | Senda Ecoway","description":"Do you have questions or need more information? Contact us and find out how we can help you live unique and sustainable experiences.","robots":{"index":"index","follow":"follow","max-snippet":"max-snippet:-1","max-image-preview":"max-image-preview:large","max-video-preview":"max-video-preview:-1"},"canonical":"https:\/\/sendaecoway.com\/en\/contact\/","og_locale":"en_GB","og_type":"article","og_title":"Contacto | Senda Ecoway","og_description":"\u00bfTienes preguntas o necesitas m\u00e1s informaci\u00f3n? Cont\u00e1ctanos y descubre c\u00f3mo podemos ayudarte a vivir experiencias \u00fanicas y sostenibles.","og_url":"https:\/\/sendaecoway.com\/en\/contact\/","og_site_name":"Senda Ecoway","article_publisher":"https:\/\/www.facebook.com\/sendaecoway\/","article_modified_time":"2026-02-27T09:58:56+00:00","og_image":[{"width":1024,"height":413,"url":"https:\/\/sendaecoway.com\/wp-content\/uploads\/2024\/10\/619797bf655bee433c2dff8c_LOGOTIPO-OFICIAL-2-1024x413-1.png","type":"image\/png"}],"twitter_card":"summary_large_image","twitter_misc":{"Estimated reading time":"1 minute"},"schema":{"@context":"https:\/\/schema.org","@graph":[{"@type":"WebPage","@id":"https:\/\/sendaecoway.com\/contacto\/","url":"https:\/\/sendaecoway.com\/contacto\/","name":"Contact us | Senda Ecoway","isPartOf":{"@id":"https:\/\/sendaecoway.com\/#website"},"datePublished":"2024-07-29T18:14:04+00:00","dateModified":"2026-02-27T09:58:56+00:00","description":"Do you have questions or need more information? Contact us and find out how we can help you live unique and sustainable experiences.","breadcrumb":{"@id":"https:\/\/sendaecoway.com\/contacto\/#breadcrumb"},"inLanguage":"en-GB","potentialAction":[{"@type":"ReadAction","target":["https:\/\/sendaecoway.com\/contacto\/"]}]},{"@type":"BreadcrumbList","@id":"https:\/\/sendaecoway.com\/contacto\/#breadcrumb","itemListElement":[{"@type":"ListItem","position":1,"name":"Portada","item":"https:\/\/sendaecoway.com\/"},{"@type":"ListItem","position":2,"name":"Contacto"}]},{"@type":"WebSite","@id":"https:\/\/sendaecoway.com\/#website","url":"https:\/\/sendaecoway.com\/","name":"Senda Ecoway Sustainable Experiences","description":"We offer personalised and sustainable experiences. Routes guided by local guides and activities in small groups.","publisher":{"@id":"https:\/\/sendaecoway.com\/#organization"},"alternateName":"LAS MEJORES EXPERIENCIAS SOSTENIBLES DE ESPA\u00d1A","potentialAction":[{"@type":"SearchAction","target":{"@type":"EntryPoint","urlTemplate":"https:\/\/sendaecoway.com\/?s={search_term_string}"},"query-input":{"@type":"PropertyValueSpecification","valueRequired":true,"valueName":"search_term_string"}}],"inLanguage":"en-GB"},{"@type":"Organization","@id":"https:\/\/sendaecoway.com\/#organization","name":"ECOWAY SENDA","alternateName":"LAS MEJORES EXPERIENCIAS SOSTENIBLES DE ESPA\u00d1A","url":"https:\/\/sendaecoway.com\/","logo":{"@type":"ImageObject","inLanguage":"en-GB","@id":"https:\/\/sendaecoway.com\/#\/schema\/logo\/image\/","url":"https:\/\/sendaecoway.com\/wp-content\/uploads\/2024\/10\/619797bf655bee433c2dff8c_LOGOTIPO-OFICIAL-2-1024x413-1.png","contentUrl":"https:\/\/sendaecoway.com\/wp-content\/uploads\/2024\/10\/619797bf655bee433c2dff8c_LOGOTIPO-OFICIAL-2-1024x413-1.png","width":1024,"height":413,"caption":"SENDA ECOWAY"},"image":{"@id":"https:\/\/sendaecoway.com\/#\/schema\/logo\/image\/"},"sameAs":["https:\/\/www.facebook.com\/sendaecoway\/","https:\/\/www.instagram.com\/sendaecoway\/"]}]}},"_links":{"self":[{"href":"https:\/\/sendaecoway.com\/en\/wp-json\/wp\/v2\/pages\/162","targetHints":{"allow":["GET"]}}],"collection":[{"href":"https:\/\/sendaecoway.com\/en\/wp-json\/wp\/v2\/pages"}],"about":[{"href":"https:\/\/sendaecoway.com\/en\/wp-json\/wp\/v2\/types\/page"}],"author":[{"embeddable":true,"href":"https:\/\/sendaecoway.com\/en\/wp-json\/wp\/v2\/users\/2"}],"replies":[{"embeddable":true,"href":"https:\/\/sendaecoway.com\/en\/wp-json\/wp\/v2\/comments?post=162"}],"version-history":[{"count":18,"href":"https:\/\/sendaecoway.com\/en\/wp-json\/wp\/v2\/pages\/162\/revisions"}],"predecessor-version":[{"id":6047,"href":"https:\/\/sendaecoway.com\/en\/wp-json\/wp\/v2\/pages\/162\/revisions\/6047"}],"wp:attachment":[{"href":"https:\/\/sendaecoway.com\/en\/wp-json\/wp\/v2\/media?parent=162"}],"curies":[{"name":"wp","href":"https:\/\/api.w.org\/{rel}","templated":true}]}}