{"id":1591,"date":"2024-09-25T19:59:11","date_gmt":"2024-09-25T19:59:11","guid":{"rendered":"https:\/\/sendaecoway.com\/?page_id=1591"},"modified":"2024-12-10T15:07:00","modified_gmt":"2024-12-10T15:07:00","slug":"about-us","status":"publish","type":"page","link":"https:\/\/sendaecoway.com\/en\/sobre-nosotros\/","title":{"rendered":"About us"},"content":{"rendered":"<div class=\"wpb-content-wrapper\"><div data-vc-full-width=\"true\" data-vc-full-width-init=\"false\" class=\"vc_row wpb_row vc_row-fluid vc_custom_1727294596741 vc_row-has-fill et_custom_uniqid_new_66f46c7574a61 mpc-row\"><div class=\"wpb_column vc_column_container vc_col-sm-12 et_custom_uniqid_69e5f4f6aee4c mpc-column\" data-column-id=\"mpc_column-8169e5f4f8e1d89\"><div class=\"vc_column-inner\"><div class=\"wpb_wrapper\"><div class=\"vc_row wpb_row vc_inner vc_row-fluid et_custom_uniqid_69e5f4f6aedc8 mpc-row\"><div class=\"wpb_column vc_column_container vc_col-sm-12 et_custom_uniqid_69e5f4f6aee58 mpc-column\" data-column-id=\"mpc_column-7969e5f4f8e1c06\"><div class=\"vc_column-inner\"><div class=\"wpb_wrapper\"><p style=\"font-size: 20px;color: #ffffff;text-align: left\" class=\"vc_custom_heading vc_do_custom_heading\">ECOWAY SENDA<\/p><h2 style=\"font-size: 70px;color: #ffffff;text-align: left\" class=\"vc_custom_heading vc_do_custom_heading vc_custom_1733842658643\">About us<\/h2><div class=\"vc_btn3-container vc_btn3-inline vc_do_btn align-inline\"><a class=\"vc_general vc_btn3 vc_btn3-size-md vc_btn3-shape-round vc_btn3-style-outline vc_btn3-color-white align-inline\" href=\"https:\/\/sendaecoway.com\/en\/contact\/\" title=\"\">Contact us<\/a><\/div><\/div><\/div><\/div><\/div><\/div><\/div><\/div><\/div><div class=\"vc_row-full-width vc_clearfix\"><\/div><div data-vc-full-width=\"true\" data-vc-full-width-init=\"false\" class=\"vc_row wpb_row vc_row-fluid vc_custom_1727297927401 vc_row-has-fill et_custom_uniqid_new_66f479816c23a mpc-row\"><div class=\"wpb_column vc_column_container vc_col-sm-12 et_custom_uniqid_69e5f4f6aee4c mpc-column\" data-column-id=\"mpc_column-1469e5f4f8ebc19\"><div class=\"vc_column-inner\"><div class=\"wpb_wrapper\"><div class=\"vc_row wpb_row vc_inner vc_row-fluid vc_custom_1726063748427 et_custom_uniqid_new_66e1a47ea5d12 mpc-row\"><div class=\"wpb_column vc_column_container vc_col-sm-12 et_custom_uniqid_new_66992fd876283 mpc-column\" data-column-id=\"mpc_column-8069e5f4f8e2594\"><div class=\"vc_column-inner\"><div class=\"wpb_wrapper\"><p style=\"font-size: 20px;color: #bcd1cb;text-align: center\" class=\"vc_custom_heading vc_do_custom_heading vc_custom_1727294652543\">ABOUT SENDA ECOWAY<\/p><h2 style=\"font-size: 40px;color: #1e1e1e;text-align: center\" class=\"vc_custom_heading vc_do_custom_heading vc_custom_1727294660148\">More than a travel and experience agency<\/h2>\n\t<div class=\"wpb_text_column wpb_content_element\">\n\t\t<div class=\"wpb_wrapper\">\n\t\t\t<p style=\"text-align: center;\"><span style=\"font-weight: 400;\">We are Lola and Laura, the founders of <a href=\"https:\/\/sendaecoway.com\/en\/\">Ecoway Path<\/a>. Our aim is to promote the <\/span><a href=\"https:\/\/sendaecoway.com\/en\/blog\/what-is-auteur-tourism\/\"><span style=\"font-weight: 400;\">signature tourism<\/span><\/a><span style=\"font-weight: 400;\">designing unique trails that reflect the creativity and passion of our team. We create authentic experiences, far from mass tourism, where sustainability and enjoyment are always the protagonists.<\/span><\/p>\n\n\t\t<\/div>\n\t<\/div>\n<\/div><\/div><\/div><\/div><div class=\"vc_row wpb_row vc_inner vc_row-fluid vc_column-gap-20 vc_row-o-equal-height vc_row-flex et_custom_uniqid_new_66f4798b6b284 mpc-row\"><div class=\"wpb_column vc_column_container vc_col-sm-3 et_custom_uniqid_69e5f4f6aee58 mpc-column\" data-column-id=\"mpc_column-6869e5f4f8e28a8\"><div class=\"vc_column-inner\"><div class=\"wpb_wrapper\"><\/div><\/div><\/div><div class=\"wpb_column vc_column_container vc_col-sm-3 et_custom_uniqid_new_66f475ce3b382 mpc-column\" data-column-id=\"mpc_column-1669e5f4f8e7d89\"><div class=\"vc_column-inner\"><div class=\"wpb_wrapper\">\n\t<div class=\"wpb_single_image wpb_content_element vc_align_center wpb_content_element vc_custom_1727351281190\">\n\t\t\n\t\t<figure class=\"wpb_wrapper vc_figure\">\n\t\t\t<div class=\"vc_single_image-wrapper   vc_box_border_grey\"><img fetchpriority=\"high\" decoding=\"async\" width=\"461\" height=\"340\" src=\"https:\/\/sendaecoway.com\/wp-content\/uploads\/2024\/09\/image-22.jpg\" class=\"vc_single_image-img attachment-full\" alt=\"\" title=\"image 22\" srcset=\"https:\/\/sendaecoway.com\/wp-content\/uploads\/2024\/09\/image-22.jpg 461w, https:\/\/sendaecoway.com\/wp-content\/uploads\/2024\/09\/image-22-300x221.jpg 300w, https:\/\/sendaecoway.com\/wp-content\/uploads\/2024\/09\/image-22-10x7.jpg 10w\" sizes=\"(max-width: 461px) 100vw, 461px\"><\/div>\n\t\t<\/figure>\n\t<\/div>\n\n\t<div class=\"wpb_text_column wpb_content_element\">\n\t\t<div class=\"wpb_wrapper\">\n\t\t\t<p style=\"text-align: center;\"><a href=\"https:\/\/es.linkedin.com\/in\/lola-r-de-azero-tabares-101b758?trk=public_post_feed-actor-name\"><strong><span style=\"color: #98c7b9; font-size: 20px;\">Lola Rodr\u00edguez de Azero Tabares<\/span><\/strong><\/a><\/p>\n<p style=\"text-align: center;\">CEO and founder<\/p>\n\n\t\t<\/div>\n\t<\/div>\n<\/div><\/div><\/div><div class=\"wpb_column vc_column_container vc_col-sm-3 et_custom_uniqid_new_66f475d8db9d3 mpc-column\" data-column-id=\"mpc_column-9369e5f4f8eb788\"><div class=\"vc_column-inner\"><div class=\"wpb_wrapper\">\n\t<div class=\"wpb_single_image wpb_content_element vc_align_center wpb_content_element vc_custom_1727351287150\">\n\t\t\n\t\t<figure class=\"wpb_wrapper vc_figure\">\n\t\t\t<div class=\"vc_single_image-wrapper   vc_box_border_grey\"><img decoding=\"async\" width=\"460\" height=\"340\" src=\"https:\/\/sendaecoway.com\/wp-content\/uploads\/2024\/09\/image-1.jpg\" class=\"vc_single_image-img attachment-full\" alt=\"\" title=\"image (1)\" srcset=\"https:\/\/sendaecoway.com\/wp-content\/uploads\/2024\/09\/image-1.jpg 460w, https:\/\/sendaecoway.com\/wp-content\/uploads\/2024\/09\/image-1-300x222.jpg 300w, https:\/\/sendaecoway.com\/wp-content\/uploads\/2024\/09\/image-1-10x7.jpg 10w\" sizes=\"(max-width: 460px) 100vw, 460px\"><\/div>\n\t\t<\/figure>\n\t<\/div>\n\n\t<div class=\"wpb_text_column wpb_content_element\">\n\t\t<div class=\"wpb_wrapper\">\n\t\t\t<p style=\"text-align: center;\"><a href=\"https:\/\/es.linkedin.com\/in\/laura-%C3%A1lvarez-torres-306565b2\"><strong><span style=\"color: #98c7b9; font-size: 20px;\">Laura \u00c1lvarez Torres<\/span><\/strong><\/a><\/p>\n<p style=\"text-align: center;\">Product Manager and<br>\nOfficial Guide of the Government of the Canary Islands<\/p>\n\n\t\t<\/div>\n\t<\/div>\n<\/div><\/div><\/div><div class=\"wpb_column vc_column_container vc_col-sm-3 et_custom_uniqid_69e5f4f6aee58 mpc-column\" data-column-id=\"mpc_column-2069e5f4f8eb8f8\"><div class=\"vc_column-inner\"><div class=\"wpb_wrapper\"><\/div><\/div><\/div><\/div><\/div><\/div><\/div><\/div><div class=\"vc_row-full-width vc_clearfix\"><\/div><div class=\"vc_row wpb_row vc_row-fluid et_custom_uniqid_69e5f4f6aeea3 mpc-row\"><div class=\"wpb_column vc_column_container vc_col-sm-12 et_custom_uniqid_69e5f4f6aee4c mpc-column\" data-column-id=\"mpc_column-8469e5f4f904bad\"><div class=\"vc_column-inner\"><div class=\"wpb_wrapper\"><div class=\"vc_row wpb_row vc_inner vc_row-fluid vc_column-gap-35 et_custom_uniqid_new_66f479cd5a1dc mpc-row\"><div class=\"wpb_column vc_column_container vc_col-sm-6 et_custom_uniqid_69e5f4f6aee58 mpc-column\" data-column-id=\"mpc_column-7669e5f4f8f0107\"><div class=\"vc_column-inner\"><div class=\"wpb_wrapper\">\n\t<div class=\"wpb_single_image wpb_content_element vc_align_left wpb_content_element\">\n\t\t\n\t\t<figure class=\"wpb_wrapper vc_figure\">\n\t\t\t<div class=\"vc_single_image-wrapper   vc_box_border_grey\"><img decoding=\"async\" width=\"645\" height=\"434\" src=\"https:\/\/sendaecoway.com\/wp-content\/uploads\/2024\/09\/preguntas-frecuentes-home-senda-01.png\" class=\"vc_single_image-img attachment-full\" alt=\"\" title=\"frequently-asked-questions-home-path-01\" srcset=\"https:\/\/sendaecoway.com\/wp-content\/uploads\/2024\/09\/preguntas-frecuentes-home-senda-01.png 645w, https:\/\/sendaecoway.com\/wp-content\/uploads\/2024\/09\/preguntas-frecuentes-home-senda-01-300x202.png 300w, https:\/\/sendaecoway.com\/wp-content\/uploads\/2024\/09\/preguntas-frecuentes-home-senda-01-600x404.png 600w, https:\/\/sendaecoway.com\/wp-content\/uploads\/2024\/09\/preguntas-frecuentes-home-senda-01-10x7.png 10w\" sizes=\"(max-width: 645px) 100vw, 645px\"><\/div>\n\t\t<\/figure>\n\t<\/div>\n<\/div><\/div><\/div><div class=\"wpb_column vc_column_container vc_col-sm-6 et_custom_uniqid_new_66f4799f270c4 mpc-column\" data-column-id=\"mpc_column-1969e5f4f8f059e\"><div class=\"vc_column-inner vc_custom_1727297957361\"><div class=\"wpb_wrapper\"><p style=\"font-size: 21px;color: #539796;text-align: left\" class=\"vc_custom_heading vc_do_custom_heading vc_custom_1727297192619\">ABOUT SENDA ECOWAY<\/p><h2 style=\"font-size: 40px;color: #1e1e1e;text-align: left\" class=\"vc_custom_heading vc_do_custom_heading vc_custom_1727297197609\">Our commitment<\/h2>\n\t<div class=\"wpb_text_column wpb_content_element vc_custom_1733842948848\">\n\t\t<div class=\"wpb_wrapper\">\n\t\t\t<p><span style=\"font-weight: 400;\">At Senda Ecoway, we were born with a clear purpose: to offer unique experiences to our Ecotravellers, away from mass tourism that affects the environment, tourism and local communities.<\/span><\/p>\n<p><span style=\"font-weight: 400;\">Our aim is to promote signature tourism, creating authentic adventures for travellers who are committed to the <\/span><a href=\"https:\/\/sendaecoway.com\/en\/our-sustainability\/\"><span style=\"font-weight: 400;\">sustainability<\/span><\/a><span style=\"font-weight: 400;\">The aim is to connect with the culture and nature of each destination in a unique and responsible way.<\/span><\/p>\n\n\t\t<\/div>\n\t<\/div>\n<\/div><\/div><\/div><\/div><div class=\"vc_row wpb_row vc_inner vc_row-fluid vc_column-gap-35 et_custom_uniqid_new_66f479d6de33a mpc-row\"><div class=\"wpb_column vc_column_container vc_col-sm-6 et_custom_uniqid_new_66f479aa75178 mpc-column\" data-column-id=\"mpc_column-8169e5f4f8f0bdb\"><div class=\"vc_column-inner vc_custom_1727297970681\"><div class=\"wpb_wrapper\"><p style=\"font-size: 21px;color: #539796;text-align: left\" class=\"vc_custom_heading vc_do_custom_heading vc_custom_1727297219507\">ABOUT SENDA ECOWAY<\/p><h2 style=\"font-size: 40px;color: #1e1e1e;text-align: left\" class=\"vc_custom_heading vc_do_custom_heading vc_custom_1727297224969\">Unique experiences<br>\ndesigned for you<\/h2>\n\t<div class=\"wpb_text_column wpb_content_element vc_custom_1733842928937\">\n\t\t<div class=\"wpb_wrapper\">\n\t\t\t<p><span style=\"font-weight: 400;\">We move forward with the certainty that sustainable tourism is possible. Our commitment to signature tourism drives us to design <\/span><a href=\"https:\/\/sendaecoway.com\/en\/experiences\/\"><span style=\"font-weight: 400;\">experiences<\/span><\/a><span style=\"font-weight: 400;\"> authentic and responsible, always focused on creating a genuine connection between travellers and the culture and nature of each destination.<\/span><\/p>\n\n\t\t<\/div>\n\t<\/div>\n<\/div><\/div><\/div><div class=\"wpb_column vc_column_container vc_col-sm-6 et_custom_uniqid_69e5f4f6aee58 mpc-column\" data-column-id=\"mpc_column-8369e5f4f9008e1\"><div class=\"vc_column-inner\"><div class=\"wpb_wrapper\">\n\t<div class=\"wpb_single_image wpb_content_element vc_align_left wpb_content_element\">\n\t\t\n\t\t<figure class=\"wpb_wrapper vc_figure\">\n\t\t\t<div class=\"vc_single_image-wrapper   vc_box_border_grey\"><img loading=\"lazy\" decoding=\"async\" width=\"645\" height=\"434\" src=\"https:\/\/sendaecoway.com\/wp-content\/uploads\/2024\/09\/preguntas-frecuentes-home-senda-01-1.png\" class=\"vc_single_image-img attachment-full\" alt=\"\" title=\"frequently-asked-questions-home-path-01 (1)\" srcset=\"https:\/\/sendaecoway.com\/wp-content\/uploads\/2024\/09\/preguntas-frecuentes-home-senda-01-1.png 645w, https:\/\/sendaecoway.com\/wp-content\/uploads\/2024\/09\/preguntas-frecuentes-home-senda-01-1-300x202.png 300w, https:\/\/sendaecoway.com\/wp-content\/uploads\/2024\/09\/preguntas-frecuentes-home-senda-01-1-600x404.png 600w, https:\/\/sendaecoway.com\/wp-content\/uploads\/2024\/09\/preguntas-frecuentes-home-senda-01-1-10x7.png 10w\" sizes=\"(max-width: 645px) 100vw, 645px\"><\/div>\n\t\t<\/figure>\n\t<\/div>\n<\/div><\/div><\/div><\/div><div class=\"vc_row wpb_row vc_inner vc_row-fluid vc_column-gap-35 et_custom_uniqid_new_66f479ded6501 mpc-row\"><div class=\"wpb_column vc_column_container vc_col-sm-6 et_custom_uniqid_69e5f4f6aee58 mpc-column\" data-column-id=\"mpc_column-9669e5f4f90435f\"><div class=\"vc_column-inner\"><div class=\"wpb_wrapper\">\n\t<div class=\"wpb_single_image wpb_content_element vc_align_left wpb_content_element\">\n\t\t\n\t\t<figure class=\"wpb_wrapper vc_figure\">\n\t\t\t<div class=\"vc_single_image-wrapper   vc_box_border_grey\"><img loading=\"lazy\" decoding=\"async\" width=\"645\" height=\"434\" src=\"https:\/\/sendaecoway.com\/wp-content\/uploads\/2024\/09\/preguntas-frecuentes-home-senda-01-2.png\" class=\"vc_single_image-img attachment-full\" alt=\"\" title=\"frequently-asked-questions-home-path-01 (2)\" srcset=\"https:\/\/sendaecoway.com\/wp-content\/uploads\/2024\/09\/preguntas-frecuentes-home-senda-01-2.png 645w, https:\/\/sendaecoway.com\/wp-content\/uploads\/2024\/09\/preguntas-frecuentes-home-senda-01-2-300x202.png 300w, https:\/\/sendaecoway.com\/wp-content\/uploads\/2024\/09\/preguntas-frecuentes-home-senda-01-2-600x404.png 600w, https:\/\/sendaecoway.com\/wp-content\/uploads\/2024\/09\/preguntas-frecuentes-home-senda-01-2-10x7.png 10w\" sizes=\"(max-width: 645px) 100vw, 645px\"><\/div>\n\t\t<\/figure>\n\t<\/div>\n<\/div><\/div><\/div><div class=\"wpb_column vc_column_container vc_col-sm-6 et_custom_uniqid_new_66f479b5ba2c1 mpc-column\" data-column-id=\"mpc_column-4669e5f4f904825\"><div class=\"vc_column-inner vc_custom_1727297978162\"><div class=\"wpb_wrapper\"><p style=\"font-size: 21px;color: #539796;text-align: left\" class=\"vc_custom_heading vc_do_custom_heading vc_custom_1727297295834\">ABOUT SENDA ECOWAY<\/p><h2 style=\"font-size: 40px;color: #1e1e1e;text-align: left\" class=\"vc_custom_heading vc_do_custom_heading vc_custom_1733842973006\">Sustainable tourism<\/h2>\n\t<div class=\"wpb_text_column wpb_content_element vc_custom_1733842990422\">\n\t\t<div class=\"wpb_wrapper\">\n\t\t\t<p><span style=\"font-weight: 400;\">At Senda Ecoway, we have worked for years to combine environmental sustainability with the satisfaction of the most demanding travellers and local development. This effort has been recognised with important awards, such as the <\/span><a href=\"https:\/\/sendaecoway.com\/en\/blog\/senda-receives-the-sustainable-tourism-award\/\"><span style=\"font-weight: 400;\">Good Practices in Sustainable Tourism Award<\/span><\/a><span style=\"font-weight: 400;\">awarded by Tourism of Tenerife in 2018, and the certificate <\/span><b>Sustainable + Companies<\/b><span style=\"font-weight: 400;\">granted by the Cabildo de Tenerife and the <\/span><a href=\"https:\/\/www.camaratenerife.com\/\"><span style=\"font-weight: 400;\">Chamber of Commerce of Santa Cruz de Tenerife<\/span><\/a><span style=\"font-weight: 400;\">.<\/span><\/p>\n\n\t\t<\/div>\n\t<\/div>\n<\/div><\/div><\/div><\/div><\/div><\/div><\/div><\/div><div data-vc-full-width=\"true\" data-vc-full-width-init=\"false\" class=\"vc_row wpb_row vc_row-fluid vc_custom_1723043972080 vc_row-has-fill et_custom_uniqid_new_66b3907ca0b3b mpc-row\"><div class=\"wpb_column vc_column_container vc_col-sm-12 et_custom_uniqid_69e5f4f6aee4c mpc-column\" data-column-id=\"mpc_column-7269e5f4f9059b6\"><div class=\"vc_column-inner\"><div class=\"wpb_wrapper\"><div class=\"vc_row wpb_row vc_inner vc_row-fluid vc_custom_1724782821053 vc_row-has-fill et_custom_uniqid_new_66ce18dfb5534 mpc-row\"><div class=\"wpb_column vc_column_container vc_col-sm-12 vc_col-has-fill et_custom_uniqid_new_66f4772e0eae1 mpc-column\" data-column-id=\"mpc_column-3469e5f4f90582d\"><div class=\"vc_column-inner vc_custom_1727297339192\"><div class=\"wpb_wrapper\"><h2 style=\"font-size: 59px;color: #ffffff;text-align: left\" class=\"vc_custom_heading vc_do_custom_heading vc_custom_1727297444162\">They talk about us<\/h2>\n\t<div class=\"wpb_text_column wpb_content_element vc_custom_1727297454273\">\n\t\t<div class=\"wpb_wrapper\">\n\t\t\t<p><span style=\"color: #ffffff;\">Compilation of news from major events in which we participate.<\/span><\/p>\n\n\t\t<\/div>\n\t<\/div>\n<div class=\"vc_btn3-container vc_btn3-left vc_custom_1727298337160 vc_do_btn align-left\"><a class=\"vc_general vc_btn3 vc_btn3-size-md vc_btn3-shape-round vc_btn3-style-outline vc_btn3-color-white align-left\" href=\"https:\/\/sendaecoway.com\/en\/contact\/\" title=\"\">Further information<\/a><\/div><\/div><\/div><\/div><\/div><\/div><\/div><\/div><\/div><div class=\"vc_row-full-width vc_clearfix\"><\/div>\n<\/div>","protected":false},"excerpt":{"rendered":"SENDA ECOWAYAbout usContact usAbout SENDA ECOWAYMore than an experience and travel agency We are Lola and Laura, the founders of Senda Ecoway. Our purpose is to promote...","protected":false},"author":2,"featured_media":0,"parent":0,"menu_order":0,"comment_status":"closed","ping_status":"closed","template":"","meta":{"_joinchat":[],"footnotes":""},"class_list":["post-1591","page","type-page","status-publish","hentry"],"yoast_head":"<!-- This site is optimized with the Yoast SEO plugin v27.2 - https:\/\/yoast.com\/product\/yoast-seo-wordpress\/ -->\n<title>Sobre nosotros | Senda Ecoway<\/title>\n<meta name=\"description\" content=\"Descubre m\u00e1s sobre nosotros: Senda Ecoway. Conectamos personas con la naturaleza a trav\u00e9s de experiencias sostenibles en Canarias y Espa\u00f1a.\" \/>\n<meta name=\"robots\" content=\"index, follow, max-snippet:-1, max-image-preview:large, max-video-preview:-1\" \/>\n<link rel=\"canonical\" href=\"https:\/\/sendaecoway.com\/en\/about-us\/\" \/>\n<meta property=\"og:locale\" content=\"en_GB\" \/>\n<meta property=\"og:type\" content=\"article\" \/>\n<meta property=\"og:title\" content=\"Sobre nosotros | Senda Ecoway\" \/>\n<meta property=\"og:description\" content=\"Descubre m\u00e1s sobre nosotros: Senda Ecoway. Conectamos personas con la naturaleza a trav\u00e9s de experiencias sostenibles en Canarias y Espa\u00f1a.\" \/>\n<meta property=\"og:url\" content=\"https:\/\/sendaecoway.com\/en\/about-us\/\" \/>\n<meta property=\"og:site_name\" content=\"Senda Ecoway\" \/>\n<meta property=\"article:publisher\" content=\"https:\/\/www.facebook.com\/sendaecoway\/\" \/>\n<meta property=\"article:modified_time\" content=\"2024-12-10T15:07:00+00:00\" \/>\n<meta property=\"og:image\" content=\"https:\/\/sendaecoway.com\/wp-content\/uploads\/2024\/10\/619797bf655bee433c2dff8c_LOGOTIPO-OFICIAL-2-1024x413-1.png\" \/>\n\t<meta property=\"og:image:width\" content=\"1024\" \/>\n\t<meta property=\"og:image:height\" content=\"413\" \/>\n\t<meta property=\"og:image:type\" content=\"image\/png\" \/>\n<meta name=\"twitter:card\" content=\"summary_large_image\" \/>\n<meta name=\"twitter:label1\" content=\"Estimated reading time\" \/>\n\t<meta name=\"twitter:data1\" content=\"4 minutes\" \/>\n<script type=\"application\/ld+json\" class=\"yoast-schema-graph\">{\"@context\":\"https:\/\/schema.org\",\"@graph\":[{\"@type\":\"WebPage\",\"@id\":\"https:\/\/sendaecoway.com\/sobre-nosotros\/\",\"url\":\"https:\/\/sendaecoway.com\/sobre-nosotros\/\",\"name\":\"Sobre nosotros | Senda Ecoway\",\"isPartOf\":{\"@id\":\"https:\/\/sendaecoway.com\/#website\"},\"datePublished\":\"2024-09-25T19:59:11+00:00\",\"dateModified\":\"2024-12-10T15:07:00+00:00\",\"description\":\"Descubre m\u00e1s sobre nosotros: Senda Ecoway. Conectamos personas con la naturaleza a trav\u00e9s de experiencias sostenibles en Canarias y Espa\u00f1a.\",\"breadcrumb\":{\"@id\":\"https:\/\/sendaecoway.com\/sobre-nosotros\/#breadcrumb\"},\"inLanguage\":\"en-GB\",\"potentialAction\":[{\"@type\":\"ReadAction\",\"target\":[\"https:\/\/sendaecoway.com\/sobre-nosotros\/\"]}]},{\"@type\":\"BreadcrumbList\",\"@id\":\"https:\/\/sendaecoway.com\/sobre-nosotros\/#breadcrumb\",\"itemListElement\":[{\"@type\":\"ListItem\",\"position\":1,\"name\":\"Portada\",\"item\":\"https:\/\/sendaecoway.com\/\"},{\"@type\":\"ListItem\",\"position\":2,\"name\":\"Sobre nosotros\"}]},{\"@type\":\"WebSite\",\"@id\":\"https:\/\/sendaecoway.com\/#website\",\"url\":\"https:\/\/sendaecoway.com\/\",\"name\":\"Senda Ecoway Experiencias Sostenibles\",\"description\":\"Ofrecemos experiencias personalizadas y sostenibles. Rutas guiadas por gu\u00edas locales y actividades en peque\u00f1os grupos.\",\"publisher\":{\"@id\":\"https:\/\/sendaecoway.com\/#organization\"},\"alternateName\":\"LAS MEJORES EXPERIENCIAS SOSTENIBLES DE ESPA\u00d1A\",\"potentialAction\":[{\"@type\":\"SearchAction\",\"target\":{\"@type\":\"EntryPoint\",\"urlTemplate\":\"https:\/\/sendaecoway.com\/?s={search_term_string}\"},\"query-input\":{\"@type\":\"PropertyValueSpecification\",\"valueRequired\":true,\"valueName\":\"search_term_string\"}}],\"inLanguage\":\"en-GB\"},{\"@type\":\"Organization\",\"@id\":\"https:\/\/sendaecoway.com\/#organization\",\"name\":\"SENDA ECOWAY\",\"alternateName\":\"LAS MEJORES EXPERIENCIAS SOSTENIBLES DE ESPA\u00d1A\",\"url\":\"https:\/\/sendaecoway.com\/\",\"logo\":{\"@type\":\"ImageObject\",\"inLanguage\":\"en-GB\",\"@id\":\"https:\/\/sendaecoway.com\/#\/schema\/logo\/image\/\",\"url\":\"https:\/\/sendaecoway.com\/wp-content\/uploads\/2024\/10\/619797bf655bee433c2dff8c_LOGOTIPO-OFICIAL-2-1024x413-1.png\",\"contentUrl\":\"https:\/\/sendaecoway.com\/wp-content\/uploads\/2024\/10\/619797bf655bee433c2dff8c_LOGOTIPO-OFICIAL-2-1024x413-1.png\",\"width\":1024,\"height\":413,\"caption\":\"SENDA ECOWAY\"},\"image\":{\"@id\":\"https:\/\/sendaecoway.com\/#\/schema\/logo\/image\/\"},\"sameAs\":[\"https:\/\/www.facebook.com\/sendaecoway\/\",\"https:\/\/www.instagram.com\/sendaecoway\/\"]}]}<\/script>\n<!-- \/ Yoast SEO plugin. -->","yoast_head_json":{"title":"About us : Senda Ecoway","description":"Find out more about us: Senda Ecoway. We connect people with nature through sustainable experiences in the Canary Islands and Spain.","robots":{"index":"index","follow":"follow","max-snippet":"max-snippet:-1","max-image-preview":"max-image-preview:large","max-video-preview":"max-video-preview:-1"},"canonical":"https:\/\/sendaecoway.com\/en\/about-us\/","og_locale":"en_GB","og_type":"article","og_title":"Sobre nosotros | Senda Ecoway","og_description":"Descubre m\u00e1s sobre nosotros: Senda Ecoway. Conectamos personas con la naturaleza a trav\u00e9s de experiencias sostenibles en Canarias y Espa\u00f1a.","og_url":"https:\/\/sendaecoway.com\/en\/about-us\/","og_site_name":"Senda Ecoway","article_publisher":"https:\/\/www.facebook.com\/sendaecoway\/","article_modified_time":"2024-12-10T15:07:00+00:00","og_image":[{"width":1024,"height":413,"url":"https:\/\/sendaecoway.com\/wp-content\/uploads\/2024\/10\/619797bf655bee433c2dff8c_LOGOTIPO-OFICIAL-2-1024x413-1.png","type":"image\/png"}],"twitter_card":"summary_large_image","twitter_misc":{"Estimated reading time":"4 minutes"},"schema":{"@context":"https:\/\/schema.org","@graph":[{"@type":"WebPage","@id":"https:\/\/sendaecoway.com\/sobre-nosotros\/","url":"https:\/\/sendaecoway.com\/sobre-nosotros\/","name":"About us : Senda Ecoway","isPartOf":{"@id":"https:\/\/sendaecoway.com\/#website"},"datePublished":"2024-09-25T19:59:11+00:00","dateModified":"2024-12-10T15:07:00+00:00","description":"Find out more about us: Senda Ecoway. We connect people with nature through sustainable experiences in the Canary Islands and Spain.","breadcrumb":{"@id":"https:\/\/sendaecoway.com\/sobre-nosotros\/#breadcrumb"},"inLanguage":"en-GB","potentialAction":[{"@type":"ReadAction","target":["https:\/\/sendaecoway.com\/sobre-nosotros\/"]}]},{"@type":"BreadcrumbList","@id":"https:\/\/sendaecoway.com\/sobre-nosotros\/#breadcrumb","itemListElement":[{"@type":"ListItem","position":1,"name":"Portada","item":"https:\/\/sendaecoway.com\/"},{"@type":"ListItem","position":2,"name":"Sobre nosotros"}]},{"@type":"WebSite","@id":"https:\/\/sendaecoway.com\/#website","url":"https:\/\/sendaecoway.com\/","name":"Senda Ecoway Sustainable Experiences","description":"We offer personalised and sustainable experiences. Routes guided by local guides and activities in small groups.","publisher":{"@id":"https:\/\/sendaecoway.com\/#organization"},"alternateName":"LAS MEJORES EXPERIENCIAS SOSTENIBLES DE ESPA\u00d1A","potentialAction":[{"@type":"SearchAction","target":{"@type":"EntryPoint","urlTemplate":"https:\/\/sendaecoway.com\/?s={search_term_string}"},"query-input":{"@type":"PropertyValueSpecification","valueRequired":true,"valueName":"search_term_string"}}],"inLanguage":"en-GB"},{"@type":"Organization","@id":"https:\/\/sendaecoway.com\/#organization","name":"ECOWAY SENDA","alternateName":"LAS MEJORES EXPERIENCIAS SOSTENIBLES DE ESPA\u00d1A","url":"https:\/\/sendaecoway.com\/","logo":{"@type":"ImageObject","inLanguage":"en-GB","@id":"https:\/\/sendaecoway.com\/#\/schema\/logo\/image\/","url":"https:\/\/sendaecoway.com\/wp-content\/uploads\/2024\/10\/619797bf655bee433c2dff8c_LOGOTIPO-OFICIAL-2-1024x413-1.png","contentUrl":"https:\/\/sendaecoway.com\/wp-content\/uploads\/2024\/10\/619797bf655bee433c2dff8c_LOGOTIPO-OFICIAL-2-1024x413-1.png","width":1024,"height":413,"caption":"SENDA ECOWAY"},"image":{"@id":"https:\/\/sendaecoway.com\/#\/schema\/logo\/image\/"},"sameAs":["https:\/\/www.facebook.com\/sendaecoway\/","https:\/\/www.instagram.com\/sendaecoway\/"]}]}},"_links":{"self":[{"href":"https:\/\/sendaecoway.com\/en\/wp-json\/wp\/v2\/pages\/1591","targetHints":{"allow":["GET"]}}],"collection":[{"href":"https:\/\/sendaecoway.com\/en\/wp-json\/wp\/v2\/pages"}],"about":[{"href":"https:\/\/sendaecoway.com\/en\/wp-json\/wp\/v2\/types\/page"}],"author":[{"embeddable":true,"href":"https:\/\/sendaecoway.com\/en\/wp-json\/wp\/v2\/users\/2"}],"replies":[{"embeddable":true,"href":"https:\/\/sendaecoway.com\/en\/wp-json\/wp\/v2\/comments?post=1591"}],"version-history":[{"count":20,"href":"https:\/\/sendaecoway.com\/en\/wp-json\/wp\/v2\/pages\/1591\/revisions"}],"predecessor-version":[{"id":4092,"href":"https:\/\/sendaecoway.com\/en\/wp-json\/wp\/v2\/pages\/1591\/revisions\/4092"}],"wp:attachment":[{"href":"https:\/\/sendaecoway.com\/en\/wp-json\/wp\/v2\/media?parent=1591"}],"curies":[{"name":"wp","href":"https:\/\/api.w.org\/{rel}","templated":true}]}}