{"id":3333,"date":"2024-10-24T10:55:05","date_gmt":"2024-10-24T10:55:05","guid":{"rendered":"https:\/\/sendaecoway.com\/?page_id=3333"},"modified":"2024-10-24T10:57:25","modified_gmt":"2024-10-24T10:57:25","slug":"stornierungs-und-anderungsbedingungen","status":"publish","type":"page","link":"https:\/\/sendaecoway.com\/de\/politica-de-cambios-y-cancelaciones\/","title":{"rendered":"\u00c4nderungs- und Stornierungsbedingungen"},"content":{"rendered":"<div class=\"wpb-content-wrapper\"><div class=\"vc_row wpb_row vc_row-fluid vc_custom_1729767458600 et_custom_uniqid_new_671a280e639e8 mpc-row\"><div class=\"wpb_column vc_column_container vc_col-sm-12 et_custom_uniqid_69dcf26f75966 mpc-column\" data-column-id=\"mpc_column-7969dcf2732500b\"><div class=\"vc_column-inner\"><div class=\"wpb_wrapper\">\n\t<div class=\"wpb_text_column wpb_content_element\">\n\t\t<div class=\"wpb_wrapper\">\n\t\t\t<h2><\/h2>\n<h2><\/h2>\n<h2><\/h2>\n<h2><strong>K\u00fcndigungs- oder \u00c4nderungsfrist<\/strong><\/h2>\n<h3>Wie wird ein SENDA annulliert?<\/h3>\n<p>Bitte kontaktieren Sie uns per E-Mail: hello@sendaecoway.com<\/p>\n<h3>Wie lange im Voraus kann ich stornieren?<\/h3>\n<p>Eine Stornierung ist generell bis zu 72 Stunden vor der Aktivit\u00e4t m\u00f6glich. Im Falle einer Stornierung innerhalb von 72 Stunden oder weniger wird Senda Ecoway die Aktivit\u00e4t nicht zur\u00fcckerstatten.<\/p>\n<p>F\u00fcr einige Aktivit\u00e4ten gelten jedoch andere Stornierungsbedingungen, die von den Anbietern festgelegt werden. \u00dcberpr\u00fcfen Sie diese Informationen, indem Sie unter der Nummer +34 696 80 78 61 anrufen, eine E-Mail an hello@sendaecoway.com senden oder das Stornierungsformular auf der Website des Anbieters aufrufen.<\/p>\n<p>Bei einigen Unterk\u00fcnften gelten andere Stornierungsbedingungen, die vom jeweiligen Anbieter festgelegt werden. \u00dcberpr\u00fcfen Sie diese Informationen telefonisch unter +34 696 80 78 61, per E-Mail an hello@sendaecoway.com oder \u00fcber das Stornierungsformular auf der Website des Anbieters.<\/p>\n<h3>Was geschieht, wenn die Teilnahme aus Gr\u00fcnden des SENDA-Anbieters abgesagt wird?<\/h3>\n<p>Sie k\u00f6nnen ein anderes Datum w\u00e4hlen, um Ihren SENDA zu genie\u00dfen<\/p>\n<p>Sie k\u00f6nnen w\u00e4hlen, ob Sie SENDA \u00e4ndern m\u00f6chten<\/p>\n<p>Wir erstatten Ihnen den Betrag f\u00fcr die gekaufte SENDA.<\/p>\n<h3>Kann ich das Datum f\u00fcr meinen SENDA \u00e4ndern?<\/h3>\n<p>Es ist nur eine \u00c4nderung erlaubt.<\/p>\n<p>Diese \u00c4nderung ist abh\u00e4ngig von der Verf\u00fcgbarkeit.<\/p>\n<p>Die \u00c4nderung des Termins muss 72 Stunden im Voraus mitgeteilt werden.<\/p>\n<h3>Kann ich die SENDA \u00e4ndern?<\/h3>\n<p>Nicht erlaubt.<\/p>\n<p>Mail von contacto:hello@sendaecoway.com<\/p>\n<h2>Klimatische Bedingungen<\/h2>\n<p>Gelegentlich kann es vorkommen, dass wir im Interesse der Sicherheit unserer Kunden gezwungen sind, eine Aktivit\u00e4t innerhalb einer SENDA oder einer ganzen SENDA zu schlie\u00dfen.  Dies wird immer aus Gr\u00fcnden geschehen, die au\u00dferhalb der Kontrolle von SENDA Ecoway liegen, aber aus einem berechtigten Grund.<\/p>\n<p>In diesem Fall k\u00f6nnen die Kunden von SENDA w\u00e4hlen zwischen:<\/p>\n<p>\u00c4ndern Sie das Datum der SENDA, um sie an einem anderen Tag innerhalb von 30 Tagen ab dem Buchungsdatum zu nutzen.<\/p>\n<p>Tauschen Sie die SENDA gegen eine \u00e4hnliche, von den zust\u00e4ndigen Mitarbeitern zu bestimmende, aus, damit sie ihre T\u00e4tigkeit zum vorgesehenen Termin aus\u00fcben kann.<\/p>\n<h2><strong>Beschwerden, Reklamationen, Feedback, Ideen<\/strong><\/h2>\n<p>Bei Senda arbeiten wir als Vermittler zwischen Unternehmen und Endkunden, so dass es in der Verantwortung jedes der kooperierenden Unternehmen liegt, einen Qualit\u00e4tsservice gem\u00e4\u00df dem beschriebenen Angebot aufrechtzuerhalten. In diesem Sinne sind die Dienstleister auf den Routen die einzigen, die f\u00fcr das ordnungsgem\u00e4\u00dfe Funktionieren derselben verantwortlich sind. Allerdings steht unseren Kunden unser Beschwerdebuch f\u00fcr alle Probleme zur Verf\u00fcgung, die w\u00e4hrend des Kaufvorgangs auftreten k\u00f6nnen.<\/p>\n<h2>Haben Sie Anmerkungen zur SENDA-Plattform und ihren Dienstleistungen?<\/h2>\n<p>Wenn Sie uns \u00fcber die von SENDA Ecoway angebotenen Maklerdienste informieren m\u00f6chten, k\u00f6nnen Sie sich \u00fcber einen unserer Online-Kommunikationskan\u00e4le an unser Unternehmen wenden:<\/p>\n<p>E-Mail hello@sendaecoway.com<\/p>\n<p>Webformular www.sendaecoway.com<\/p>\n\n\t\t<\/div>\n\t<\/div>\n<\/div><\/div><\/div><\/div>\n<\/div>","protected":false},"excerpt":{"rendered":"Periodo de Cancelaci&oacute;n o Cambios &iquest;C&oacute;mo se cancela una SENDA? Contacta con nosotros a trav&eacute;s del mail: hello@sendaecoway.com &iquest;Con cuanta antelaci&oacute;n puedo cancelar? La cancelaci&oacute;n...","protected":false},"author":2,"featured_media":0,"parent":0,"menu_order":0,"comment_status":"closed","ping_status":"closed","template":"","meta":{"_joinchat":[],"footnotes":""},"class_list":["post-3333","page","type-page","status-publish","hentry"],"yoast_head":"<!-- This site is optimized with the Yoast SEO plugin v27.2 - https:\/\/yoast.com\/product\/yoast-seo-wordpress\/ -->\n<title>Pol\u00edtica de cambios y cancelaciones - Senda Ecoway<\/title>\n<meta name=\"robots\" content=\"index, follow, max-snippet:-1, max-image-preview:large, max-video-preview:-1\" \/>\n<link rel=\"canonical\" href=\"https:\/\/sendaecoway.com\/de\/stornierungs-und-anderungsbedingungen\/\" \/>\n<meta property=\"og:locale\" content=\"de_DE\" \/>\n<meta property=\"og:type\" content=\"article\" \/>\n<meta property=\"og:title\" content=\"Pol\u00edtica de cambios y cancelaciones - Senda Ecoway\" \/>\n<meta property=\"og:url\" content=\"https:\/\/sendaecoway.com\/de\/stornierungs-und-anderungsbedingungen\/\" \/>\n<meta property=\"og:site_name\" content=\"Senda Ecoway\" \/>\n<meta property=\"article:publisher\" content=\"https:\/\/www.facebook.com\/sendaecoway\/\" \/>\n<meta property=\"article:modified_time\" content=\"2024-10-24T10:57:25+00:00\" \/>\n<meta property=\"og:image\" content=\"https:\/\/sendaecoway.com\/wp-content\/uploads\/2024\/10\/619797bf655bee433c2dff8c_LOGOTIPO-OFICIAL-2-1024x413-1.png\" \/>\n\t<meta property=\"og:image:width\" content=\"1024\" \/>\n\t<meta property=\"og:image:height\" content=\"413\" \/>\n\t<meta property=\"og:image:type\" content=\"image\/png\" \/>\n<meta name=\"twitter:card\" content=\"summary_large_image\" \/>\n<meta name=\"twitter:label1\" content=\"Gesch\u00e4tzte Lesezeit\" \/>\n\t<meta name=\"twitter:data1\" content=\"2\u00a0Minuten\" \/>\n<script type=\"application\/ld+json\" class=\"yoast-schema-graph\">{\"@context\":\"https:\/\/schema.org\",\"@graph\":[{\"@type\":\"WebPage\",\"@id\":\"https:\/\/sendaecoway.com\/politica-de-cambios-y-cancelaciones\/\",\"url\":\"https:\/\/sendaecoway.com\/politica-de-cambios-y-cancelaciones\/\",\"name\":\"Pol\u00edtica de cambios y cancelaciones - Senda Ecoway\",\"isPartOf\":{\"@id\":\"https:\/\/sendaecoway.com\/#website\"},\"datePublished\":\"2024-10-24T10:55:05+00:00\",\"dateModified\":\"2024-10-24T10:57:25+00:00\",\"breadcrumb\":{\"@id\":\"https:\/\/sendaecoway.com\/politica-de-cambios-y-cancelaciones\/#breadcrumb\"},\"inLanguage\":\"de\",\"potentialAction\":[{\"@type\":\"ReadAction\",\"target\":[\"https:\/\/sendaecoway.com\/politica-de-cambios-y-cancelaciones\/\"]}]},{\"@type\":\"BreadcrumbList\",\"@id\":\"https:\/\/sendaecoway.com\/politica-de-cambios-y-cancelaciones\/#breadcrumb\",\"itemListElement\":[{\"@type\":\"ListItem\",\"position\":1,\"name\":\"Portada\",\"item\":\"https:\/\/sendaecoway.com\/\"},{\"@type\":\"ListItem\",\"position\":2,\"name\":\"Pol\u00edtica de cambios y cancelaciones\"}]},{\"@type\":\"WebSite\",\"@id\":\"https:\/\/sendaecoway.com\/#website\",\"url\":\"https:\/\/sendaecoway.com\/\",\"name\":\"Senda Ecoway Experiencias Sostenibles\",\"description\":\"Ofrecemos experiencias personalizadas y sostenibles. Rutas guiadas por gu\u00edas locales y actividades en peque\u00f1os grupos.\",\"publisher\":{\"@id\":\"https:\/\/sendaecoway.com\/#organization\"},\"alternateName\":\"LAS MEJORES EXPERIENCIAS SOSTENIBLES DE ESPA\u00d1A\",\"potentialAction\":[{\"@type\":\"SearchAction\",\"target\":{\"@type\":\"EntryPoint\",\"urlTemplate\":\"https:\/\/sendaecoway.com\/?s={search_term_string}\"},\"query-input\":{\"@type\":\"PropertyValueSpecification\",\"valueRequired\":true,\"valueName\":\"search_term_string\"}}],\"inLanguage\":\"de\"},{\"@type\":\"Organization\",\"@id\":\"https:\/\/sendaecoway.com\/#organization\",\"name\":\"SENDA ECOWAY\",\"alternateName\":\"LAS MEJORES EXPERIENCIAS SOSTENIBLES DE ESPA\u00d1A\",\"url\":\"https:\/\/sendaecoway.com\/\",\"logo\":{\"@type\":\"ImageObject\",\"inLanguage\":\"de\",\"@id\":\"https:\/\/sendaecoway.com\/#\/schema\/logo\/image\/\",\"url\":\"https:\/\/sendaecoway.com\/wp-content\/uploads\/2024\/10\/619797bf655bee433c2dff8c_LOGOTIPO-OFICIAL-2-1024x413-1.png\",\"contentUrl\":\"https:\/\/sendaecoway.com\/wp-content\/uploads\/2024\/10\/619797bf655bee433c2dff8c_LOGOTIPO-OFICIAL-2-1024x413-1.png\",\"width\":1024,\"height\":413,\"caption\":\"SENDA ECOWAY\"},\"image\":{\"@id\":\"https:\/\/sendaecoway.com\/#\/schema\/logo\/image\/\"},\"sameAs\":[\"https:\/\/www.facebook.com\/sendaecoway\/\",\"https:\/\/www.instagram.com\/sendaecoway\/\"]}]}<\/script>\n<!-- \/ Yoast SEO plugin. -->","yoast_head_json":{"title":"\u00c4nderungs- und Stornierungsbedingungen - Senda Ecoway","robots":{"index":"index","follow":"follow","max-snippet":"max-snippet:-1","max-image-preview":"max-image-preview:large","max-video-preview":"max-video-preview:-1"},"canonical":"https:\/\/sendaecoway.com\/de\/stornierungs-und-anderungsbedingungen\/","og_locale":"de_DE","og_type":"article","og_title":"Pol\u00edtica de cambios y cancelaciones - Senda Ecoway","og_url":"https:\/\/sendaecoway.com\/de\/stornierungs-und-anderungsbedingungen\/","og_site_name":"Senda Ecoway","article_publisher":"https:\/\/www.facebook.com\/sendaecoway\/","article_modified_time":"2024-10-24T10:57:25+00:00","og_image":[{"width":1024,"height":413,"url":"https:\/\/sendaecoway.com\/wp-content\/uploads\/2024\/10\/619797bf655bee433c2dff8c_LOGOTIPO-OFICIAL-2-1024x413-1.png","type":"image\/png"}],"twitter_card":"summary_large_image","twitter_misc":{"Gesch\u00e4tzte Lesezeit":"2\u00a0Minuten"},"schema":{"@context":"https:\/\/schema.org","@graph":[{"@type":"WebPage","@id":"https:\/\/sendaecoway.com\/politica-de-cambios-y-cancelaciones\/","url":"https:\/\/sendaecoway.com\/politica-de-cambios-y-cancelaciones\/","name":"\u00c4nderungs- und Stornierungsbedingungen - Senda Ecoway","isPartOf":{"@id":"https:\/\/sendaecoway.com\/#website"},"datePublished":"2024-10-24T10:55:05+00:00","dateModified":"2024-10-24T10:57:25+00:00","breadcrumb":{"@id":"https:\/\/sendaecoway.com\/politica-de-cambios-y-cancelaciones\/#breadcrumb"},"inLanguage":"de","potentialAction":[{"@type":"ReadAction","target":["https:\/\/sendaecoway.com\/politica-de-cambios-y-cancelaciones\/"]}]},{"@type":"BreadcrumbList","@id":"https:\/\/sendaecoway.com\/politica-de-cambios-y-cancelaciones\/#breadcrumb","itemListElement":[{"@type":"ListItem","position":1,"name":"Portada","item":"https:\/\/sendaecoway.com\/"},{"@type":"ListItem","position":2,"name":"Pol\u00edtica de cambios y cancelaciones"}]},{"@type":"WebSite","@id":"https:\/\/sendaecoway.com\/#website","url":"https:\/\/sendaecoway.com\/","name":"Senda Ecoway Nachhaltige Erlebnisse","description":"Wir bieten personalisierte und nachhaltige Erlebnisse. Von lokalen Guides gef\u00fchrte Routen und Aktivit\u00e4ten in kleinen Gruppen.","publisher":{"@id":"https:\/\/sendaecoway.com\/#organization"},"alternateName":"LAS MEJORES EXPERIENCIAS SOSTENIBLES DE ESPA\u00d1A","potentialAction":[{"@type":"SearchAction","target":{"@type":"EntryPoint","urlTemplate":"https:\/\/sendaecoway.com\/?s={search_term_string}"},"query-input":{"@type":"PropertyValueSpecification","valueRequired":true,"valueName":"search_term_string"}}],"inLanguage":"de"},{"@type":"Organization","@id":"https:\/\/sendaecoway.com\/#organization","name":"ECOWAY SENDA","alternateName":"LAS MEJORES EXPERIENCIAS SOSTENIBLES DE ESPA\u00d1A","url":"https:\/\/sendaecoway.com\/","logo":{"@type":"ImageObject","inLanguage":"de","@id":"https:\/\/sendaecoway.com\/#\/schema\/logo\/image\/","url":"https:\/\/sendaecoway.com\/wp-content\/uploads\/2024\/10\/619797bf655bee433c2dff8c_LOGOTIPO-OFICIAL-2-1024x413-1.png","contentUrl":"https:\/\/sendaecoway.com\/wp-content\/uploads\/2024\/10\/619797bf655bee433c2dff8c_LOGOTIPO-OFICIAL-2-1024x413-1.png","width":1024,"height":413,"caption":"SENDA ECOWAY"},"image":{"@id":"https:\/\/sendaecoway.com\/#\/schema\/logo\/image\/"},"sameAs":["https:\/\/www.facebook.com\/sendaecoway\/","https:\/\/www.instagram.com\/sendaecoway\/"]}]}},"_links":{"self":[{"href":"https:\/\/sendaecoway.com\/de\/wp-json\/wp\/v2\/pages\/3333","targetHints":{"allow":["GET"]}}],"collection":[{"href":"https:\/\/sendaecoway.com\/de\/wp-json\/wp\/v2\/pages"}],"about":[{"href":"https:\/\/sendaecoway.com\/de\/wp-json\/wp\/v2\/types\/page"}],"author":[{"embeddable":true,"href":"https:\/\/sendaecoway.com\/de\/wp-json\/wp\/v2\/users\/2"}],"replies":[{"embeddable":true,"href":"https:\/\/sendaecoway.com\/de\/wp-json\/wp\/v2\/comments?post=3333"}],"version-history":[{"count":3,"href":"https:\/\/sendaecoway.com\/de\/wp-json\/wp\/v2\/pages\/3333\/revisions"}],"predecessor-version":[{"id":3338,"href":"https:\/\/sendaecoway.com\/de\/wp-json\/wp\/v2\/pages\/3333\/revisions\/3338"}],"wp:attachment":[{"href":"https:\/\/sendaecoway.com\/de\/wp-json\/wp\/v2\/media?parent=3333"}],"curies":[{"name":"wp","href":"https:\/\/api.w.org\/{rel}","templated":true}]}}