{"id":2971,"date":"2024-10-09T14:36:50","date_gmt":"2024-10-09T14:36:50","guid":{"rendered":"https:\/\/sendaecoway.com\/?page_id=2971"},"modified":"2024-10-10T08:28:06","modified_gmt":"2024-10-10T08:28:06","slug":"privacy-policy","status":"publish","type":"page","link":"https:\/\/sendaecoway.com\/de\/politica-de-privacidad\/","title":{"rendered":"Datenschutzbestimmungen"},"content":{"rendered":"<h1 class=\"privacy-policy-h1\">Datenschutzbestimmungen<\/h1>\n<h2 class=\"privacy-policy-h1\">Letzte Aktualisierung: 10-Okt-2024<\/h2>\n<p>Datum des Inkrafttretens: 10-Okt-2024<\/p>\n<p class=\"privacy-policy-p\">Diese Datenschutzrichtlinie beschreibt die Politik von<\/p>\n<p>SENDA ECOWAY, S.L., Calle San Francisco, 4, La Orotava, Santa Cruz de Tenerife, 38300, Spanien, E-Mail: hello@sendaecoway.com, Telefon: +34696807861 \u00fcber die Sammlung,<br \/>\nVerwendung und Weitergabe Ihrer Daten, die wir bei der Nutzung unserer Website ( https:\/\/sendaecoway.com ) (der \"Dienst\") erfassen. Indem Sie auf den Dienst zugreifen oder ihn nutzen, erkl\u00e4ren Sie sich mit der Erfassung, Verwendung und Weitergabe Ihrer Daten in \u00dcbereinstimmung mit dieser Datenschutzerkl\u00e4rung einverstanden. Wenn Sie mit dem Vorstehenden nicht einverstanden sind, bitten wir Sie, den Dienst nicht aufzurufen oder zu nutzen.<\/p>\n<p class=\"privacy-policy-p\">Wir k\u00f6nnen diese Datenschutzrichtlinie jederzeit ohne vorherige Ank\u00fcndigung \u00e4ndern und werden die \u00fcberarbeitete Datenschutzrichtlinie im Dienst ver\u00f6ffentlichen. Die \u00fcberarbeitete Richtlinie tritt 180 Tage nach ihrer Ver\u00f6ffentlichung im Dienst in Kraft. Wenn Sie nach Ablauf dieser Frist weiterhin auf den Dienst zugreifen oder ihn nutzen, erkl\u00e4ren Sie sich mit der \u00fcberarbeiteten Datenschutzrichtlinie einverstanden. Wir empfehlen Ihnen daher, diese Seite regelm\u00e4\u00dfig zu \u00fcberpr\u00fcfen.<\/p>\n<ul class=\"privacy-policy-ol\">\n<li>\n<h2 class=\"privacy-policy-h2\">Wir sammeln Informationen:<\/h2>\n<p class=\"privacy-policy-p\">Wir werden die folgenden pers\u00f6nlichen Informationen \u00fcber Sie sammeln und verarbeiten:<\/p>\n<\/li>\n<\/ul>\n<ul>\n<li style=\"list-style-type: none;\">\n<ul>\n<li>Name<\/li>\n<li>E-Mail Adresse<\/li>\n<li>Mobil<\/li>\n<li>Profil in den sozialen Medien<\/li>\n<li>Adresse<\/li>\n<li>Zahlungsinformationen<\/li>\n<li>Stadt<\/li>\n<li>Land<\/li>\n<li>Ortschaft<\/li>\n<li>Postleitzahl<\/li>\n<\/ul>\n<\/li>\n<\/ul>\n<ul class=\"privacy-policy-ol\">\n<li>\n<h2 class=\"privacy-policy-h2\">Wie wir Ihre Informationen sammeln:<\/h2>\n<p class=\"privacy-policy-p\">Wir sammeln\/erhalten Informationen \u00fcber Sie auf die folgenden Arten:<\/p>\n<\/li>\n<\/ul>\n<ul>\n<li style=\"list-style-type: none;\">\n<ul>\n<li>Wenn ein Nutzer das Anmeldeformular ausf\u00fcllt oder pers\u00f6nliche Daten angibt<\/li>\n<li>Interaktionen mit der Website<\/li>\n<li>Aus \u00f6ffentlichen Quellen<\/li>\n<\/ul>\n<\/li>\n<\/ul>\n<ul class=\"privacy-policy-ol\">\n<li>\n<h2 class=\"privacy-policy-h2\">Wie wir Ihre Informationen verwenden:<\/h2>\n<p class=\"privacy-policy-p\">Wir werden die \u00fcber Sie gesammelten Informationen f\u00fcr die folgenden Zwecke verwenden:<\/p>\n<ul class=\"privacy-policy-ol\">\n<li>Marketing\/Werbung<\/li>\n<li>Gezielte Werbung<\/li>\n<\/ul>\n<p class=\"privacy-policy-p\">Wenn wir Ihre Daten f\u00fcr andere Zwecke verwenden wollen, werden wir Sie um Ihr Einverst\u00e4ndnis bitten, und wir werden Ihre Daten nur nach Erhalt Ihrer Zustimmung und nur f\u00fcr den\/die Zweck(e) verwenden, f\u00fcr den\/die Sie Ihr Einverst\u00e4ndnis gegeben haben, es sei denn, wir sind gesetzlich zu etwas anderem verpflichtet.<\/p>\n<\/li>\n<li>\n<h2 class=\"privacy-policy-h2\">Wie wir Ihre Informationen weitergeben:<\/h2>\n<p class=\"privacy-policy-p\">Wir werden Ihre pers\u00f6nlichen Daten nicht an Dritte weitergeben, ohne Ihre Zustimmung einzuholen, es sei denn, es liegen begrenzte Umst\u00e4nde vor, wie unten beschrieben:<\/p>\n<ul class=\"privacy-policy-ol\">\n<li>Werbedienstleistungen<\/li>\n<li>Analytik<\/li>\n<\/ul>\n<p class=\"privacy-policy-p\">Wir verlangen von diesen Dritten, dass sie die personenbezogenen Daten, die wir ihnen \u00fcbermitteln, nur f\u00fcr den Zweck verwenden, f\u00fcr den sie \u00fcbermittelt wurden, und sie nicht l\u00e4nger aufbewahren, als es zur Erf\u00fcllung dieses Zwecks erforderlich ist.<\/p>\n<p class=\"privacy-policy-p\">Wir k\u00f6nnen Ihre pers\u00f6nlichen Daten auch offenlegen, um: (1) geltende Gesetze, Vorschriften, Gerichtsbeschl\u00fcsse oder andere rechtliche Verfahren einzuhalten; (2) Ihre Vereinbarungen mit uns, einschlie\u00dflich dieser Datenschutzrichtlinie, durchzusetzen; oder (3) auf Anspr\u00fcche zu reagieren, dass Ihre Nutzung des Dienstes die Rechte Dritter verletzt. Wenn der Dienst oder unser Unternehmen mit einem anderen Unternehmen fusioniert oder von diesem \u00fcbernommen wird, geh\u00f6ren Ihre Daten zu den Verm\u00f6genswerten, die an den neuen Eigent\u00fcmer \u00fcbertragen werden.<\/p>\n<\/li>\n<li>\n<h2 class=\"privacy-policy-h2\">Aufbewahrung Ihrer Informationen:<\/h2>\n<p class=\"privacy-policy-p\">Wir bewahren Ihre personenbezogenen Daten bei uns 90 Tage bis 2 Jahre nach der Beendigung des Benutzerkontos auf oder so lange, wie wir sie f\u00fcr die Erf\u00fcllung der Zwecke, f\u00fcr die sie erfasst wurden, ben\u00f6tigen, wie in dieser Datenschutzrichtlinie beschrieben. Es kann sein, dass wir bestimmte Informationen l\u00e4nger aufbewahren m\u00fcssen, z. B. f\u00fcr Registrierungs-\/Berichtszwecke in \u00dcbereinstimmung mit geltendem Recht oder aus anderen legitimen Gr\u00fcnden, wie z. B. zur Durchsetzung gesetzlicher Rechte, zur Betrugsbek\u00e4mpfung usw. Anonyme Restinformationen und zusammengefasste Informationen, die Sie nicht (direkt oder indirekt) identifizieren, k\u00f6nnen auf unbestimmte Zeit gespeichert werden.<\/p>\n<\/li>\n<li>\n<h2 class=\"privacy-policy-h2\">Ihre Rechte:<\/h2>\n<p class=\"privacy-policy-p\">Je nach geltendem Recht haben Sie das Recht, auf Ihre personenbezogenen Daten zuzugreifen, sie zu berichtigen oder zu l\u00f6schen, eine Kopie Ihrer personenbezogenen Daten zu erhalten, die aktive Verarbeitung Ihrer Daten einzuschr\u00e4nken oder ihr zu widersprechen, uns aufzufordern, Ihre personenbezogenen Daten an eine andere Stelle weiterzugeben (zu portieren), eine von Ihnen erteilte Zustimmung zur Verarbeitung Ihrer Daten zu widerrufen, das Recht, eine Beschwerde bei einer Justizbeh\u00f6rde einzureichen, sowie weitere einschl\u00e4gige Rechte nach geltendem Recht. Um diese Rechte auszu\u00fcben, k\u00f6nnen Sie sich schriftlich an uns wenden: hello@sendaecoway.com. Wir werden Ihre Anfrage in \u00dcbereinstimmung mit dem geltenden Recht beantworten.<\/p>\n<p class=\"privacy-policy-p\">Sie k\u00f6nnen sich gegen den Erhalt von Direktmarketing-Mitteilungen oder Profiling zu Marketingzwecken entscheiden, indem Sie uns unter hello@sendaecoway.com schreiben.<\/p>\n<p class=\"privacy-policy-p\">Bitte beachten Sie, dass Sie m\u00f6glicherweise nicht in der Lage sind, auf die Dienste zuzugreifen oder diese zu nutzen, f\u00fcr die Ihre Daten angefordert wurden, wenn Sie uns nicht gestatten, die erforderlichen personenbezogenen Daten zu sammeln oder zu verarbeiten, oder wenn Sie Ihre Zustimmung zur Verarbeitung der Daten f\u00fcr die erforderlichen Zwecke zur\u00fcckziehen.<\/p>\n<\/li>\n<li>\n<h2 class=\"privacy-policy-h2\">Cookies und andere:<\/h2>\n<p class=\"privacy-policy-p\">Weitere Informationen dar\u00fcber, wie wir diese Tracking-Technologien verwenden und welche M\u00f6glichkeiten Sie haben, finden Sie in unserer <a href=\"https:\/\/sendaecoway.com\/de\/cookie-politik\/\">Cookies-Richtlinie.<\/a><\/p>\n<\/li>\n<li>\n<h2 class=\"privacy-policy-h2\">Sicherheit:<\/h2>\n<p class=\"privacy-policy-p\">Die Sicherheit Ihrer Daten ist uns wichtig, und wir werden angemessene Sicherheitsma\u00dfnahmen ergreifen, um den Verlust, den Missbrauch oder die unbefugte \u00c4nderung Ihrer Daten unter unserer Kontrolle zu verhindern. Angesichts der inh\u00e4renten Natur der damit verbundenen Risiken k\u00f6nnen wir jedoch keine absolute Sicherheit garantieren. Dementsprechend k\u00f6nnen wir die Sicherheit von Informationen, die Sie uns \u00fcbermitteln, weder gew\u00e4hrleisten noch garantieren, und Sie tun dies auf eigenes Risiko.<\/p>\n<\/li>\n<li>\n<h2 class=\"privacy-policy-h2\">Links zu Drittanbietern und Verwendung von deren Informationen:<\/h2>\n<p class=\"privacy-policy-p\">Unser Service kann Links zu anderen Websites enthalten, die nicht von uns betrieben werden. Diese Datenschutzrichtlinie gilt nicht f\u00fcr die Datenschutzrichtlinien oder andere Praktiken von Dritten, einschlie\u00dflich derjenigen, die eine Website oder einen Dienst betreiben, der \u00fcber einen Link im Dienst zug\u00e4nglich ist. Wir empfehlen Ihnen, die Datenschutzrichtlinien jeder Website, die Sie besuchen, zu lesen. Wir haben keine Kontrolle \u00fcber und \u00fcbernehmen keine Verantwortung f\u00fcr den Inhalt, die Datenschutzrichtlinien oder Praktiken von Websites oder Diensten Dritter.<\/p>\n<\/li>\n<li>\n<h2 class=\"privacy-policy-h2\">Datenschutzbeauftragter\/Beschwerdebeauftragter:<\/h2>\n<p class=\"privacy-policy-p\">Wenn Sie Fragen oder Bedenken bez\u00fcglich der Verarbeitung Ihrer Daten durch uns haben, k\u00f6nnen Sie eine E-Mail an unseren Beschwerdebeauftragten senden unter<br \/>\nSENDA ECOWAY, S.L., Calle San Francisco, 4, La Orotava, E-Mail: hello@sendaecoway.com. Wir werden Ihr Anliegen in \u00dcbereinstimmung mit dem geltenden Recht behandeln.<\/p>\n<\/li>\n<\/ul>\n<p class=\"privacy-policy-p\">Datenschutzrichtlinie erstellt mit <a href=\"https:\/\/www.cookieyes.com\/?utm_source=PP&amp;utm_medium=footer&amp;utm_campaign=UW\" target=\"_blank\" rel=\"noopener\">CookieYes<\/a>.<\/p>","protected":false},"excerpt":{"rendered":"<p>Pol\u00edtica de Privacidad \u00daltima actualizaci\u00f3n: 10-Oct-2024 Fecha de vigencia: 10-Oct-2024 Esta Pol\u00edtica de Privacidad describe las pol\u00edticas de SENDA ECOWAY, S.L., Calle San Francisco, 4,&#8230;<\/p>","protected":false},"author":3,"featured_media":0,"parent":0,"menu_order":0,"comment_status":"closed","ping_status":"closed","template":"","meta":{"_joinchat":[],"footnotes":""},"class_list":["post-2971","page","type-page","status-publish","hentry"],"yoast_head":"<!-- This site is optimized with the Yoast SEO plugin v27.2 - https:\/\/yoast.com\/product\/yoast-seo-wordpress\/ -->\n<title>Pol\u00edtica de privacidad - Senda Ecoway<\/title>\n<meta name=\"robots\" content=\"noindex, follow\" \/>\n<meta property=\"og:locale\" content=\"de_DE\" \/>\n<meta property=\"og:type\" content=\"article\" \/>\n<meta property=\"og:title\" content=\"Pol\u00edtica de privacidad - Senda Ecoway\" \/>\n<meta property=\"og:description\" content=\"Pol\u00edtica de Privacidad \u00daltima actualizaci\u00f3n: 10-Oct-2024 Fecha de vigencia: 10-Oct-2024 Esta Pol\u00edtica de Privacidad describe las pol\u00edticas de SENDA ECOWAY, S.L., Calle San Francisco, 4,...\" \/>\n<meta property=\"og:url\" content=\"https:\/\/sendaecoway.com\/de\/privacy-policy\/\" \/>\n<meta property=\"og:site_name\" content=\"Senda Ecoway\" \/>\n<meta property=\"article:publisher\" content=\"https:\/\/www.facebook.com\/sendaecoway\/\" \/>\n<meta property=\"article:modified_time\" content=\"2024-10-10T08:28:06+00:00\" \/>\n<meta property=\"og:image\" content=\"https:\/\/sendaecoway.com\/wp-content\/uploads\/2024\/10\/619797bf655bee433c2dff8c_LOGOTIPO-OFICIAL-2-1024x413-1.png\" \/>\n\t<meta property=\"og:image:width\" content=\"1024\" \/>\n\t<meta property=\"og:image:height\" content=\"413\" \/>\n\t<meta property=\"og:image:type\" content=\"image\/png\" \/>\n<meta name=\"twitter:card\" content=\"summary_large_image\" \/>\n<meta name=\"twitter:label1\" content=\"Gesch\u00e4tzte Lesezeit\" \/>\n\t<meta name=\"twitter:data1\" content=\"5\u00a0Minuten\" \/>\n<script type=\"application\/ld+json\" class=\"yoast-schema-graph\">{\"@context\":\"https:\/\/schema.org\",\"@graph\":[{\"@type\":\"WebPage\",\"@id\":\"https:\/\/sendaecoway.com\/politica-de-privacidad\/\",\"url\":\"https:\/\/sendaecoway.com\/politica-de-privacidad\/\",\"name\":\"Pol\u00edtica de privacidad - Senda Ecoway\",\"isPartOf\":{\"@id\":\"https:\/\/sendaecoway.com\/#website\"},\"datePublished\":\"2024-10-09T14:36:50+00:00\",\"dateModified\":\"2024-10-10T08:28:06+00:00\",\"breadcrumb\":{\"@id\":\"https:\/\/sendaecoway.com\/politica-de-privacidad\/#breadcrumb\"},\"inLanguage\":\"de\",\"potentialAction\":[{\"@type\":\"ReadAction\",\"target\":[\"https:\/\/sendaecoway.com\/politica-de-privacidad\/\"]}]},{\"@type\":\"BreadcrumbList\",\"@id\":\"https:\/\/sendaecoway.com\/politica-de-privacidad\/#breadcrumb\",\"itemListElement\":[{\"@type\":\"ListItem\",\"position\":1,\"name\":\"Portada\",\"item\":\"https:\/\/sendaecoway.com\/\"},{\"@type\":\"ListItem\",\"position\":2,\"name\":\"Pol\u00edtica de privacidad\"}]},{\"@type\":\"WebSite\",\"@id\":\"https:\/\/sendaecoway.com\/#website\",\"url\":\"https:\/\/sendaecoway.com\/\",\"name\":\"Senda Ecoway Experiencias Sostenibles\",\"description\":\"Ofrecemos experiencias personalizadas y sostenibles. Rutas guiadas por gu\u00edas locales y actividades en peque\u00f1os grupos.\",\"publisher\":{\"@id\":\"https:\/\/sendaecoway.com\/#organization\"},\"alternateName\":\"LAS MEJORES EXPERIENCIAS SOSTENIBLES DE ESPA\u00d1A\",\"potentialAction\":[{\"@type\":\"SearchAction\",\"target\":{\"@type\":\"EntryPoint\",\"urlTemplate\":\"https:\/\/sendaecoway.com\/?s={search_term_string}\"},\"query-input\":{\"@type\":\"PropertyValueSpecification\",\"valueRequired\":true,\"valueName\":\"search_term_string\"}}],\"inLanguage\":\"de\"},{\"@type\":\"Organization\",\"@id\":\"https:\/\/sendaecoway.com\/#organization\",\"name\":\"SENDA ECOWAY\",\"alternateName\":\"LAS MEJORES EXPERIENCIAS SOSTENIBLES DE ESPA\u00d1A\",\"url\":\"https:\/\/sendaecoway.com\/\",\"logo\":{\"@type\":\"ImageObject\",\"inLanguage\":\"de\",\"@id\":\"https:\/\/sendaecoway.com\/#\/schema\/logo\/image\/\",\"url\":\"https:\/\/sendaecoway.com\/wp-content\/uploads\/2024\/10\/619797bf655bee433c2dff8c_LOGOTIPO-OFICIAL-2-1024x413-1.png\",\"contentUrl\":\"https:\/\/sendaecoway.com\/wp-content\/uploads\/2024\/10\/619797bf655bee433c2dff8c_LOGOTIPO-OFICIAL-2-1024x413-1.png\",\"width\":1024,\"height\":413,\"caption\":\"SENDA ECOWAY\"},\"image\":{\"@id\":\"https:\/\/sendaecoway.com\/#\/schema\/logo\/image\/\"},\"sameAs\":[\"https:\/\/www.facebook.com\/sendaecoway\/\",\"https:\/\/www.instagram.com\/sendaecoway\/\"]}]}<\/script>\n<!-- \/ Yoast SEO plugin. -->","yoast_head_json":{"title":"Datenschutzerkl\u00e4rung - Senda Ecoway","robots":{"index":"noindex","follow":"follow"},"og_locale":"de_DE","og_type":"article","og_title":"Pol\u00edtica de privacidad - Senda Ecoway","og_description":"Pol\u00edtica de Privacidad \u00daltima actualizaci\u00f3n: 10-Oct-2024 Fecha de vigencia: 10-Oct-2024 Esta Pol\u00edtica de Privacidad describe las pol\u00edticas de SENDA ECOWAY, S.L., Calle San Francisco, 4,...","og_url":"https:\/\/sendaecoway.com\/de\/privacy-policy\/","og_site_name":"Senda Ecoway","article_publisher":"https:\/\/www.facebook.com\/sendaecoway\/","article_modified_time":"2024-10-10T08:28:06+00:00","og_image":[{"width":1024,"height":413,"url":"https:\/\/sendaecoway.com\/wp-content\/uploads\/2024\/10\/619797bf655bee433c2dff8c_LOGOTIPO-OFICIAL-2-1024x413-1.png","type":"image\/png"}],"twitter_card":"summary_large_image","twitter_misc":{"Gesch\u00e4tzte Lesezeit":"5\u00a0Minuten"},"schema":{"@context":"https:\/\/schema.org","@graph":[{"@type":"WebPage","@id":"https:\/\/sendaecoway.com\/politica-de-privacidad\/","url":"https:\/\/sendaecoway.com\/politica-de-privacidad\/","name":"Datenschutzerkl\u00e4rung - Senda Ecoway","isPartOf":{"@id":"https:\/\/sendaecoway.com\/#website"},"datePublished":"2024-10-09T14:36:50+00:00","dateModified":"2024-10-10T08:28:06+00:00","breadcrumb":{"@id":"https:\/\/sendaecoway.com\/politica-de-privacidad\/#breadcrumb"},"inLanguage":"de","potentialAction":[{"@type":"ReadAction","target":["https:\/\/sendaecoway.com\/politica-de-privacidad\/"]}]},{"@type":"BreadcrumbList","@id":"https:\/\/sendaecoway.com\/politica-de-privacidad\/#breadcrumb","itemListElement":[{"@type":"ListItem","position":1,"name":"Portada","item":"https:\/\/sendaecoway.com\/"},{"@type":"ListItem","position":2,"name":"Pol\u00edtica de privacidad"}]},{"@type":"WebSite","@id":"https:\/\/sendaecoway.com\/#website","url":"https:\/\/sendaecoway.com\/","name":"Senda Ecoway Nachhaltige Erlebnisse","description":"Wir bieten personalisierte und nachhaltige Erlebnisse. Von lokalen Guides gef\u00fchrte Routen und Aktivit\u00e4ten in kleinen Gruppen.","publisher":{"@id":"https:\/\/sendaecoway.com\/#organization"},"alternateName":"LAS MEJORES EXPERIENCIAS SOSTENIBLES DE ESPA\u00d1A","potentialAction":[{"@type":"SearchAction","target":{"@type":"EntryPoint","urlTemplate":"https:\/\/sendaecoway.com\/?s={search_term_string}"},"query-input":{"@type":"PropertyValueSpecification","valueRequired":true,"valueName":"search_term_string"}}],"inLanguage":"de"},{"@type":"Organization","@id":"https:\/\/sendaecoway.com\/#organization","name":"ECOWAY SENDA","alternateName":"LAS MEJORES EXPERIENCIAS SOSTENIBLES DE ESPA\u00d1A","url":"https:\/\/sendaecoway.com\/","logo":{"@type":"ImageObject","inLanguage":"de","@id":"https:\/\/sendaecoway.com\/#\/schema\/logo\/image\/","url":"https:\/\/sendaecoway.com\/wp-content\/uploads\/2024\/10\/619797bf655bee433c2dff8c_LOGOTIPO-OFICIAL-2-1024x413-1.png","contentUrl":"https:\/\/sendaecoway.com\/wp-content\/uploads\/2024\/10\/619797bf655bee433c2dff8c_LOGOTIPO-OFICIAL-2-1024x413-1.png","width":1024,"height":413,"caption":"SENDA ECOWAY"},"image":{"@id":"https:\/\/sendaecoway.com\/#\/schema\/logo\/image\/"},"sameAs":["https:\/\/www.facebook.com\/sendaecoway\/","https:\/\/www.instagram.com\/sendaecoway\/"]}]}},"_links":{"self":[{"href":"https:\/\/sendaecoway.com\/de\/wp-json\/wp\/v2\/pages\/2971","targetHints":{"allow":["GET"]}}],"collection":[{"href":"https:\/\/sendaecoway.com\/de\/wp-json\/wp\/v2\/pages"}],"about":[{"href":"https:\/\/sendaecoway.com\/de\/wp-json\/wp\/v2\/types\/page"}],"author":[{"embeddable":true,"href":"https:\/\/sendaecoway.com\/de\/wp-json\/wp\/v2\/users\/3"}],"replies":[{"embeddable":true,"href":"https:\/\/sendaecoway.com\/de\/wp-json\/wp\/v2\/comments?post=2971"}],"version-history":[{"count":4,"href":"https:\/\/sendaecoway.com\/de\/wp-json\/wp\/v2\/pages\/2971\/revisions"}],"predecessor-version":[{"id":2982,"href":"https:\/\/sendaecoway.com\/de\/wp-json\/wp\/v2\/pages\/2971\/revisions\/2982"}],"wp:attachment":[{"href":"https:\/\/sendaecoway.com\/de\/wp-json\/wp\/v2\/media?parent=2971"}],"curies":[{"name":"wp","href":"https:\/\/api.w.org\/{rel}","templated":true}]}}