{"id":2961,"date":"2024-10-09T13:57:46","date_gmt":"2024-10-09T13:57:46","guid":{"rendered":"https:\/\/sendaecoway.com\/?page_id=2961"},"modified":"2024-10-09T13:57:46","modified_gmt":"2024-10-09T13:57:46","slug":"cookie-politik","status":"publish","type":"page","link":"https:\/\/sendaecoway.com\/de\/politica-de-cookies\/","title":{"rendered":"Cookies-Politik"},"content":{"rendered":"<style>\n    a.cky-banner-element {<br \/>        padding: 8px 30px;<br \/>        background: #F8F9FA;<br \/>        color: #858A8F;<br \/>        border: 1px solid #DEE2E6;<br \/>        box-sizing: border-box;<br \/>        border-radius: 2px;<br \/>        cursor: pointer;<br \/>}<br \/><\/style>\n<h1><\/h1>\n<h1 class=\"cookie-policy-h1\">Cookies-Politik<\/h1>\n<p>Datum des Inkrafttretens: 09-Okt-2024<br \/>\nLetzte Aktualisierung: 09-Okt-2024<\/p>\n<p>&nbsp;<\/p>\n<h2>Was sind Cookies?<\/h2>\n<div class=\"cookie-policy-p\">\n<p>In dieser Cookie-Richtlinie wird erkl\u00e4rt, was Cookies sind, wie wir sie verwenden, welche Arten von Cookies wir verwenden, d. h. welche Informationen wir durch Cookies sammeln, wie diese Informationen verwendet werden und wie Sie Ihre Cookie-Einstellungen verwalten k\u00f6nnen.<\/p>\n<p>Cookies sind kleine Textdateien, die dazu dienen, kleine Informationen zu speichern. Sie werden auf Ihrem Ger\u00e4t gespeichert, wenn die Website in Ihrem Browser geladen wird. Diese Cookies helfen uns, die Website ordnungsgem\u00e4\u00df zu betreiben, sicherer zu machen, eine bessere Nutzererfahrung zu bieten und erm\u00f6glichen es uns, zu verstehen, wie die Website funktioniert, zu analysieren, was funktioniert und wo Verbesserungen erforderlich sind.<\/p>\n<\/div>\n<p>&nbsp;<\/p>\n<h2>Wie verwenden wir Cookies?<\/h2>\n<div class=\"cookie-policy-p\">\n<p>Wie die meisten Online-Dienste verwendet auch unsere Website Cookies von Erstanbietern und Drittanbietern f\u00fcr verschiedene Zwecke. Erstanbieter-Cookies sind in erster Linie f\u00fcr das ordnungsgem\u00e4\u00dfe Funktionieren der Website erforderlich und erfassen keine pers\u00f6nlich identifizierbaren Daten.<\/p>\n<p>Die Cookies von Drittanbietern, die wir auf unserer Website verwenden, dienen in erster Linie dazu, zu verstehen, wie die Website funktioniert, wie Sie mit unserer Website interagieren, unsere Dienste sicher zu halten, f\u00fcr Sie relevante Werbung bereitzustellen und Ihnen generell eine bessere Benutzererfahrung zu bieten und Ihre zuk\u00fcnftigen Interaktionen mit unserer Website zu beschleunigen.<\/p>\n<\/div>\n<p>&nbsp;<\/p>\n<h2>Arten von Cookies, die wir verwenden<\/h2>\n<div class=\"cky-audit-table-element\"><\/div>\n<p>&nbsp;<\/p>\n<h2 style=\"margin-bottom: 20px;\">Cookie-Einstellungen verwalten<\/h2>\n<h3><a class=\"cky-banner-element\">Cookie-Einstellungen<\/a><\/h3>\n<div>\n<p>Sie k\u00f6nnen Ihre Cookie-Einstellungen jederzeit \u00e4ndern, indem Sie auf die obige Schaltfl\u00e4che klicken. Dadurch k\u00f6nnen Sie zum Pop-up-Fenster mit der Cookie-Zustimmung zur\u00fcckkehren und Ihre Einstellungen \u00e4ndern oder Ihre Zustimmung sofort zur\u00fcckziehen.<\/p>\n<p>Dar\u00fcber hinaus bieten die verschiedenen Browser unterschiedliche Methoden zum Blockieren und L\u00f6schen von Cookies, die von Websites verwendet werden. Sie k\u00f6nnen Ihre Browsereinstellungen \u00e4ndern, um Cookies zu blockieren\/l\u00f6schen. Nachstehend finden Sie Links zu Support-Dokumenten \u00fcber die Verwaltung und L\u00f6schung von Cookies in den wichtigsten Webbrowsern.<\/p>\n<p>Chrom: <a href=\"https:\/\/support.google.com\/accounts\/answer\/32050\" target=\"_blank\" rel=\"noopener\">https:\/\/support.google.com\/accounts\/answer\/32050<\/a><\/p>\n<p>Safari: <a href=\"https:\/\/support.apple.com\/en-in\/guide\/safari\/sfri11471\/mac\" target=\"_blank\" rel=\"noopener\">https:\/\/support.apple.com\/en-in\/guide\/safari\/sfri11471\/mac<\/a><\/p>\n<p>Firefox: <a href=\"https:\/\/support.mozilla.org\/en-US\/kb\/clear-cookies-and-site-data-firefox?redirectslug=delete-cookies-remove-info-websites-stored&amp;redirectlocale=en-US\" target=\"_blank\" rel=\"noopener\">https:\/\/support.mozilla.org\/en-US\/kb\/clear-cookies-and-site-data-firefox?redirectslug=delete-cookies-remove-info-websites-stored&amp;redirectlocale=en-US<\/a><\/p>\n<p>Internet Explorer: <a href=\"https:\/\/support.microsoft.com\/en-us\/topic\/how-to-delete-cookie-files-in-internet-explorer-bca9446f-d873-78de-77ba-d42645fa52fc\" target=\"_blank\" rel=\"noopener\">https:\/\/support.microsoft.com\/en-us\/topic\/how-to-delete-cookie-files-in-internet-explorer-bca9446f-d873-78de-77ba-d42645fa52fc<\/a><\/p>\n<p>Wenn Sie einen anderen Webbrowser verwenden, lesen Sie bitte die offiziellen Support-Dokumente f\u00fcr Ihren Browser.<\/p>\n<\/div>\n<p>&nbsp;<\/p>\n<p class=\"cookie-policy-p\">Cookie-Richtlinie erstellt von <a href=\"https:\/\/www.cookieyes.com\/?utm_source=CP&amp;utm_medium=footer&amp;utm_campaign=UW\" target=\"_blank\" rel=\"noopener\">CookieYes - Cookie-Richtlinien-Generator<\/a>.<\/p>","protected":false},"excerpt":{"rendered":"<p>Pol\u00edtica de cookies Fecha de vigencia: 09-Oct-2024 \u00daltima actualizaci\u00f3n: 09-Oct-2024 &nbsp; \u00bfQu\u00e9 son las cookies? Esta Pol\u00edtica de Cookies explica qu\u00e9 son las cookies, c\u00f3mo&#8230;<\/p>","protected":false},"author":3,"featured_media":0,"parent":0,"menu_order":0,"comment_status":"closed","ping_status":"closed","template":"","meta":{"_joinchat":[],"footnotes":""},"class_list":["post-2961","page","type-page","status-publish","hentry"],"yoast_head":"<!-- This site is optimized with the Yoast SEO plugin v27.2 - https:\/\/yoast.com\/product\/yoast-seo-wordpress\/ -->\n<title>Pol\u00edtica de cookies - Senda Ecoway<\/title>\n<meta name=\"robots\" content=\"noindex, follow\" \/>\n<meta property=\"og:locale\" content=\"de_DE\" \/>\n<meta property=\"og:type\" content=\"article\" \/>\n<meta property=\"og:title\" content=\"Pol\u00edtica de cookies - Senda Ecoway\" \/>\n<meta property=\"og:description\" content=\"Pol\u00edtica de cookies Fecha de vigencia: 09-Oct-2024 \u00daltima actualizaci\u00f3n: 09-Oct-2024 &nbsp; \u00bfQu\u00e9 son las cookies? Esta Pol\u00edtica de Cookies explica qu\u00e9 son las cookies, c\u00f3mo...\" \/>\n<meta property=\"og:url\" content=\"https:\/\/sendaecoway.com\/de\/cookie-politik\/\" \/>\n<meta property=\"og:site_name\" content=\"Senda Ecoway\" \/>\n<meta property=\"article:publisher\" content=\"https:\/\/www.facebook.com\/sendaecoway\/\" \/>\n<meta property=\"og:image\" content=\"https:\/\/sendaecoway.com\/wp-content\/uploads\/2024\/10\/619797bf655bee433c2dff8c_LOGOTIPO-OFICIAL-2-1024x413-1.png\" \/>\n\t<meta property=\"og:image:width\" content=\"1024\" \/>\n\t<meta property=\"og:image:height\" content=\"413\" \/>\n\t<meta property=\"og:image:type\" content=\"image\/png\" \/>\n<meta name=\"twitter:card\" content=\"summary_large_image\" \/>\n<meta name=\"twitter:label1\" content=\"Gesch\u00e4tzte Lesezeit\" \/>\n\t<meta name=\"twitter:data1\" content=\"2\u00a0Minuten\" \/>\n<script type=\"application\/ld+json\" class=\"yoast-schema-graph\">{\"@context\":\"https:\/\/schema.org\",\"@graph\":[{\"@type\":\"WebPage\",\"@id\":\"https:\/\/sendaecoway.com\/politica-de-cookies\/\",\"url\":\"https:\/\/sendaecoway.com\/politica-de-cookies\/\",\"name\":\"Pol\u00edtica de cookies - Senda Ecoway\",\"isPartOf\":{\"@id\":\"https:\/\/sendaecoway.com\/#website\"},\"datePublished\":\"2024-10-09T13:57:46+00:00\",\"breadcrumb\":{\"@id\":\"https:\/\/sendaecoway.com\/politica-de-cookies\/#breadcrumb\"},\"inLanguage\":\"de\",\"potentialAction\":[{\"@type\":\"ReadAction\",\"target\":[\"https:\/\/sendaecoway.com\/politica-de-cookies\/\"]}]},{\"@type\":\"BreadcrumbList\",\"@id\":\"https:\/\/sendaecoway.com\/politica-de-cookies\/#breadcrumb\",\"itemListElement\":[{\"@type\":\"ListItem\",\"position\":1,\"name\":\"Portada\",\"item\":\"https:\/\/sendaecoway.com\/\"},{\"@type\":\"ListItem\",\"position\":2,\"name\":\"Pol\u00edtica de cookies\"}]},{\"@type\":\"WebSite\",\"@id\":\"https:\/\/sendaecoway.com\/#website\",\"url\":\"https:\/\/sendaecoway.com\/\",\"name\":\"Senda Ecoway Experiencias Sostenibles\",\"description\":\"Ofrecemos experiencias personalizadas y sostenibles. Rutas guiadas por gu\u00edas locales y actividades en peque\u00f1os grupos.\",\"publisher\":{\"@id\":\"https:\/\/sendaecoway.com\/#organization\"},\"alternateName\":\"LAS MEJORES EXPERIENCIAS SOSTENIBLES DE ESPA\u00d1A\",\"potentialAction\":[{\"@type\":\"SearchAction\",\"target\":{\"@type\":\"EntryPoint\",\"urlTemplate\":\"https:\/\/sendaecoway.com\/?s={search_term_string}\"},\"query-input\":{\"@type\":\"PropertyValueSpecification\",\"valueRequired\":true,\"valueName\":\"search_term_string\"}}],\"inLanguage\":\"de\"},{\"@type\":\"Organization\",\"@id\":\"https:\/\/sendaecoway.com\/#organization\",\"name\":\"SENDA ECOWAY\",\"alternateName\":\"LAS MEJORES EXPERIENCIAS SOSTENIBLES DE ESPA\u00d1A\",\"url\":\"https:\/\/sendaecoway.com\/\",\"logo\":{\"@type\":\"ImageObject\",\"inLanguage\":\"de\",\"@id\":\"https:\/\/sendaecoway.com\/#\/schema\/logo\/image\/\",\"url\":\"https:\/\/sendaecoway.com\/wp-content\/uploads\/2024\/10\/619797bf655bee433c2dff8c_LOGOTIPO-OFICIAL-2-1024x413-1.png\",\"contentUrl\":\"https:\/\/sendaecoway.com\/wp-content\/uploads\/2024\/10\/619797bf655bee433c2dff8c_LOGOTIPO-OFICIAL-2-1024x413-1.png\",\"width\":1024,\"height\":413,\"caption\":\"SENDA ECOWAY\"},\"image\":{\"@id\":\"https:\/\/sendaecoway.com\/#\/schema\/logo\/image\/\"},\"sameAs\":[\"https:\/\/www.facebook.com\/sendaecoway\/\",\"https:\/\/www.instagram.com\/sendaecoway\/\"]}]}<\/script>\n<!-- \/ Yoast SEO plugin. -->","yoast_head_json":{"title":"Cookies-Richtlinie - Senda Ecoway","robots":{"index":"noindex","follow":"follow"},"og_locale":"de_DE","og_type":"article","og_title":"Pol\u00edtica de cookies - Senda Ecoway","og_description":"Pol\u00edtica de cookies Fecha de vigencia: 09-Oct-2024 \u00daltima actualizaci\u00f3n: 09-Oct-2024 &nbsp; \u00bfQu\u00e9 son las cookies? Esta Pol\u00edtica de Cookies explica qu\u00e9 son las cookies, c\u00f3mo...","og_url":"https:\/\/sendaecoway.com\/de\/cookie-politik\/","og_site_name":"Senda Ecoway","article_publisher":"https:\/\/www.facebook.com\/sendaecoway\/","og_image":[{"width":1024,"height":413,"url":"https:\/\/sendaecoway.com\/wp-content\/uploads\/2024\/10\/619797bf655bee433c2dff8c_LOGOTIPO-OFICIAL-2-1024x413-1.png","type":"image\/png"}],"twitter_card":"summary_large_image","twitter_misc":{"Gesch\u00e4tzte Lesezeit":"2\u00a0Minuten"},"schema":{"@context":"https:\/\/schema.org","@graph":[{"@type":"WebPage","@id":"https:\/\/sendaecoway.com\/politica-de-cookies\/","url":"https:\/\/sendaecoway.com\/politica-de-cookies\/","name":"Cookies-Richtlinie - Senda Ecoway","isPartOf":{"@id":"https:\/\/sendaecoway.com\/#website"},"datePublished":"2024-10-09T13:57:46+00:00","breadcrumb":{"@id":"https:\/\/sendaecoway.com\/politica-de-cookies\/#breadcrumb"},"inLanguage":"de","potentialAction":[{"@type":"ReadAction","target":["https:\/\/sendaecoway.com\/politica-de-cookies\/"]}]},{"@type":"BreadcrumbList","@id":"https:\/\/sendaecoway.com\/politica-de-cookies\/#breadcrumb","itemListElement":[{"@type":"ListItem","position":1,"name":"Portada","item":"https:\/\/sendaecoway.com\/"},{"@type":"ListItem","position":2,"name":"Pol\u00edtica de cookies"}]},{"@type":"WebSite","@id":"https:\/\/sendaecoway.com\/#website","url":"https:\/\/sendaecoway.com\/","name":"Senda Ecoway Nachhaltige Erlebnisse","description":"Wir bieten personalisierte und nachhaltige Erlebnisse. Von lokalen Guides gef\u00fchrte Routen und Aktivit\u00e4ten in kleinen Gruppen.","publisher":{"@id":"https:\/\/sendaecoway.com\/#organization"},"alternateName":"LAS MEJORES EXPERIENCIAS SOSTENIBLES DE ESPA\u00d1A","potentialAction":[{"@type":"SearchAction","target":{"@type":"EntryPoint","urlTemplate":"https:\/\/sendaecoway.com\/?s={search_term_string}"},"query-input":{"@type":"PropertyValueSpecification","valueRequired":true,"valueName":"search_term_string"}}],"inLanguage":"de"},{"@type":"Organization","@id":"https:\/\/sendaecoway.com\/#organization","name":"ECOWAY SENDA","alternateName":"LAS MEJORES EXPERIENCIAS SOSTENIBLES DE ESPA\u00d1A","url":"https:\/\/sendaecoway.com\/","logo":{"@type":"ImageObject","inLanguage":"de","@id":"https:\/\/sendaecoway.com\/#\/schema\/logo\/image\/","url":"https:\/\/sendaecoway.com\/wp-content\/uploads\/2024\/10\/619797bf655bee433c2dff8c_LOGOTIPO-OFICIAL-2-1024x413-1.png","contentUrl":"https:\/\/sendaecoway.com\/wp-content\/uploads\/2024\/10\/619797bf655bee433c2dff8c_LOGOTIPO-OFICIAL-2-1024x413-1.png","width":1024,"height":413,"caption":"SENDA ECOWAY"},"image":{"@id":"https:\/\/sendaecoway.com\/#\/schema\/logo\/image\/"},"sameAs":["https:\/\/www.facebook.com\/sendaecoway\/","https:\/\/www.instagram.com\/sendaecoway\/"]}]}},"_links":{"self":[{"href":"https:\/\/sendaecoway.com\/de\/wp-json\/wp\/v2\/pages\/2961","targetHints":{"allow":["GET"]}}],"collection":[{"href":"https:\/\/sendaecoway.com\/de\/wp-json\/wp\/v2\/pages"}],"about":[{"href":"https:\/\/sendaecoway.com\/de\/wp-json\/wp\/v2\/types\/page"}],"author":[{"embeddable":true,"href":"https:\/\/sendaecoway.com\/de\/wp-json\/wp\/v2\/users\/3"}],"replies":[{"embeddable":true,"href":"https:\/\/sendaecoway.com\/de\/wp-json\/wp\/v2\/comments?post=2961"}],"version-history":[{"count":4,"href":"https:\/\/sendaecoway.com\/de\/wp-json\/wp\/v2\/pages\/2961\/revisions"}],"predecessor-version":[{"id":2965,"href":"https:\/\/sendaecoway.com\/de\/wp-json\/wp\/v2\/pages\/2961\/revisions\/2965"}],"wp:attachment":[{"href":"https:\/\/sendaecoway.com\/de\/wp-json\/wp\/v2\/media?parent=2961"}],"curies":[{"name":"wp","href":"https:\/\/api.w.org\/{rel}","templated":true}]}}