{"id":2747,"date":"2024-10-01T19:01:17","date_gmt":"2024-10-01T19:01:17","guid":{"rendered":"https:\/\/sendaecoway.com\/?page_id=2747"},"modified":"2024-10-09T13:44:02","modified_gmt":"2024-10-09T13:44:02","slug":"zugang-zu-informationen","status":"publish","type":"page","link":"https:\/\/sendaecoway.com\/de\/acceso-a-la-informacion\/","title":{"rendered":"Zugang zu Informationen"},"content":{"rendered":"<div class=\"wpb-content-wrapper\"><div class=\"vc_row wpb_row vc_row-fluid vc_custom_1727808499279 et_custom_uniqid_new_66fc43ed47174 mpc-row\"><div class=\"wpb_column vc_column_container vc_col-sm-12 et_custom_uniqid_69deae9f3576d mpc-column\" data-column-id=\"mpc_column-4569deaea1bf956\"><div class=\"vc_column-inner\"><div class=\"wpb_wrapper\">\n\t<div class=\"wpb_text_column wpb_content_element\">\n\t\t<div class=\"wpb_wrapper\">\n\t\t\t<div class=\"bloque-titulo-transparencia\">\n<div class=\"bloque-titulo-transparencia\">\n<div class=\"bloque-titulo-transparencia\">\n<div class=\"bloque-titulo-transparencia\">\n<div class=\"bloque-titulo-transparencia\">\n<div class=\"bloque-titulo-transparencia\">\n<div class=\"bloque-titulo-transparencia\">\n<div class=\"bloque-titulo-transparencia\">\n<h1 class=\"heading-16\" style=\"text-align: center;\">Transparenz-Portal<\/h1>\n<p class=\"subtitulo-afiliados transparencia\" style=\"text-align: center;\"><strong>ZUGANG ZU INFORMATIONEN<\/strong><\/p>\n<\/div>\n<div class=\"div-block-25\">\n<div class=\"rich-text-block-4 w-richtext\">\n<p>&nbsp;<\/p>\n<p><em>Datum der Ver\u00f6ffentlichung: 20\/07\/2021<\/em><br>\n<em>Datum der Aktualisierung: 07\/06\/2022<\/em><\/p>\n<p>&nbsp;<\/p>\n<p>Zugang zu Informationen:<\/p>\n<p>Die Entit\u00e4t wird die Informationen so aktuell wie m\u00f6glich halten, jedoch kann jede Person zus\u00e4tzliche Unterlagen anfordern, wie in den Vorschriften angegeben. Wer an weiteren Informationen interessiert ist, sollte sich auf folgende Weise an uns wenden:<\/p>\n<p>1.- per E-Mail an folgende Adresse: hello@sendaecoway.com.<\/p>\n<p>2.- Mit Hilfe von&nbsp;<a href=\"http:\/\/sendaecoway.com\/de\/kontakt\/\">Telefon<\/a><\/p>\n<p>In jedem der oben genannten F\u00e4lle m\u00fcssen die folgenden Anforderungen gem\u00e4\u00df Artikel 41 des Gesetzes 12\/2014 erf\u00fcllt sein, um Ihren Antrag korrekt bearbeiten zu k\u00f6nnen:<\/p>\n<p>Identit\u00e4t des Antragstellers unter Beif\u00fcgung einer Kopie seiner DNI\/NIE.<br>\nDie Informationen, um die Sie bitten.<br>\nDie Kontaktadresse, vorzugsweise in elektronischer Form f\u00fcr Kommunikationszwecke.<\/p>\n<p>\u00dcber jeden dieser Kan\u00e4le erhalten Sie so schnell wie m\u00f6glich eine angemessene Antwort, je nach Angemessenheit der Anfrage und\/oder der angeforderten zus\u00e4tzlichen Informationen.<\/p>\n<\/div>\n<\/div>\n<\/div>\n<\/div>\n<\/div>\n<\/div>\n<\/div>\n<\/div>\n<\/div>\n\n\t\t<\/div>\n\t<\/div>\n<\/div><\/div><\/div><\/div>\n<\/div>","protected":false},"excerpt":{"rendered":"Portal de Transparencia ACCESO A&nbsp;LA&nbsp;INFORMACI&Oacute;N &nbsp; Fecha de publicaci&oacute;n: 20\/07\/2021 Fecha de actualizaci&oacute;n: 07\/06\/2022 &nbsp; Acceso a la informaci&oacute;n: La Entidad mantendr&aacute; en la medida...","protected":false},"author":2,"featured_media":0,"parent":0,"menu_order":0,"comment_status":"closed","ping_status":"closed","template":"","meta":{"_joinchat":[],"footnotes":""},"class_list":["post-2747","page","type-page","status-publish","hentry"],"yoast_head":"<!-- This site is optimized with the Yoast SEO plugin v27.2 - https:\/\/yoast.com\/product\/yoast-seo-wordpress\/ -->\n<title>Acceso a la informaci\u00f3n - Senda Ecoway<\/title>\n<meta name=\"robots\" content=\"noindex, follow\" \/>\n<meta property=\"og:locale\" content=\"de_DE\" \/>\n<meta property=\"og:type\" content=\"article\" \/>\n<meta property=\"og:title\" content=\"Acceso a la informaci\u00f3n - Senda Ecoway\" \/>\n<meta property=\"og:url\" content=\"https:\/\/sendaecoway.com\/de\/zugang-zu-informationen\/\" \/>\n<meta property=\"og:site_name\" content=\"Senda Ecoway\" \/>\n<meta property=\"article:publisher\" content=\"https:\/\/www.facebook.com\/sendaecoway\/\" \/>\n<meta property=\"article:modified_time\" content=\"2024-10-09T13:44:02+00:00\" \/>\n<meta property=\"og:image\" content=\"https:\/\/sendaecoway.com\/wp-content\/uploads\/2024\/10\/619797bf655bee433c2dff8c_LOGOTIPO-OFICIAL-2-1024x413-1.png\" \/>\n\t<meta property=\"og:image:width\" content=\"1024\" \/>\n\t<meta property=\"og:image:height\" content=\"413\" \/>\n\t<meta property=\"og:image:type\" content=\"image\/png\" \/>\n<meta name=\"twitter:card\" content=\"summary_large_image\" \/>\n<meta name=\"twitter:label1\" content=\"Gesch\u00e4tzte Lesezeit\" \/>\n\t<meta name=\"twitter:data1\" content=\"1\u00a0Minute\" \/>\n<script type=\"application\/ld+json\" class=\"yoast-schema-graph\">{\"@context\":\"https:\/\/schema.org\",\"@graph\":[{\"@type\":\"WebPage\",\"@id\":\"https:\/\/sendaecoway.com\/acceso-a-la-informacion\/\",\"url\":\"https:\/\/sendaecoway.com\/acceso-a-la-informacion\/\",\"name\":\"Acceso a la informaci\u00f3n - Senda Ecoway\",\"isPartOf\":{\"@id\":\"https:\/\/sendaecoway.com\/#website\"},\"datePublished\":\"2024-10-01T19:01:17+00:00\",\"dateModified\":\"2024-10-09T13:44:02+00:00\",\"breadcrumb\":{\"@id\":\"https:\/\/sendaecoway.com\/acceso-a-la-informacion\/#breadcrumb\"},\"inLanguage\":\"de\",\"potentialAction\":[{\"@type\":\"ReadAction\",\"target\":[\"https:\/\/sendaecoway.com\/acceso-a-la-informacion\/\"]}]},{\"@type\":\"BreadcrumbList\",\"@id\":\"https:\/\/sendaecoway.com\/acceso-a-la-informacion\/#breadcrumb\",\"itemListElement\":[{\"@type\":\"ListItem\",\"position\":1,\"name\":\"Portada\",\"item\":\"https:\/\/sendaecoway.com\/\"},{\"@type\":\"ListItem\",\"position\":2,\"name\":\"Acceso a la informaci\u00f3n\"}]},{\"@type\":\"WebSite\",\"@id\":\"https:\/\/sendaecoway.com\/#website\",\"url\":\"https:\/\/sendaecoway.com\/\",\"name\":\"Senda Ecoway Experiencias Sostenibles\",\"description\":\"Ofrecemos experiencias personalizadas y sostenibles. Rutas guiadas por gu\u00edas locales y actividades en peque\u00f1os grupos.\",\"publisher\":{\"@id\":\"https:\/\/sendaecoway.com\/#organization\"},\"alternateName\":\"LAS MEJORES EXPERIENCIAS SOSTENIBLES DE ESPA\u00d1A\",\"potentialAction\":[{\"@type\":\"SearchAction\",\"target\":{\"@type\":\"EntryPoint\",\"urlTemplate\":\"https:\/\/sendaecoway.com\/?s={search_term_string}\"},\"query-input\":{\"@type\":\"PropertyValueSpecification\",\"valueRequired\":true,\"valueName\":\"search_term_string\"}}],\"inLanguage\":\"de\"},{\"@type\":\"Organization\",\"@id\":\"https:\/\/sendaecoway.com\/#organization\",\"name\":\"SENDA ECOWAY\",\"alternateName\":\"LAS MEJORES EXPERIENCIAS SOSTENIBLES DE ESPA\u00d1A\",\"url\":\"https:\/\/sendaecoway.com\/\",\"logo\":{\"@type\":\"ImageObject\",\"inLanguage\":\"de\",\"@id\":\"https:\/\/sendaecoway.com\/#\/schema\/logo\/image\/\",\"url\":\"https:\/\/sendaecoway.com\/wp-content\/uploads\/2024\/10\/619797bf655bee433c2dff8c_LOGOTIPO-OFICIAL-2-1024x413-1.png\",\"contentUrl\":\"https:\/\/sendaecoway.com\/wp-content\/uploads\/2024\/10\/619797bf655bee433c2dff8c_LOGOTIPO-OFICIAL-2-1024x413-1.png\",\"width\":1024,\"height\":413,\"caption\":\"SENDA ECOWAY\"},\"image\":{\"@id\":\"https:\/\/sendaecoway.com\/#\/schema\/logo\/image\/\"},\"sameAs\":[\"https:\/\/www.facebook.com\/sendaecoway\/\",\"https:\/\/www.instagram.com\/sendaecoway\/\"]}]}<\/script>\n<!-- \/ Yoast SEO plugin. -->","yoast_head_json":{"title":"Zugang zu Informationen - Senda Ecoway","robots":{"index":"noindex","follow":"follow"},"og_locale":"de_DE","og_type":"article","og_title":"Acceso a la informaci\u00f3n - Senda Ecoway","og_url":"https:\/\/sendaecoway.com\/de\/zugang-zu-informationen\/","og_site_name":"Senda Ecoway","article_publisher":"https:\/\/www.facebook.com\/sendaecoway\/","article_modified_time":"2024-10-09T13:44:02+00:00","og_image":[{"width":1024,"height":413,"url":"https:\/\/sendaecoway.com\/wp-content\/uploads\/2024\/10\/619797bf655bee433c2dff8c_LOGOTIPO-OFICIAL-2-1024x413-1.png","type":"image\/png"}],"twitter_card":"summary_large_image","twitter_misc":{"Gesch\u00e4tzte Lesezeit":"1\u00a0Minute"},"schema":{"@context":"https:\/\/schema.org","@graph":[{"@type":"WebPage","@id":"https:\/\/sendaecoway.com\/acceso-a-la-informacion\/","url":"https:\/\/sendaecoway.com\/acceso-a-la-informacion\/","name":"Zugang zu Informationen - Senda Ecoway","isPartOf":{"@id":"https:\/\/sendaecoway.com\/#website"},"datePublished":"2024-10-01T19:01:17+00:00","dateModified":"2024-10-09T13:44:02+00:00","breadcrumb":{"@id":"https:\/\/sendaecoway.com\/acceso-a-la-informacion\/#breadcrumb"},"inLanguage":"de","potentialAction":[{"@type":"ReadAction","target":["https:\/\/sendaecoway.com\/acceso-a-la-informacion\/"]}]},{"@type":"BreadcrumbList","@id":"https:\/\/sendaecoway.com\/acceso-a-la-informacion\/#breadcrumb","itemListElement":[{"@type":"ListItem","position":1,"name":"Portada","item":"https:\/\/sendaecoway.com\/"},{"@type":"ListItem","position":2,"name":"Acceso a la informaci\u00f3n"}]},{"@type":"WebSite","@id":"https:\/\/sendaecoway.com\/#website","url":"https:\/\/sendaecoway.com\/","name":"Senda Ecoway Nachhaltige Erlebnisse","description":"Wir bieten personalisierte und nachhaltige Erlebnisse. Von lokalen Guides gef\u00fchrte Routen und Aktivit\u00e4ten in kleinen Gruppen.","publisher":{"@id":"https:\/\/sendaecoway.com\/#organization"},"alternateName":"LAS MEJORES EXPERIENCIAS SOSTENIBLES DE ESPA\u00d1A","potentialAction":[{"@type":"SearchAction","target":{"@type":"EntryPoint","urlTemplate":"https:\/\/sendaecoway.com\/?s={search_term_string}"},"query-input":{"@type":"PropertyValueSpecification","valueRequired":true,"valueName":"search_term_string"}}],"inLanguage":"de"},{"@type":"Organization","@id":"https:\/\/sendaecoway.com\/#organization","name":"ECOWAY SENDA","alternateName":"LAS MEJORES EXPERIENCIAS SOSTENIBLES DE ESPA\u00d1A","url":"https:\/\/sendaecoway.com\/","logo":{"@type":"ImageObject","inLanguage":"de","@id":"https:\/\/sendaecoway.com\/#\/schema\/logo\/image\/","url":"https:\/\/sendaecoway.com\/wp-content\/uploads\/2024\/10\/619797bf655bee433c2dff8c_LOGOTIPO-OFICIAL-2-1024x413-1.png","contentUrl":"https:\/\/sendaecoway.com\/wp-content\/uploads\/2024\/10\/619797bf655bee433c2dff8c_LOGOTIPO-OFICIAL-2-1024x413-1.png","width":1024,"height":413,"caption":"SENDA ECOWAY"},"image":{"@id":"https:\/\/sendaecoway.com\/#\/schema\/logo\/image\/"},"sameAs":["https:\/\/www.facebook.com\/sendaecoway\/","https:\/\/www.instagram.com\/sendaecoway\/"]}]}},"_links":{"self":[{"href":"https:\/\/sendaecoway.com\/de\/wp-json\/wp\/v2\/pages\/2747","targetHints":{"allow":["GET"]}}],"collection":[{"href":"https:\/\/sendaecoway.com\/de\/wp-json\/wp\/v2\/pages"}],"about":[{"href":"https:\/\/sendaecoway.com\/de\/wp-json\/wp\/v2\/types\/page"}],"author":[{"embeddable":true,"href":"https:\/\/sendaecoway.com\/de\/wp-json\/wp\/v2\/users\/2"}],"replies":[{"embeddable":true,"href":"https:\/\/sendaecoway.com\/de\/wp-json\/wp\/v2\/comments?post=2747"}],"version-history":[{"count":1,"href":"https:\/\/sendaecoway.com\/de\/wp-json\/wp\/v2\/pages\/2747\/revisions"}],"predecessor-version":[{"id":2749,"href":"https:\/\/sendaecoway.com\/de\/wp-json\/wp\/v2\/pages\/2747\/revisions\/2749"}],"wp:attachment":[{"href":"https:\/\/sendaecoway.com\/de\/wp-json\/wp\/v2\/media?parent=2747"}],"curies":[{"name":"wp","href":"https:\/\/api.w.org\/{rel}","templated":true}]}}