{"id":2725,"date":"2024-10-01T18:51:13","date_gmt":"2024-10-01T18:51:13","guid":{"rendered":"https:\/\/sendaecoway.com\/?page_id=2725"},"modified":"2024-10-09T13:48:22","modified_gmt":"2024-10-09T13:48:22","slug":"zuschusse-und-subventionen","status":"publish","type":"page","link":"https:\/\/sendaecoway.com\/de\/ayudas-y-subvenciones\/","title":{"rendered":"Zusch\u00fcsse und Subventionen"},"content":{"rendered":"<div class=\"wpb-content-wrapper\"><div class=\"vc_row wpb_row vc_row-fluid vc_custom_1727808499279 et_custom_uniqid_new_66fc43ed47174 mpc-row\"><div class=\"wpb_column vc_column_container vc_col-sm-12 et_custom_uniqid_69deaed43b1c0 mpc-column\" data-column-id=\"mpc_column-2669deaed737b67\"><div class=\"vc_column-inner\"><div class=\"wpb_wrapper\">\n\t<div class=\"wpb_text_column wpb_content_element\">\n\t\t<div class=\"wpb_wrapper\">\n\t\t\t<div class=\"bloque-titulo-transparencia\">\n<div class=\"bloque-titulo-transparencia\">\n<h1 class=\"heading-16\" style=\"text-align: center;\">Transparenz-Portal<\/h1>\n<p class=\"subtitulo-afiliados transparencia\" style=\"text-align: center;\"><strong>ZUSCH\u00dcSSE UND SUBVENTIONEN<\/strong><\/p>\n<\/div>\n<div class=\"div-block-25\">\n<div class=\"rich-text-block-4 w-richtext\">\n<p>&nbsp;<\/p>\n<p><em>Datum der Ver\u00f6ffentlichung: 16\/07\/2021<\/em><br>\n<em>Aktualisierungsdatum: 26\/04\/2022<\/em><\/p>\n<p>&nbsp;<\/p>\n<p>In diesem Abschnitt finden Sie alle Informationen \u00fcber die Zusch\u00fcsse und Subventionen von Senda Ecoway S.L..<\/p>\n<p>\u200d<\/p>\n<p>SENDA ECOWAY S.L.<\/p>\n<p><strong><em>Jahr 2021<\/em><\/strong><\/p>\n<p>Kanarische Agentur f\u00fcr Forschung, Innovation und Informationsgesellschaft, Beschluss vom 27. Juli 2020, mit dem der Aufruf zur Gew\u00e4hrung von Zusch\u00fcssen f\u00fcr die Eingliederung von innovativem Personal in das Produktionsgef\u00fcge (IPI) beschlossen wird, kofinanziert durch das operationelle ESF-Programm 2014-2020 der Kanarischen Inseln - Zuschuss: 71.634,30 \u20ac.&nbsp;<a href=\"https:\/\/cdn.prod.website-files.com\/61123f605154af93144b1577\/6267fc383273630704bf0b79_resoluci%C3%B3n%20definitiva%20ipi%202021.pdf\" target=\"_blank\" rel=\"noopener\">Endg\u00fcltige Entschlie\u00dfung IPI 2021<\/a><\/p>\n<p>Sociedad Canaria de Fomento Econ\u00f3mico S.A. (PROEXCA), Beschluss vom 30. Dezember 2021, mit dem die Ausschreibung \u00f6ffentlicher Zusch\u00fcsse f\u00fcr die Durchf\u00fchrung neuer Projekte Canarias Aporta Digital beschlossen wird - Zuschuss: 14.838,62 \u20ac.&nbsp;<a href=\"https:\/\/proexca.es\/wp-content\/uploads\/2021\/12\/RESOLUCI%C3%93N-PROVISIONAL-CANARIAS-APORTA-2021.pdf\">Link zur Entschlie\u00dfung<\/a>.<\/p>\n<p>Handelskammer, Beschluss vom 07. Juli 2021, der Zuschuss wird beschlossen: 5.930,00 \u20ac.<\/p>\n<p>\u200d<\/p>\n<p>\u200d<\/p>\n<p><strong><em>Jahr 2020<\/em><\/strong><\/p>\n<p>Kanarische Agentur f\u00fcr Forschung, Innovation und die Informationsgesellschaft, Beschluss vom 4. Juni 2020, mit dem der Aufruf zur Gew\u00e4hrung von Zusch\u00fcssen f\u00fcr die Eingliederung von innovativem Personal in das Produktionsgef\u00fcge (IPI) beschlossen wird, kofinanziert durch das operationelle ESF-Programm 2014-2020 der Kanarischen Inseln - Zuschuss: 71.634,29 \u20ac.&nbsp;<a href=\"https:\/\/cdn.prod.website-files.com\/61123f605154af93144b1577\/6267fc3697613cccf61ddf9c_Resoluci%C3%B3n%20definitiva%20IPI%202020.pdf\" target=\"_blank\" rel=\"noopener\">Endg\u00fcltige Entschlie\u00dfung IPI 2020<\/a><\/p>\n<p>Regionales Ministerium f\u00fcr Wirtschaft, Wissen und Besch\u00e4ftigung, Beschluss vom 18. Dezember 2020, der die Ausschreibung von Subventionen f\u00fcr Investitionsprojekte kleiner und mittlerer Unternehmen auf den Kanarischen Inseln f\u00fcr das Jahr 2020 beschlie\u00dft - Subvention: 6.944,93.&nbsp;<a href=\"http:\/\/www.gobiernodecanarias.org\/cmsweb\/export\/sites\/promocioneconomica\/galeria\/Orden-concesion-definitiva-primerprocedimiento-Subpi2020.pdf\">Link zur Entschlie\u00dfung.<\/a><\/p>\n<p>Sociedad Canaria de Fomento Econ\u00f3mico S.A. (PROEXCA), Beschluss vom 29. Dezember 2020, mit dem die Ausschreibung von \u00f6ffentlichen Zusch\u00fcssen f\u00fcr die Durchf\u00fchrung von Internationalisierungsprojekten f\u00fcr kanarische Unternehmen beschlossen wird - Zuschuss: 14.899,96 \u20ac.&nbsp;<a href=\"https:\/\/proexca.es\/wp-content\/uploads\/2020\/12\/ORDEN605-2020.pdf\">Link zur Entschlie\u00dfung.<\/a><\/p>\n<p><em>Jahr 2019<\/em><\/p>\n<p>Sociedad Canaria de Fomento Econ\u00f3mico S.A. (PROEXCA), Beschluss vom 29. Juni 2019, mit dem der Aufruf zur Gew\u00e4hrung \u00f6ffentlicher Zusch\u00fcsse f\u00fcr die Durchf\u00fchrung von Internationalisierungsprojekten f\u00fcr kanarische Unternehmen beschlossen wird - Zuschuss: 20.048 \u20ac.&nbsp;<a href=\"https:\/\/proexca.es\/Portals\/0\/Documentos18\/Documentos\/Convocatorias\/CanariasAporta\/CanariasAporta19\/Resolucion_533_290519.pdf\">Link zur Entschlie\u00dfung.<\/a><\/p>\n<p><em>Jahr 2018<\/em><\/p>\n<p>Sociedad Canaria de Fomento Econ\u00f3mico S.A. (PROEXCA), Beschluss vom 27. Juli 2018, mit dem der Aufruf zur Gew\u00e4hrung \u00f6ffentlicher Zusch\u00fcsse f\u00fcr die Durchf\u00fchrung von Internationalisierungsprojekten f\u00fcr kanarische Unternehmen beschlossen wird - Zuschuss: 21.000 \u20ac.&nbsp;<a href=\"https:\/\/www.proexca.es\/Portals\/0\/Documentos18\/Documentos\/Convocatorias\/CanariasAporta\/CanariasAporta18\/Resolucion655-2018CanariasAporta2018.pdf\">Link zur Entschlie\u00dfung.<\/a><\/p>\n<\/div>\n<\/div>\n<\/div>\n<div class=\"div-block-25\">\n<div class=\"rich-text-block-4 w-richtext\"><\/div>\n<\/div>\n\n\t\t<\/div>\n\t<\/div>\n<\/div><\/div><\/div><\/div>\n<\/div>","protected":false},"excerpt":{"rendered":"Portal de Transparencia AYUDAS Y SUBVENCIONES &nbsp; Fecha de publicaci&oacute;n: 16\/07\/2021 Fecha de actualizaci&oacute;n: 26\/04\/2022 &nbsp; En esta secci&oacute;n encontrar&aacute;s toda la informaci&oacute;n en materia...","protected":false},"author":2,"featured_media":0,"parent":0,"menu_order":0,"comment_status":"closed","ping_status":"closed","template":"","meta":{"_joinchat":[],"footnotes":""},"class_list":["post-2725","page","type-page","status-publish","hentry"],"yoast_head":"<!-- This site is optimized with the Yoast SEO plugin v27.2 - https:\/\/yoast.com\/product\/yoast-seo-wordpress\/ -->\n<title>Ayudas y Subvenciones - Senda Ecoway<\/title>\n<meta name=\"robots\" content=\"noindex, nofollow\" \/>\n<meta property=\"og:locale\" content=\"de_DE\" \/>\n<meta property=\"og:type\" content=\"article\" \/>\n<meta property=\"og:title\" content=\"Ayudas y Subvenciones - Senda Ecoway\" \/>\n<meta property=\"og:url\" content=\"https:\/\/sendaecoway.com\/de\/zuschusse-und-subventionen\/\" \/>\n<meta property=\"og:site_name\" content=\"Senda Ecoway\" \/>\n<meta property=\"article:publisher\" content=\"https:\/\/www.facebook.com\/sendaecoway\/\" \/>\n<meta property=\"article:modified_time\" content=\"2024-10-09T13:48:22+00:00\" \/>\n<meta property=\"og:image\" content=\"https:\/\/sendaecoway.com\/wp-content\/uploads\/2024\/10\/619797bf655bee433c2dff8c_LOGOTIPO-OFICIAL-2-1024x413-1.png\" \/>\n\t<meta property=\"og:image:width\" content=\"1024\" \/>\n\t<meta property=\"og:image:height\" content=\"413\" \/>\n\t<meta property=\"og:image:type\" content=\"image\/png\" \/>\n<meta name=\"twitter:card\" content=\"summary_large_image\" \/>\n<meta name=\"twitter:label1\" content=\"Gesch\u00e4tzte Lesezeit\" \/>\n\t<meta name=\"twitter:data1\" content=\"2\u00a0Minuten\" \/>\n<script type=\"application\/ld+json\" class=\"yoast-schema-graph\">{\"@context\":\"https:\/\/schema.org\",\"@graph\":[{\"@type\":\"WebPage\",\"@id\":\"https:\/\/sendaecoway.com\/ayudas-y-subvenciones\/\",\"url\":\"https:\/\/sendaecoway.com\/ayudas-y-subvenciones\/\",\"name\":\"Ayudas y Subvenciones - Senda Ecoway\",\"isPartOf\":{\"@id\":\"https:\/\/sendaecoway.com\/#website\"},\"datePublished\":\"2024-10-01T18:51:13+00:00\",\"dateModified\":\"2024-10-09T13:48:22+00:00\",\"breadcrumb\":{\"@id\":\"https:\/\/sendaecoway.com\/ayudas-y-subvenciones\/#breadcrumb\"},\"inLanguage\":\"de\",\"potentialAction\":[{\"@type\":\"ReadAction\",\"target\":[\"https:\/\/sendaecoway.com\/ayudas-y-subvenciones\/\"]}]},{\"@type\":\"BreadcrumbList\",\"@id\":\"https:\/\/sendaecoway.com\/ayudas-y-subvenciones\/#breadcrumb\",\"itemListElement\":[{\"@type\":\"ListItem\",\"position\":1,\"name\":\"Portada\",\"item\":\"https:\/\/sendaecoway.com\/\"},{\"@type\":\"ListItem\",\"position\":2,\"name\":\"Ayudas y Subvenciones\"}]},{\"@type\":\"WebSite\",\"@id\":\"https:\/\/sendaecoway.com\/#website\",\"url\":\"https:\/\/sendaecoway.com\/\",\"name\":\"Senda Ecoway Experiencias Sostenibles\",\"description\":\"Ofrecemos experiencias personalizadas y sostenibles. Rutas guiadas por gu\u00edas locales y actividades en peque\u00f1os grupos.\",\"publisher\":{\"@id\":\"https:\/\/sendaecoway.com\/#organization\"},\"alternateName\":\"LAS MEJORES EXPERIENCIAS SOSTENIBLES DE ESPA\u00d1A\",\"potentialAction\":[{\"@type\":\"SearchAction\",\"target\":{\"@type\":\"EntryPoint\",\"urlTemplate\":\"https:\/\/sendaecoway.com\/?s={search_term_string}\"},\"query-input\":{\"@type\":\"PropertyValueSpecification\",\"valueRequired\":true,\"valueName\":\"search_term_string\"}}],\"inLanguage\":\"de\"},{\"@type\":\"Organization\",\"@id\":\"https:\/\/sendaecoway.com\/#organization\",\"name\":\"SENDA ECOWAY\",\"alternateName\":\"LAS MEJORES EXPERIENCIAS SOSTENIBLES DE ESPA\u00d1A\",\"url\":\"https:\/\/sendaecoway.com\/\",\"logo\":{\"@type\":\"ImageObject\",\"inLanguage\":\"de\",\"@id\":\"https:\/\/sendaecoway.com\/#\/schema\/logo\/image\/\",\"url\":\"https:\/\/sendaecoway.com\/wp-content\/uploads\/2024\/10\/619797bf655bee433c2dff8c_LOGOTIPO-OFICIAL-2-1024x413-1.png\",\"contentUrl\":\"https:\/\/sendaecoway.com\/wp-content\/uploads\/2024\/10\/619797bf655bee433c2dff8c_LOGOTIPO-OFICIAL-2-1024x413-1.png\",\"width\":1024,\"height\":413,\"caption\":\"SENDA ECOWAY\"},\"image\":{\"@id\":\"https:\/\/sendaecoway.com\/#\/schema\/logo\/image\/\"},\"sameAs\":[\"https:\/\/www.facebook.com\/sendaecoway\/\",\"https:\/\/www.instagram.com\/sendaecoway\/\"]}]}<\/script>\n<!-- \/ Yoast SEO plugin. -->","yoast_head_json":{"title":"Zusch\u00fcsse und Subventionen - Senda Ecoway","robots":{"index":"noindex","follow":"nofollow"},"og_locale":"de_DE","og_type":"article","og_title":"Ayudas y Subvenciones - Senda Ecoway","og_url":"https:\/\/sendaecoway.com\/de\/zuschusse-und-subventionen\/","og_site_name":"Senda Ecoway","article_publisher":"https:\/\/www.facebook.com\/sendaecoway\/","article_modified_time":"2024-10-09T13:48:22+00:00","og_image":[{"width":1024,"height":413,"url":"https:\/\/sendaecoway.com\/wp-content\/uploads\/2024\/10\/619797bf655bee433c2dff8c_LOGOTIPO-OFICIAL-2-1024x413-1.png","type":"image\/png"}],"twitter_card":"summary_large_image","twitter_misc":{"Gesch\u00e4tzte Lesezeit":"2\u00a0Minuten"},"schema":{"@context":"https:\/\/schema.org","@graph":[{"@type":"WebPage","@id":"https:\/\/sendaecoway.com\/ayudas-y-subvenciones\/","url":"https:\/\/sendaecoway.com\/ayudas-y-subvenciones\/","name":"Zusch\u00fcsse und Subventionen - Senda Ecoway","isPartOf":{"@id":"https:\/\/sendaecoway.com\/#website"},"datePublished":"2024-10-01T18:51:13+00:00","dateModified":"2024-10-09T13:48:22+00:00","breadcrumb":{"@id":"https:\/\/sendaecoway.com\/ayudas-y-subvenciones\/#breadcrumb"},"inLanguage":"de","potentialAction":[{"@type":"ReadAction","target":["https:\/\/sendaecoway.com\/ayudas-y-subvenciones\/"]}]},{"@type":"BreadcrumbList","@id":"https:\/\/sendaecoway.com\/ayudas-y-subvenciones\/#breadcrumb","itemListElement":[{"@type":"ListItem","position":1,"name":"Portada","item":"https:\/\/sendaecoway.com\/"},{"@type":"ListItem","position":2,"name":"Ayudas y Subvenciones"}]},{"@type":"WebSite","@id":"https:\/\/sendaecoway.com\/#website","url":"https:\/\/sendaecoway.com\/","name":"Senda Ecoway Nachhaltige Erlebnisse","description":"Wir bieten personalisierte und nachhaltige Erlebnisse. Von lokalen Guides gef\u00fchrte Routen und Aktivit\u00e4ten in kleinen Gruppen.","publisher":{"@id":"https:\/\/sendaecoway.com\/#organization"},"alternateName":"LAS MEJORES EXPERIENCIAS SOSTENIBLES DE ESPA\u00d1A","potentialAction":[{"@type":"SearchAction","target":{"@type":"EntryPoint","urlTemplate":"https:\/\/sendaecoway.com\/?s={search_term_string}"},"query-input":{"@type":"PropertyValueSpecification","valueRequired":true,"valueName":"search_term_string"}}],"inLanguage":"de"},{"@type":"Organization","@id":"https:\/\/sendaecoway.com\/#organization","name":"ECOWAY SENDA","alternateName":"LAS MEJORES EXPERIENCIAS SOSTENIBLES DE ESPA\u00d1A","url":"https:\/\/sendaecoway.com\/","logo":{"@type":"ImageObject","inLanguage":"de","@id":"https:\/\/sendaecoway.com\/#\/schema\/logo\/image\/","url":"https:\/\/sendaecoway.com\/wp-content\/uploads\/2024\/10\/619797bf655bee433c2dff8c_LOGOTIPO-OFICIAL-2-1024x413-1.png","contentUrl":"https:\/\/sendaecoway.com\/wp-content\/uploads\/2024\/10\/619797bf655bee433c2dff8c_LOGOTIPO-OFICIAL-2-1024x413-1.png","width":1024,"height":413,"caption":"SENDA ECOWAY"},"image":{"@id":"https:\/\/sendaecoway.com\/#\/schema\/logo\/image\/"},"sameAs":["https:\/\/www.facebook.com\/sendaecoway\/","https:\/\/www.instagram.com\/sendaecoway\/"]}]}},"_links":{"self":[{"href":"https:\/\/sendaecoway.com\/de\/wp-json\/wp\/v2\/pages\/2725","targetHints":{"allow":["GET"]}}],"collection":[{"href":"https:\/\/sendaecoway.com\/de\/wp-json\/wp\/v2\/pages"}],"about":[{"href":"https:\/\/sendaecoway.com\/de\/wp-json\/wp\/v2\/types\/page"}],"author":[{"embeddable":true,"href":"https:\/\/sendaecoway.com\/de\/wp-json\/wp\/v2\/users\/2"}],"replies":[{"embeddable":true,"href":"https:\/\/sendaecoway.com\/de\/wp-json\/wp\/v2\/comments?post=2725"}],"version-history":[{"count":2,"href":"https:\/\/sendaecoway.com\/de\/wp-json\/wp\/v2\/pages\/2725\/revisions"}],"predecessor-version":[{"id":2729,"href":"https:\/\/sendaecoway.com\/de\/wp-json\/wp\/v2\/pages\/2725\/revisions\/2729"}],"wp:attachment":[{"href":"https:\/\/sendaecoway.com\/de\/wp-json\/wp\/v2\/media?parent=2725"}],"curies":[{"name":"wp","href":"https:\/\/api.w.org\/{rel}","templated":true}]}}