{"id":2661,"date":"2024-10-01T18:45:26","date_gmt":"2024-10-01T18:45:26","guid":{"rendered":"https:\/\/sendaecoway.com\/?page_id=2661"},"modified":"2024-10-01T19:10:39","modified_gmt":"2024-10-01T19:10:39","slug":"transparenz-portal","status":"publish","type":"page","link":"https:\/\/sendaecoway.com\/de\/portal-de-transparencia\/","title":{"rendered":"Transparenz-Portal"},"content":{"rendered":"<div class=\"wpb-content-wrapper\"><div class=\"vc_row wpb_row vc_row-fluid vc_custom_1727808312178 et_custom_uniqid_new_66fc43324ffb6 mpc-row\"><div class=\"wpb_column vc_column_container vc_col-sm-12 et_custom_uniqid_69e1641e22d6a mpc-column\" data-column-id=\"mpc_column-3569e16420b51d7\"><div class=\"vc_column-inner\"><div class=\"wpb_wrapper\"><div class=\"vc_row wpb_row vc_inner vc_row-fluid et_custom_uniqid_69e1641e22cd6 mpc-row\"><div class=\"wpb_column vc_column_container vc_col-sm-12 et_custom_uniqid_69e1641e22d77 mpc-column\" data-column-id=\"mpc_column-1569e16420b1220\"><div class=\"vc_column-inner\"><div class=\"wpb_wrapper\">\n\t<div class=\"wpb_text_column wpb_content_element\">\n\t\t<div class=\"wpb_wrapper\">\n\t\t\t<div class=\"bloque-titulo-transparencia\">\n<h1 class=\"heading-16\" style=\"text-align: center;\">Transparenz-Portal<\/h1>\n<p class=\"paragraph-12\" style=\"text-align: center;\">Senda Ecoway hat sich verpflichtet, ein Unternehmen mit sozialer Verantwortung zu sein. Deshalb verhalten wir uns transparent im Umgang mit Nutzern, Unternehmen und der Gesellschaft im Allgemeinen.<\/p>\n<\/div>\n\n\t\t<\/div>\n\t<\/div>\n<\/div><\/div><\/div><\/div><div class=\"vc_row wpb_row vc_inner vc_row-fluid vc_custom_1727808174617 vc_column-gap-5 et_custom_uniqid_new_66fc42a86c3da mpc-row\"><a target=\"\" title=\"\" href=\"https:\/\/sendaecoway.com\/de\/geltende-rechtsvorschriften\/\" class=\"wpb_column vc_column_container vc_col-sm-1\/5 et_custom_uniqid_new_66fc47c075318 mpc-column\" data-column-id=\"mpc_column-669e16420b1a13\"><div class=\"vc_column-inner\"><div class=\"wpb_wrapper\">\n\t<div class=\"wpb_single_image wpb_content_element vc_align_center wpb_content_element\">\n\t\t\n\t\t<figure class=\"wpb_wrapper vc_figure\">\n\t\t\t<div class=\"vc_single_image-wrapper   vc_box_border_grey\"><img decoding=\"async\" width=\"150\" height=\"150\" src=\"https:\/\/sendaecoway.com\/wp-content\/uploads\/2024\/10\/Frame-36001-1.png\" class=\"vc_single_image-img attachment-full\" alt=\"Ikonen-Verordnungen\" title=\"Ikonen-Verordnungen\" srcset=\"https:\/\/sendaecoway.com\/wp-content\/uploads\/2024\/10\/Frame-36001-1.png 150w, https:\/\/sendaecoway.com\/wp-content\/uploads\/2024\/10\/Frame-36001-1-100x100.png 100w, https:\/\/sendaecoway.com\/wp-content\/uploads\/2024\/10\/Frame-36001-1-10x10.png 10w\" sizes=\"(max-width: 150px) 100vw, 150px\"><\/div>\n\t\t<\/figure>\n\t<\/div>\n<h3 style=\"color: #539897;text-align: center\" class=\"vc_custom_heading vc_do_custom_heading\">VERORDNUNG<\/h3><\/div><\/div><\/a><a target=\"\" title=\"\" href=\"https:\/\/sendaecoway.com\/de\/zuschusse-und-subventionen\/\" class=\"wpb_column vc_column_container vc_col-sm-1\/5 et_custom_uniqid_new_66fc486fe4e0b mpc-column\" data-column-id=\"mpc_column-6869e16420b1eb8\"><div class=\"vc_column-inner\"><div class=\"wpb_wrapper\">\n\t<div class=\"wpb_single_image wpb_content_element vc_align_center wpb_content_element\">\n\t\t\n\t\t<figure class=\"wpb_wrapper vc_figure\">\n\t\t\t<div class=\"vc_single_image-wrapper   vc_box_border_grey\"><img decoding=\"async\" width=\"150\" height=\"150\" src=\"https:\/\/sendaecoway.com\/wp-content\/uploads\/2024\/10\/Frame-36001-4.png\" class=\"vc_single_image-img attachment-full\" alt=\"icon-beihilfen-und-subventionen\" title=\"icon-beihilfen-und-subventionen\" srcset=\"https:\/\/sendaecoway.com\/wp-content\/uploads\/2024\/10\/Frame-36001-4.png 150w, https:\/\/sendaecoway.com\/wp-content\/uploads\/2024\/10\/Frame-36001-4-100x100.png 100w, https:\/\/sendaecoway.com\/wp-content\/uploads\/2024\/10\/Frame-36001-4-10x10.png 10w\" sizes=\"(max-width: 150px) 100vw, 150px\"><\/div>\n\t\t<\/figure>\n\t<\/div>\n<h3 style=\"color: #539897;text-align: center\" class=\"vc_custom_heading vc_do_custom_heading\">ZUSCH\u00dcSSE UND SUBVENTIONEN<\/h3><\/div><\/div><\/a><a target=\"\" title=\"\" href=\"https:\/\/sendaecoway.com\/de\/organisatorisch\/\" class=\"wpb_column vc_column_container vc_col-sm-1\/5 et_custom_uniqid_new_66fc487f5a90d mpc-column\" data-column-id=\"mpc_column-4569e16420b2366\"><div class=\"vc_column-inner\"><div class=\"wpb_wrapper\">\n\t<div class=\"wpb_single_image wpb_content_element vc_align_center wpb_content_element\">\n\t\t\n\t\t<figure class=\"wpb_wrapper vc_figure\">\n\t\t\t<div class=\"vc_single_image-wrapper   vc_box_border_grey\"><img decoding=\"async\" width=\"150\" height=\"150\" src=\"https:\/\/sendaecoway.com\/wp-content\/uploads\/2024\/10\/Frame-36001-3.png\" class=\"vc_single_image-img attachment-full\" alt=\"Ikonen-Organisation\" title=\"Ikonen-Organisation\" srcset=\"https:\/\/sendaecoway.com\/wp-content\/uploads\/2024\/10\/Frame-36001-3.png 150w, https:\/\/sendaecoway.com\/wp-content\/uploads\/2024\/10\/Frame-36001-3-100x100.png 100w, https:\/\/sendaecoway.com\/wp-content\/uploads\/2024\/10\/Frame-36001-3-10x10.png 10w\" sizes=\"(max-width: 150px) 100vw, 150px\"><\/div>\n\t\t<\/figure>\n\t<\/div>\n<h3 style=\"color: #539897;text-align: center\" class=\"vc_custom_heading vc_do_custom_heading\">ORGANISATORISCH<\/h3><\/div><\/div><\/a><a target=\"\" title=\"\" href=\"https:\/\/sendaecoway.com\/de\/transparenzbeauftragter\/\" class=\"wpb_column vc_column_container vc_col-sm-1\/5 et_custom_uniqid_new_66fc488d65bcb mpc-column\" data-column-id=\"mpc_column-969e16420b2848\"><div class=\"vc_column-inner\"><div class=\"wpb_wrapper\">\n\t<div class=\"wpb_single_image wpb_content_element vc_align_center wpb_content_element\">\n\t\t\n\t\t<figure class=\"wpb_wrapper vc_figure\">\n\t\t\t<div class=\"vc_single_image-wrapper   vc_box_border_grey\"><img loading=\"lazy\" decoding=\"async\" width=\"150\" height=\"150\" src=\"https:\/\/sendaecoway.com\/wp-content\/uploads\/2024\/10\/Frame-36001-6.png\" class=\"vc_single_image-img attachment-full\" alt=\"Icon-Transparenz-Beauftragter\" title=\"Icon-Transparenz-Beauftragter\" srcset=\"https:\/\/sendaecoway.com\/wp-content\/uploads\/2024\/10\/Frame-36001-6.png 150w, https:\/\/sendaecoway.com\/wp-content\/uploads\/2024\/10\/Frame-36001-6-100x100.png 100w, https:\/\/sendaecoway.com\/wp-content\/uploads\/2024\/10\/Frame-36001-6-10x10.png 10w\" sizes=\"(max-width: 150px) 100vw, 150px\"><\/div>\n\t\t<\/figure>\n\t<\/div>\n<h3 style=\"color: #539897;text-align: center\" class=\"vc_custom_heading vc_do_custom_heading\">TRANSPARENZBEAUFTRAGTER<\/h3><\/div><\/div><\/a><a target=\"\" title=\"\" href=\"https:\/\/sendaecoway.com\/de\/institutionelle\/\" class=\"wpb_column vc_column_container vc_col-sm-1\/5 et_custom_uniqid_new_66fc489a3d984 mpc-column\" data-column-id=\"mpc_column-9569e16420b2c3c\"><div class=\"vc_column-inner\"><div class=\"wpb_wrapper\">\n\t<div class=\"wpb_single_image wpb_content_element vc_align_center wpb_content_element\">\n\t\t\n\t\t<figure class=\"wpb_wrapper vc_figure\">\n\t\t\t<div class=\"vc_single_image-wrapper   vc_box_border_grey\"><img loading=\"lazy\" decoding=\"async\" width=\"150\" height=\"150\" src=\"https:\/\/sendaecoway.com\/wp-content\/uploads\/2024\/10\/Frame-36001-7.png\" class=\"vc_single_image-img attachment-full\" alt=\"Ikone-Institution\" title=\"Ikone-Institution\" srcset=\"https:\/\/sendaecoway.com\/wp-content\/uploads\/2024\/10\/Frame-36001-7.png 150w, https:\/\/sendaecoway.com\/wp-content\/uploads\/2024\/10\/Frame-36001-7-100x100.png 100w, https:\/\/sendaecoway.com\/wp-content\/uploads\/2024\/10\/Frame-36001-7-10x10.png 10w\" sizes=\"(max-width: 150px) 100vw, 150px\"><\/div>\n\t\t<\/figure>\n\t<\/div>\n<h3 style=\"color: #539897;text-align: center\" class=\"vc_custom_heading vc_do_custom_heading\">INSTITUTIONELL<\/h3><\/div><\/div><\/a><\/div><div class=\"vc_row wpb_row vc_inner vc_row-fluid vc_column-gap-5 et_custom_uniqid_new_66fc3a8657bfa mpc-row\"><a target=\"\" title=\"\" href=\"https:\/\/sendaecoway.com\/de\/vereinbarungen\/\" class=\"wpb_column vc_column_container vc_col-sm-1\/5 et_custom_uniqid_new_66fc48add0bae mpc-column\" data-column-id=\"mpc_column-9769e16420b34a4\"><div class=\"vc_column-inner\"><div class=\"wpb_wrapper\">\n\t<div class=\"wpb_single_image wpb_content_element vc_align_center wpb_content_element\">\n\t\t\n\t\t<figure class=\"wpb_wrapper vc_figure\">\n\t\t\t<div class=\"vc_single_image-wrapper   vc_box_border_grey\"><img loading=\"lazy\" decoding=\"async\" width=\"150\" height=\"150\" src=\"https:\/\/sendaecoway.com\/wp-content\/uploads\/2024\/10\/Frame-36001-8.png\" class=\"vc_single_image-img attachment-full\" alt=\"Ikonen-Kongresse\" title=\"Ikonen-Kongresse\" srcset=\"https:\/\/sendaecoway.com\/wp-content\/uploads\/2024\/10\/Frame-36001-8.png 150w, https:\/\/sendaecoway.com\/wp-content\/uploads\/2024\/10\/Frame-36001-8-100x100.png 100w, https:\/\/sendaecoway.com\/wp-content\/uploads\/2024\/10\/Frame-36001-8-10x10.png 10w\" sizes=\"(max-width: 150px) 100vw, 150px\"><\/div>\n\t\t<\/figure>\n\t<\/div>\n<h3 style=\"color: #539897;text-align: center\" class=\"vc_custom_heading vc_do_custom_heading\">KONVENTIONEN<\/h3><\/div><\/div><\/a><a target=\"\" title=\"\" href=\"https:\/\/sendaecoway.com\/de\/vertrage\/\" class=\"wpb_column vc_column_container vc_col-sm-1\/5 et_custom_uniqid_new_66fc48ba740c3 mpc-column\" data-column-id=\"mpc_column-6469e16420b39e1\"><div class=\"vc_column-inner\"><div class=\"wpb_wrapper\">\n\t<div class=\"wpb_single_image wpb_content_element vc_align_center wpb_content_element\">\n\t\t\n\t\t<figure class=\"wpb_wrapper vc_figure\">\n\t\t\t<div class=\"vc_single_image-wrapper   vc_box_border_grey\"><img loading=\"lazy\" decoding=\"async\" width=\"150\" height=\"150\" src=\"https:\/\/sendaecoway.com\/wp-content\/uploads\/2024\/10\/Frame-36001-9.png\" class=\"vc_single_image-img attachment-full\" alt=\"Icon-Vertr\u00e4ge\" title=\"Icon-Vertr\u00e4ge\" srcset=\"https:\/\/sendaecoway.com\/wp-content\/uploads\/2024\/10\/Frame-36001-9.png 150w, https:\/\/sendaecoway.com\/wp-content\/uploads\/2024\/10\/Frame-36001-9-100x100.png 100w, https:\/\/sendaecoway.com\/wp-content\/uploads\/2024\/10\/Frame-36001-9-10x10.png 10w\" sizes=\"(max-width: 150px) 100vw, 150px\"><\/div>\n\t\t<\/figure>\n\t<\/div>\n<h3 style=\"color: #539897;text-align: center\" class=\"vc_custom_heading vc_do_custom_heading\">VERTR\u00c4GE<\/h3><\/div><\/div><\/a><a target=\"\" title=\"\" href=\"https:\/\/sendaecoway.com\/de\/zugang-zu-informationen\/\" class=\"wpb_column vc_column_container vc_col-sm-1\/5 et_custom_uniqid_new_66fc48c39c452 mpc-column\" data-column-id=\"mpc_column-969e16420b3e1a\"><div class=\"vc_column-inner\"><div class=\"wpb_wrapper\">\n\t<div class=\"wpb_single_image wpb_content_element vc_align_center wpb_content_element\">\n\t\t\n\t\t<figure class=\"wpb_wrapper vc_figure\">\n\t\t\t<div class=\"vc_single_image-wrapper   vc_box_border_grey\"><img loading=\"lazy\" decoding=\"async\" width=\"150\" height=\"150\" src=\"https:\/\/sendaecoway.com\/wp-content\/uploads\/2024\/10\/Frame-36001-10.png\" class=\"vc_single_image-img attachment-full\" alt=\"icon-access-to-information\" title=\"icon-access-to-information\" srcset=\"https:\/\/sendaecoway.com\/wp-content\/uploads\/2024\/10\/Frame-36001-10.png 150w, https:\/\/sendaecoway.com\/wp-content\/uploads\/2024\/10\/Frame-36001-10-100x100.png 100w, https:\/\/sendaecoway.com\/wp-content\/uploads\/2024\/10\/Frame-36001-10-10x10.png 10w\" sizes=\"(max-width: 150px) 100vw, 150px\"><\/div>\n\t\t<\/figure>\n\t<\/div>\n<h3 style=\"color: #539897;text-align: center\" class=\"vc_custom_heading vc_do_custom_heading\">ZUGANG ZU INFORMATIONEN<\/h3><\/div><\/div><\/a><a target=\"\" title=\"\" href=\"https:\/\/sendaecoway.com\/de\/wirtschaft-und-finanzen\/\" class=\"wpb_column vc_column_container vc_col-sm-1\/5 et_custom_uniqid_new_66fc48d0349c7 mpc-column\" data-column-id=\"mpc_column-7769e16420b424a\"><div class=\"vc_column-inner\"><div class=\"wpb_wrapper\">\n\t<div class=\"wpb_single_image wpb_content_element vc_align_center wpb_content_element\">\n\t\t\n\t\t<figure class=\"wpb_wrapper vc_figure\">\n\t\t\t<div class=\"vc_single_image-wrapper   vc_box_border_grey\"><img loading=\"lazy\" decoding=\"async\" width=\"150\" height=\"150\" src=\"https:\/\/sendaecoway.com\/wp-content\/uploads\/2024\/10\/Frame-36001-11.png\" class=\"vc_single_image-img attachment-full\" alt=\"ikono-economico-financiero\" title=\"ikono-economico-financiero\" srcset=\"https:\/\/sendaecoway.com\/wp-content\/uploads\/2024\/10\/Frame-36001-11.png 150w, https:\/\/sendaecoway.com\/wp-content\/uploads\/2024\/10\/Frame-36001-11-100x100.png 100w, https:\/\/sendaecoway.com\/wp-content\/uploads\/2024\/10\/Frame-36001-11-10x10.png 10w\" sizes=\"(max-width: 150px) 100vw, 150px\"><\/div>\n\t\t<\/figure>\n\t<\/div>\n<h3 style=\"color: #539897;text-align: center\" class=\"vc_custom_heading vc_do_custom_heading\">WIRTSCHAFTLICH-FINANZIELL<\/h3><\/div><\/div><\/a><a target=\"\" title=\"\" href=\"https:\/\/sendaecoway.com\/de\/bewertung-des-grades-der-transparenz\/\" class=\"wpb_column vc_column_container vc_col-sm-1\/5 et_custom_uniqid_new_66fc48dd41c6e mpc-column\" data-column-id=\"mpc_column-6169e16420b46c3\"><div class=\"vc_column-inner\"><div class=\"wpb_wrapper\">\n\t<div class=\"wpb_single_image wpb_content_element vc_align_center wpb_content_element\">\n\t\t\n\t\t<figure class=\"wpb_wrapper vc_figure\">\n\t\t\t<div class=\"vc_single_image-wrapper   vc_box_border_grey\"><img loading=\"lazy\" decoding=\"async\" width=\"150\" height=\"150\" src=\"https:\/\/sendaecoway.com\/wp-content\/uploads\/2024\/10\/Frame-36001-12.png\" class=\"vc_single_image-img attachment-full\" alt=\"icon-bewertungsstufe-transparenz\" title=\"icon-bewertungsstufe-transparenz\" srcset=\"https:\/\/sendaecoway.com\/wp-content\/uploads\/2024\/10\/Frame-36001-12.png 150w, https:\/\/sendaecoway.com\/wp-content\/uploads\/2024\/10\/Frame-36001-12-100x100.png 100w, https:\/\/sendaecoway.com\/wp-content\/uploads\/2024\/10\/Frame-36001-12-10x10.png 10w\" sizes=\"(max-width: 150px) 100vw, 150px\"><\/div>\n\t\t<\/figure>\n\t<\/div>\n<h3 style=\"color: #539897;text-align: center\" class=\"vc_custom_heading vc_do_custom_heading\">BEWERTUNG DES GRADES DER TRANSPARENZ<\/h3><\/div><\/div><\/a><\/div><div class=\"vc_row wpb_row vc_inner vc_row-fluid vc_custom_1727808284073 et_custom_uniqid_new_66fc4317c7bec mpc-row\"><div class=\"wpb_column vc_column_container vc_col-sm-12 et_custom_uniqid_69e1641e22d77 mpc-column\" data-column-id=\"mpc_column-3869e16420b4dde\"><div class=\"vc_column-inner\"><div class=\"wpb_wrapper\">\n\t<div class=\"wpb_text_column wpb_content_element\">\n\t\t<div class=\"wpb_wrapper\">\n\t\t\t<div class=\"bloque-titulo-transparencia\">\n<div class=\"section-3\">\n<div class=\"w-container\">\n<div class=\"div-block-25\">\n<div class=\"rich-text-block-4 w-richtext\">\n<p>Dies geschieht in eigener Verantwortung und in \u00dcbereinstimmung mit dem Staatsgesetz 19\/2003 vom 9. Dezember \u00fcber Transparenz, Zugang zu \u00f6ffentlichen Informationen und gute Regierungsf\u00fchrung sowie dem kanarischen Gesetz 12\/2014 vom 26. Dezember \u00fcber Transparenz und Zugang zu \u00f6ffentlichen Informationen.<\/p>\n<p>Als private Einrichtung sind wir verpflichtet, transparente Informationen zu liefern, wenn wir Beihilfen oder Subventionen von mehr als 60.000 Euro pro Jahr aus dem Haushalt der Autonomen Gemeinschaft der Kanarischen Inseln erhalten.<\/p>\n<p>Beide Leitlinien dienen demselben Zweck: der Information der \u00d6ffentlichkeit \u00fcber unsere Aktivit\u00e4ten, die von der Kanarischen Gemeinschaft und dem Staatshaushalt bezuschusst werden, sowie der Information der Gesellschaft im Allgemeinen \u00fcber unsere T\u00e4tigkeit.<\/p>\n<p>In den einzelnen Rubriken dieses Transparenzportals finden Sie die gesetzlichen Bestimmungen, die wir einhalten m\u00fcssen, den institutionellen Teil mit der Geschichte von Senda Ecoway, den organisatorischen Teil mit unserem Organigramm, den finanziellen Teil, in dem Sie die im Handelsregister ver\u00f6ffentlichten Wirtschaftsdaten unserer Unternehmen einsehen k\u00f6nnen, die mit \u00f6ffentlichen Verwaltungen geschlossenen Vertr\u00e4ge, unabh\u00e4ngig davon, ob sie aus dem Staatshaushalt oder dem Haushalt der Kanarischen Inseln stammen, unsere Kooperationsvereinbarungen und die in den letzten Jahren erhaltenen \u00f6ffentlichen Beihilfen und Subventionen. Es gibt auch eine Kontaktstelle f\u00fcr weitere Informationen, die Sie ben\u00f6tigen.<\/p>\n<p>Senda Ecoway, verantwortlich mit der Gesellschaft.<\/p>\n<\/div>\n<\/div>\n<\/div>\n<\/div>\n<\/div>\n\n\t\t<\/div>\n\t<\/div>\n<\/div><\/div><\/div><\/div><\/div><\/div><\/div><\/div>\n<\/div>","protected":false},"excerpt":{"rendered":"Portal de Transparencia Senda Ecoway tiene el compromiso de ser una empresa con Responsabilidad Social Corporativa, por lo que nos relacionamos con transparencia en nuestra...","protected":false},"author":2,"featured_media":0,"parent":0,"menu_order":0,"comment_status":"closed","ping_status":"closed","template":"","meta":{"_joinchat":[],"footnotes":""},"class_list":["post-2661","page","type-page","status-publish","hentry"],"yoast_head":"<!-- This site is optimized with the Yoast SEO plugin v27.2 - https:\/\/yoast.com\/product\/yoast-seo-wordpress\/ -->\n<title>Portal de Transparencia - Senda Ecoway<\/title>\n<meta name=\"robots\" content=\"index, follow, max-snippet:-1, max-image-preview:large, max-video-preview:-1\" \/>\n<link rel=\"canonical\" href=\"https:\/\/sendaecoway.com\/de\/transparenz-portal\/\" \/>\n<meta property=\"og:locale\" content=\"de_DE\" \/>\n<meta property=\"og:type\" content=\"article\" \/>\n<meta property=\"og:title\" content=\"Portal de Transparencia - Senda Ecoway\" \/>\n<meta property=\"og:url\" content=\"https:\/\/sendaecoway.com\/de\/transparenz-portal\/\" \/>\n<meta property=\"og:site_name\" content=\"Senda Ecoway\" \/>\n<meta property=\"article:publisher\" content=\"https:\/\/www.facebook.com\/sendaecoway\/\" \/>\n<meta property=\"article:modified_time\" content=\"2024-10-01T19:10:39+00:00\" \/>\n<meta property=\"og:image\" content=\"https:\/\/sendaecoway.com\/wp-content\/uploads\/2024\/10\/619797bf655bee433c2dff8c_LOGOTIPO-OFICIAL-2-1024x413-1.png\" \/>\n\t<meta property=\"og:image:width\" content=\"1024\" \/>\n\t<meta property=\"og:image:height\" content=\"413\" \/>\n\t<meta property=\"og:image:type\" content=\"image\/png\" \/>\n<meta name=\"twitter:card\" content=\"summary_large_image\" \/>\n<meta name=\"twitter:label1\" content=\"Gesch\u00e4tzte Lesezeit\" \/>\n\t<meta name=\"twitter:data1\" content=\"5\u00a0Minuten\" \/>\n<script type=\"application\/ld+json\" class=\"yoast-schema-graph\">{\"@context\":\"https:\/\/schema.org\",\"@graph\":[{\"@type\":\"WebPage\",\"@id\":\"https:\/\/sendaecoway.com\/portal-de-transparencia\/\",\"url\":\"https:\/\/sendaecoway.com\/portal-de-transparencia\/\",\"name\":\"Portal de Transparencia - Senda Ecoway\",\"isPartOf\":{\"@id\":\"https:\/\/sendaecoway.com\/#website\"},\"datePublished\":\"2024-10-01T18:45:26+00:00\",\"dateModified\":\"2024-10-01T19:10:39+00:00\",\"breadcrumb\":{\"@id\":\"https:\/\/sendaecoway.com\/portal-de-transparencia\/#breadcrumb\"},\"inLanguage\":\"de\",\"potentialAction\":[{\"@type\":\"ReadAction\",\"target\":[\"https:\/\/sendaecoway.com\/portal-de-transparencia\/\"]}]},{\"@type\":\"BreadcrumbList\",\"@id\":\"https:\/\/sendaecoway.com\/portal-de-transparencia\/#breadcrumb\",\"itemListElement\":[{\"@type\":\"ListItem\",\"position\":1,\"name\":\"Portada\",\"item\":\"https:\/\/sendaecoway.com\/\"},{\"@type\":\"ListItem\",\"position\":2,\"name\":\"Portal de Transparencia\"}]},{\"@type\":\"WebSite\",\"@id\":\"https:\/\/sendaecoway.com\/#website\",\"url\":\"https:\/\/sendaecoway.com\/\",\"name\":\"Senda Ecoway Experiencias Sostenibles\",\"description\":\"Ofrecemos experiencias personalizadas y sostenibles. Rutas guiadas por gu\u00edas locales y actividades en peque\u00f1os grupos.\",\"publisher\":{\"@id\":\"https:\/\/sendaecoway.com\/#organization\"},\"alternateName\":\"LAS MEJORES EXPERIENCIAS SOSTENIBLES DE ESPA\u00d1A\",\"potentialAction\":[{\"@type\":\"SearchAction\",\"target\":{\"@type\":\"EntryPoint\",\"urlTemplate\":\"https:\/\/sendaecoway.com\/?s={search_term_string}\"},\"query-input\":{\"@type\":\"PropertyValueSpecification\",\"valueRequired\":true,\"valueName\":\"search_term_string\"}}],\"inLanguage\":\"de\"},{\"@type\":\"Organization\",\"@id\":\"https:\/\/sendaecoway.com\/#organization\",\"name\":\"SENDA ECOWAY\",\"alternateName\":\"LAS MEJORES EXPERIENCIAS SOSTENIBLES DE ESPA\u00d1A\",\"url\":\"https:\/\/sendaecoway.com\/\",\"logo\":{\"@type\":\"ImageObject\",\"inLanguage\":\"de\",\"@id\":\"https:\/\/sendaecoway.com\/#\/schema\/logo\/image\/\",\"url\":\"https:\/\/sendaecoway.com\/wp-content\/uploads\/2024\/10\/619797bf655bee433c2dff8c_LOGOTIPO-OFICIAL-2-1024x413-1.png\",\"contentUrl\":\"https:\/\/sendaecoway.com\/wp-content\/uploads\/2024\/10\/619797bf655bee433c2dff8c_LOGOTIPO-OFICIAL-2-1024x413-1.png\",\"width\":1024,\"height\":413,\"caption\":\"SENDA ECOWAY\"},\"image\":{\"@id\":\"https:\/\/sendaecoway.com\/#\/schema\/logo\/image\/\"},\"sameAs\":[\"https:\/\/www.facebook.com\/sendaecoway\/\",\"https:\/\/www.instagram.com\/sendaecoway\/\"]}]}<\/script>\n<!-- \/ Yoast SEO plugin. -->","yoast_head_json":{"title":"Transparenz-Portal - Senda Ecoway","robots":{"index":"index","follow":"follow","max-snippet":"max-snippet:-1","max-image-preview":"max-image-preview:large","max-video-preview":"max-video-preview:-1"},"canonical":"https:\/\/sendaecoway.com\/de\/transparenz-portal\/","og_locale":"de_DE","og_type":"article","og_title":"Portal de Transparencia - Senda Ecoway","og_url":"https:\/\/sendaecoway.com\/de\/transparenz-portal\/","og_site_name":"Senda Ecoway","article_publisher":"https:\/\/www.facebook.com\/sendaecoway\/","article_modified_time":"2024-10-01T19:10:39+00:00","og_image":[{"width":1024,"height":413,"url":"https:\/\/sendaecoway.com\/wp-content\/uploads\/2024\/10\/619797bf655bee433c2dff8c_LOGOTIPO-OFICIAL-2-1024x413-1.png","type":"image\/png"}],"twitter_card":"summary_large_image","twitter_misc":{"Gesch\u00e4tzte Lesezeit":"5\u00a0Minuten"},"schema":{"@context":"https:\/\/schema.org","@graph":[{"@type":"WebPage","@id":"https:\/\/sendaecoway.com\/portal-de-transparencia\/","url":"https:\/\/sendaecoway.com\/portal-de-transparencia\/","name":"Transparenz-Portal - Senda Ecoway","isPartOf":{"@id":"https:\/\/sendaecoway.com\/#website"},"datePublished":"2024-10-01T18:45:26+00:00","dateModified":"2024-10-01T19:10:39+00:00","breadcrumb":{"@id":"https:\/\/sendaecoway.com\/portal-de-transparencia\/#breadcrumb"},"inLanguage":"de","potentialAction":[{"@type":"ReadAction","target":["https:\/\/sendaecoway.com\/portal-de-transparencia\/"]}]},{"@type":"BreadcrumbList","@id":"https:\/\/sendaecoway.com\/portal-de-transparencia\/#breadcrumb","itemListElement":[{"@type":"ListItem","position":1,"name":"Portada","item":"https:\/\/sendaecoway.com\/"},{"@type":"ListItem","position":2,"name":"Portal de Transparencia"}]},{"@type":"WebSite","@id":"https:\/\/sendaecoway.com\/#website","url":"https:\/\/sendaecoway.com\/","name":"Senda Ecoway Nachhaltige Erlebnisse","description":"Wir bieten personalisierte und nachhaltige Erlebnisse. Von lokalen Guides gef\u00fchrte Routen und Aktivit\u00e4ten in kleinen Gruppen.","publisher":{"@id":"https:\/\/sendaecoway.com\/#organization"},"alternateName":"LAS MEJORES EXPERIENCIAS SOSTENIBLES DE ESPA\u00d1A","potentialAction":[{"@type":"SearchAction","target":{"@type":"EntryPoint","urlTemplate":"https:\/\/sendaecoway.com\/?s={search_term_string}"},"query-input":{"@type":"PropertyValueSpecification","valueRequired":true,"valueName":"search_term_string"}}],"inLanguage":"de"},{"@type":"Organization","@id":"https:\/\/sendaecoway.com\/#organization","name":"ECOWAY SENDA","alternateName":"LAS MEJORES EXPERIENCIAS SOSTENIBLES DE ESPA\u00d1A","url":"https:\/\/sendaecoway.com\/","logo":{"@type":"ImageObject","inLanguage":"de","@id":"https:\/\/sendaecoway.com\/#\/schema\/logo\/image\/","url":"https:\/\/sendaecoway.com\/wp-content\/uploads\/2024\/10\/619797bf655bee433c2dff8c_LOGOTIPO-OFICIAL-2-1024x413-1.png","contentUrl":"https:\/\/sendaecoway.com\/wp-content\/uploads\/2024\/10\/619797bf655bee433c2dff8c_LOGOTIPO-OFICIAL-2-1024x413-1.png","width":1024,"height":413,"caption":"SENDA ECOWAY"},"image":{"@id":"https:\/\/sendaecoway.com\/#\/schema\/logo\/image\/"},"sameAs":["https:\/\/www.facebook.com\/sendaecoway\/","https:\/\/www.instagram.com\/sendaecoway\/"]}]}},"_links":{"self":[{"href":"https:\/\/sendaecoway.com\/de\/wp-json\/wp\/v2\/pages\/2661","targetHints":{"allow":["GET"]}}],"collection":[{"href":"https:\/\/sendaecoway.com\/de\/wp-json\/wp\/v2\/pages"}],"about":[{"href":"https:\/\/sendaecoway.com\/de\/wp-json\/wp\/v2\/types\/page"}],"author":[{"embeddable":true,"href":"https:\/\/sendaecoway.com\/de\/wp-json\/wp\/v2\/users\/2"}],"replies":[{"embeddable":true,"href":"https:\/\/sendaecoway.com\/de\/wp-json\/wp\/v2\/comments?post=2661"}],"version-history":[{"count":27,"href":"https:\/\/sendaecoway.com\/de\/wp-json\/wp\/v2\/pages\/2661\/revisions"}],"predecessor-version":[{"id":2759,"href":"https:\/\/sendaecoway.com\/de\/wp-json\/wp\/v2\/pages\/2661\/revisions\/2759"}],"wp:attachment":[{"href":"https:\/\/sendaecoway.com\/de\/wp-json\/wp\/v2\/media?parent=2661"}],"curies":[{"name":"wp","href":"https:\/\/api.w.org\/{rel}","templated":true}]}}