{"id":2658,"date":"2024-10-01T18:02:15","date_gmt":"2024-10-01T18:02:15","guid":{"rendered":"https:\/\/sendaecoway.com\/?page_id=2658"},"modified":"2024-10-09T13:41:19","modified_gmt":"2024-10-09T13:41:19","slug":"rechtshinweis","status":"publish","type":"page","link":"https:\/\/sendaecoway.com\/de\/aviso-legal\/","title":{"rendered":"Rechtlicher Hinweis"},"content":{"rendered":"<div class=\"wpb-content-wrapper\"><div class=\"vc_row wpb_row vc_row-fluid vc_custom_1727805811801 et_custom_uniqid_new_66fc396f20da8 mpc-row\"><div class=\"wpb_column vc_column_container vc_col-sm-12 et_custom_uniqid_69e0626718a04 mpc-column\" data-column-id=\"mpc_column-8469e0626952b7f\"><div class=\"vc_column-inner\"><div class=\"wpb_wrapper\">\n\t<div class=\"wpb_text_column wpb_content_element\">\n\t\t<div class=\"wpb_wrapper\">\n\t\t\t<h1 class=\"heading-38\">Rechtliche Hinweise und Datenschutzbestimmungen<\/h1>\n<div class=\"rich-text-block-3 w-richtext\">\n<p>Gem\u00e4\u00df Artikel 10 des Gesetzes 34\/2002 vom 11. Juli \u00fcber die Dienste der Informationsgesellschaft und den elektronischen Handel informiert Sie SENDA ECOWAY, S.L., Eigent\u00fcmerin dieser Website und Anbieterin der \u00fcber sie angebotenen Dienste, \u00fcber die folgenden Informationen:<\/p>\n<h2>Registrierung und Steuerdaten<\/h2>\n<p>SENDA ECOWAY, S.L. hat die Steueridentifikationsnummer B76724251.<\/p>\n<p>Es ist unter dem Wirtschaftszweig 2132 eingetragen, der der Erbringung von Telekommunikationsdienstleistungen entspricht.<\/p>\n<p>Er arbeitet als Fremdenverkehrsvermittler mit der folgenden Kennung.<\/p>\n<figure class=\"w-richtext-align-center w-richtext-figure-type-image\">\n<div><img decoding=\"async\" src=\"https:\/\/cdn.prod.website-files.com\/61123f605154af93144b1577\/612e3b1f6861002bd8c0a3eb_PLACA-DISTINTIVO-INTERMEDIADOR-TUR%C3%8DSTICO-150x150-1.jpg\" alt=\"\"><\/div>\n<\/figure>\n<p>Die Nummer des Reiseb\u00fcros lautet I-AV-0004794.1<\/p>\n<h2>Befreiung von der Haftung<\/h2>\n<p>SENDA ECOWAY, S.L., im Folgenden DER EIGENT\u00dcMER genannt, kann den Inhalt dieser Website, einschlie\u00dflich ihrer Struktur und ihres Designs, ohne Vorank\u00fcndigung \u00e4ndern und kann nicht garantieren, dass es keine Unterbrechungen des Zugriffs auf die Website aufgrund von technischen Problemen gibt, die au\u00dferhalb ihrer Kontrolle oder ihrer eigenen liegen. Dennoch wird DER EIGENT\u00dcMER sein M\u00f6glichstes tun, um das Auftreten solcher Probleme zu verhindern und sie gegebenenfalls zu beheben.<\/p>\n<p>DER EIGENT\u00dcMER darf keine irref\u00fchrende Werbung betreiben, mit Ausnahme von Druckfehlern, die im Inhalt erscheinen k\u00f6nnen und die infolge von Dateneingabe- oder Wartungsarbeiten entstanden sein k\u00f6nnen, und verpflichtet sich, diese zu korrigieren, sobald sie offensichtlich werden.<\/p>\n<p>DER EIGENT\u00dcMER ist nicht verantwortlich f\u00fcr die Nichteinhaltung der Regeln durch den Benutzer der Website in ihren Zugang und die Nutzung dieser Website, noch f\u00fcr m\u00f6gliche Sch\u00e4den, die aus der Nutzung der Informationen und Ressourcen der Website f\u00fchren kann.<\/p>\n<p>DER EIGENT\u00dcMER erkl\u00e4rt, dass er weder f\u00fcr den Inhalt oder die Dienstleistungen der Websites, auf die er von dieser Website aus verlinkt, noch f\u00fcr die Auswirkungen verantwortlich ist, die sich aus der Auslegung und\/oder Nutzung dieser Websites ergeben k\u00f6nnen.<\/p>\n<p>Ebenso ist DER INHABER nicht verantwortlich f\u00fcr die Meinungen, die der Nutzer in den sozialen Beteiligungsr\u00e4umen sowohl auf der Website als auch in den sozialen Netzwerken \u00e4u\u00dfert.<\/p>\n<h2>Geistiges und gewerbliches Eigentum<\/h2>\n<p>Sofern nicht ausdr\u00fccklich anders angegeben, sind die Inhalte dieser Website sowie die Fotos, die bei den Aktivit\u00e4ten von Senda Ecoway aufgenommen wurden, Eigentum des EIGENT\u00dcMERs, ebenso wie die Logos, Fotos, Icons, Texte und Grafiken.<\/p>\n<p>Ihre Nutzung und Verbreitung durch Dritte bedarf der ausdr\u00fccklichen Genehmigung durch DEN EIGENT\u00dcMER, au\u00dfer in den F\u00e4llen, in denen die auf der Website enthaltenen Elemente zum Teilen in sozialen Medien verwendet werden.<\/p>\n<p>Der Nutzer wird dar\u00fcber informiert, dass die Kommerzialisierung, Vervielf\u00e4ltigung, Umwandlung, Verbreitung sowie jede andere Form der Verwertung eines Teils oder der Gesamtheit des Inhalts der Website des BETREIBERS die gewerblichen und geistigen Eigentumsrechte verletzt.<\/p>\n<p>Die Nutzer d\u00fcrfen die Inhalte der Website nur f\u00fcr den pers\u00f6nlichen Gebrauch und keinesfalls f\u00fcr kommerzielle Zwecke nutzen.<\/p>\n<h2>Datenschutzbestimmungen<\/h2>\n<p>In \u00dcbereinstimmung mit dem Organgesetz 3\/2018 vom 5. Dezember \u00fcber den Schutz personenbezogener Daten und die Gew\u00e4hrleistung digitaler Rechte sowie der VERORDNUNG (EU) 2016\/679 DES EUROP\u00c4ISCHEN PARLAMENTS UND DES RATES<br>\nvom 27. April 2016<br>\nzum Schutz nat\u00fcrlicher Personen bei der Verarbeitung personenbezogener Daten<br>\nund den freien Verkehr solcher Daten sowie zur Aufhebung der Richtlinie 95\/46\/EG (Verordnung (EG) Nr. ...\/...\/EG).<br>\nSENDA ECOWAY, S.L., nachfolgend DER EIGENT\u00dcMER, informiert Sie dar\u00fcber, dass die pers\u00f6nlichen Daten, die Sie \u00fcber die Kontaktformulare, die Registrierung und alle anderen Formulare, die auf der Website f\u00fcr die Bereitstellung von Informationen verwendet werden, zur Verf\u00fcgung stellen, in einer Datenbank gespeichert werden, und zwar ausschlie\u00dflich zu dem Zweck, Ihnen einen besseren Service zu bieten.<\/p>\n<p>Wie in dem oben genannten Gesetz festgelegt, wurden diese Daten sowie ihre Struktur bei der spanischen Datenschutzbeh\u00f6rde registriert.<\/p>\n<p>DER EIGENT\u00dcMER verpflichtet sich, die von Ihnen zur Verf\u00fcgung gestellten Daten vertraulich und verschl\u00fcsselt zu behandeln und die erforderlichen Schutz- und Aufbewahrungsma\u00dfnahmen anzuwenden.<\/p>\n<p>Ebenso verpflichtet sich DER INHABER, die Verwendung dieser Daten nicht an Dritte weiterzugeben, mit Ausnahme der Weitergabe von Daten, die f\u00fcr unsere Verkaufskan\u00e4le unbedingt erforderlich sind. In diesem Sinne werden die Daten der Kunden, die von Staymar und Explotaci\u00f3n apartamentos Balc\u00f3n del Mar S.L. kommen, von THE HOLDER und insbesondere von der Verkaufsstelle verarbeitet.<\/p>\n<p>DER EIGENT\u00dcMER wird Ihnen keine kommerziellen Mitteilungen per E-Mail zusenden, es sei denn, Sie haben ausdr\u00fccklich oder stillschweigend zugestimmt, diese zu erhalten.<\/p>\n<p>Folglich und in diesem Fall willigen Sie ein und erm\u00e4chtigen DEN INHABER, Ihre pers\u00f6nlichen Daten zu verarbeiten, um Ihre Daten in die von SENDA ECOWAY, S.L. gef\u00f6rderten Werbekampagnen aufzunehmen.<\/p>\n<p>Sie garantieren, dass die pers\u00f6nlichen Daten, die Sie auf der Website angeben, wahrheitsgem\u00e4\u00df sind, und Sie sind daf\u00fcr verantwortlich, alle \u00c4nderungen daran mitzuteilen. Der Benutzer ist somit allein verantwortlich f\u00fcr alle Sch\u00e4den, die SENDA ECOWAY, S.L. durch die Angabe ungenauer, unvollst\u00e4ndiger oder veralteter Informationen entstehen.<\/p>\n<p>Der Nutzer kann jederzeit von seinem Recht auf Zugang, Berichtigung, L\u00f6schung und Widerspruch Gebrauch machen, wie es im oben genannten Gesetz vorgesehen ist. Zu diesem Zweck muss er eine beglaubigte schriftliche Mitteilung \u00fcber seinen Antrag senden. Diese muss den Vor- und Nachnamen des Betroffenen, eine Fotokopie des Personalausweises, die Anschrift f\u00fcr die Zustellung, das Datum und die Unterschrift enthalten. Diese Unterlagen sind zu senden an:<\/p>\n<p>Calle San Francisco, 4, 38300 La Orotava<\/p>\n<p>Santa Cruz de Tenerife<\/p>\n<p>Spanien<\/p>\n<h2><strong>Gesch\u00e4fts- und Lieferbedingungen<\/strong><\/h2>\n<p>SENDA Ecoway bietet Ihnen ein umfassendes, produkt\u00fcbergreifendes Erlebnis, das Sie mit verschiedenen Erfahrungen und Partnern in Kontakt bringt.  Senda Ecoway ist als erste Online-Plattform konzipiert, die sich ausschlie\u00dflich der Vermarktung von nachhaltigen Tourismuserlebnissen widmet. Wir entwerfen unsere eigenen Routen und arbeiten dabei Hand in Hand mit unseren Anbietern. Wir kombinieren verschiedene Produkte und Dienstleistungen auf strategische Weise, um innovative, verantwortungsvolle und attraktive Erlebnisse zu schaffen.<\/p>\n<h3>Art der Zahlung<\/h3>\n<p>Die Zahlung f\u00fcr den SENDA erfolgt online \u00fcber die SENDA Ecoway SL Website und immer im Voraus, sobald die Verf\u00fcgbarkeit best\u00e4tigt ist.  Die Zahlungsm\u00f6glichkeiten sind Kreditkarte und Paypal.<\/p>\n<h3>Kaufnachweis<\/h3>\n<p>Sie erhalten sofort eine Best\u00e4tigung per E-Mail, die automatisch einen Kaufbeleg erstellt.<\/p>\n<h3>Wie kann ich den verschiedenen Partnern beweisen, dass ich ein SENDER bin?<\/h3>\n<p>Sobald Sie Ihren Einkauf get\u00e4tigt haben, erhalten Sie per E-Mail einen Gutschein, der Ihrer Zahlung entspricht.<\/p>\n<p>Es ist wichtig, dass Sie das Passwort, das wir Ihnen bei der Reservierung geben, zur Hand haben. Es dient als Nachweis gegen\u00fcber den verschiedenen Anbietern, damit Sie deren Dienste in Anspruch nehmen k\u00f6nnen. Sie werden in den verschiedenen Einrichtungen, die Sie besuchen, danach gefragt werden.<\/p>\n<p>Diese Kennung reicht aus.<\/p>\n<p>Um diesen Gutschein nicht ausdrucken zu m\u00fcssen, empfiehlt es sich, ihn auf Ihrem Mobiltelefon mitzuf\u00fchren.<\/p>\n<p>Sie k\u00f6nnen zwischen verschiedenen Arten der Identifizierung w\u00e4hlen:<\/p>\n<ul role=\"list\">\n<li>Pers\u00f6nliches Passwort<\/li>\n<li>Digitaler Scheck<\/li>\n<\/ul>\n<h3>&nbsp;Was muss ich tun, wenn ich eine Rechnung von meinem SENDA erhalten m\u00f6chte?<\/h3>\n<p>Sie k\u00f6nnen f\u00fcr jedes Produkt, das Sie \u00fcber unsere Website bestellt haben, eine Rechnung \u00fcber die folgende E-Mail-Adresse anfordern: facturas@sendaecoway.com. Denken Sie daran, dies anzugeben:<\/p>\n<ul role=\"list\">\n<li>Ihr Buchungslokalisierer<\/li>\n<li>Name der nat\u00fcrlichen Person oder des Unternehmens, die\/der f\u00fcr die Ausstellung der Rechnung verantwortlich ist<\/li>\n<li>Steuer-ID oder MwSt.-Nummer<\/li>\n<li>Vollst\u00e4ndige Adresse mit Postleitzahl, Stadt und Bundesland<\/li>\n<li>Wir senden Ihnen die Rechnung per E-Mail zu.<\/li>\n<\/ul>\n<h3>&nbsp;Wann werden Sie meine SENDA-Buchung und den Termin \u00fcberpr\u00fcfen\/best\u00e4tigen?<\/h3>\n<p>Sie erhalten eine sofortige Best\u00e4tigung auf dem Bildschirm und in der E-Mail, die Sie zum Zeitpunkt der Buchung angeben. Unser Buchungssystem erstellt automatisch einen Kaufnachweis, wenn die Zahlung erfolgt ist. Sie erhalten alle Details der Buchung und den Kaufbeleg.<\/p>\n<p>Es kann sein, dass an dem von Ihnen vorgeschlagenen Datum der von Ihnen gew\u00fcnschte Dienst bereits ausgebucht ist, dann werden Ihnen alternative Termine oder Dienste zur Auswahl vorgeschlagen!<\/p>\n<h2><strong>K\u00fcndigungs- oder \u00c4nderungsfrist<\/strong><\/h2>\n<h3>Wie wird ein SENDA annulliert?<\/h3>\n<p>Bitte kontaktieren Sie uns per E-Mail: hello@sendaecoway.com<\/p>\n<h3>Wie lange im Voraus kann ich stornieren?<\/h3>\n<p>Eine Stornierung ist generell bis zu 72 Stunden vor der Aktivit\u00e4t m\u00f6glich. Im Falle einer Stornierung innerhalb von 72 Stunden oder weniger wird Senda Ecoway die Aktivit\u00e4t nicht zur\u00fcckerstatten.<\/p>\n<p>F\u00fcr einige Aktivit\u00e4ten gelten jedoch andere Stornierungsbedingungen, die von den Anbietern festgelegt werden. \u00dcberpr\u00fcfen Sie diese Informationen, indem Sie unter der Nummer +34 696 80 78 61 anrufen, eine E-Mail an hello@sendaecoway.com senden oder das Stornierungsformular auf der Website des Anbieters aufrufen.<\/p>\n<p>Bei einigen Unterk\u00fcnften gelten andere Stornierungsbedingungen, die vom jeweiligen Anbieter festgelegt werden. \u00dcberpr\u00fcfen Sie diese Informationen telefonisch unter +34 696 80 78 61, per E-Mail an hello@sendaecoway.com oder \u00fcber das Stornierungsformular auf der Website des Anbieters.<\/p>\n<h3>Was geschieht, wenn die Teilnahme aus Gr\u00fcnden des SENDA-Anbieters abgesagt wird?<\/h3>\n<p>Sie k\u00f6nnen ein anderes Datum w\u00e4hlen, um Ihren SENDA zu genie\u00dfen<\/p>\n<p>Sie k\u00f6nnen w\u00e4hlen, ob Sie SENDA \u00e4ndern m\u00f6chten<\/p>\n<p>Wir erstatten Ihnen den Betrag f\u00fcr die gekaufte SENDA.<\/p>\n<h3>Kann ich das Datum f\u00fcr meinen SENDA \u00e4ndern?<\/h3>\n<p>Es ist nur eine \u00c4nderung erlaubt.<\/p>\n<p>Diese \u00c4nderung ist abh\u00e4ngig von der Verf\u00fcgbarkeit.<\/p>\n<p>Die \u00c4nderung des Termins muss 72 Stunden im Voraus mitgeteilt werden.<\/p>\n<h3>Kann ich die SENDA \u00e4ndern?<\/h3>\n<p>Nicht erlaubt.<\/p>\n<p>Mail von contacto:hello@sendaecoway.com<\/p>\n<h2>Klimatische Bedingungen<\/h2>\n<p>Gelegentlich kann es vorkommen, dass wir im Interesse der Sicherheit unserer Kunden gezwungen sind, eine Aktivit\u00e4t innerhalb einer SENDA oder einer ganzen SENDA zu schlie\u00dfen.  Dies wird immer aus Gr\u00fcnden geschehen, die au\u00dferhalb der Kontrolle von SENDA Ecoway liegen, aber aus einem berechtigten Grund.<\/p>\n<p>In diesem Fall k\u00f6nnen die Kunden von SENDA w\u00e4hlen zwischen:<\/p>\n<p>\u00c4ndern Sie das Datum der SENDA, um sie an einem anderen Tag innerhalb von 30 Tagen ab dem Buchungsdatum zu nutzen.<\/p>\n<p>Tauschen Sie die SENDA gegen eine \u00e4hnliche, von den zust\u00e4ndigen Mitarbeitern zu bestimmende, aus, damit sie ihre T\u00e4tigkeit zum vorgesehenen Termin aus\u00fcben kann.<\/p>\n<h2><strong>Beschwerden, Reklamationen, Feedback, Ideen<\/strong><\/h2>\n<p>Bei Senda arbeiten wir als Vermittler zwischen Unternehmen und Endkunden, so dass es in der Verantwortung jedes der kooperierenden Unternehmen liegt, einen Qualit\u00e4tsservice gem\u00e4\u00df dem beschriebenen Angebot aufrechtzuerhalten. In diesem Sinne sind die Dienstleister auf den Routen die einzigen, die f\u00fcr das ordnungsgem\u00e4\u00dfe Funktionieren derselben verantwortlich sind. Allerdings steht unseren Kunden unser Beschwerdebuch f\u00fcr alle Probleme zur Verf\u00fcgung, die w\u00e4hrend des Kaufvorgangs auftreten k\u00f6nnen.<\/p>\n<h2>Haben Sie Anmerkungen zur SENDA-Plattform und ihren Dienstleistungen?<\/h2>\n<p>Wenn Sie uns \u00fcber die von SENDA Ecoway angebotenen Maklerdienste informieren m\u00f6chten, k\u00f6nnen Sie sich \u00fcber einen unserer Online-Kommunikationskan\u00e4le an unser Unternehmen wenden:<\/p>\n<p>E-Mail hello@sendaecoway.com<\/p>\n<p>Webformular www.sendaecoway.com<\/p>\n<\/div>\n\n\t\t<\/div>\n\t<\/div>\n<\/div><\/div><\/div><\/div>\n<\/div>","protected":false},"excerpt":{"rendered":"Aviso legal y pol&iacute;tica de privacidad En cumplimiento del art&iacute;culo 10 de la Ley 34\/2002, de 11 de julio, de Servicios de la Sociedad de...","protected":false},"author":2,"featured_media":0,"parent":0,"menu_order":0,"comment_status":"closed","ping_status":"closed","template":"","meta":{"_joinchat":[],"footnotes":""},"class_list":["post-2658","page","type-page","status-publish","hentry"],"yoast_head":"<!-- This site is optimized with the Yoast SEO plugin v27.2 - https:\/\/yoast.com\/product\/yoast-seo-wordpress\/ -->\n<title>Aviso legal - Senda Ecoway<\/title>\n<meta name=\"robots\" content=\"noindex, follow\" \/>\n<meta property=\"og:locale\" content=\"de_DE\" \/>\n<meta property=\"og:type\" content=\"article\" \/>\n<meta property=\"og:title\" content=\"Aviso legal - Senda Ecoway\" \/>\n<meta property=\"og:url\" content=\"https:\/\/sendaecoway.com\/de\/rechtshinweis\/\" \/>\n<meta property=\"og:site_name\" content=\"Senda Ecoway\" \/>\n<meta property=\"article:publisher\" content=\"https:\/\/www.facebook.com\/sendaecoway\/\" \/>\n<meta property=\"article:modified_time\" content=\"2024-10-09T13:41:19+00:00\" \/>\n<meta property=\"og:image\" content=\"https:\/\/cdn.prod.website-files.com\/61123f605154af93144b1577\/612e3b1f6861002bd8c0a3eb_PLACA-DISTINTIVO-INTERMEDIADOR-TUR%C3%8DSTICO-150x150-1.jpg\" \/>\n<meta name=\"twitter:card\" content=\"summary_large_image\" \/>\n<meta name=\"twitter:label1\" content=\"Gesch\u00e4tzte Lesezeit\" \/>\n\t<meta name=\"twitter:data1\" content=\"9\u00a0Minuten\" \/>\n<script type=\"application\/ld+json\" class=\"yoast-schema-graph\">{\"@context\":\"https:\/\/schema.org\",\"@graph\":[{\"@type\":\"WebPage\",\"@id\":\"https:\/\/sendaecoway.com\/aviso-legal\/\",\"url\":\"https:\/\/sendaecoway.com\/aviso-legal\/\",\"name\":\"Aviso legal - Senda Ecoway\",\"isPartOf\":{\"@id\":\"https:\/\/sendaecoway.com\/#website\"},\"primaryImageOfPage\":{\"@id\":\"https:\/\/sendaecoway.com\/aviso-legal\/#primaryimage\"},\"image\":{\"@id\":\"https:\/\/sendaecoway.com\/aviso-legal\/#primaryimage\"},\"thumbnailUrl\":\"https:\/\/cdn.prod.website-files.com\/61123f605154af93144b1577\/612e3b1f6861002bd8c0a3eb_PLACA-DISTINTIVO-INTERMEDIADOR-TUR%C3%8DSTICO-150x150-1.jpg\",\"datePublished\":\"2024-10-01T18:02:15+00:00\",\"dateModified\":\"2024-10-09T13:41:19+00:00\",\"breadcrumb\":{\"@id\":\"https:\/\/sendaecoway.com\/aviso-legal\/#breadcrumb\"},\"inLanguage\":\"de\",\"potentialAction\":[{\"@type\":\"ReadAction\",\"target\":[\"https:\/\/sendaecoway.com\/aviso-legal\/\"]}]},{\"@type\":\"ImageObject\",\"inLanguage\":\"de\",\"@id\":\"https:\/\/sendaecoway.com\/aviso-legal\/#primaryimage\",\"url\":\"https:\/\/cdn.prod.website-files.com\/61123f605154af93144b1577\/612e3b1f6861002bd8c0a3eb_PLACA-DISTINTIVO-INTERMEDIADOR-TUR%C3%8DSTICO-150x150-1.jpg\",\"contentUrl\":\"https:\/\/cdn.prod.website-files.com\/61123f605154af93144b1577\/612e3b1f6861002bd8c0a3eb_PLACA-DISTINTIVO-INTERMEDIADOR-TUR%C3%8DSTICO-150x150-1.jpg\"},{\"@type\":\"BreadcrumbList\",\"@id\":\"https:\/\/sendaecoway.com\/aviso-legal\/#breadcrumb\",\"itemListElement\":[{\"@type\":\"ListItem\",\"position\":1,\"name\":\"Portada\",\"item\":\"https:\/\/sendaecoway.com\/\"},{\"@type\":\"ListItem\",\"position\":2,\"name\":\"Aviso legal\"}]},{\"@type\":\"WebSite\",\"@id\":\"https:\/\/sendaecoway.com\/#website\",\"url\":\"https:\/\/sendaecoway.com\/\",\"name\":\"Senda Ecoway Experiencias Sostenibles\",\"description\":\"Ofrecemos experiencias personalizadas y sostenibles. Rutas guiadas por gu\u00edas locales y actividades en peque\u00f1os grupos.\",\"publisher\":{\"@id\":\"https:\/\/sendaecoway.com\/#organization\"},\"alternateName\":\"LAS MEJORES EXPERIENCIAS SOSTENIBLES DE ESPA\u00d1A\",\"potentialAction\":[{\"@type\":\"SearchAction\",\"target\":{\"@type\":\"EntryPoint\",\"urlTemplate\":\"https:\/\/sendaecoway.com\/?s={search_term_string}\"},\"query-input\":{\"@type\":\"PropertyValueSpecification\",\"valueRequired\":true,\"valueName\":\"search_term_string\"}}],\"inLanguage\":\"de\"},{\"@type\":\"Organization\",\"@id\":\"https:\/\/sendaecoway.com\/#organization\",\"name\":\"SENDA ECOWAY\",\"alternateName\":\"LAS MEJORES EXPERIENCIAS SOSTENIBLES DE ESPA\u00d1A\",\"url\":\"https:\/\/sendaecoway.com\/\",\"logo\":{\"@type\":\"ImageObject\",\"inLanguage\":\"de\",\"@id\":\"https:\/\/sendaecoway.com\/#\/schema\/logo\/image\/\",\"url\":\"https:\/\/sendaecoway.com\/wp-content\/uploads\/2024\/10\/619797bf655bee433c2dff8c_LOGOTIPO-OFICIAL-2-1024x413-1.png\",\"contentUrl\":\"https:\/\/sendaecoway.com\/wp-content\/uploads\/2024\/10\/619797bf655bee433c2dff8c_LOGOTIPO-OFICIAL-2-1024x413-1.png\",\"width\":1024,\"height\":413,\"caption\":\"SENDA ECOWAY\"},\"image\":{\"@id\":\"https:\/\/sendaecoway.com\/#\/schema\/logo\/image\/\"},\"sameAs\":[\"https:\/\/www.facebook.com\/sendaecoway\/\",\"https:\/\/www.instagram.com\/sendaecoway\/\"]}]}<\/script>\n<!-- \/ Yoast SEO plugin. -->","yoast_head_json":{"title":"Rechtliche Hinweise - Senda Ecoway","robots":{"index":"noindex","follow":"follow"},"og_locale":"de_DE","og_type":"article","og_title":"Aviso legal - Senda Ecoway","og_url":"https:\/\/sendaecoway.com\/de\/rechtshinweis\/","og_site_name":"Senda Ecoway","article_publisher":"https:\/\/www.facebook.com\/sendaecoway\/","article_modified_time":"2024-10-09T13:41:19+00:00","og_image":[{"url":"https:\/\/cdn.prod.website-files.com\/61123f605154af93144b1577\/612e3b1f6861002bd8c0a3eb_PLACA-DISTINTIVO-INTERMEDIADOR-TUR%C3%8DSTICO-150x150-1.jpg","type":"","width":"","height":""}],"twitter_card":"summary_large_image","twitter_misc":{"Gesch\u00e4tzte Lesezeit":"9\u00a0Minuten"},"schema":{"@context":"https:\/\/schema.org","@graph":[{"@type":"WebPage","@id":"https:\/\/sendaecoway.com\/aviso-legal\/","url":"https:\/\/sendaecoway.com\/aviso-legal\/","name":"Rechtliche Hinweise - Senda Ecoway","isPartOf":{"@id":"https:\/\/sendaecoway.com\/#website"},"primaryImageOfPage":{"@id":"https:\/\/sendaecoway.com\/aviso-legal\/#primaryimage"},"image":{"@id":"https:\/\/sendaecoway.com\/aviso-legal\/#primaryimage"},"thumbnailUrl":"https:\/\/cdn.prod.website-files.com\/61123f605154af93144b1577\/612e3b1f6861002bd8c0a3eb_PLACA-DISTINTIVO-INTERMEDIADOR-TUR%C3%8DSTICO-150x150-1.jpg","datePublished":"2024-10-01T18:02:15+00:00","dateModified":"2024-10-09T13:41:19+00:00","breadcrumb":{"@id":"https:\/\/sendaecoway.com\/aviso-legal\/#breadcrumb"},"inLanguage":"de","potentialAction":[{"@type":"ReadAction","target":["https:\/\/sendaecoway.com\/aviso-legal\/"]}]},{"@type":"ImageObject","inLanguage":"de","@id":"https:\/\/sendaecoway.com\/aviso-legal\/#primaryimage","url":"https:\/\/cdn.prod.website-files.com\/61123f605154af93144b1577\/612e3b1f6861002bd8c0a3eb_PLACA-DISTINTIVO-INTERMEDIADOR-TUR%C3%8DSTICO-150x150-1.jpg","contentUrl":"https:\/\/cdn.prod.website-files.com\/61123f605154af93144b1577\/612e3b1f6861002bd8c0a3eb_PLACA-DISTINTIVO-INTERMEDIADOR-TUR%C3%8DSTICO-150x150-1.jpg"},{"@type":"BreadcrumbList","@id":"https:\/\/sendaecoway.com\/aviso-legal\/#breadcrumb","itemListElement":[{"@type":"ListItem","position":1,"name":"Portada","item":"https:\/\/sendaecoway.com\/"},{"@type":"ListItem","position":2,"name":"Aviso legal"}]},{"@type":"WebSite","@id":"https:\/\/sendaecoway.com\/#website","url":"https:\/\/sendaecoway.com\/","name":"Senda Ecoway Nachhaltige Erlebnisse","description":"Wir bieten personalisierte und nachhaltige Erlebnisse. Von lokalen Guides gef\u00fchrte Routen und Aktivit\u00e4ten in kleinen Gruppen.","publisher":{"@id":"https:\/\/sendaecoway.com\/#organization"},"alternateName":"LAS MEJORES EXPERIENCIAS SOSTENIBLES DE ESPA\u00d1A","potentialAction":[{"@type":"SearchAction","target":{"@type":"EntryPoint","urlTemplate":"https:\/\/sendaecoway.com\/?s={search_term_string}"},"query-input":{"@type":"PropertyValueSpecification","valueRequired":true,"valueName":"search_term_string"}}],"inLanguage":"de"},{"@type":"Organization","@id":"https:\/\/sendaecoway.com\/#organization","name":"ECOWAY SENDA","alternateName":"LAS MEJORES EXPERIENCIAS SOSTENIBLES DE ESPA\u00d1A","url":"https:\/\/sendaecoway.com\/","logo":{"@type":"ImageObject","inLanguage":"de","@id":"https:\/\/sendaecoway.com\/#\/schema\/logo\/image\/","url":"https:\/\/sendaecoway.com\/wp-content\/uploads\/2024\/10\/619797bf655bee433c2dff8c_LOGOTIPO-OFICIAL-2-1024x413-1.png","contentUrl":"https:\/\/sendaecoway.com\/wp-content\/uploads\/2024\/10\/619797bf655bee433c2dff8c_LOGOTIPO-OFICIAL-2-1024x413-1.png","width":1024,"height":413,"caption":"SENDA ECOWAY"},"image":{"@id":"https:\/\/sendaecoway.com\/#\/schema\/logo\/image\/"},"sameAs":["https:\/\/www.facebook.com\/sendaecoway\/","https:\/\/www.instagram.com\/sendaecoway\/"]}]}},"_links":{"self":[{"href":"https:\/\/sendaecoway.com\/de\/wp-json\/wp\/v2\/pages\/2658","targetHints":{"allow":["GET"]}}],"collection":[{"href":"https:\/\/sendaecoway.com\/de\/wp-json\/wp\/v2\/pages"}],"about":[{"href":"https:\/\/sendaecoway.com\/de\/wp-json\/wp\/v2\/types\/page"}],"author":[{"embeddable":true,"href":"https:\/\/sendaecoway.com\/de\/wp-json\/wp\/v2\/users\/2"}],"replies":[{"embeddable":true,"href":"https:\/\/sendaecoway.com\/de\/wp-json\/wp\/v2\/comments?post=2658"}],"version-history":[{"count":2,"href":"https:\/\/sendaecoway.com\/de\/wp-json\/wp\/v2\/pages\/2658\/revisions"}],"predecessor-version":[{"id":2660,"href":"https:\/\/sendaecoway.com\/de\/wp-json\/wp\/v2\/pages\/2658\/revisions\/2660"}],"wp:attachment":[{"href":"https:\/\/sendaecoway.com\/de\/wp-json\/wp\/v2\/media?parent=2658"}],"curies":[{"name":"wp","href":"https:\/\/api.w.org\/{rel}","templated":true}]}}