{"id":1591,"date":"2024-09-25T19:59:11","date_gmt":"2024-09-25T19:59:11","guid":{"rendered":"https:\/\/sendaecoway.com\/?page_id=1591"},"modified":"2024-12-10T15:07:00","modified_gmt":"2024-12-10T15:07:00","slug":"uber-uns","status":"publish","type":"page","link":"https:\/\/sendaecoway.com\/de\/sobre-nosotros\/","title":{"rendered":"\u00dcber uns"},"content":{"rendered":"<div class=\"wpb-content-wrapper\"><div data-vc-full-width=\"true\" data-vc-full-width-init=\"false\" class=\"vc_row wpb_row vc_row-fluid vc_custom_1727294596741 vc_row-has-fill et_custom_uniqid_new_66f46c7574a61 mpc-row\"><div class=\"wpb_column vc_column_container vc_col-sm-12 et_custom_uniqid_69dccec2aecf8 mpc-column\" data-column-id=\"mpc_column-269dccec65cde5\"><div class=\"vc_column-inner\"><div class=\"wpb_wrapper\"><div class=\"vc_row wpb_row vc_inner vc_row-fluid et_custom_uniqid_69dccec2aec61 mpc-row\"><div class=\"wpb_column vc_column_container vc_col-sm-12 et_custom_uniqid_69dccec2aed04 mpc-column\" data-column-id=\"mpc_column-5569dccec65cc6f\"><div class=\"vc_column-inner\"><div class=\"wpb_wrapper\"><p style=\"font-size: 20px;color: #ffffff;text-align: left\" class=\"vc_custom_heading vc_do_custom_heading\">ECOWAY SENDA<\/p><h2 style=\"font-size: 70px;color: #ffffff;text-align: left\" class=\"vc_custom_heading vc_do_custom_heading vc_custom_1733842658643\">\u00dcber uns<\/h2><div class=\"vc_btn3-container vc_btn3-inline vc_do_btn align-inline\"><a class=\"vc_general vc_btn3 vc_btn3-size-md vc_btn3-shape-round vc_btn3-style-outline vc_btn3-color-white align-inline\" href=\"https:\/\/sendaecoway.com\/de\/kontakt\/\" title=\"\">Kontakt<\/a><\/div><\/div><\/div><\/div><\/div><\/div><\/div><\/div><\/div><div class=\"vc_row-full-width vc_clearfix\"><\/div><div data-vc-full-width=\"true\" data-vc-full-width-init=\"false\" class=\"vc_row wpb_row vc_row-fluid vc_custom_1727297927401 vc_row-has-fill et_custom_uniqid_new_66f479816c23a mpc-row\"><div class=\"wpb_column vc_column_container vc_col-sm-12 et_custom_uniqid_69dccec2aecf8 mpc-column\" data-column-id=\"mpc_column-2669dccec661949\"><div class=\"vc_column-inner\"><div class=\"wpb_wrapper\"><div class=\"vc_row wpb_row vc_inner vc_row-fluid vc_custom_1726063748427 et_custom_uniqid_new_66e1a47ea5d12 mpc-row\"><div class=\"wpb_column vc_column_container vc_col-sm-12 et_custom_uniqid_new_66992fd876283 mpc-column\" data-column-id=\"mpc_column-3369dccec65d5d5\"><div class=\"vc_column-inner\"><div class=\"wpb_wrapper\"><p style=\"font-size: 20px;color: #bcd1cb;text-align: center\" class=\"vc_custom_heading vc_do_custom_heading vc_custom_1727294652543\">\u00dcBER SENDA ECOWAY<\/p><h2 style=\"font-size: 40px;color: #1e1e1e;text-align: center\" class=\"vc_custom_heading vc_do_custom_heading vc_custom_1727294660148\">Mehr als ein Reise- und Erlebnisb\u00fcro<\/h2>\n\t<div class=\"wpb_text_column wpb_content_element\">\n\t\t<div class=\"wpb_wrapper\">\n\t\t\t<p style=\"text-align: center;\"><span style=\"font-weight: 400;\">Wir sind Lola und Laura, die Gr\u00fcnderinnen von <a href=\"https:\/\/sendaecoway.com\/de\/\">Ecoway Pfad<\/a>. Unser Ziel ist die F\u00f6rderung der <\/span><a href=\"https:\/\/sendaecoway.com\/de\/blog\/was-ist-autorentourismus\/\"><span style=\"font-weight: 400;\">Signaturtourismus<\/span><\/a><span style=\"font-weight: 400;\">Wir entwerfen einzigartige Wanderwege, die die Kreativit\u00e4t und Leidenschaft unseres Teams widerspiegeln. Wir schaffen authentische Erlebnisse, fernab vom Massentourismus, bei denen Nachhaltigkeit und Genuss stets im Vordergrund stehen.<\/span><\/p>\n\n\t\t<\/div>\n\t<\/div>\n<\/div><\/div><\/div><\/div><div class=\"vc_row wpb_row vc_inner vc_row-fluid vc_column-gap-20 vc_row-o-equal-height vc_row-flex et_custom_uniqid_new_66f4798b6b284 mpc-row\"><div class=\"wpb_column vc_column_container vc_col-sm-3 et_custom_uniqid_69dccec2aed04 mpc-column\" data-column-id=\"mpc_column-469dccec65d916\"><div class=\"vc_column-inner\"><div class=\"wpb_wrapper\"><\/div><\/div><\/div><div class=\"wpb_column vc_column_container vc_col-sm-3 et_custom_uniqid_new_66f475ce3b382 mpc-column\" data-column-id=\"mpc_column-9069dccec6600ee\"><div class=\"vc_column-inner\"><div class=\"wpb_wrapper\">\n\t<div class=\"wpb_single_image wpb_content_element vc_align_center wpb_content_element vc_custom_1727351281190\">\n\t\t\n\t\t<figure class=\"wpb_wrapper vc_figure\">\n\t\t\t<div class=\"vc_single_image-wrapper   vc_box_border_grey\"><img fetchpriority=\"high\" decoding=\"async\" width=\"461\" height=\"340\" src=\"https:\/\/sendaecoway.com\/wp-content\/uploads\/2024\/09\/image-22.jpg\" class=\"vc_single_image-img attachment-full\" alt=\"\" title=\"Abbildung 22\" srcset=\"https:\/\/sendaecoway.com\/wp-content\/uploads\/2024\/09\/image-22.jpg 461w, https:\/\/sendaecoway.com\/wp-content\/uploads\/2024\/09\/image-22-300x221.jpg 300w, https:\/\/sendaecoway.com\/wp-content\/uploads\/2024\/09\/image-22-10x7.jpg 10w\" sizes=\"(max-width: 461px) 100vw, 461px\"><\/div>\n\t\t<\/figure>\n\t<\/div>\n\n\t<div class=\"wpb_text_column wpb_content_element\">\n\t\t<div class=\"wpb_wrapper\">\n\t\t\t<p style=\"text-align: center;\"><a href=\"https:\/\/es.linkedin.com\/in\/lola-r-de-azero-tabares-101b758?trk=public_post_feed-actor-name\"><strong><span style=\"color: #98c7b9; font-size: 20px;\">Lola Rodr\u00edguez de Azero Tabares<\/span><\/strong><\/a><\/p>\n<p style=\"text-align: center;\">CEO und Gr\u00fcnder<\/p>\n\n\t\t<\/div>\n\t<\/div>\n<\/div><\/div><\/div><div class=\"wpb_column vc_column_container vc_col-sm-3 et_custom_uniqid_new_66f475d8db9d3 mpc-column\" data-column-id=\"mpc_column-4969dccec66149e\"><div class=\"vc_column-inner\"><div class=\"wpb_wrapper\">\n\t<div class=\"wpb_single_image wpb_content_element vc_align_center wpb_content_element vc_custom_1727351287150\">\n\t\t\n\t\t<figure class=\"wpb_wrapper vc_figure\">\n\t\t\t<div class=\"vc_single_image-wrapper   vc_box_border_grey\"><img decoding=\"async\" width=\"460\" height=\"340\" src=\"https:\/\/sendaecoway.com\/wp-content\/uploads\/2024\/09\/image-1.jpg\" class=\"vc_single_image-img attachment-full\" alt=\"\" title=\"Bild (1)\" srcset=\"https:\/\/sendaecoway.com\/wp-content\/uploads\/2024\/09\/image-1.jpg 460w, https:\/\/sendaecoway.com\/wp-content\/uploads\/2024\/09\/image-1-300x222.jpg 300w, https:\/\/sendaecoway.com\/wp-content\/uploads\/2024\/09\/image-1-10x7.jpg 10w\" sizes=\"(max-width: 460px) 100vw, 460px\"><\/div>\n\t\t<\/figure>\n\t<\/div>\n\n\t<div class=\"wpb_text_column wpb_content_element\">\n\t\t<div class=\"wpb_wrapper\">\n\t\t\t<p style=\"text-align: center;\"><a href=\"https:\/\/es.linkedin.com\/in\/laura-%C3%A1lvarez-torres-306565b2\"><strong><span style=\"color: #98c7b9; font-size: 20px;\">Laura \u00c1lvarez Torres<\/span><\/strong><\/a><\/p>\n<p style=\"text-align: center;\">Produktmanager und<br>\nOffizieller F\u00fchrer der Regierung der Kanarischen Inseln<\/p>\n\n\t\t<\/div>\n\t<\/div>\n<\/div><\/div><\/div><div class=\"wpb_column vc_column_container vc_col-sm-3 et_custom_uniqid_69dccec2aed04 mpc-column\" data-column-id=\"mpc_column-7569dccec661603\"><div class=\"vc_column-inner\"><div class=\"wpb_wrapper\"><\/div><\/div><\/div><\/div><\/div><\/div><\/div><\/div><div class=\"vc_row-full-width vc_clearfix\"><\/div><div class=\"vc_row wpb_row vc_row-fluid et_custom_uniqid_69dccec2aed4d mpc-row\"><div class=\"wpb_column vc_column_container vc_col-sm-12 et_custom_uniqid_69dccec2aecf8 mpc-column\" data-column-id=\"mpc_column-3969dccec67f816\"><div class=\"vc_column-inner\"><div class=\"wpb_wrapper\"><div class=\"vc_row wpb_row vc_inner vc_row-fluid vc_column-gap-35 et_custom_uniqid_new_66f479cd5a1dc mpc-row\"><div class=\"wpb_column vc_column_container vc_col-sm-6 et_custom_uniqid_69dccec2aed04 mpc-column\" data-column-id=\"mpc_column-3869dccec66252f\"><div class=\"vc_column-inner\"><div class=\"wpb_wrapper\">\n\t<div class=\"wpb_single_image wpb_content_element vc_align_left wpb_content_element\">\n\t\t\n\t\t<figure class=\"wpb_wrapper vc_figure\">\n\t\t\t<div class=\"vc_single_image-wrapper   vc_box_border_grey\"><img decoding=\"async\" width=\"645\" height=\"434\" src=\"https:\/\/sendaecoway.com\/wp-content\/uploads\/2024\/09\/preguntas-frecuentes-home-senda-01.png\" class=\"vc_single_image-img attachment-full\" alt=\"\" title=\"h\u00e4ufig gestellte-fragen-zu-hause-path-01\" srcset=\"https:\/\/sendaecoway.com\/wp-content\/uploads\/2024\/09\/preguntas-frecuentes-home-senda-01.png 645w, https:\/\/sendaecoway.com\/wp-content\/uploads\/2024\/09\/preguntas-frecuentes-home-senda-01-300x202.png 300w, https:\/\/sendaecoway.com\/wp-content\/uploads\/2024\/09\/preguntas-frecuentes-home-senda-01-600x404.png 600w, https:\/\/sendaecoway.com\/wp-content\/uploads\/2024\/09\/preguntas-frecuentes-home-senda-01-10x7.png 10w\" sizes=\"(max-width: 645px) 100vw, 645px\"><\/div>\n\t\t<\/figure>\n\t<\/div>\n<\/div><\/div><\/div><div class=\"wpb_column vc_column_container vc_col-sm-6 et_custom_uniqid_new_66f4799f270c4 mpc-column\" data-column-id=\"mpc_column-1369dccec662933\"><div class=\"vc_column-inner vc_custom_1727297957361\"><div class=\"wpb_wrapper\"><p style=\"font-size: 21px;color: #539796;text-align: left\" class=\"vc_custom_heading vc_do_custom_heading vc_custom_1727297192619\">\u00dcBER SENDA ECOWAY<\/p><h2 style=\"font-size: 40px;color: #1e1e1e;text-align: left\" class=\"vc_custom_heading vc_do_custom_heading vc_custom_1727297197609\">Unser Engagement<\/h2>\n\t<div class=\"wpb_text_column wpb_content_element vc_custom_1733842948848\">\n\t\t<div class=\"wpb_wrapper\">\n\t\t\t<p><span style=\"font-weight: 400;\">Senda Ecoway wurde mit einem klaren Ziel gegr\u00fcndet: Wir wollen unseren Ecotravellern einzigartige Erlebnisse bieten, fernab vom Massentourismus, der die Umwelt, den Tourismus und die lokalen Gemeinschaften beeintr\u00e4chtigt.<\/span><\/p>\n<p><span style=\"font-weight: 400;\">Unser Ziel ist es, den Signature Tourism zu f\u00f6rdern und authentische Abenteuer f\u00fcr Reisende zu schaffen, die sich f\u00fcr die <\/span><a href=\"https:\/\/sendaecoway.com\/de\/unsere-nachhaltigkeit\/\"><span style=\"font-weight: 400;\">Nachhaltigkeit<\/span><\/a><span style=\"font-weight: 400;\">Ziel ist es, sich mit der Kultur und der Natur eines jeden Reiseziels auf einzigartige und verantwortungsvolle Weise zu verbinden.<\/span><\/p>\n\n\t\t<\/div>\n\t<\/div>\n<\/div><\/div><\/div><\/div><div class=\"vc_row wpb_row vc_inner vc_row-fluid vc_column-gap-35 et_custom_uniqid_new_66f479d6de33a mpc-row\"><div class=\"wpb_column vc_column_container vc_col-sm-6 et_custom_uniqid_new_66f479aa75178 mpc-column\" data-column-id=\"mpc_column-4069dccec662f34\"><div class=\"vc_column-inner vc_custom_1727297970681\"><div class=\"wpb_wrapper\"><p style=\"font-size: 21px;color: #539796;text-align: left\" class=\"vc_custom_heading vc_do_custom_heading vc_custom_1727297219507\">\u00dcBER SENDA ECOWAY<\/p><h2 style=\"font-size: 40px;color: #1e1e1e;text-align: left\" class=\"vc_custom_heading vc_do_custom_heading vc_custom_1727297224969\">Einzigartige Erlebnisse<br>\nf\u00fcr Sie entworfen<\/h2>\n\t<div class=\"wpb_text_column wpb_content_element vc_custom_1733842928937\">\n\t\t<div class=\"wpb_wrapper\">\n\t\t\t<p><span style=\"font-weight: 400;\">Wir gehen mit der Gewissheit voran, dass nachhaltiger Tourismus m\u00f6glich ist. Unser Engagement f\u00fcr einen Tourismus mit Unterschrift treibt uns an, Folgendes zu entwickeln <\/span><a href=\"https:\/\/sendaecoway.com\/de\/erfahrungen\/\"><span style=\"font-weight: 400;\">Erfahrungen<\/span><\/a><span style=\"font-weight: 400;\"> authentisch und verantwortungsbewusst, immer darauf bedacht, eine echte Verbindung zwischen den Reisenden und der Kultur und Natur des jeweiligen Reiseziels herzustellen.<\/span><\/p>\n\n\t\t<\/div>\n\t<\/div>\n<\/div><\/div><\/div><div class=\"wpb_column vc_column_container vc_col-sm-6 et_custom_uniqid_69dccec2aed04 mpc-column\" data-column-id=\"mpc_column-2769dccec66440a\"><div class=\"vc_column-inner\"><div class=\"wpb_wrapper\">\n\t<div class=\"wpb_single_image wpb_content_element vc_align_left wpb_content_element\">\n\t\t\n\t\t<figure class=\"wpb_wrapper vc_figure\">\n\t\t\t<div class=\"vc_single_image-wrapper   vc_box_border_grey\"><img loading=\"lazy\" decoding=\"async\" width=\"645\" height=\"434\" src=\"https:\/\/sendaecoway.com\/wp-content\/uploads\/2024\/09\/preguntas-frecuentes-home-senda-01-1.png\" class=\"vc_single_image-img attachment-full\" alt=\"\" title=\"h\u00e4ufig gestellte-fragen-zu-hause-path-01 (1)\" srcset=\"https:\/\/sendaecoway.com\/wp-content\/uploads\/2024\/09\/preguntas-frecuentes-home-senda-01-1.png 645w, https:\/\/sendaecoway.com\/wp-content\/uploads\/2024\/09\/preguntas-frecuentes-home-senda-01-1-300x202.png 300w, https:\/\/sendaecoway.com\/wp-content\/uploads\/2024\/09\/preguntas-frecuentes-home-senda-01-1-600x404.png 600w, https:\/\/sendaecoway.com\/wp-content\/uploads\/2024\/09\/preguntas-frecuentes-home-senda-01-1-10x7.png 10w\" sizes=\"(max-width: 645px) 100vw, 645px\"><\/div>\n\t\t<\/figure>\n\t<\/div>\n<\/div><\/div><\/div><\/div><div class=\"vc_row wpb_row vc_inner vc_row-fluid vc_column-gap-35 et_custom_uniqid_new_66f479ded6501 mpc-row\"><div class=\"wpb_column vc_column_container vc_col-sm-6 et_custom_uniqid_69dccec2aed04 mpc-column\" data-column-id=\"mpc_column-2769dccec67efc6\"><div class=\"vc_column-inner\"><div class=\"wpb_wrapper\">\n\t<div class=\"wpb_single_image wpb_content_element vc_align_left wpb_content_element\">\n\t\t\n\t\t<figure class=\"wpb_wrapper vc_figure\">\n\t\t\t<div class=\"vc_single_image-wrapper   vc_box_border_grey\"><img loading=\"lazy\" decoding=\"async\" width=\"645\" height=\"434\" src=\"https:\/\/sendaecoway.com\/wp-content\/uploads\/2024\/09\/preguntas-frecuentes-home-senda-01-2.png\" class=\"vc_single_image-img attachment-full\" alt=\"\" title=\"h\u00e4ufig gestellte-fragen-zu-hause-path-01 (2)\" srcset=\"https:\/\/sendaecoway.com\/wp-content\/uploads\/2024\/09\/preguntas-frecuentes-home-senda-01-2.png 645w, https:\/\/sendaecoway.com\/wp-content\/uploads\/2024\/09\/preguntas-frecuentes-home-senda-01-2-300x202.png 300w, https:\/\/sendaecoway.com\/wp-content\/uploads\/2024\/09\/preguntas-frecuentes-home-senda-01-2-600x404.png 600w, https:\/\/sendaecoway.com\/wp-content\/uploads\/2024\/09\/preguntas-frecuentes-home-senda-01-2-10x7.png 10w\" sizes=\"(max-width: 645px) 100vw, 645px\"><\/div>\n\t\t<\/figure>\n\t<\/div>\n<\/div><\/div><\/div><div class=\"wpb_column vc_column_container vc_col-sm-6 et_custom_uniqid_new_66f479b5ba2c1 mpc-column\" data-column-id=\"mpc_column-1669dccec67f49a\"><div class=\"vc_column-inner vc_custom_1727297978162\"><div class=\"wpb_wrapper\"><p style=\"font-size: 21px;color: #539796;text-align: left\" class=\"vc_custom_heading vc_do_custom_heading vc_custom_1727297295834\">\u00dcBER SENDA ECOWAY<\/p><h2 style=\"font-size: 40px;color: #1e1e1e;text-align: left\" class=\"vc_custom_heading vc_do_custom_heading vc_custom_1733842973006\">Nachhaltiger Tourismus<\/h2>\n\t<div class=\"wpb_text_column wpb_content_element vc_custom_1733842990422\">\n\t\t<div class=\"wpb_wrapper\">\n\t\t\t<p><span style=\"font-weight: 400;\">Bei Senda Ecoway arbeiten wir seit Jahren daran, \u00f6kologische Nachhaltigkeit mit der Zufriedenheit der anspruchsvollsten Reisenden und der lokalen Entwicklung zu verbinden. Diese Bem\u00fchungen wurden mit wichtigen Auszeichnungen gew\u00fcrdigt, wie zum Beispiel dem <\/span><a href=\"https:\/\/sendaecoway.com\/de\/blog\/senda-erhalt-den-preis-fur-nachhaltigen-tourismus\/\"><span style=\"font-weight: 400;\">Auszeichnung f\u00fcr gute Praktiken im nachhaltigen Tourismus<\/span><\/a><span style=\"font-weight: 400;\">vom Tourismusverband Teneriffa im Jahr 2018 verliehen, und das Zertifikat <\/span><b>Nachhaltig + Unternehmen<\/b><span style=\"font-weight: 400;\">die vom Cabildo de Tenerife und dem <\/span><a href=\"https:\/\/www.camaratenerife.com\/\"><span style=\"font-weight: 400;\">Handelskammer von Santa Cruz de Tenerife<\/span><\/a><span style=\"font-weight: 400;\">.<\/span><\/p>\n\n\t\t<\/div>\n\t<\/div>\n<\/div><\/div><\/div><\/div><\/div><\/div><\/div><\/div><div data-vc-full-width=\"true\" data-vc-full-width-init=\"false\" class=\"vc_row wpb_row vc_row-fluid vc_custom_1723043972080 vc_row-has-fill et_custom_uniqid_new_66b3907ca0b3b mpc-row\"><div class=\"wpb_column vc_column_container vc_col-sm-12 et_custom_uniqid_69dccec2aecf8 mpc-column\" data-column-id=\"mpc_column-8569dccec680667\"><div class=\"vc_column-inner\"><div class=\"wpb_wrapper\"><div class=\"vc_row wpb_row vc_inner vc_row-fluid vc_custom_1724782821053 vc_row-has-fill et_custom_uniqid_new_66ce18dfb5534 mpc-row\"><div class=\"wpb_column vc_column_container vc_col-sm-12 vc_col-has-fill et_custom_uniqid_new_66f4772e0eae1 mpc-column\" data-column-id=\"mpc_column-8569dccec6804c5\"><div class=\"vc_column-inner vc_custom_1727297339192\"><div class=\"wpb_wrapper\"><h2 style=\"font-size: 59px;color: #ffffff;text-align: left\" class=\"vc_custom_heading vc_do_custom_heading vc_custom_1727297444162\">Sie sprechen \u00fcber uns<\/h2>\n\t<div class=\"wpb_text_column wpb_content_element vc_custom_1727297454273\">\n\t\t<div class=\"wpb_wrapper\">\n\t\t\t<p><span style=\"color: #ffffff;\">Zusammenstellung von Nachrichten \u00fcber wichtige Veranstaltungen, an denen wir teilnehmen.<\/span><\/p>\n\n\t\t<\/div>\n\t<\/div>\n<div class=\"vc_btn3-container vc_btn3-left vc_custom_1727298337160 vc_do_btn align-left\"><a class=\"vc_general vc_btn3 vc_btn3-size-md vc_btn3-shape-round vc_btn3-style-outline vc_btn3-color-white align-left\" href=\"https:\/\/sendaecoway.com\/de\/kontakt\/\" title=\"\">Weitere Informationen<\/a><\/div><\/div><\/div><\/div><\/div><\/div><\/div><\/div><\/div><div class=\"vc_row-full-width vc_clearfix\"><\/div>\n<\/div>","protected":false},"excerpt":{"rendered":"SENDA ECOWAYSobre nosotrosContactanosSOBRE SENDA ECOWAYM&aacute;s que una agencia de experiencias y viajes Somos Lola y Laura, las fundadoras de Senda Ecoway. Nuestro prop&oacute;sito es fomentar...","protected":false},"author":2,"featured_media":0,"parent":0,"menu_order":0,"comment_status":"closed","ping_status":"closed","template":"","meta":{"_joinchat":[],"footnotes":""},"class_list":["post-1591","page","type-page","status-publish","hentry"],"yoast_head":"<!-- This site is optimized with the Yoast SEO plugin v27.2 - https:\/\/yoast.com\/product\/yoast-seo-wordpress\/ -->\n<title>Sobre nosotros | Senda Ecoway<\/title>\n<meta name=\"description\" content=\"Descubre m\u00e1s sobre nosotros: Senda Ecoway. Conectamos personas con la naturaleza a trav\u00e9s de experiencias sostenibles en Canarias y Espa\u00f1a.\" \/>\n<meta name=\"robots\" content=\"index, follow, max-snippet:-1, max-image-preview:large, max-video-preview:-1\" \/>\n<link rel=\"canonical\" href=\"https:\/\/sendaecoway.com\/de\/uber-uns\/\" \/>\n<meta property=\"og:locale\" content=\"de_DE\" \/>\n<meta property=\"og:type\" content=\"article\" \/>\n<meta property=\"og:title\" content=\"Sobre nosotros | Senda Ecoway\" \/>\n<meta property=\"og:description\" content=\"Descubre m\u00e1s sobre nosotros: Senda Ecoway. Conectamos personas con la naturaleza a trav\u00e9s de experiencias sostenibles en Canarias y Espa\u00f1a.\" \/>\n<meta property=\"og:url\" content=\"https:\/\/sendaecoway.com\/de\/uber-uns\/\" \/>\n<meta property=\"og:site_name\" content=\"Senda Ecoway\" \/>\n<meta property=\"article:publisher\" content=\"https:\/\/www.facebook.com\/sendaecoway\/\" \/>\n<meta property=\"article:modified_time\" content=\"2024-12-10T15:07:00+00:00\" \/>\n<meta property=\"og:image\" content=\"https:\/\/sendaecoway.com\/wp-content\/uploads\/2024\/10\/619797bf655bee433c2dff8c_LOGOTIPO-OFICIAL-2-1024x413-1.png\" \/>\n\t<meta property=\"og:image:width\" content=\"1024\" \/>\n\t<meta property=\"og:image:height\" content=\"413\" \/>\n\t<meta property=\"og:image:type\" content=\"image\/png\" \/>\n<meta name=\"twitter:card\" content=\"summary_large_image\" \/>\n<meta name=\"twitter:label1\" content=\"Gesch\u00e4tzte Lesezeit\" \/>\n\t<meta name=\"twitter:data1\" content=\"4\u00a0Minuten\" \/>\n<script type=\"application\/ld+json\" class=\"yoast-schema-graph\">{\"@context\":\"https:\/\/schema.org\",\"@graph\":[{\"@type\":\"WebPage\",\"@id\":\"https:\/\/sendaecoway.com\/sobre-nosotros\/\",\"url\":\"https:\/\/sendaecoway.com\/sobre-nosotros\/\",\"name\":\"Sobre nosotros | Senda Ecoway\",\"isPartOf\":{\"@id\":\"https:\/\/sendaecoway.com\/#website\"},\"datePublished\":\"2024-09-25T19:59:11+00:00\",\"dateModified\":\"2024-12-10T15:07:00+00:00\",\"description\":\"Descubre m\u00e1s sobre nosotros: Senda Ecoway. Conectamos personas con la naturaleza a trav\u00e9s de experiencias sostenibles en Canarias y Espa\u00f1a.\",\"breadcrumb\":{\"@id\":\"https:\/\/sendaecoway.com\/sobre-nosotros\/#breadcrumb\"},\"inLanguage\":\"de\",\"potentialAction\":[{\"@type\":\"ReadAction\",\"target\":[\"https:\/\/sendaecoway.com\/sobre-nosotros\/\"]}]},{\"@type\":\"BreadcrumbList\",\"@id\":\"https:\/\/sendaecoway.com\/sobre-nosotros\/#breadcrumb\",\"itemListElement\":[{\"@type\":\"ListItem\",\"position\":1,\"name\":\"Portada\",\"item\":\"https:\/\/sendaecoway.com\/\"},{\"@type\":\"ListItem\",\"position\":2,\"name\":\"Sobre nosotros\"}]},{\"@type\":\"WebSite\",\"@id\":\"https:\/\/sendaecoway.com\/#website\",\"url\":\"https:\/\/sendaecoway.com\/\",\"name\":\"Senda Ecoway Experiencias Sostenibles\",\"description\":\"Ofrecemos experiencias personalizadas y sostenibles. Rutas guiadas por gu\u00edas locales y actividades en peque\u00f1os grupos.\",\"publisher\":{\"@id\":\"https:\/\/sendaecoway.com\/#organization\"},\"alternateName\":\"LAS MEJORES EXPERIENCIAS SOSTENIBLES DE ESPA\u00d1A\",\"potentialAction\":[{\"@type\":\"SearchAction\",\"target\":{\"@type\":\"EntryPoint\",\"urlTemplate\":\"https:\/\/sendaecoway.com\/?s={search_term_string}\"},\"query-input\":{\"@type\":\"PropertyValueSpecification\",\"valueRequired\":true,\"valueName\":\"search_term_string\"}}],\"inLanguage\":\"de\"},{\"@type\":\"Organization\",\"@id\":\"https:\/\/sendaecoway.com\/#organization\",\"name\":\"SENDA ECOWAY\",\"alternateName\":\"LAS MEJORES EXPERIENCIAS SOSTENIBLES DE ESPA\u00d1A\",\"url\":\"https:\/\/sendaecoway.com\/\",\"logo\":{\"@type\":\"ImageObject\",\"inLanguage\":\"de\",\"@id\":\"https:\/\/sendaecoway.com\/#\/schema\/logo\/image\/\",\"url\":\"https:\/\/sendaecoway.com\/wp-content\/uploads\/2024\/10\/619797bf655bee433c2dff8c_LOGOTIPO-OFICIAL-2-1024x413-1.png\",\"contentUrl\":\"https:\/\/sendaecoway.com\/wp-content\/uploads\/2024\/10\/619797bf655bee433c2dff8c_LOGOTIPO-OFICIAL-2-1024x413-1.png\",\"width\":1024,\"height\":413,\"caption\":\"SENDA ECOWAY\"},\"image\":{\"@id\":\"https:\/\/sendaecoway.com\/#\/schema\/logo\/image\/\"},\"sameAs\":[\"https:\/\/www.facebook.com\/sendaecoway\/\",\"https:\/\/www.instagram.com\/sendaecoway\/\"]}]}<\/script>\n<!-- \/ Yoast SEO plugin. -->","yoast_head_json":{"title":"\u00dcber uns : Senda Ecoway","description":"Erfahren Sie mehr \u00fcber uns: Senda Ecoway. Wir verbinden Menschen mit der Natur durch nachhaltige Erfahrungen auf den Kanarischen Inseln und in Spanien.","robots":{"index":"index","follow":"follow","max-snippet":"max-snippet:-1","max-image-preview":"max-image-preview:large","max-video-preview":"max-video-preview:-1"},"canonical":"https:\/\/sendaecoway.com\/de\/uber-uns\/","og_locale":"de_DE","og_type":"article","og_title":"Sobre nosotros | Senda Ecoway","og_description":"Descubre m\u00e1s sobre nosotros: Senda Ecoway. Conectamos personas con la naturaleza a trav\u00e9s de experiencias sostenibles en Canarias y Espa\u00f1a.","og_url":"https:\/\/sendaecoway.com\/de\/uber-uns\/","og_site_name":"Senda Ecoway","article_publisher":"https:\/\/www.facebook.com\/sendaecoway\/","article_modified_time":"2024-12-10T15:07:00+00:00","og_image":[{"width":1024,"height":413,"url":"https:\/\/sendaecoway.com\/wp-content\/uploads\/2024\/10\/619797bf655bee433c2dff8c_LOGOTIPO-OFICIAL-2-1024x413-1.png","type":"image\/png"}],"twitter_card":"summary_large_image","twitter_misc":{"Gesch\u00e4tzte Lesezeit":"4\u00a0Minuten"},"schema":{"@context":"https:\/\/schema.org","@graph":[{"@type":"WebPage","@id":"https:\/\/sendaecoway.com\/sobre-nosotros\/","url":"https:\/\/sendaecoway.com\/sobre-nosotros\/","name":"\u00dcber uns : Senda Ecoway","isPartOf":{"@id":"https:\/\/sendaecoway.com\/#website"},"datePublished":"2024-09-25T19:59:11+00:00","dateModified":"2024-12-10T15:07:00+00:00","description":"Erfahren Sie mehr \u00fcber uns: Senda Ecoway. Wir verbinden Menschen mit der Natur durch nachhaltige Erfahrungen auf den Kanarischen Inseln und in Spanien.","breadcrumb":{"@id":"https:\/\/sendaecoway.com\/sobre-nosotros\/#breadcrumb"},"inLanguage":"de","potentialAction":[{"@type":"ReadAction","target":["https:\/\/sendaecoway.com\/sobre-nosotros\/"]}]},{"@type":"BreadcrumbList","@id":"https:\/\/sendaecoway.com\/sobre-nosotros\/#breadcrumb","itemListElement":[{"@type":"ListItem","position":1,"name":"Portada","item":"https:\/\/sendaecoway.com\/"},{"@type":"ListItem","position":2,"name":"Sobre nosotros"}]},{"@type":"WebSite","@id":"https:\/\/sendaecoway.com\/#website","url":"https:\/\/sendaecoway.com\/","name":"Senda Ecoway Nachhaltige Erlebnisse","description":"Wir bieten personalisierte und nachhaltige Erlebnisse. Von lokalen Guides gef\u00fchrte Routen und Aktivit\u00e4ten in kleinen Gruppen.","publisher":{"@id":"https:\/\/sendaecoway.com\/#organization"},"alternateName":"LAS MEJORES EXPERIENCIAS SOSTENIBLES DE ESPA\u00d1A","potentialAction":[{"@type":"SearchAction","target":{"@type":"EntryPoint","urlTemplate":"https:\/\/sendaecoway.com\/?s={search_term_string}"},"query-input":{"@type":"PropertyValueSpecification","valueRequired":true,"valueName":"search_term_string"}}],"inLanguage":"de"},{"@type":"Organization","@id":"https:\/\/sendaecoway.com\/#organization","name":"ECOWAY SENDA","alternateName":"LAS MEJORES EXPERIENCIAS SOSTENIBLES DE ESPA\u00d1A","url":"https:\/\/sendaecoway.com\/","logo":{"@type":"ImageObject","inLanguage":"de","@id":"https:\/\/sendaecoway.com\/#\/schema\/logo\/image\/","url":"https:\/\/sendaecoway.com\/wp-content\/uploads\/2024\/10\/619797bf655bee433c2dff8c_LOGOTIPO-OFICIAL-2-1024x413-1.png","contentUrl":"https:\/\/sendaecoway.com\/wp-content\/uploads\/2024\/10\/619797bf655bee433c2dff8c_LOGOTIPO-OFICIAL-2-1024x413-1.png","width":1024,"height":413,"caption":"SENDA ECOWAY"},"image":{"@id":"https:\/\/sendaecoway.com\/#\/schema\/logo\/image\/"},"sameAs":["https:\/\/www.facebook.com\/sendaecoway\/","https:\/\/www.instagram.com\/sendaecoway\/"]}]}},"_links":{"self":[{"href":"https:\/\/sendaecoway.com\/de\/wp-json\/wp\/v2\/pages\/1591","targetHints":{"allow":["GET"]}}],"collection":[{"href":"https:\/\/sendaecoway.com\/de\/wp-json\/wp\/v2\/pages"}],"about":[{"href":"https:\/\/sendaecoway.com\/de\/wp-json\/wp\/v2\/types\/page"}],"author":[{"embeddable":true,"href":"https:\/\/sendaecoway.com\/de\/wp-json\/wp\/v2\/users\/2"}],"replies":[{"embeddable":true,"href":"https:\/\/sendaecoway.com\/de\/wp-json\/wp\/v2\/comments?post=1591"}],"version-history":[{"count":20,"href":"https:\/\/sendaecoway.com\/de\/wp-json\/wp\/v2\/pages\/1591\/revisions"}],"predecessor-version":[{"id":4092,"href":"https:\/\/sendaecoway.com\/de\/wp-json\/wp\/v2\/pages\/1591\/revisions\/4092"}],"wp:attachment":[{"href":"https:\/\/sendaecoway.com\/de\/wp-json\/wp\/v2\/media?parent=1591"}],"curies":[{"name":"wp","href":"https:\/\/api.w.org\/{rel}","templated":true}]}}